{"id":10617,"date":"2024-06-18T18:35:15","date_gmt":"2024-06-18T16:35:15","guid":{"rendered":"https:\/\/www.dsoverseas.com\/corporate-communication\/"},"modified":"2026-04-13T17:59:39","modified_gmt":"2026-04-13T15:59:39","slug":"corporate-communication","status":"publish","type":"page","link":"https:\/\/www.dsoverseas.com\/en\/services\/corporate-communication\/","title":{"rendered":"Corporate Communication"},"content":{"rendered":"<div class=\"wpb-content-wrapper\"><p>[vc_row][vc_column][vc_empty_space height=&#8221;85&#8243;][\/vc_column][\/vc_row][vc_row][vc_column width=&#8221;2\/3&#8243;][vc_column_text css=&#8221;&#8221;]<\/p>\n<h2><span style=\"color: #3366ff;\">Corporate Communication<\/span><\/h2>\n<p>Our agency specializes in institutional communication (B2B), with a variety of services such as :<\/p>\n<ul>\n<li>Graphic design: commercial documents, logotype, graphic charter, etc.<\/li>\n<li>Digital printing: sticker printing, vinyl printing, tarpaulin printing, car wrapping, etc.<\/li>\n<li>Offset printing: business cards, letterheads, document holders, brochures, leaflets, catalogs, etc.<\/li>\n<li>Store and industrial signs and cladding<\/li>\n<\/ul>\n<p>Visual communication is a key element for any company wishing to stand out from its competitors and achieve its objectives. We work with our customers to create unique, striking graphic designs that reflect their identity and values.<\/p>\n<p>Our experienced corporate communications team will guide and advise you on the best strategies to adopt to ensure a strong, consistent visual presence.<\/p>\n<p>We offer a wide range of printing services to meet all your printed communication needs. Whether you need printing on stickers, vinyl or tarpaulin, we have the skills and equipment to deliver quality work.<\/p>\n<p>Digital printing is ideal for projects requiring a wide variety of media, such as posters, banners or even vehicle wraps. With our advanced technology, we can print on virtually any surface and deliver superior print quality.<\/p>\n<p>Our team of experienced graphic designers can also help you create original, striking designs for your printed materials. We work closely with our customers to understand their needs, their brand image and their message, so that we can design bespoke creations that reflect their visual identity.<\/p>\n<p>In addition to printing, we also offer finishing services such as die-cutting, laminating and varnishing to give your printed materials a professional look.<\/p>\n<p>At DSOverseas, we are dedicated to providing high-quality printing solutions to meet our customers&#8217; needs. Thanks to our advanced technology and highly qualified team, we can offer you fast, reliable service while maintaining high quality standards.[\/vc_column_text][\/vc_column][vc_column width=&#8221;1\/3&#8243;][vc_single_image image=&#8221;8218&#8243; img_size=&#8221;full&#8221;][\/vc_column][\/vc_row][vc_row][vc_column][vc_custom_heading text=&#8221;The art of corporate communication&#8221; font_container=&#8221;tag:h3|text_align:center|color:%230600ce|line_height:1.3&#8243; google_fonts=&#8221;font_family:Montserrat%3Aregular%2C700|font_style:400%20regular%3A400%3Anormal&#8221; css=&#8221;&#8221;][\/vc_column][\/vc_row][vc_row][vc_column][vc_empty_space][\/vc_column][\/vc_row][vc_row][vc_column width=&#8221;1\/2&#8243;]<div class=\"list_item lists_2 clearfix\"><a href=\"https:\/\/www.dsoverseas.com\/services\/conception-graphique\/\" ><div class=\"list_left list_image\"><img decoding=\"async\" data-src=\"https:\/\/www.dsoverseas.com\/wp-content\/uploads\/2018\/08\/home_agency3_pic5.png\" class=\"scale-with-grid lazyload\" alt=\"home_agency3_pic5\" width=\"60\" height=\"60\" src=\"data:image\/svg+xml;base64,PHN2ZyB3aWR0aD0iMSIgaGVpZ2h0PSIxIiB4bWxucz0iaHR0cDovL3d3dy53My5vcmcvMjAwMC9zdmciPjwvc3ZnPg==\" style=\"--smush-placeholder-width: 60px; --smush-placeholder-aspect-ratio: 60\/60;\" \/><\/div><div class=\"list_right\"><h4 class=\"title \">Graphic design<\/h4><div class=\"desc\">Our graphic design services include the creation of logos, posters, banners, flyers and much more. We work closely with our customers to understand their needs and vision to create unique, impactful designs that represent their brand.<\/div><\/div><\/a><\/div>\n[\/vc_column][vc_column width=&#8221;1\/2&#8243;]<div class=\"list_item lists_2 clearfix\"><a href=\"https:\/\/www.dsoverseas.com\/services\/impressions-numeriques\/\" ><div class=\"list_left list_image\"><img decoding=\"async\" data-src=\"https:\/\/www.dsoverseas.com\/wp-content\/uploads\/2018\/08\/home_agency3_pic7.png\" class=\"scale-with-grid lazyload\" alt=\"ds overseas agence de communication Tunisie\" width=\"60\" height=\"60\" src=\"data:image\/svg+xml;base64,PHN2ZyB3aWR0aD0iMSIgaGVpZ2h0PSIxIiB4bWxucz0iaHR0cDovL3d3dy53My5vcmcvMjAwMC9zdmciPjwvc3ZnPg==\" style=\"--smush-placeholder-width: 60px; --smush-placeholder-aspect-ratio: 60\/60;\" \/><\/div><div class=\"list_right\"><h4 class=\"title \">Digital printing<\/h4><div class=\"desc\">Our agency specializes in digital printing. We offer professional services to help companies of all sizes achieve their business objectives and stand out from the competition. Thanks to our expertise in digital printing, we can supply a wide range of customized products such as posters, rollups, vinyl and tarpaulin prints.<\/div><\/div><\/a><\/div>\n[\/vc_column][\/vc_row][vc_row][vc_column][vc_separator el_width=&#8221;50&#8243;][\/vc_column][\/vc_row][vc_row][vc_column width=&#8221;1\/2&#8243;]<div class=\"list_item lists_2 clearfix\"><a href=\"https:\/\/www.dsoverseas.com\/services\/impressions-offset\/\" ><div class=\"list_left list_image\"><img decoding=\"async\" data-src=\"https:\/\/www.dsoverseas.com\/wp-content\/uploads\/2018\/08\/home_agency3_pic6.png\" class=\"scale-with-grid lazyload\" alt=\"home_agency3_pic6\" width=\"60\" height=\"60\" src=\"data:image\/svg+xml;base64,PHN2ZyB3aWR0aD0iMSIgaGVpZ2h0PSIxIiB4bWxucz0iaHR0cDovL3d3dy53My5vcmcvMjAwMC9zdmciPjwvc3ZnPg==\" style=\"--smush-placeholder-width: 60px; --smush-placeholder-aspect-ratio: 60\/60;\" \/><\/div><div class=\"list_right\"><h4 class=\"title \">Offset printing<\/h4><div class=\"desc\">Our agency provides offset printing services for all your printing projects. We are equipped with the latest technology and can print on a variety of substrates such as paper, cardboard, etc. Our services also include finishing with lamination, laser cutting and binding.<\/div><\/div><\/a><\/div>\n[\/vc_column][vc_column width=&#8221;1\/2&#8243;]<div class=\"list_item lists_2 clearfix\"><a href=\"https:\/\/www.dsoverseas.com\/services\/enseignes-et-habillages\/\" ><div class=\"list_left list_image\"><img decoding=\"async\" data-src=\"https:\/\/www.dsoverseas.com\/wp-content\/uploads\/2018\/08\/home_agency3_pic4.png\" class=\"scale-with-grid lazyload\" alt=\"ds overseas agence de communication Tunisie\" width=\"60\" height=\"60\" src=\"data:image\/svg+xml;base64,PHN2ZyB3aWR0aD0iMSIgaGVpZ2h0PSIxIiB4bWxucz0iaHR0cDovL3d3dy53My5vcmcvMjAwMC9zdmciPjwvc3ZnPg==\" style=\"--smush-placeholder-width: 60px; --smush-placeholder-aspect-ratio: 60\/60;\" \/><\/div><div class=\"list_right\"><h4 class=\"title \">Signs and Cladding<\/h4><div class=\"desc\">DS Overseas takes care of sign manufacturing and cladding assignments for stores and industrial units. We have a highly qualified team to manage all aspects of the manufacturing process, from initial design to final installation.<\/div><\/div><\/a><\/div>\n[\/vc_column][\/vc_row][vc_row][vc_column][vc_separator el_width=&#8221;50&#8243;][\/vc_column][\/vc_row]<\/p>\n<\/div>","protected":false},"excerpt":{"rendered":"<p>[vc_row][vc_column][vc_empty_space height=&#8221;85&#8243;][\/vc_column][\/vc_row][vc_row][vc_column width=&#8221;2\/3&#8243;][vc_column_text css=&#8221;&#8221;] Corporate Communication Our agency specializes in institutional communication (B2B), with a variety of services such as : Graphic design: commercial documents, logotype,<span class=\"excerpt-hellip\"> [\u2026]<\/span><\/p>\n","protected":false},"author":1,"featured_media":-1,"parent":10712,"menu_order":0,"comment_status":"closed","ping_status":"closed","template":"","meta":{"rs_blank_template":"","rs_page_bg_color":"","slide_template_v7":"","footnotes":""},"class_list":["post-10617","page","type-page","status-publish","has-post-thumbnail","hentry"],"yoast_head":"<!-- This site is optimized with the Yoast SEO plugin v27.3 - https:\/\/yoast.com\/product\/yoast-seo-wordpress\/ -->\n<title>Corporate Communication - Agence de communication et Marketing Digital Tunisie<\/title>\n<meta name=\"description\" content=\"Corporate communication, graphic design, digital printing, offset printing, signs and wraps, big tech and big company marketing\" \/>\n<meta name=\"robots\" content=\"index, follow, max-snippet:-1, max-image-preview:large, max-video-preview:-1\" \/>\n<link rel=\"canonical\" href=\"https:\/\/www.dsoverseas.com\/en\/services\/corporate-communication\/\" \/>\n<meta property=\"og:locale\" content=\"en_US\" \/>\n<meta property=\"og:type\" content=\"article\" \/>\n<meta property=\"og:title\" content=\"Corporate Communication\" \/>\n<meta property=\"og:description\" content=\"Corporate communication, graphic design, digital printing, offset printing, signs and wraps\" \/>\n<meta property=\"og:url\" content=\"https:\/\/www.dsoverseas.com\/en\/services\/corporate-communication\/\" \/>\n<meta property=\"og:site_name\" content=\"Agence de communication et Marketing Digital Tunisie\" \/>\n<meta property=\"article:publisher\" content=\"https:\/\/www.facebook.com\/Dsoverseasagency\" \/>\n<meta property=\"article:modified_time\" content=\"2026-04-13T15:59:39+00:00\" \/>\n<meta property=\"og:image\" content=\"https:\/\/www.dsoverseas.com\/wp-content\/uploads\/2021\/01\/logo-2.png\" \/>\n\t<meta property=\"og:image:width\" content=\"386\" \/>\n\t<meta property=\"og:image:height\" content=\"100\" \/>\n\t<meta property=\"og:image:type\" content=\"image\/png\" \/>\n<meta name=\"twitter:card\" content=\"summary_large_image\" \/>\n<meta name=\"twitter:title\" content=\"Corporate Communication\" \/>\n<meta name=\"twitter:description\" content=\"Corporate communication, graphic design, digital printing, offset printing, signs and wraps\" \/>\n<meta name=\"twitter:site\" content=\"@Ds_overseas\" \/>\n<meta name=\"twitter:label1\" content=\"Est. reading time\" \/>\n\t<meta name=\"twitter:data1\" content=\"3 minutes\" \/>\n<!-- \/ Yoast SEO plugin. -->","yoast_head_json":{"title":"Corporate Communication - Agence de communication et Marketing Digital Tunisie","description":"Corporate communication, graphic design, digital printing, offset printing, signs and wraps, big tech and big company marketing","robots":{"index":"index","follow":"follow","max-snippet":"max-snippet:-1","max-image-preview":"max-image-preview:large","max-video-preview":"max-video-preview:-1"},"canonical":"https:\/\/www.dsoverseas.com\/en\/services\/corporate-communication\/","og_locale":"en_US","og_type":"article","og_title":"Corporate Communication","og_description":"Corporate communication, graphic design, digital printing, offset printing, signs and wraps","og_url":"https:\/\/www.dsoverseas.com\/en\/services\/corporate-communication\/","og_site_name":"Agence de communication et Marketing Digital Tunisie","article_publisher":"https:\/\/www.facebook.com\/Dsoverseasagency","article_modified_time":"2026-04-13T15:59:39+00:00","og_image":[{"width":386,"height":100,"url":"https:\/\/www.dsoverseas.com\/wp-content\/uploads\/2021\/01\/logo-2.png","type":"image\/png"}],"twitter_card":"summary_large_image","twitter_title":"Corporate Communication","twitter_description":"Corporate communication, graphic design, digital printing, offset printing, signs and wraps","twitter_site":"@Ds_overseas","twitter_misc":{"Est. reading time":"3 minutes"},"schema":{"@context":"https:\/\/schema.org","@graph":[{"@type":"WebPage","@id":"https:\/\/www.dsoverseas.com\/en\/services\/corporate-communication\/","url":"https:\/\/www.dsoverseas.com\/en\/services\/corporate-communication\/","name":"Corporate Communication - Agence de communication et Marketing Digital Tunisie","isPartOf":{"@id":"https:\/\/www.dsoverseas.com\/#website"},"datePublished":"2024-06-18T16:35:15+00:00","dateModified":"2026-04-13T15:59:39+00:00","description":"Corporate communication, graphic design, digital printing, offset printing, signs and wraps, big tech and big company marketing","breadcrumb":{"@id":"https:\/\/www.dsoverseas.com\/en\/services\/corporate-communication\/#breadcrumb"},"inLanguage":"en-US","potentialAction":[{"@type":"ReadAction","target":["https:\/\/www.dsoverseas.com\/en\/services\/corporate-communication\/"]}]},{"@type":"BreadcrumbList","@id":"https:\/\/www.dsoverseas.com\/en\/services\/corporate-communication\/#breadcrumb","itemListElement":[{"@type":"ListItem","position":1,"name":"Accueil","item":"https:\/\/www.dsoverseas.com\/en\/"},{"@type":"ListItem","position":2,"name":"Services","item":"https:\/\/www.dsoverseas.com\/en\/services\/"},{"@type":"ListItem","position":3,"name":"Corporate Communication"}]},{"@type":"WebSite","@id":"https:\/\/www.dsoverseas.com\/#website","url":"https:\/\/www.dsoverseas.com\/","name":"Agence de communication et Marketing Digital","description":"agence de communication, conseil en communication, conception graphique, community Management, d\u00e9veloppement et conception site web, impressions num\u00e9riques, impressions offset, enseignes habillages et signal\u00e9tiques, agence \u00e9v\u00e9nementielle, Marketing Digital, r\u00e9seaux sociaux","publisher":{"@id":"https:\/\/www.dsoverseas.com\/#organization"},"potentialAction":[{"@type":"SearchAction","target":{"@type":"EntryPoint","urlTemplate":"https:\/\/www.dsoverseas.com\/?s={search_term_string}"},"query-input":{"@type":"PropertyValueSpecification","valueRequired":true,"valueName":"search_term_string"}}],"inLanguage":"en-US"},{"@type":"Organization","@id":"https:\/\/www.dsoverseas.com\/#organization","name":"DS Overseas","url":"https:\/\/www.dsoverseas.com\/","logo":{"@type":"ImageObject","inLanguage":"en-US","@id":"https:\/\/www.dsoverseas.com\/#\/schema\/logo\/image\/","url":"https:\/\/www.dsoverseas.com\/wp-content\/uploads\/2021\/01\/logo-2.png","contentUrl":"https:\/\/www.dsoverseas.com\/wp-content\/uploads\/2021\/01\/logo-2.png","width":386,"height":100,"caption":"DS Overseas"},"image":{"@id":"https:\/\/www.dsoverseas.com\/#\/schema\/logo\/image\/"},"sameAs":["https:\/\/www.facebook.com\/Dsoverseasagency","https:\/\/x.com\/Ds_overseas","https:\/\/www.instagram.com\/dsoverseas\/"]}]}},"_links":{"self":[{"href":"https:\/\/www.dsoverseas.com\/en\/wp-json\/wp\/v2\/pages\/10617","targetHints":{"allow":["GET"]}}],"collection":[{"href":"https:\/\/www.dsoverseas.com\/en\/wp-json\/wp\/v2\/pages"}],"about":[{"href":"https:\/\/www.dsoverseas.com\/en\/wp-json\/wp\/v2\/types\/page"}],"author":[{"embeddable":true,"href":"https:\/\/www.dsoverseas.com\/en\/wp-json\/wp\/v2\/users\/1"}],"replies":[{"embeddable":true,"href":"https:\/\/www.dsoverseas.com\/en\/wp-json\/wp\/v2\/comments?post=10617"}],"version-history":[{"count":12,"href":"https:\/\/www.dsoverseas.com\/en\/wp-json\/wp\/v2\/pages\/10617\/revisions"}],"predecessor-version":[{"id":10673,"href":"https:\/\/www.dsoverseas.com\/en\/wp-json\/wp\/v2\/pages\/10617\/revisions\/10673"}],"up":[{"embeddable":true,"href":"https:\/\/www.dsoverseas.com\/en\/wp-json\/wp\/v2\/pages\/10712"}],"wp:featuredmedia":[{"embeddable":true,"href":"https:\/\/www.dsoverseas.com\/en\/wp-json\/"}],"wp:attachment":[{"href":"https:\/\/www.dsoverseas.com\/en\/wp-json\/wp\/v2\/media?parent=10617"}],"curies":[{"name":"wp","href":"https:\/\/api.w.org\/{rel}","templated":true}]}}