{"id":10623,"date":"2024-06-09T15:33:44","date_gmt":"2024-06-09T13:33:44","guid":{"rendered":"https:\/\/www.dsoverseas.com\/advice\/"},"modified":"2026-04-13T17:59:40","modified_gmt":"2026-04-13T15:59:40","slug":"communications-consultancy","status":"publish","type":"page","link":"https:\/\/www.dsoverseas.com\/en\/services\/communications-consultancy\/","title":{"rendered":"communications consultancy"},"content":{"rendered":"<div class=\"wpb-content-wrapper\"><p>[vc_row][vc_column][vc_empty_space height=&#8221;85&#8243;][\/vc_column][\/vc_row][vc_row][vc_column width=&#8221;2\/3&#8243;][vc_column_text css=&#8221;&#8221;]<\/p>\n<h2><span style=\"color: #3366ff;\">Communications consultancy<\/span><\/h2>\n<p>Our agency is specialized in communication consulting, with a variety of services such as :<\/p>\n<ul>\n<li><a href=\"https:\/\/www.dsoverseas.com\/services\/audit-digital-complet\/\">Full digital audit<\/a><\/li>\n<li><a href=\"https:\/\/www.dsoverseas.com\/services\/conseil-en-strategie-de-communication\/\">Communication strategy consulting<\/a><\/li>\n<li><a href=\"https:\/\/www.dsoverseas.com\/services\/consultant-en-marketing-digital\/\">Digital marketing consultant<\/a><\/li>\n<li><a href=\"https:\/\/www.dsoverseas.com\/services\/consultant-en-site-web\/\">Website Consultant<\/a><\/li>\n<li><a href=\"https:\/\/www.dsoverseas.com\/services\/consultant-en-referencement-naturel-seo\/\">Search engine optimization (SEO) consultant<\/a><\/li>\n<li><a href=\"https:\/\/www.dsoverseas.com\/services\/la-transformation-digitale\/\">Digital transformation<\/a><\/li>\n<\/ul>\n<p>Having become a must for businesses, our agency provides personalized advice to help you optimize your online presence and achieve your objectives. Whether you want to develop your brand awareness, increase your visibility or improve your sales performance, we&#8217;re here to help.<\/p>\n<p>Our comprehensive digital audit assesses the state of your current communications and identifies areas for improvement. Our communication strategy consultants then work with you to develop a strategy tailored to your specific needs and objectives.<\/p>\n<p>As digital marketing consultants, we can also help you set up SEO campaigns to improve your ranking in search results. Using advanced, ethically-compliant techniques, we can increase traffic to your website and generate more leads and conversions.<\/p>\n<p>We can also guide you in optimizing your presence on <a href=\"https:\/\/www.digitalsyndrom.net\/pole-community-management\/gestion-des-reseaux-sociaux\/\" target=\"_blank\" rel=\"noopener\">social networks<\/a>, creating engaging content and developing an active community around your brand. We can also manage your advertising campaigns on these platforms to reach a targeted audience and generate measurable results.<\/p>\n<p>Finally, as digital marketing specialists, we&#8217;re also qualified to help you implement an effective email marketing strategy. We can design targeted, personalized campaigns to maximize your open and conversion rates.<\/p>\n<p>At DSOverseas, we understand the importance of combining different techniques to achieve the best results in terms of visibility and growth on the Internet. Contact us today to discuss your project and see how we can help you achieve your specific goals.[\/vc_column_text][\/vc_column][vc_column width=&#8221;1\/3&#8243;][vc_single_image image=&#8221;8218&#8243; img_size=&#8221;full&#8221;][\/vc_column][\/vc_row][vc_row][vc_column][vc_custom_heading text=&#8221;One piece of advice: your success!&#8221; font_container=&#8221;tag:h3|text_align:center|color:%230600ce|line_height:1.3&#8243; google_fonts=&#8221;font_family:Montserrat%3Aregular%2C700|font_style:400%20regular%3A400%3Anormal&#8221; css=&#8221;&#8221;][\/vc_column][\/vc_row][vc_row][vc_column][vc_empty_space][\/vc_column][\/vc_row][vc_row][vc_column width=&#8221;1\/2&#8243;]<div class=\"list_item lists_2 clearfix\"><a href=\"https:\/\/www.dsoverseas.com\/services\/audit-digital-complet\/\" ><div class=\"list_left list_image\"><img decoding=\"async\" data-src=\"https:\/\/www.dsoverseas.com\/wp-content\/uploads\/2018\/08\/home_agency3_pic5.png\" class=\"scale-with-grid lazyload\" alt=\"home_agency3_pic5\" width=\"60\" height=\"60\" src=\"data:image\/svg+xml;base64,PHN2ZyB3aWR0aD0iMSIgaGVpZ2h0PSIxIiB4bWxucz0iaHR0cDovL3d3dy53My5vcmcvMjAwMC9zdmciPjwvc3ZnPg==\" style=\"--smush-placeholder-width: 60px; --smush-placeholder-aspect-ratio: 60\/60;\" \/><\/div><div class=\"list_right\"><h4 class=\"title \">Full digital audit<\/h4><div class=\"desc\">If you&#8217;re in need of a comprehensive Digital Audit for your business, don&#8217;t hesitate to contact our team of experts at DS Overseas. We offer consulting and analysis services to help your company improve its online presence and maximize its digital growth potential.<\/div><\/div><\/a><\/div>\n[\/vc_column][vc_column width=&#8221;1\/2&#8243;]<div class=\"list_item lists_2 clearfix\"><a href=\"https:\/\/www.dsoverseas.com\/services\/conseil-en-strategie-de-communication\/\" ><div class=\"list_left list_image\"><img decoding=\"async\" data-src=\"https:\/\/www.dsoverseas.com\/wp-content\/uploads\/2018\/08\/home_agency3_pic7.png\" class=\"scale-with-grid lazyload\" alt=\"ds overseas agence de communication Tunisie\" width=\"60\" height=\"60\" src=\"data:image\/svg+xml;base64,PHN2ZyB3aWR0aD0iMSIgaGVpZ2h0PSIxIiB4bWxucz0iaHR0cDovL3d3dy53My5vcmcvMjAwMC9zdmciPjwvc3ZnPg==\" style=\"--smush-placeholder-width: 60px; --smush-placeholder-aspect-ratio: 60\/60;\" \/><\/div><div class=\"list_right\"><h4 class=\"title \">Communication strategy consulting<\/h4><div class=\"desc\">Our agency specializes in communications and marketing strategy consulting, press relations, event organization and advertising. We work with companies of all sizes and in all sectors to help them achieve their communication and marketing objectives.<\/div><\/div><\/a><\/div>\n[\/vc_column][\/vc_row][vc_row][vc_column][vc_separator el_width=&#8221;50&#8243;][\/vc_column][\/vc_row][vc_row][vc_column width=&#8221;1\/2&#8243;]<div class=\"list_item lists_2 clearfix\"><a href=\"https:\/\/www.dsoverseas.com\/services\/consultant-en-marketing-digital\/\" ><div class=\"list_left list_image\"><img decoding=\"async\" data-src=\"https:\/\/www.dsoverseas.com\/wp-content\/uploads\/2018\/08\/home_agency3_pic6.png\" class=\"scale-with-grid lazyload\" alt=\"home_agency3_pic6\" width=\"60\" height=\"60\" src=\"data:image\/svg+xml;base64,PHN2ZyB3aWR0aD0iMSIgaGVpZ2h0PSIxIiB4bWxucz0iaHR0cDovL3d3dy53My5vcmcvMjAwMC9zdmciPjwvc3ZnPg==\" style=\"--smush-placeholder-width: 60px; --smush-placeholder-aspect-ratio: 60\/60;\" \/><\/div><div class=\"list_right\"><h4 class=\"title \">Digital marketing consultant<\/h4><div class=\"desc\">Our agency provides digital marketing consulting for companies wishing to develop their online presence and reach new customers. We offer tailor-made solutions, adapted to the specific needs of each company. Thanks to our expertise in digital marketing, we can help you implement an effective strategy to increase your visibility and brand awareness on the Internet.<\/div><\/div><\/a><\/div>\n[\/vc_column][vc_column width=&#8221;1\/2&#8243;]<div class=\"list_item lists_2 clearfix\"><a href=\"https:\/\/www.dsoverseas.com\/services\/consultant-en-site-web\/\" ><div class=\"list_left list_image\"><img decoding=\"async\" data-src=\"https:\/\/www.dsoverseas.com\/wp-content\/uploads\/2018\/08\/home_agency3_pic4.png\" class=\"scale-with-grid lazyload\" alt=\"ds overseas agence de communication Tunisie\" width=\"60\" height=\"60\" src=\"data:image\/svg+xml;base64,PHN2ZyB3aWR0aD0iMSIgaGVpZ2h0PSIxIiB4bWxucz0iaHR0cDovL3d3dy53My5vcmcvMjAwMC9zdmciPjwvc3ZnPg==\" style=\"--smush-placeholder-width: 60px; --smush-placeholder-aspect-ratio: 60\/60;\" \/><\/div><div class=\"list_right\"><h4 class=\"title \">Website Consultant<\/h4><div class=\"desc\">DS Overseas provides website consulting services. We help companies develop their online presence with professional websites tailored to their needs.<\/div><\/div><\/a><\/div>\n[\/vc_column][\/vc_row][vc_row][vc_column][vc_separator el_width=&#8221;50&#8243;][\/vc_column][\/vc_row][vc_row][vc_column width=&#8221;1\/2&#8243;]<div class=\"list_item lists_2 clearfix\"><a href=\"https:\/\/www.dsoverseas.com\/services\/consultant-en-referencement-naturel-seo\/\" ><div class=\"list_left list_image\"><img decoding=\"async\" data-src=\"https:\/\/www.dsoverseas.com\/wp-content\/uploads\/2019\/02\/print-01-1.png\" class=\"scale-with-grid lazyload\" alt=\"print-01\" width=\"60\" height=\"60\" src=\"data:image\/svg+xml;base64,PHN2ZyB3aWR0aD0iMSIgaGVpZ2h0PSIxIiB4bWxucz0iaHR0cDovL3d3dy53My5vcmcvMjAwMC9zdmciPjwvc3ZnPg==\" style=\"--smush-placeholder-width: 60px; --smush-placeholder-aspect-ratio: 60\/60;\" \/><\/div><div class=\"list_right\"><h4 class=\"title \">Search engine optimization (SEO) consultant<\/h4><div class=\"desc\">Our agency provides Search Engine Optimization (SEO) consulting for companies wishing to improve their visibility on the Internet and increase their organic traffic. Thanks to an in-depth analysis of your website, we can identify weak points and optimization opportunities to help you achieve your SEO objectives.<\/div><\/div><\/a><\/div>\n[\/vc_column][vc_column width=&#8221;1\/2&#8243;]<div class=\"list_item lists_2 clearfix\"><a href=\"https:\/\/www.dsoverseas.com\/services\/la-transformation-digitale\/\" ><div class=\"list_left list_image\"><img decoding=\"async\" data-src=\"https:\/\/www.dsoverseas.com\/wp-content\/uploads\/2019\/02\/enseigne-01.png\" class=\"scale-with-grid lazyload\" alt=\"enseigne-01\" width=\"60\" height=\"60\" src=\"data:image\/svg+xml;base64,PHN2ZyB3aWR0aD0iMSIgaGVpZ2h0PSIxIiB4bWxucz0iaHR0cDovL3d3dy53My5vcmcvMjAwMC9zdmciPjwvc3ZnPg==\" style=\"--smush-placeholder-width: 60px; --smush-placeholder-aspect-ratio: 60\/60;\" \/><\/div><div class=\"list_right\"><h4 class=\"title \">Digital transformation<\/h4><div class=\"desc\">Digital transformation is a constantly evolving process that aims to integrate digital technologies into all aspects of a business. This includes the use of data, online communication tools, e-commerce and much more. <\/div><\/div><\/a><\/div>\n[\/vc_column][\/vc_row][vc_row][vc_column][vc_separator el_width=&#8221;50&#8243;][\/vc_column][\/vc_row]<\/p>\n<\/div>","protected":false},"excerpt":{"rendered":"<p>[vc_row][vc_column][vc_empty_space height=&#8221;85&#8243;][\/vc_column][\/vc_row][vc_row][vc_column width=&#8221;2\/3&#8243;][vc_column_text css=&#8221;&#8221;] Communications consultancy Our agency is specialized in communication consulting, with a variety of services such as : Full digital audit Communication strategy<span class=\"excerpt-hellip\"> [\u2026]<\/span><\/p>\n","protected":false},"author":1,"featured_media":-1,"parent":10712,"menu_order":0,"comment_status":"closed","ping_status":"closed","template":"","meta":{"rs_blank_template":"","rs_page_bg_color":"","slide_template_v7":"","footnotes":""},"class_list":["post-10623","page","type-page","status-publish","has-post-thumbnail","hentry"],"yoast_head":"<!-- This site is optimized with the Yoast SEO plugin v27.3 - https:\/\/yoast.com\/product\/yoast-seo-wordpress\/ -->\n<title>Communications consulting - Agence de communication et Marketing Digital Tunisie<\/title>\n<meta name=\"description\" content=\"Communications consultancy, Complete digital audit, Digital marketing consultant, Website consultant, Search engine optimization consultant\" \/>\n<meta name=\"robots\" content=\"index, follow, max-snippet:-1, max-image-preview:large, max-video-preview:-1\" \/>\n<link rel=\"canonical\" href=\"https:\/\/www.dsoverseas.com\/en\/services\/communications-consultancy\/\" \/>\n<meta property=\"og:locale\" content=\"en_US\" \/>\n<meta property=\"og:type\" content=\"article\" \/>\n<meta property=\"og:title\" content=\"communication advice\" \/>\n<meta property=\"og:description\" content=\"Communication consultancy, Complete digital audit, Digital marketing consultant, Website consultant, Search engine optimization (SEO) consultant\" \/>\n<meta property=\"og:url\" content=\"https:\/\/www.dsoverseas.com\/en\/services\/communications-consultancy\/\" \/>\n<meta property=\"og:site_name\" content=\"Agence de communication et Marketing Digital Tunisie\" \/>\n<meta property=\"article:publisher\" content=\"https:\/\/www.facebook.com\/Dsoverseasagency\" \/>\n<meta property=\"article:modified_time\" content=\"2026-04-13T15:59:40+00:00\" \/>\n<meta property=\"og:image\" content=\"https:\/\/www.dsoverseas.com\/wp-content\/uploads\/2021\/01\/logo-2.png\" \/>\n\t<meta property=\"og:image:width\" content=\"386\" \/>\n\t<meta property=\"og:image:height\" content=\"100\" \/>\n\t<meta property=\"og:image:type\" content=\"image\/png\" \/>\n<meta name=\"twitter:card\" content=\"summary_large_image\" \/>\n<meta name=\"twitter:title\" content=\"communication advice\" \/>\n<meta name=\"twitter:description\" content=\"Communication consultancy, Complete digital audit, Digital marketing consultant, Website consultant, Search engine optimization (SEO) consultant\" \/>\n<meta name=\"twitter:site\" content=\"@Ds_overseas\" \/>\n<meta name=\"twitter:label1\" content=\"Est. reading time\" \/>\n\t<meta name=\"twitter:data1\" content=\"5 minutes\" \/>\n<!-- \/ Yoast SEO plugin. -->","yoast_head_json":{"title":"Communications consulting - Agence de communication et Marketing Digital Tunisie","description":"Communications consultancy, Complete digital audit, Digital marketing consultant, Website consultant, Search engine optimization consultant","robots":{"index":"index","follow":"follow","max-snippet":"max-snippet:-1","max-image-preview":"max-image-preview:large","max-video-preview":"max-video-preview:-1"},"canonical":"https:\/\/www.dsoverseas.com\/en\/services\/communications-consultancy\/","og_locale":"en_US","og_type":"article","og_title":"communication advice","og_description":"Communication consultancy, Complete digital audit, Digital marketing consultant, Website consultant, Search engine optimization (SEO) consultant","og_url":"https:\/\/www.dsoverseas.com\/en\/services\/communications-consultancy\/","og_site_name":"Agence de communication et Marketing Digital Tunisie","article_publisher":"https:\/\/www.facebook.com\/Dsoverseasagency","article_modified_time":"2026-04-13T15:59:40+00:00","og_image":[{"width":386,"height":100,"url":"https:\/\/www.dsoverseas.com\/wp-content\/uploads\/2021\/01\/logo-2.png","type":"image\/png"}],"twitter_card":"summary_large_image","twitter_title":"communication advice","twitter_description":"Communication consultancy, Complete digital audit, Digital marketing consultant, Website consultant, Search engine optimization (SEO) consultant","twitter_site":"@Ds_overseas","twitter_misc":{"Est. reading time":"5 minutes"},"schema":{"@context":"https:\/\/schema.org","@graph":[{"@type":"WebPage","@id":"https:\/\/www.dsoverseas.com\/en\/services\/communications-consultancy\/","url":"https:\/\/www.dsoverseas.com\/en\/services\/communications-consultancy\/","name":"Communications consulting - Agence de communication et Marketing Digital Tunisie","isPartOf":{"@id":"https:\/\/www.dsoverseas.com\/#website"},"datePublished":"2024-06-09T13:33:44+00:00","dateModified":"2026-04-13T15:59:40+00:00","description":"Communications consultancy, Complete digital audit, Digital marketing consultant, Website consultant, Search engine optimization consultant","breadcrumb":{"@id":"https:\/\/www.dsoverseas.com\/en\/services\/communications-consultancy\/#breadcrumb"},"inLanguage":"en-US","potentialAction":[{"@type":"ReadAction","target":["https:\/\/www.dsoverseas.com\/en\/services\/communications-consultancy\/"]}]},{"@type":"BreadcrumbList","@id":"https:\/\/www.dsoverseas.com\/en\/services\/communications-consultancy\/#breadcrumb","itemListElement":[{"@type":"ListItem","position":1,"name":"Accueil","item":"https:\/\/www.dsoverseas.com\/en\/"},{"@type":"ListItem","position":2,"name":"Services","item":"https:\/\/www.dsoverseas.com\/en\/services\/"},{"@type":"ListItem","position":3,"name":"communications consultancy"}]},{"@type":"WebSite","@id":"https:\/\/www.dsoverseas.com\/#website","url":"https:\/\/www.dsoverseas.com\/","name":"Agence de communication et Marketing Digital","description":"agence de communication, conseil en communication, conception graphique, community Management, d\u00e9veloppement et conception site web, impressions num\u00e9riques, impressions offset, enseignes habillages et signal\u00e9tiques, agence \u00e9v\u00e9nementielle, Marketing Digital, r\u00e9seaux sociaux","publisher":{"@id":"https:\/\/www.dsoverseas.com\/#organization"},"potentialAction":[{"@type":"SearchAction","target":{"@type":"EntryPoint","urlTemplate":"https:\/\/www.dsoverseas.com\/?s={search_term_string}"},"query-input":{"@type":"PropertyValueSpecification","valueRequired":true,"valueName":"search_term_string"}}],"inLanguage":"en-US"},{"@type":"Organization","@id":"https:\/\/www.dsoverseas.com\/#organization","name":"DS Overseas","url":"https:\/\/www.dsoverseas.com\/","logo":{"@type":"ImageObject","inLanguage":"en-US","@id":"https:\/\/www.dsoverseas.com\/#\/schema\/logo\/image\/","url":"https:\/\/www.dsoverseas.com\/wp-content\/uploads\/2021\/01\/logo-2.png","contentUrl":"https:\/\/www.dsoverseas.com\/wp-content\/uploads\/2021\/01\/logo-2.png","width":386,"height":100,"caption":"DS Overseas"},"image":{"@id":"https:\/\/www.dsoverseas.com\/#\/schema\/logo\/image\/"},"sameAs":["https:\/\/www.facebook.com\/Dsoverseasagency","https:\/\/x.com\/Ds_overseas","https:\/\/www.instagram.com\/dsoverseas\/"]}]}},"_links":{"self":[{"href":"https:\/\/www.dsoverseas.com\/en\/wp-json\/wp\/v2\/pages\/10623","targetHints":{"allow":["GET"]}}],"collection":[{"href":"https:\/\/www.dsoverseas.com\/en\/wp-json\/wp\/v2\/pages"}],"about":[{"href":"https:\/\/www.dsoverseas.com\/en\/wp-json\/wp\/v2\/types\/page"}],"author":[{"embeddable":true,"href":"https:\/\/www.dsoverseas.com\/en\/wp-json\/wp\/v2\/users\/1"}],"replies":[{"embeddable":true,"href":"https:\/\/www.dsoverseas.com\/en\/wp-json\/wp\/v2\/comments?post=10623"}],"version-history":[{"count":4,"href":"https:\/\/www.dsoverseas.com\/en\/wp-json\/wp\/v2\/pages\/10623\/revisions"}],"predecessor-version":[{"id":10666,"href":"https:\/\/www.dsoverseas.com\/en\/wp-json\/wp\/v2\/pages\/10623\/revisions\/10666"}],"up":[{"embeddable":true,"href":"https:\/\/www.dsoverseas.com\/en\/wp-json\/wp\/v2\/pages\/10712"}],"wp:featuredmedia":[{"embeddable":true,"href":"https:\/\/www.dsoverseas.com\/en\/wp-json\/"}],"wp:attachment":[{"href":"https:\/\/www.dsoverseas.com\/en\/wp-json\/wp\/v2\/media?parent=10623"}],"curies":[{"name":"wp","href":"https:\/\/api.w.org\/{rel}","templated":true}]}}