{"id":10693,"date":"2019-02-18T18:34:49","date_gmt":"2019-02-18T17:34:49","guid":{"rendered":"https:\/\/www.dsoverseas.com\/website-design-and-development\/"},"modified":"2026-04-23T19:25:16","modified_gmt":"2026-04-23T17:25:16","slug":"website-design-and-development","status":"publish","type":"page","link":"https:\/\/www.dsoverseas.com\/en\/services\/website\/website-design-and-development\/","title":{"rendered":"Website design and development"},"content":{"rendered":"<div class=\"wpb-content-wrapper\"><p>[vc_row][vc_column][vc_empty_space height=&#8221;90&#8243;][\/vc_column][\/vc_row][vc_row][vc_column width=&#8221;1\/3&#8243;][vc_single_image image=&#8221;8224&#8243; img_size=&#8221;full&#8221;][\/vc_column][vc_column width=&#8221;2\/3&#8243;][vc_custom_heading text=&#8221;Website design and development&#8221; font_container=&#8221;tag:h3|text_align:left|color:%2300afe5&#8243; google_fonts=&#8221;font_family:Montserrat%3Aregular%2C700|font_style:700%20bold%20regular%3A700%3Anormal&#8221;][vc_row_inner][vc_column_inner width=&#8221;1\/2&#8243;][vc_column_text]Our agency designs and develops customized websites to best meet our customers&#8217; needs.<\/p>\n<p>Whether it&#8217;s a showcase site, dynamic or complex, E-commerce or other, Ds Overseas first and foremost plays the role of advisor in order to implement strategic thinking for its customers, leading to an appropriate solution and ensuring customer satisfaction.<\/p>\n<p>Having been involved in open source for several years, the agency has built up a wealth of experience and now specializes in WordPress.<\/p>\n<p>Why <a href=\"https:\/\/fr.wordpress.com\/\" target=\"_blank\" rel=\"noopener noreferrer\">WordPress<\/a>?<\/p>\n<p>This technological choice is based on a multitude of advantages:<\/p>\n<p>&#8211; WP has undeniable advantages: ease of implementation, administration friendly, very powerful graphics tool, interaction with social media tools, responsive, HTML 5, &#8230;<br \/>\n&#8211; WP is natively optimized for search engines<br \/>\n&#8211; WP enables us to deliver a very effective solution for our customers, especially with fairly tight budgets.<\/p>\n<p>Ds Overseas is registered with the largest marketplaces, so we have the most innovative templates, combining technology and creativity to offer total mobility and meet our customers&#8217; specifications.[\/vc_column_text][\/vc_column_inner][vc_column_inner width=&#8221;1\/2&#8243;][vc_column_text]<\/p>\n<div id=\"attachment_7102\" style=\"width: 410px\" class=\"wp-caption aligncenter\"><img decoding=\"async\" aria-describedby=\"caption-attachment-7102\" class=\"wp-image-7102 size-full lazyload\" data-src=\"https:\/\/www.dsoverseas.com\/wp-content\/uploads\/2020\/04\/wordpress.jpg\" alt=\"Website design and development\" width=\"400\" height=\"250\" data-srcset=\"https:\/\/www.dsoverseas.com\/wp-content\/uploads\/2020\/04\/wordpress.jpg 300w, https:\/\/www.dsoverseas.com\/wp-content\/uploads\/2020\/04\/wordpress.jpg 234w, https:\/\/www.dsoverseas.com\/wp-content\/uploads\/2020\/04\/wordpress.jpg 50w, https:\/\/www.dsoverseas.com\/wp-content\/uploads\/2020\/04\/wordpress.jpg 120w, https:\/\/www.dsoverseas.com\/wp-content\/uploads\/2020\/04\/wordpress.jpg 400w\" data-sizes=\"(max-width:767px) 400px, 400px\" src=\"data:image\/svg+xml;base64,PHN2ZyB3aWR0aD0iMSIgaGVpZ2h0PSIxIiB4bWxucz0iaHR0cDovL3d3dy53My5vcmcvMjAwMC9zdmciPjwvc3ZnPg==\" style=\"--smush-placeholder-width: 400px; --smush-placeholder-aspect-ratio: 400\/250;\" \/><p id=\"caption-attachment-7102\" class=\"wp-caption-text\">Website design and development<\/p><\/div>\n<p>Once your website has been installed and hosted, Ds Overseas will take charge of your site&#8217;s SEO to make it as visible as possible, through a panoply of approaches to content, tags and the most effective plugins for SEO (paid premium versions). The agency operates on a &#8220;money back&#8221; basis, with guaranteed results.<\/p>\n<p>If you already have a website, Ds Overseas will redesign your web portal to bring it up to current graphic and programming standards.<\/p>\n<p>Ds overseas offers you a complete service, with a turnkey solution that includes:<br \/>\n&#8211; <a href=\"https:\/\/www.dsoverseas.com\/services\/conception-graphique\/\" target=\"_blank\" rel=\"noopener noreferrer\">graphic design<\/a> of the website<br \/>\n&#8211; integration and programming<br \/>\n&#8211; domain name and hosting<br \/>\n&#8211; search engine optimization<\/p>\n<p>The agency is also at your disposal for customized programming.[\/vc_column_text][\/vc_column_inner][\/vc_row_inner][\/vc_column][\/vc_row][vc_row][vc_column][vc_custom_heading text=&#8221;Our references&#8221; font_container=&#8221;tag:h3|text_align:center|color:%23009ee2&#8243; google_fonts=&#8221;font_family:Montserrat%3Aregular%2C700|font_style:700%20bold%20regular%3A700%3Anormal&#8221;][vc_basic_grid post_type=&#8221;portfolio&#8221; max_items=&#8221;-1&#8243; style=&#8221;load-more&#8221; items_per_page=&#8221;6&#8243; css=&#8221;&#8221; btn_color=&#8221;default&#8221; grid_id=&#8221;vc_gid:1750282313490-df543ffb-b90e-2&#8243; taxonomies=&#8221;7&#8243;][\/vc_column][\/vc_row][vc_row full_width=&#8221;stretch_row&#8221; css=&#8221;.vc_custom_1747149418259{background-image: url(https:\/\/www.dsoverseas.com\/wp-content\/uploads\/2025\/05\/CTA-5.jpg?id=9722) !important;background-position: center !important;background-repeat: no-repeat !important;background-size: cover !important;}&#8221;][vc_column][vc_row_inner][vc_column_inner width=&#8221;1\/2&#8243;][\/vc_column_inner][vc_column_inner width=&#8221;1\/2&#8243;][vc_empty_space height=&#8221;30&#8243;][vc_column_text css=&#8221;&#8221;]<\/p>\n<h2>We support you in your Communication and Digital Marketing projects<\/h2>\n<p>Get in touch with our teams using the form below or contact us directly on WhatsApp[\/vc_column_text]\n<div class=\"wpcf7 no-js\" id=\"wpcf7-f6-o1\" lang=\"fr-FR\" dir=\"ltr\" data-wpcf7-id=\"6\">\n<div class=\"screen-reader-response\"><p role=\"status\" aria-live=\"polite\" aria-atomic=\"true\"><\/p> <ul><\/ul><\/div>\n<form action=\"\/en\/wp-json\/wp\/v2\/pages\/10693#wpcf7-f6-o1\" method=\"post\" class=\"wpcf7-form init\" aria-label=\"Formulaire de contact\" novalidate=\"novalidate\" data-status=\"init\">\n<fieldset class=\"hidden-fields-container\"><input type=\"hidden\" name=\"_wpcf7\" value=\"6\" \/><input type=\"hidden\" name=\"_wpcf7_version\" value=\"6.1.5\" \/><input type=\"hidden\" name=\"_wpcf7_locale\" value=\"fr_FR\" \/><input type=\"hidden\" name=\"_wpcf7_unit_tag\" value=\"wpcf7-f6-o1\" \/><input type=\"hidden\" name=\"_wpcf7_container_post\" value=\"0\" \/><input type=\"hidden\" name=\"_wpcf7_posted_data_hash\" value=\"\" \/><input type=\"hidden\" name=\"_wpcf7_recaptcha_response\" value=\"\" \/>\n<\/fieldset>\n<p><label> Votre nom (obligatoire)<br \/>\n<span class=\"wpcf7-form-control-wrap\" data-name=\"your-name\"><input size=\"40\" maxlength=\"400\" class=\"wpcf7-form-control wpcf7-text wpcf7-validates-as-required\" aria-required=\"true\" aria-invalid=\"false\" value=\"\" type=\"text\" name=\"your-name\" \/><\/span> <\/label>\n<\/p>\n<p><label> Votre adresse de messagerie (obligatoire)<br \/>\n<span class=\"wpcf7-form-control-wrap\" data-name=\"your-email\"><input size=\"40\" maxlength=\"400\" class=\"wpcf7-form-control wpcf7-email wpcf7-validates-as-required wpcf7-text wpcf7-validates-as-email\" aria-required=\"true\" aria-invalid=\"false\" value=\"\" type=\"email\" name=\"your-email\" \/><\/span> <\/label>\n<\/p>\n<p><label> Objet<br \/>\n<span class=\"wpcf7-form-control-wrap\" data-name=\"your-subject\"><input size=\"40\" maxlength=\"400\" class=\"wpcf7-form-control wpcf7-text\" aria-invalid=\"false\" value=\"\" type=\"text\" name=\"your-subject\" \/><\/span> <\/label>\n<\/p>\n<p><label> Votre message<br \/>\n<span class=\"wpcf7-form-control-wrap\" data-name=\"your-message\"><textarea cols=\"40\" rows=\"10\" maxlength=\"2000\" class=\"wpcf7-form-control wpcf7-textarea\" aria-invalid=\"false\" name=\"your-message\"><\/textarea><\/span> <\/label>\n<\/p>\n<p><input class=\"wpcf7-form-control wpcf7-submit has-spinner\" type=\"submit\" value=\"Envoyer\" \/>\n<\/p><div class=\"wpcf7-response-output\" aria-hidden=\"true\"><\/div>\n<\/form>\n<\/div>\n[vc_btn title=&#8221;WhatsApp: 23 30 33 31&#8243; color=&#8221;vista-blue&#8221; align=&#8221;center&#8221; i_icon_fontawesome=&#8221;fa fa-brands fa-whatsapp&#8221; css=&#8221;&#8221; add_icon=&#8221;true&#8221;][vc_empty_space height=&#8221;30&#8243;][\/vc_column_inner][\/vc_row_inner][\/vc_column][\/vc_row][vc_row][vc_column][vc_custom_heading text=&#8221;Why have a website?&#8221; font_container=&#8221;tag:h2|text_align:center&#8221; use_theme_fonts=&#8221;yes&#8221;][vc_separator color=&#8221;blue&#8221; border_width=&#8221;8&#8243; el_width=&#8221;10&#8243;][vc_empty_space height=&#8221;20&#8243;][\/vc_column][\/vc_row][vc_row][vc_column width=&#8221;1\/2&#8243;][vc_column_text]A website (or Internet site) is a collection of web pages and resources (wording, media, etc.) interconnected by hypertext links, which the Internet user can access via a web address called Url (Uniform Resource Locator), all registered under the same domain name. A website includes text and multimedia (photos, videos, infographics, maps&#8230;), and is hosted on a web server, accessible via the Internet or intranet.<\/p>\n<h3>What&#8217;s the point of a website?<\/h3>\n<p>In recent years, the Internet has become the world&#8217;s most widely used tool, linking many Internet users across the globe and far surpassing traditional media. Interest varies between individuals and corporate bodies.[\/vc_column_text][\/vc_column][vc_column width=&#8221;1\/2&#8243;][vc_column_text]In fact, for a professional, a website is an important communication medium, enabling him to make himself known to potential customers and to carry out marketing (standard and\/or digital). In addition, here are a few solid arguments to convince the reluctant:<\/p>\n<p>1. A website is not a cost but rather an investment<br \/>\n2. Your website available 365 days a year, anywhere in the world: an efficient sales team<br \/>\n3. A constantly updated customer portfolio<br \/>\n4. Set yourself apart from your competitors<\/p>\n<p>Nowadays, and especially after the COVID-19 crisis, website design and development is becoming a sine qua non for survival in the new full digital economy.[\/vc_column_text][\/vc_column][\/vc_row][vc_row][vc_column][vc_empty_space height=&#8221;20&#8243;][vc_custom_heading text=&#8221;Website design and development: the different models&#8221; font_container=&#8221;tag:h2|text_align:center&#8221; use_theme_fonts=&#8221;yes&#8221;][vc_separator color=&#8221;blue&#8221; border_width=&#8221;8&#8243; el_width=&#8221;10&#8243;][vc_empty_space height=&#8221;20&#8243;][\/vc_column][\/vc_row][vc_row][vc_column width=&#8221;1\/2&#8243;]<div class=\"icon_box icon_position_top has_border\"><div class=\"icon_wrapper\"><div class=\"icon\"><i class=\"fas fa-shopping-cart\" aria-hidden=\"true\"><\/i><\/div><\/div><div class=\"desc_wrapper\"><h4 class=\"title \">E-commerce sites<\/h4><div class=\"desc\">E-commerce or merchant sites, whose main purpose is to sell online.<\/div><\/div><\/div>\n[\/vc_column][vc_column width=&#8221;1\/2&#8243;]<div class=\"icon_box icon_position_top no_border\"><div class=\"icon_wrapper\"><div class=\"icon\"><i class=\"fas fa-mobile-alt\" aria-hidden=\"true\"><\/i><\/div><\/div><div class=\"desc_wrapper\"><h4 class=\"title \">Showcase sites<\/h4><div class=\"desc\">Showcase sites, mainly used to present and display the services of an organization or brand.<\/div><\/div><\/div>\n[\/vc_column][\/vc_row][vc_row][vc_column width=&#8221;1\/2&#8243;]<div class=\"icon_box icon_position_top has_border\"><div class=\"icon_wrapper\"><div class=\"icon\"><i class=\"fas fa-hotel\" aria-hidden=\"true\"><\/i><\/div><\/div><div class=\"desc_wrapper\"><h4 class=\"title \">Institutional websites<\/h4><div class=\"desc\">Institutional sites, which present an organization and its values, through a description of its activity, key figures and information essential to the target audience. (B2B)<\/div><\/div><\/div>\n[\/vc_column][vc_column width=&#8221;1\/2&#8243;]<div class=\"icon_box icon_position_top no_border\"><div class=\"icon_wrapper\"><div class=\"icon\"><i class=\"fas fa-map-marker-alt\" aria-hidden=\"true\"><\/i><\/div><\/div><div class=\"desc_wrapper\"><h4 class=\"title \">Portal sites or marketplaces<\/h4><div class=\"desc\">Portal sites, offering directory services, news, industry groupings, &#8230;.<\/div><\/div><\/div>\n[\/vc_column][\/vc_row]<\/p>\n<\/div>","protected":false},"excerpt":{"rendered":"<p>[vc_row][vc_column][vc_empty_space height=&#8221;90&#8243;][\/vc_column][\/vc_row][vc_row][vc_column width=&#8221;1\/3&#8243;][vc_single_image image=&#8221;8224&#8243; img_size=&#8221;full&#8221;][\/vc_column][vc_column width=&#8221;2\/3&#8243;][vc_custom_heading text=&#8221;Website design and development&#8221; font_container=&#8221;tag:h3|text_align:left|color:%2300afe5&#8243; google_fonts=&#8221;font_family:Montserrat%3Aregular%2C700|font_style:700%20bold%20regular%3A700%3Anormal&#8221;][vc_row_inner][vc_column_inner width=&#8221;1\/2&#8243;][vc_column_text]Our agency designs and develops customized websites to best meet our customers&#8217; needs. Whether<span class=\"excerpt-hellip\"> [\u2026]<\/span><\/p>\n","protected":false},"author":1,"featured_media":-1,"parent":11232,"menu_order":0,"comment_status":"closed","ping_status":"closed","template":"","meta":{"rs_blank_template":"","rs_page_bg_color":"","slide_template_v7":"","footnotes":""},"class_list":["post-10693","page","type-page","status-publish","has-post-thumbnail","hentry"],"yoast_head":"<!-- This site is optimized with the Yoast SEO plugin v27.4 - https:\/\/yoast.com\/product\/yoast-seo-wordpress\/ -->\n<title>Website design and development - Agence de communication et Marketing Digital Tunisie<\/title>\n<meta name=\"description\" content=\"Website design and development, showcase website design, e-commerce website design, website maintenance, search engine optimization\" \/>\n<meta name=\"robots\" content=\"index, follow, max-snippet:-1, max-image-preview:large, max-video-preview:-1\" \/>\n<link rel=\"canonical\" href=\"https:\/\/www.dsoverseas.com\/en\/services\/website\/website-design-and-development\/\" \/>\n<meta property=\"og:locale\" content=\"en_US\" \/>\n<meta property=\"og:type\" content=\"article\" \/>\n<meta property=\"og:title\" content=\"Website design and development\" \/>\n<meta property=\"og:description\" content=\"Website design and development, showcase website design, e-commerce website design, website maintenance, search engine optimization\" \/>\n<meta property=\"og:url\" content=\"https:\/\/www.dsoverseas.com\/en\/services\/website\/website-design-and-development\/\" \/>\n<meta property=\"og:site_name\" content=\"Agence de communication et Marketing Digital Tunisie\" \/>\n<meta property=\"article:publisher\" content=\"https:\/\/www.facebook.com\/Dsoverseasagency\" \/>\n<meta property=\"article:modified_time\" content=\"2026-04-23T17:25:16+00:00\" \/>\n<meta property=\"og:image\" content=\"https:\/\/www.dsoverseas.com\/wp-content\/uploads\/2023\/11\/web4-1024x372.jpg\" \/>\n<meta name=\"twitter:card\" content=\"summary_large_image\" \/>\n<meta name=\"twitter:title\" content=\"Website design and development\" \/>\n<meta name=\"twitter:description\" content=\"Website design and development, showcase website design, e-commerce website design, website maintenance, search engine optimization\" \/>\n<meta name=\"twitter:site\" content=\"@Ds_overseas\" \/>\n<meta name=\"twitter:label1\" content=\"Est. reading time\" \/>\n\t<meta name=\"twitter:data1\" content=\"4 minutes\" \/>\n<!-- \/ Yoast SEO plugin. -->","yoast_head_json":{"title":"Website design and development - Agence de communication et Marketing Digital Tunisie","description":"Website design and development, showcase website design, e-commerce website design, website maintenance, search engine optimization","robots":{"index":"index","follow":"follow","max-snippet":"max-snippet:-1","max-image-preview":"max-image-preview:large","max-video-preview":"max-video-preview:-1"},"canonical":"https:\/\/www.dsoverseas.com\/en\/services\/website\/website-design-and-development\/","og_locale":"en_US","og_type":"article","og_title":"Website design and development","og_description":"Website design and development, showcase website design, e-commerce website design, website maintenance, search engine optimization","og_url":"https:\/\/www.dsoverseas.com\/en\/services\/website\/website-design-and-development\/","og_site_name":"Agence de communication et Marketing Digital Tunisie","article_publisher":"https:\/\/www.facebook.com\/Dsoverseasagency","article_modified_time":"2026-04-23T17:25:16+00:00","og_image":[{"url":"https:\/\/www.dsoverseas.com\/wp-content\/uploads\/2023\/11\/web4-1024x372.jpg","type":"","width":"","height":""}],"twitter_card":"summary_large_image","twitter_title":"Website design and development","twitter_description":"Website design and development, showcase website design, e-commerce website design, website maintenance, search engine optimization","twitter_site":"@Ds_overseas","twitter_misc":{"Est. reading time":"4 minutes"},"schema":{"@context":"https:\/\/schema.org","@graph":[{"@type":"WebPage","@id":"https:\/\/www.dsoverseas.com\/en\/services\/website\/website-design-and-development\/","url":"https:\/\/www.dsoverseas.com\/en\/services\/website\/website-design-and-development\/","name":"Website design and development - Agence de communication et Marketing Digital Tunisie","isPartOf":{"@id":"https:\/\/www.dsoverseas.com\/#website"},"primaryImageOfPage":{"@id":"https:\/\/www.dsoverseas.com\/en\/services\/website\/website-design-and-development\/#primaryimage"},"image":{"@id":"https:\/\/www.dsoverseas.com\/en\/services\/website\/website-design-and-development\/#primaryimage"},"thumbnailUrl":"https:\/\/www.dsoverseas.com\/wp-content\/uploads\/2020\/04\/wordpress.jpg","datePublished":"2019-02-18T17:34:49+00:00","dateModified":"2026-04-23T17:25:16+00:00","description":"Website design and development, showcase website design, e-commerce website design, website maintenance, search engine optimization","breadcrumb":{"@id":"https:\/\/www.dsoverseas.com\/en\/services\/website\/website-design-and-development\/#breadcrumb"},"inLanguage":"en-US","potentialAction":[{"@type":"ReadAction","target":["https:\/\/www.dsoverseas.com\/en\/services\/website\/website-design-and-development\/"]}]},{"@type":"ImageObject","inLanguage":"en-US","@id":"https:\/\/www.dsoverseas.com\/en\/services\/website\/website-design-and-development\/#primaryimage","url":"https:\/\/www.dsoverseas.com\/wp-content\/uploads\/2020\/04\/wordpress.jpg","contentUrl":"https:\/\/www.dsoverseas.com\/wp-content\/uploads\/2020\/04\/wordpress.jpg"},{"@type":"BreadcrumbList","@id":"https:\/\/www.dsoverseas.com\/en\/services\/website\/website-design-and-development\/#breadcrumb","itemListElement":[{"@type":"ListItem","position":1,"name":"Accueil","item":"https:\/\/www.dsoverseas.com\/en\/"},{"@type":"ListItem","position":2,"name":"Services","item":"https:\/\/www.dsoverseas.com\/en\/services\/"},{"@type":"ListItem","position":3,"name":"Website","item":"https:\/\/www.dsoverseas.com\/en\/services\/website\/"},{"@type":"ListItem","position":4,"name":"Website design and development"}]},{"@type":"WebSite","@id":"https:\/\/www.dsoverseas.com\/#website","url":"https:\/\/www.dsoverseas.com\/","name":"Agence de communication et Marketing Digital","description":"agence de communication, conseil en communication, conception graphique, community Management, d\u00e9veloppement et conception site web, impressions num\u00e9riques, impressions offset, enseignes habillages et signal\u00e9tiques, agence \u00e9v\u00e9nementielle, Marketing Digital, r\u00e9seaux sociaux","publisher":{"@id":"https:\/\/www.dsoverseas.com\/#organization"},"potentialAction":[{"@type":"SearchAction","target":{"@type":"EntryPoint","urlTemplate":"https:\/\/www.dsoverseas.com\/?s={search_term_string}"},"query-input":{"@type":"PropertyValueSpecification","valueRequired":true,"valueName":"search_term_string"}}],"inLanguage":"en-US"},{"@type":"Organization","@id":"https:\/\/www.dsoverseas.com\/#organization","name":"DS Overseas","url":"https:\/\/www.dsoverseas.com\/","logo":{"@type":"ImageObject","inLanguage":"en-US","@id":"https:\/\/www.dsoverseas.com\/#\/schema\/logo\/image\/","url":"https:\/\/www.dsoverseas.com\/wp-content\/uploads\/2021\/01\/logo-2.png","contentUrl":"https:\/\/www.dsoverseas.com\/wp-content\/uploads\/2021\/01\/logo-2.png","width":386,"height":100,"caption":"DS Overseas"},"image":{"@id":"https:\/\/www.dsoverseas.com\/#\/schema\/logo\/image\/"},"sameAs":["https:\/\/www.facebook.com\/Dsoverseasagency","https:\/\/x.com\/Ds_overseas","https:\/\/www.instagram.com\/dsoverseas\/"]}]}},"_links":{"self":[{"href":"https:\/\/www.dsoverseas.com\/en\/wp-json\/wp\/v2\/pages\/10693","targetHints":{"allow":["GET"]}}],"collection":[{"href":"https:\/\/www.dsoverseas.com\/en\/wp-json\/wp\/v2\/pages"}],"about":[{"href":"https:\/\/www.dsoverseas.com\/en\/wp-json\/wp\/v2\/types\/page"}],"author":[{"embeddable":true,"href":"https:\/\/www.dsoverseas.com\/en\/wp-json\/wp\/v2\/users\/1"}],"replies":[{"embeddable":true,"href":"https:\/\/www.dsoverseas.com\/en\/wp-json\/wp\/v2\/comments?post=10693"}],"version-history":[{"count":4,"href":"https:\/\/www.dsoverseas.com\/en\/wp-json\/wp\/v2\/pages\/10693\/revisions"}],"predecessor-version":[{"id":10906,"href":"https:\/\/www.dsoverseas.com\/en\/wp-json\/wp\/v2\/pages\/10693\/revisions\/10906"}],"up":[{"embeddable":true,"href":"https:\/\/www.dsoverseas.com\/en\/wp-json\/wp\/v2\/pages\/11232"}],"wp:featuredmedia":[{"embeddable":true,"href":"https:\/\/www.dsoverseas.com\/en\/wp-json\/"}],"wp:attachment":[{"href":"https:\/\/www.dsoverseas.com\/en\/wp-json\/wp\/v2\/media?parent=10693"}],"curies":[{"name":"wp","href":"https:\/\/api.w.org\/{rel}","templated":true}]}}