{"id":10700,"date":"2018-08-14T07:25:32","date_gmt":"2018-08-14T05:25:32","guid":{"rendered":"https:\/\/www.dsoverseas.com\/our-team\/"},"modified":"2026-04-13T18:37:50","modified_gmt":"2026-04-13T16:37:50","slug":"our-team","status":"publish","type":"page","link":"https:\/\/www.dsoverseas.com\/en\/our-team\/","title":{"rendered":"Our Team"},"content":{"rendered":"<div class=\"wpb-content-wrapper\"><p>[vc_row][vc_column][vc_row_inner][vc_column_inner][vc_empty_space][\/vc_column_inner][\/vc_row_inner][\/vc_column][\/vc_row][vc_row][vc_column width=&#8221;1\/3&#8243;][vc_single_image image=&#8221;8216&#8243; img_size=&#8221;full&#8221;][\/vc_column][vc_column width=&#8221;2\/3&#8243;][vc_custom_heading text=&#8221;Our team&#8221; font_container=&#8221;tag:h3|text_align:left|color:%230093dd&#8221; use_theme_fonts=&#8221;yes&#8221;][vc_row_inner][vc_column_inner width=&#8221;1\/2&#8243;][vc_column_text]Our work philosophy is based first and foremost on listening. We meet with our customers to gather their needs and provide them with solutions tailored to their budget, field of activity and marketing strategies.[\/vc_column_text][\/vc_column_inner][vc_column_inner width=&#8221;1\/2&#8243;][vc_column_text]Our team is our strength because it adheres to our corporate culture and embraces our standards of service quality, ethics and morality in the management of our various assignments.<\/p>\n<p>Our team is made up of permanent staff as well as consultants who intervene on one-off assignments to enhance the expertise available to our customers.[\/vc_column_text][\/vc_column_inner][\/vc_row_inner][\/vc_column][\/vc_row][vc_row][vc_column width=&#8221;1\/5&#8243;]<div class=\"team team_vertical\"><h4 class=\"title \">Chawki Jebali<\/h4><div class=\"image_frame photo no_link scale-with-grid\"><div class=\"image_wrapper\"><img decoding=\"async\" class=\"scale-with-grid lazyload\" data-src=\"https:\/\/www.dsoverseas.com\/wp-content\/uploads\/2019\/03\/chawki-01.png\" alt=\"chawki-01\" width=\"250\" height=\"250\" src=\"data:image\/svg+xml;base64,PHN2ZyB3aWR0aD0iMSIgaGVpZ2h0PSIxIiB4bWxucz0iaHR0cDovL3d3dy53My5vcmcvMjAwMC9zdmciPjwvc3ZnPg==\" style=\"--smush-placeholder-width: 250px; --smush-placeholder-aspect-ratio: 250\/250;\" \/><\/div><\/div><div class=\"desc_wrapper clearfix\"><h4 class=\"desc_wrappper_title \">General Manager<\/h4><p class=\"subtitle\">Founder<\/p><p class=\"phone\"><i class=\"icon-phone\"><\/i> <a href=\"tel:+216 23 30 33 31\" aria-label=\"phone\">+216 23 30 33 31<\/a><\/p><hr class=\"hr_color\" \/><div class=\"desc\">20 years&#8217; experience in the world of communications. Master&#8217;s degree in Economic Diagnostics and Finance<\/div><div class=\"links\"><a href=\"mailto:chawki@dsoverseas.com\" class=\"icon_bar icon_bar_small mail\" aria-label=\"mail\"><span class=\"t\"><i class=\"icon-mail\"><\/i><\/span><span class=\"b\"><i class=\"icon-mail\" aria-hidden=\"true\"><\/i><\/span><\/a><a target=\"_blank\" href=\"https:\/\/www.facebook.com\/Dsoverseasagency\/\" class=\"icon_bar icon_bar_small facebook\" aria-label=\"facebook\"><span class=\"t\"><i class=\"icon-facebook\"><\/i><\/span><span class=\"b\"><i class=\"icon-facebook\" aria-hidden=\"true\"><\/i><\/span><\/a><\/div><\/div><\/div>\n[\/vc_column][vc_column width=&#8221;1\/5&#8243;]<div class=\"team team_vertical\"><h4 class=\"title \">Med Aziz Bahri<\/h4><div class=\"image_frame photo no_link scale-with-grid\"><div class=\"image_wrapper\"><img decoding=\"async\" class=\"scale-with-grid lazyload\" data-src=\"https:\/\/www.dsoverseas.com\/wp-content\/uploads\/2019\/03\/aziz-01.png\" alt=\"aziz-01\" width=\"250\" height=\"250\" src=\"data:image\/svg+xml;base64,PHN2ZyB3aWR0aD0iMSIgaGVpZ2h0PSIxIiB4bWxucz0iaHR0cDovL3d3dy53My5vcmcvMjAwMC9zdmciPjwvc3ZnPg==\" style=\"--smush-placeholder-width: 250px; --smush-placeholder-aspect-ratio: 250\/250;\" \/><\/div><\/div><div class=\"desc_wrapper clearfix\"><h4 class=\"desc_wrappper_title \">Senior Account Manager<\/h4><p class=\"phone\"><i class=\"icon-phone\"><\/i> <a href=\"tel:+216 53 67 26 43\" aria-label=\"phone\">+216 53 67 26 43<\/a><\/p><hr class=\"hr_color\" \/><div class=\"desc\">15 years&#8217; experience in the world of communications. <\/div><div class=\"links\"><a href=\"mailto:info@dsoverseas.com\" class=\"icon_bar icon_bar_small mail\" aria-label=\"mail\"><span class=\"t\"><i class=\"icon-mail\"><\/i><\/span><span class=\"b\"><i class=\"icon-mail\" aria-hidden=\"true\"><\/i><\/span><\/a><a target=\"_blank\" href=\"https:\/\/www.facebook.com\/Dsoverseasagency\/\" class=\"icon_bar icon_bar_small facebook\" aria-label=\"facebook\"><span class=\"t\"><i class=\"icon-facebook\"><\/i><\/span><span class=\"b\"><i class=\"icon-facebook\" aria-hidden=\"true\"><\/i><\/span><\/a><\/div><\/div><\/div>\n[\/vc_column][vc_column width=&#8221;1\/5&#8243;]<div class=\"team team_vertical\"><h4 class=\"title \">Houcem Rbii<\/h4><div class=\"image_frame photo no_link scale-with-grid\"><div class=\"image_wrapper\"><img decoding=\"async\" class=\"scale-with-grid lazyload\" data-src=\"https:\/\/www.dsoverseas.com\/wp-content\/uploads\/2019\/03\/houcem-01.png\" alt=\"houcem-01\" width=\"250\" height=\"250\" src=\"data:image\/svg+xml;base64,PHN2ZyB3aWR0aD0iMSIgaGVpZ2h0PSIxIiB4bWxucz0iaHR0cDovL3d3dy53My5vcmcvMjAwMC9zdmciPjwvc3ZnPg==\" style=\"--smush-placeholder-width: 250px; --smush-placeholder-aspect-ratio: 250\/250;\" \/><\/div><\/div><div class=\"desc_wrapper clearfix\"><h4 class=\"desc_wrappper_title \">Community Manager<\/h4><p class=\"phone\"><i class=\"icon-phone\"><\/i> <a href=\"tel:+216 21 71 15 21\" aria-label=\"phone\">+216 21 71 15 21<\/a><\/p><hr class=\"hr_color\" \/><div class=\"desc\">Houcem Rebii is our community manager, with higher education from ESECT specializing in web marketing and over 4 years&#8217; experience in the agency.<\/div><div class=\"links\"><a href=\"mailto:info@dsoverseas.com\" class=\"icon_bar icon_bar_small mail\" aria-label=\"mail\"><span class=\"t\"><i class=\"icon-mail\"><\/i><\/span><span class=\"b\"><i class=\"icon-mail\" aria-hidden=\"true\"><\/i><\/span><\/a><a target=\"_blank\" href=\"https:\/\/www.facebook.com\/Dsoverseasagency\/\" class=\"icon_bar icon_bar_small facebook\" aria-label=\"facebook\"><span class=\"t\"><i class=\"icon-facebook\"><\/i><\/span><span class=\"b\"><i class=\"icon-facebook\" aria-hidden=\"true\"><\/i><\/span><\/a><\/div><\/div><\/div>\n[\/vc_column][vc_column width=&#8221;1\/5&#8243;]<div class=\"team team_vertical\"><h4 class=\"title \">Nadia Omri<\/h4><div class=\"image_frame photo no_link scale-with-grid\"><div class=\"image_wrapper\"><img decoding=\"async\" class=\"scale-with-grid lazyload\" data-src=\"https:\/\/www.dsoverseas.com\/wp-content\/uploads\/2019\/03\/nadia-01.png\" alt=\"nadia-01\" width=\"250\" height=\"250\" src=\"data:image\/svg+xml;base64,PHN2ZyB3aWR0aD0iMSIgaGVpZ2h0PSIxIiB4bWxucz0iaHR0cDovL3d3dy53My5vcmcvMjAwMC9zdmciPjwvc3ZnPg==\" style=\"--smush-placeholder-width: 250px; --smush-placeholder-aspect-ratio: 250\/250;\" \/><\/div><\/div><div class=\"desc_wrapper clearfix\"><h4 class=\"desc_wrappper_title \">Graphic Designer<\/h4><p class=\"phone\"><i class=\"icon-phone\"><\/i> <a href=\"tel:+216 21 71 15 21\" aria-label=\"phone\">+216 21 71 15 21<\/a><\/p><hr class=\"hr_color\" \/><div class=\"desc\">+ Over 8 years&#8217; experience in the world of graphic design.<\/div><div class=\"links\"><a href=\"mailto:info@dsoverseas.com\" class=\"icon_bar icon_bar_small mail\" aria-label=\"mail\"><span class=\"t\"><i class=\"icon-mail\"><\/i><\/span><span class=\"b\"><i class=\"icon-mail\" aria-hidden=\"true\"><\/i><\/span><\/a><a target=\"_blank\" href=\"https:\/\/www.facebook.com\/Dsoverseasagency\/\" class=\"icon_bar icon_bar_small facebook\" aria-label=\"facebook\"><span class=\"t\"><i class=\"icon-facebook\"><\/i><\/span><span class=\"b\"><i class=\"icon-facebook\" aria-hidden=\"true\"><\/i><\/span><\/a><\/div><\/div><\/div>\n[\/vc_column][vc_column width=&#8221;1\/5&#8243;]<div class=\"team team_vertical\"><h4 class=\"title \">Chadia Manai<\/h4><div class=\"image_frame photo no_link scale-with-grid\"><div class=\"image_wrapper\"><img decoding=\"async\" class=\"scale-with-grid lazyload\" data-src=\"https:\/\/www.dsoverseas.com\/wp-content\/uploads\/2019\/03\/chadia-01.png\" alt=\"chadia-01\" width=\"250\" height=\"250\" src=\"data:image\/svg+xml;base64,PHN2ZyB3aWR0aD0iMSIgaGVpZ2h0PSIxIiB4bWxucz0iaHR0cDovL3d3dy53My5vcmcvMjAwMC9zdmciPjwvc3ZnPg==\" style=\"--smush-placeholder-width: 250px; --smush-placeholder-aspect-ratio: 250\/250;\" \/><\/div><\/div><div class=\"desc_wrapper clearfix\"><h4 class=\"desc_wrappper_title \">Accountant<\/h4><p class=\"phone\"><i class=\"icon-phone\"><\/i> <a href=\"tel:+216 50 02 58 20\" aria-label=\"phone\">+216 50 02 58 20<\/a><\/p><hr class=\"hr_color\" \/><div class=\"desc\">Management of the agency&#8217;s administrative affairs<\/div><div class=\"links\"><a href=\"mailto:info@dsoverseas.com\" class=\"icon_bar icon_bar_small mail\" aria-label=\"mail\"><span class=\"t\"><i class=\"icon-mail\"><\/i><\/span><span class=\"b\"><i class=\"icon-mail\" aria-hidden=\"true\"><\/i><\/span><\/a><a target=\"_blank\" href=\"https:\/\/www.facebook.com\/Dsoverseasagency\/\" class=\"icon_bar icon_bar_small facebook\" aria-label=\"facebook\"><span class=\"t\"><i class=\"icon-facebook\"><\/i><\/span><span class=\"b\"><i class=\"icon-facebook\" aria-hidden=\"true\"><\/i><\/span><\/a><\/div><\/div><\/div>\n[\/vc_column][\/vc_row]<\/p>\n<\/div>","protected":false},"excerpt":{"rendered":"<p>[vc_row][vc_column][vc_row_inner][vc_column_inner][vc_empty_space][\/vc_column_inner][\/vc_row_inner][\/vc_column][\/vc_row][vc_row][vc_column width=&#8221;1\/3&#8243;][vc_single_image image=&#8221;8216&#8243; img_size=&#8221;full&#8221;][\/vc_column][vc_column width=&#8221;2\/3&#8243;][vc_custom_heading text=&#8221;Our team&#8221; font_container=&#8221;tag:h3|text_align:left|color:%230093dd&#8221; use_theme_fonts=&#8221;yes&#8221;][vc_row_inner][vc_column_inner width=&#8221;1\/2&#8243;][vc_column_text]Our work philosophy is based first and foremost on listening. We meet with our customers to gather<span class=\"excerpt-hellip\"> [\u2026]<\/span><\/p>\n","protected":false},"author":1,"featured_media":-1,"parent":0,"menu_order":0,"comment_status":"closed","ping_status":"closed","template":"","meta":{"rs_blank_template":"","rs_page_bg_color":"","slide_template_v7":"","footnotes":""},"class_list":["post-10700","page","type-page","status-publish","has-post-thumbnail","hentry"],"yoast_head":"<!-- This site is optimized with the Yoast SEO plugin v27.3 - https:\/\/yoast.com\/product\/yoast-seo-wordpress\/ -->\n<title>Our team ds overseas - Agence de communication et Marketing Digital Tunisie<\/title>\n<meta name=\"description\" content=\"Our team ds overseas, graphic design, website development, event agency, car wrapping, stand wrapping\" \/>\n<meta name=\"robots\" content=\"index, follow, max-snippet:-1, max-image-preview:large, max-video-preview:-1\" \/>\n<link rel=\"canonical\" href=\"https:\/\/www.dsoverseas.com\/en\/our-team\/\" \/>\n<meta property=\"og:locale\" content=\"en_US\" \/>\n<meta property=\"og:type\" content=\"article\" \/>\n<meta property=\"og:title\" content=\"Our team ds overseas - Agence de communication et Marketing Digital Tunisie\" \/>\n<meta property=\"og:description\" content=\"Our team ds overseas, graphic design, website development, event agency, car wrapping, stand wrapping\" \/>\n<meta property=\"og:url\" content=\"https:\/\/www.dsoverseas.com\/en\/our-team\/\" \/>\n<meta property=\"og:site_name\" content=\"Agence de communication et Marketing Digital Tunisie\" \/>\n<meta property=\"article:publisher\" content=\"https:\/\/www.facebook.com\/Dsoverseasagency\" \/>\n<meta property=\"article:modified_time\" content=\"2026-04-13T16:37:50+00:00\" \/>\n<meta property=\"og:image\" content=\"https:\/\/www.dsoverseas.com\/wp-content\/uploads\/2021\/01\/logo-2.png\" \/>\n\t<meta property=\"og:image:width\" content=\"386\" \/>\n\t<meta property=\"og:image:height\" content=\"100\" \/>\n\t<meta property=\"og:image:type\" content=\"image\/png\" \/>\n<meta name=\"twitter:card\" content=\"summary_large_image\" \/>\n<meta name=\"twitter:site\" content=\"@Ds_overseas\" \/>\n<meta name=\"twitter:label1\" content=\"Est. reading time\" \/>\n\t<meta name=\"twitter:data1\" content=\"2 minutes\" \/>\n<!-- \/ Yoast SEO plugin. -->","yoast_head_json":{"title":"Our team ds overseas - Agence de communication et Marketing Digital Tunisie","description":"Our team ds overseas, graphic design, website development, event agency, car wrapping, stand wrapping","robots":{"index":"index","follow":"follow","max-snippet":"max-snippet:-1","max-image-preview":"max-image-preview:large","max-video-preview":"max-video-preview:-1"},"canonical":"https:\/\/www.dsoverseas.com\/en\/our-team\/","og_locale":"en_US","og_type":"article","og_title":"Our team ds overseas - Agence de communication et Marketing Digital Tunisie","og_description":"Our team ds overseas, graphic design, website development, event agency, car wrapping, stand wrapping","og_url":"https:\/\/www.dsoverseas.com\/en\/our-team\/","og_site_name":"Agence de communication et Marketing Digital Tunisie","article_publisher":"https:\/\/www.facebook.com\/Dsoverseasagency","article_modified_time":"2026-04-13T16:37:50+00:00","og_image":[{"width":386,"height":100,"url":"https:\/\/www.dsoverseas.com\/wp-content\/uploads\/2021\/01\/logo-2.png","type":"image\/png"}],"twitter_card":"summary_large_image","twitter_site":"@Ds_overseas","twitter_misc":{"Est. reading time":"2 minutes"},"schema":{"@context":"https:\/\/schema.org","@graph":[{"@type":"WebPage","@id":"https:\/\/www.dsoverseas.com\/en\/our-team\/","url":"https:\/\/www.dsoverseas.com\/en\/our-team\/","name":"Our team ds overseas - Agence de communication et Marketing Digital Tunisie","isPartOf":{"@id":"https:\/\/www.dsoverseas.com\/#website"},"datePublished":"2018-08-14T05:25:32+00:00","dateModified":"2026-04-13T16:37:50+00:00","description":"Our team ds overseas, graphic design, website development, event agency, car wrapping, stand wrapping","breadcrumb":{"@id":"https:\/\/www.dsoverseas.com\/en\/our-team\/#breadcrumb"},"inLanguage":"en-US","potentialAction":[{"@type":"ReadAction","target":["https:\/\/www.dsoverseas.com\/en\/our-team\/"]}]},{"@type":"BreadcrumbList","@id":"https:\/\/www.dsoverseas.com\/en\/our-team\/#breadcrumb","itemListElement":[{"@type":"ListItem","position":1,"name":"Accueil","item":"https:\/\/www.dsoverseas.com\/en\/"},{"@type":"ListItem","position":2,"name":"Our Team"}]},{"@type":"WebSite","@id":"https:\/\/www.dsoverseas.com\/#website","url":"https:\/\/www.dsoverseas.com\/","name":"Agence de communication et Marketing Digital","description":"agence de communication, conseil en communication, conception graphique, community Management, d\u00e9veloppement et conception site web, impressions num\u00e9riques, impressions offset, enseignes habillages et signal\u00e9tiques, agence \u00e9v\u00e9nementielle, Marketing Digital, r\u00e9seaux sociaux","publisher":{"@id":"https:\/\/www.dsoverseas.com\/#organization"},"potentialAction":[{"@type":"SearchAction","target":{"@type":"EntryPoint","urlTemplate":"https:\/\/www.dsoverseas.com\/?s={search_term_string}"},"query-input":{"@type":"PropertyValueSpecification","valueRequired":true,"valueName":"search_term_string"}}],"inLanguage":"en-US"},{"@type":"Organization","@id":"https:\/\/www.dsoverseas.com\/#organization","name":"DS Overseas","url":"https:\/\/www.dsoverseas.com\/","logo":{"@type":"ImageObject","inLanguage":"en-US","@id":"https:\/\/www.dsoverseas.com\/#\/schema\/logo\/image\/","url":"https:\/\/www.dsoverseas.com\/wp-content\/uploads\/2021\/01\/logo-2.png","contentUrl":"https:\/\/www.dsoverseas.com\/wp-content\/uploads\/2021\/01\/logo-2.png","width":386,"height":100,"caption":"DS Overseas"},"image":{"@id":"https:\/\/www.dsoverseas.com\/#\/schema\/logo\/image\/"},"sameAs":["https:\/\/www.facebook.com\/Dsoverseasagency","https:\/\/x.com\/Ds_overseas","https:\/\/www.instagram.com\/dsoverseas\/"]}]}},"_links":{"self":[{"href":"https:\/\/www.dsoverseas.com\/en\/wp-json\/wp\/v2\/pages\/10700","targetHints":{"allow":["GET"]}}],"collection":[{"href":"https:\/\/www.dsoverseas.com\/en\/wp-json\/wp\/v2\/pages"}],"about":[{"href":"https:\/\/www.dsoverseas.com\/en\/wp-json\/wp\/v2\/types\/page"}],"author":[{"embeddable":true,"href":"https:\/\/www.dsoverseas.com\/en\/wp-json\/wp\/v2\/users\/1"}],"replies":[{"embeddable":true,"href":"https:\/\/www.dsoverseas.com\/en\/wp-json\/wp\/v2\/comments?post=10700"}],"version-history":[{"count":3,"href":"https:\/\/www.dsoverseas.com\/en\/wp-json\/wp\/v2\/pages\/10700\/revisions"}],"predecessor-version":[{"id":10703,"href":"https:\/\/www.dsoverseas.com\/en\/wp-json\/wp\/v2\/pages\/10700\/revisions\/10703"}],"wp:featuredmedia":[{"embeddable":true,"href":"https:\/\/www.dsoverseas.com\/en\/wp-json\/"}],"wp:attachment":[{"href":"https:\/\/www.dsoverseas.com\/en\/wp-json\/wp\/v2\/media?parent=10700"}],"curies":[{"name":"wp","href":"https:\/\/api.w.org\/{rel}","templated":true}]}}