{"id":10704,"date":"2019-02-18T18:00:20","date_gmt":"2019-02-18T17:00:20","guid":{"rendered":"https:\/\/www.dsoverseas.com\/corporate-communication\/offset-printing\/"},"modified":"2026-04-13T18:40:05","modified_gmt":"2026-04-13T16:40:05","slug":"offset-printing","status":"publish","type":"page","link":"https:\/\/www.dsoverseas.com\/en\/services\/corporate-communication\/offset-printing\/","title":{"rendered":"Offset printing"},"content":{"rendered":"<div class=\"wpb-content-wrapper\"><p>[vc_row][vc_column][vc_empty_space height=&#8221;85&#8243;][\/vc_column][\/vc_row][vc_row][vc_column width=&#8221;1\/3&#8243;][vc_single_image image=&#8221;8220&#8243; img_size=&#8221;full&#8221;][\/vc_column][vc_column width=&#8221;2\/3&#8243;][vc_custom_heading text=&#8221;Offset printing: an art form&#8221; font_container=&#8221;tag:h3|text_align:left|color:%2300afe5&#8243; google_fonts=&#8221;font_family:Montserrat%3Aregular%2C700|font_style:700%20bold%20regular%3A700%3Anormal&#8221;][vc_row_inner][vc_column_inner width=&#8221;1\/2&#8243;][vc_column_text]Ds Overseas takes care of the digital and offset printing of your communication materials:<\/p>\n<p>&#8211; Printing of communication media: brochures, leaflets, flyers, document holders, posters, catalogs, etc.<br \/>\n&#8211; Printing of administrative media: business cards, letterheads, envelopes, stickers, etc.<br \/>\n&#8211; Digital offset printing: For very urgent printing orders on paper and small quantities. This technique enables us to meet very tight deadlines.<\/p>\n<h4>Our added value<\/h4>\n<p>Ds Overseas&#8217; expertise covers the entire &#8221; <a href=\"https:\/\/www.linternaute.fr\/dictionnaire\/fr\/definition\/impression\/\" target=\"_blank\" rel=\"noopener noreferrer\">Print<\/a> &#8221; process for digital and offset printing, advising customers on[\/vc_column_text][\/vc_column_inner][vc_column_inner width=&#8221;1\/2&#8243;][vc_column_text]- The nature of the print medium to be used (e.g. offset or digital stickers)<br \/>\n&#8211; The best printing techniques and different finishing options (folding, numbering, selective varnish, hot foil stamping, embossing, etc.)<br \/>\n&#8211; Optimization of technical choices in relation to the customer&#8217;s budget.[\/vc_column_text][vc_single_image image=&#8221;8867&#8243; img_size=&#8221;full&#8221;][vc_column_text]Our agency, with its wealth of <a href=\"https:\/\/www.dsoverseas.com\/en\/references\/\" target=\"_blank\" rel=\"noopener noreferrer\">experience<\/a> in both the local and international markets, knows how to meet all the quality and deadline requirements that may arise when handling our customers&#8217; communication operations.<\/p>\n<p>Our teams know how to respond within very short deadlines, with maximum efficiency and impeccable quality.<\/p>\n<p>We have also managed several offshore printing operations in France, Libya and Algeria.[\/vc_column_text][\/vc_column_inner][\/vc_row_inner][\/vc_column][\/vc_row][vc_row][vc_column][vc_custom_heading text=&#8221;Our references&#8221; font_container=&#8221;tag:h3|text_align:center|color:%2300b4d8&#8243; google_fonts=&#8221;font_family:Montserrat%3Aregular%2C700|font_style:700%20bold%20regular%3A700%3Anormal&#8221;][vc_empty_space][vc_basic_grid post_type=&#8221;portfolio&#8221; max_items=&#8221;-1&#8243; style=&#8221;load-more&#8221; items_per_page=&#8221;6&#8243; item=&#8221;masonryGrid_Default&#8221; css=&#8221;&#8221; btn_style=&#8221;modern&#8221; btn_color=&#8221;default&#8221; btn_size=&#8221;xs&#8221; grid_id=&#8221;vc_gid:1752066163357-f4a1ef62-fd34-2&#8243; taxonomies=&#8221;5&#8243;][\/vc_column][\/vc_row][vc_row][vc_column][vc_custom_heading text=&#8221;Offset printing: print your dreams!&#8221; font_container=&#8221;tag:h2|text_align:center&#8221; use_theme_fonts=&#8221;yes&#8221;][vc_separator color=&#8221;blue&#8221; border_width=&#8221;8&#8243; el_width=&#8221;10&#8243;][vc_empty_space height=&#8221;20&#8243;][\/vc_column][\/vc_row][vc_row][vc_column width=&#8221;1\/2&#8243;]<div class=\"icon_box icon_position_top has_border\"><div class=\"icon_wrapper\"><div class=\"icon\"><i class=\"far fa-file-alt\" aria-hidden=\"true\"><\/i><\/div><\/div><div class=\"desc_wrapper\"><h4 class=\"title \">Administrative documents<\/h4><div class=\"desc\">DS Overseas specializes in offset printing of administrative documents: business cards, letterheads, document holders, notepads, invoices, NCR detachable notebooks, corporate cards, etc. We advise our customers on the choice of formats, colors and paper quality, for optimized budgets and rapid execution and completion of PRINT projects.<\/div><\/div><\/div>\n[\/vc_column][vc_column width=&#8221;1\/2&#8243;]<div class=\"icon_box icon_position_top no_border\"><div class=\"icon_wrapper\"><div class=\"icon\"><i class=\"fas fa-comments-dollar\" aria-hidden=\"true\"><\/i><\/div><\/div><div class=\"desc_wrapper\"><h4 class=\"title \">Printing sales documents<\/h4><div class=\"desc\">We provide off-set printing for the following: posters, leaflets, flyers, restaurant menus, brochures, catalogs, product sheets, business cards, paper bags, labels, stickers. Commercial documents are communication tools designed to promote your company, spread your message and reinforce your brand identity.<\/div><\/div><\/div>\n[\/vc_column][\/vc_row][vc_row][vc_column width=&#8221;1\/2&#8243;]<div class=\"icon_box icon_position_top has_border\"><div class=\"icon_wrapper\"><div class=\"icon\"><i class=\"fas fa-bullhorn\" aria-hidden=\"true\"><\/i><\/div><\/div><div class=\"desc_wrapper\"><h4 class=\"title \">Promotional and marketing documents<\/h4><div class=\"desc\">DS Overseas specializes in offset printing of promotional and marketing documents: diaries, weekly planners, invitation cards, small and large-format POS and display materials, etc. We advise our customers on the choice of formats, colors and paper quality, for optimized budgets and rapid execution and completion of PRINT projects.<\/div><\/div><\/div>\n[\/vc_column][vc_column width=&#8221;1\/2&#8243;][\/vc_column][\/vc_row][vc_row full_width=&#8221;stretch_row&#8221; css=&#8221;.vc_custom_1747149418259{background-image: url(https:\/\/www.dsoverseas.com\/wp-content\/uploads\/2025\/05\/CTA-5.jpg?id=9722) !important;background-position: center !important;background-repeat: no-repeat !important;background-size: cover !important;}&#8221;][vc_column][vc_row_inner][vc_column_inner width=&#8221;1\/2&#8243;][\/vc_column_inner][vc_column_inner width=&#8221;1\/2&#8243;][vc_empty_space height=&#8221;30&#8243;][vc_column_text css=&#8221;&#8221;]<\/p>\n<h2>We support you in your Communication and Digital Marketing projects<\/h2>\n<p>Get in touch with our teams using the form below or contact us directly on WhatsApp[\/vc_column_text]\n<div class=\"wpcf7 no-js\" id=\"wpcf7-f6-o1\" lang=\"fr-FR\" dir=\"ltr\" data-wpcf7-id=\"6\">\n<div class=\"screen-reader-response\"><p role=\"status\" aria-live=\"polite\" aria-atomic=\"true\"><\/p> <ul><\/ul><\/div>\n<form action=\"\/en\/wp-json\/wp\/v2\/pages\/10704#wpcf7-f6-o1\" method=\"post\" class=\"wpcf7-form init\" aria-label=\"Formulaire de contact\" novalidate=\"novalidate\" data-status=\"init\">\n<fieldset class=\"hidden-fields-container\"><input type=\"hidden\" name=\"_wpcf7\" value=\"6\" \/><input type=\"hidden\" name=\"_wpcf7_version\" value=\"6.1.5\" \/><input type=\"hidden\" name=\"_wpcf7_locale\" value=\"fr_FR\" \/><input type=\"hidden\" name=\"_wpcf7_unit_tag\" value=\"wpcf7-f6-o1\" \/><input type=\"hidden\" name=\"_wpcf7_container_post\" value=\"0\" \/><input type=\"hidden\" name=\"_wpcf7_posted_data_hash\" value=\"\" \/><input type=\"hidden\" name=\"_wpcf7_recaptcha_response\" value=\"\" \/>\n<\/fieldset>\n<p><label> Votre nom (obligatoire)<br \/>\n<span class=\"wpcf7-form-control-wrap\" data-name=\"your-name\"><input size=\"40\" maxlength=\"400\" class=\"wpcf7-form-control wpcf7-text wpcf7-validates-as-required\" aria-required=\"true\" aria-invalid=\"false\" value=\"\" type=\"text\" name=\"your-name\" \/><\/span> <\/label>\n<\/p>\n<p><label> Votre adresse de messagerie (obligatoire)<br \/>\n<span class=\"wpcf7-form-control-wrap\" data-name=\"your-email\"><input size=\"40\" maxlength=\"400\" class=\"wpcf7-form-control wpcf7-email wpcf7-validates-as-required wpcf7-text wpcf7-validates-as-email\" aria-required=\"true\" aria-invalid=\"false\" value=\"\" type=\"email\" name=\"your-email\" \/><\/span> <\/label>\n<\/p>\n<p><label> Objet<br \/>\n<span class=\"wpcf7-form-control-wrap\" data-name=\"your-subject\"><input size=\"40\" maxlength=\"400\" class=\"wpcf7-form-control wpcf7-text\" aria-invalid=\"false\" value=\"\" type=\"text\" name=\"your-subject\" \/><\/span> <\/label>\n<\/p>\n<p><label> Votre message<br \/>\n<span class=\"wpcf7-form-control-wrap\" data-name=\"your-message\"><textarea cols=\"40\" rows=\"10\" maxlength=\"2000\" class=\"wpcf7-form-control wpcf7-textarea\" aria-invalid=\"false\" name=\"your-message\"><\/textarea><\/span> <\/label>\n<\/p>\n<p><input class=\"wpcf7-form-control wpcf7-submit has-spinner\" type=\"submit\" value=\"Envoyer\" \/>\n<\/p><div class=\"wpcf7-response-output\" aria-hidden=\"true\"><\/div>\n<\/form>\n<\/div>\n[vc_btn title=&#8221;WhatsApp: 23 30 33 31&#8243; color=&#8221;vista-blue&#8221; align=&#8221;center&#8221; i_icon_fontawesome=&#8221;fa fa-brands fa-whatsapp&#8221; css=&#8221;&#8221; add_icon=&#8221;true&#8221;][vc_empty_space height=&#8221;30&#8243;][\/vc_column_inner][\/vc_row_inner][\/vc_column][\/vc_row][vc_row][vc_column][vc_column_text css=&#8221;&#8221;]<\/p>\n<h2 style=\"text-align: center;\">F.A.Q<\/h2>\n<p>[\/vc_column_text][vc_toggle title=&#8221;What is offset printing?&#8221; style=&#8221;square&#8221; css=&#8221;&#8221;]Offset printing is an indirect printing technique in which ink is transferred from an engraved metal plate to a rubber blanket, then from the blanket to the printing substrate (usually paper). It&#8217;s a method recognized for its high image quality and efficiency for medium and large production runs.[\/vc_toggle][vc_toggle title=&#8221;What types of substrate are suitable for offset printing?&#8221; style=&#8221;square&#8221; css=&#8221;&#8221;]Offset printing is particularly suited to a wide range of papers (coated, uncoated, offset, special&#8230;), but can also be used on certain cardboard and other flat substrates. The texture and thickness of the substrate can influence the result.[\/vc_toggle][vc_toggle title=&#8221;What are the advantages of offset printing?&#8221; style=&#8221;square&#8221; css=&#8221;&#8221;]Offset printing offers exceptional image quality, with rich colors and precise detail. It is economical for medium and large quantities, allows the use of Pantone inks (direct colors), and offers great flexibility in terms of finishes and paper types.[\/vc_toggle][vc_toggle title=&#8221;What file format should I provide for offset printing?&#8221; style=&#8221;square&#8221; css=&#8221;&#8221;]As with digital printing, we prefer high-resolution PDF files (300 DPI minimum) with bleeds (usually 3 mm on each side) and trim lines. Fonts must be embedded or vectorized.[\/vc_toggle][vc_toggle title=&#8221;Why do colors look different on screen than in offset printing?&#8221; style=&#8221;square&#8221; css=&#8221;&#8221;]Displays use the RGB colorimetric mode, while offset printing uses the CMYK mode. These two color systems have different ranges, which can lead to slight variations. A calibrated color proof can help visualize the printed result.[\/vc_toggle][vc_toggle title=&#8221;What is a color proof and why is it recommended for offset?&#8221; style=&#8221;square&#8221; css=&#8221;&#8221;]A color proof is a simulation of the final print run. It&#8217;s used to check colorimetry, element placement and quality before large-scale printing. It is highly recommended for large offset projects to avoid costly errors.[\/vc_toggle][\/vc_column][\/vc_row]<\/p>\n<\/div>","protected":false},"excerpt":{"rendered":"<p>[vc_row][vc_column][vc_empty_space height=&#8221;85&#8243;][\/vc_column][\/vc_row][vc_row][vc_column width=&#8221;1\/3&#8243;][vc_single_image image=&#8221;8220&#8243; img_size=&#8221;full&#8221;][\/vc_column][vc_column width=&#8221;2\/3&#8243;][vc_custom_heading text=&#8221;Offset printing: an art form&#8221; font_container=&#8221;tag:h3|text_align:left|color:%2300afe5&#8243; google_fonts=&#8221;font_family:Montserrat%3Aregular%2C700|font_style:700%20bold%20regular%3A700%3Anormal&#8221;][vc_row_inner][vc_column_inner width=&#8221;1\/2&#8243;][vc_column_text]Ds Overseas takes care of the digital and offset printing of your communication<span class=\"excerpt-hellip\"> [\u2026]<\/span><\/p>\n","protected":false},"author":1,"featured_media":-1,"parent":10617,"menu_order":0,"comment_status":"closed","ping_status":"closed","template":"","meta":{"rs_blank_template":"","rs_page_bg_color":"","slide_template_v7":"","footnotes":""},"class_list":["post-10704","page","type-page","status-publish","has-post-thumbnail","hentry"],"yoast_head":"<!-- This site is optimized with the Yoast SEO plugin v27.3 - https:\/\/yoast.com\/product\/yoast-seo-wordpress\/ -->\n<title>Offset prints - Agence de communication et Marketing Digital Tunisie<\/title>\n<meta name=\"description\" content=\"Offset printing, flyer printing, business card printing, catalog printing, flyer, brochures, document printing\" \/>\n<meta name=\"robots\" content=\"index, follow, max-snippet:-1, max-image-preview:large, max-video-preview:-1\" \/>\n<link rel=\"canonical\" href=\"https:\/\/www.dsoverseas.com\/en\/services\/corporate-communication\/offset-printing\/\" \/>\n<meta property=\"og:locale\" content=\"en_US\" \/>\n<meta property=\"og:type\" content=\"article\" \/>\n<meta property=\"og:title\" content=\"Offset prints - Agence de communication et Marketing Digital Tunisie\" \/>\n<meta property=\"og:description\" content=\"Offset printing, flyer printing, business card printing, catalog printing, flyer, brochures, document printing\" \/>\n<meta property=\"og:url\" content=\"https:\/\/www.dsoverseas.com\/en\/services\/corporate-communication\/offset-printing\/\" \/>\n<meta property=\"og:site_name\" content=\"Agence de communication et Marketing Digital Tunisie\" \/>\n<meta property=\"article:publisher\" content=\"https:\/\/www.facebook.com\/Dsoverseasagency\" \/>\n<meta property=\"article:modified_time\" content=\"2026-04-13T16:40:05+00:00\" \/>\n<meta property=\"og:image\" content=\"https:\/\/www.dsoverseas.com\/wp-content\/uploads\/2021\/01\/logo-2.png\" \/>\n\t<meta property=\"og:image:width\" content=\"386\" \/>\n\t<meta property=\"og:image:height\" content=\"100\" \/>\n\t<meta property=\"og:image:type\" content=\"image\/png\" \/>\n<meta name=\"twitter:card\" content=\"summary_large_image\" \/>\n<meta name=\"twitter:site\" content=\"@Ds_overseas\" \/>\n<meta name=\"twitter:label1\" content=\"Est. reading time\" \/>\n\t<meta name=\"twitter:data1\" content=\"5 minutes\" \/>\n<!-- \/ Yoast SEO plugin. -->","yoast_head_json":{"title":"Offset prints - Agence de communication et Marketing Digital Tunisie","description":"Offset printing, flyer printing, business card printing, catalog printing, flyer, brochures, document printing","robots":{"index":"index","follow":"follow","max-snippet":"max-snippet:-1","max-image-preview":"max-image-preview:large","max-video-preview":"max-video-preview:-1"},"canonical":"https:\/\/www.dsoverseas.com\/en\/services\/corporate-communication\/offset-printing\/","og_locale":"en_US","og_type":"article","og_title":"Offset prints - Agence de communication et Marketing Digital Tunisie","og_description":"Offset printing, flyer printing, business card printing, catalog printing, flyer, brochures, document printing","og_url":"https:\/\/www.dsoverseas.com\/en\/services\/corporate-communication\/offset-printing\/","og_site_name":"Agence de communication et Marketing Digital Tunisie","article_publisher":"https:\/\/www.facebook.com\/Dsoverseasagency","article_modified_time":"2026-04-13T16:40:05+00:00","og_image":[{"width":386,"height":100,"url":"https:\/\/www.dsoverseas.com\/wp-content\/uploads\/2021\/01\/logo-2.png","type":"image\/png"}],"twitter_card":"summary_large_image","twitter_site":"@Ds_overseas","twitter_misc":{"Est. reading time":"5 minutes"},"schema":{"@context":"https:\/\/schema.org","@graph":[{"@type":"WebPage","@id":"https:\/\/www.dsoverseas.com\/en\/services\/corporate-communication\/offset-printing\/","url":"https:\/\/www.dsoverseas.com\/en\/services\/corporate-communication\/offset-printing\/","name":"Offset prints - Agence de communication et Marketing Digital Tunisie","isPartOf":{"@id":"https:\/\/www.dsoverseas.com\/#website"},"datePublished":"2019-02-18T17:00:20+00:00","dateModified":"2026-04-13T16:40:05+00:00","description":"Offset printing, flyer printing, business card printing, catalog printing, flyer, brochures, document printing","breadcrumb":{"@id":"https:\/\/www.dsoverseas.com\/en\/services\/corporate-communication\/offset-printing\/#breadcrumb"},"inLanguage":"en-US","potentialAction":[{"@type":"ReadAction","target":["https:\/\/www.dsoverseas.com\/en\/services\/corporate-communication\/offset-printing\/"]}]},{"@type":"BreadcrumbList","@id":"https:\/\/www.dsoverseas.com\/en\/services\/corporate-communication\/offset-printing\/#breadcrumb","itemListElement":[{"@type":"ListItem","position":1,"name":"Accueil","item":"https:\/\/www.dsoverseas.com\/en\/"},{"@type":"ListItem","position":2,"name":"Services","item":"https:\/\/www.dsoverseas.com\/en\/services\/"},{"@type":"ListItem","position":3,"name":"Corporate Communication","item":"https:\/\/www.dsoverseas.com\/en\/services\/corporate-communication\/"},{"@type":"ListItem","position":4,"name":"Offset printing"}]},{"@type":"WebSite","@id":"https:\/\/www.dsoverseas.com\/#website","url":"https:\/\/www.dsoverseas.com\/","name":"Agence de communication et Marketing Digital","description":"agence de communication, conseil en communication, conception graphique, community Management, d\u00e9veloppement et conception site web, impressions num\u00e9riques, impressions offset, enseignes habillages et signal\u00e9tiques, agence \u00e9v\u00e9nementielle, Marketing Digital, r\u00e9seaux sociaux","publisher":{"@id":"https:\/\/www.dsoverseas.com\/#organization"},"potentialAction":[{"@type":"SearchAction","target":{"@type":"EntryPoint","urlTemplate":"https:\/\/www.dsoverseas.com\/?s={search_term_string}"},"query-input":{"@type":"PropertyValueSpecification","valueRequired":true,"valueName":"search_term_string"}}],"inLanguage":"en-US"},{"@type":"Organization","@id":"https:\/\/www.dsoverseas.com\/#organization","name":"DS Overseas","url":"https:\/\/www.dsoverseas.com\/","logo":{"@type":"ImageObject","inLanguage":"en-US","@id":"https:\/\/www.dsoverseas.com\/#\/schema\/logo\/image\/","url":"https:\/\/www.dsoverseas.com\/wp-content\/uploads\/2021\/01\/logo-2.png","contentUrl":"https:\/\/www.dsoverseas.com\/wp-content\/uploads\/2021\/01\/logo-2.png","width":386,"height":100,"caption":"DS Overseas"},"image":{"@id":"https:\/\/www.dsoverseas.com\/#\/schema\/logo\/image\/"},"sameAs":["https:\/\/www.facebook.com\/Dsoverseasagency","https:\/\/x.com\/Ds_overseas","https:\/\/www.instagram.com\/dsoverseas\/"]}]}},"_links":{"self":[{"href":"https:\/\/www.dsoverseas.com\/en\/wp-json\/wp\/v2\/pages\/10704","targetHints":{"allow":["GET"]}}],"collection":[{"href":"https:\/\/www.dsoverseas.com\/en\/wp-json\/wp\/v2\/pages"}],"about":[{"href":"https:\/\/www.dsoverseas.com\/en\/wp-json\/wp\/v2\/types\/page"}],"author":[{"embeddable":true,"href":"https:\/\/www.dsoverseas.com\/en\/wp-json\/wp\/v2\/users\/1"}],"replies":[{"embeddable":true,"href":"https:\/\/www.dsoverseas.com\/en\/wp-json\/wp\/v2\/comments?post=10704"}],"version-history":[{"count":6,"href":"https:\/\/www.dsoverseas.com\/en\/wp-json\/wp\/v2\/pages\/10704\/revisions"}],"predecessor-version":[{"id":10903,"href":"https:\/\/www.dsoverseas.com\/en\/wp-json\/wp\/v2\/pages\/10704\/revisions\/10903"}],"up":[{"embeddable":true,"href":"https:\/\/www.dsoverseas.com\/en\/wp-json\/wp\/v2\/pages\/10617"}],"wp:featuredmedia":[{"embeddable":true,"href":"https:\/\/www.dsoverseas.com\/en\/wp-json\/"}],"wp:attachment":[{"href":"https:\/\/www.dsoverseas.com\/en\/wp-json\/wp\/v2\/media?parent=10704"}],"curies":[{"name":"wp","href":"https:\/\/api.w.org\/{rel}","templated":true}]}}