{"id":10712,"date":"2018-08-14T07:25:50","date_gmt":"2018-08-14T05:25:50","guid":{"rendered":"https:\/\/www.dsoverseas.com\/services\/"},"modified":"2026-04-13T18:39:50","modified_gmt":"2026-04-13T16:39:50","slug":"services","status":"publish","type":"page","link":"https:\/\/www.dsoverseas.com\/en\/services\/","title":{"rendered":"Services"},"content":{"rendered":"<div class=\"wpb-content-wrapper\"><p>[vc_row][vc_column][vc_empty_space height=&#8221;85&#8243;][\/vc_column][\/vc_row][vc_row][vc_column width=&#8221;1\/2&#8243;][vc_column_text css=&#8221;&#8221;]<\/p>\n<h2>Our Services &#8211; Professional Communication Agency<\/h2>\n<h4>Boost your brand&#8217;s visibility with our communications expertise!<\/h4>\n<p>As a communications agency, we offer a wide range of services to help your brand stand out and be recognized. Our mission: to develop effective communication strategies to achieve your business objectives.[\/vc_column_text][\/vc_column][vc_column width=&#8221;1\/2&#8243;][vc_single_image image=&#8221;10061&#8243; img_size=&#8221;full&#8221; css=&#8221;&#8221;][\/vc_column][\/vc_row][vc_row][vc_column][vc_column_text css=&#8221;&#8221;]<\/p>\n<h3>Why choose our services?<\/h3>\n<p>Our communications experts take a holistic approach to ensure measurable and lasting results. Here&#8217;s what we offer:<\/p>\n<ul>\n<li><strong>Strategic consulting<\/strong>: We analyze your needs and define your business objectives to help you focus your communications.<\/li>\n<li><strong>Customized strategies<\/strong>: We develop tailor-made communication plans using the most effective tools available.<\/li>\n<li><strong>Multi-channel implementation<\/strong>: We use different channels (digital, social networks, press, etc.) to maximize the impact of your campaigns.<\/li>\n<li><strong>Brand promotion<\/strong>: Our actions aim to strengthen your brand&#8217;s reputation and positioning with your target audiences.<\/li>\n<\/ul>\n<h3>What are the advantages of working with a communications agency?<\/h3>\n<p>By combining strategic expertise and modern tools, our agency helps you to :<\/p>\n<ul>\n<li>Increase your company&#8217;s visibility.<\/li>\n<li>Reach and engage your target customers effectively.<\/li>\n<li>Reinforce your brand&#8217;s image and credibility.<\/li>\n<\/ul>\n<p>Looking to work with an experienced communications agency? Contact us today and find out how we can turn your communication strategy into measurable success![\/vc_column_text][\/vc_column][\/vc_row][vc_row][vc_column][vc_empty_space][vc_custom_heading text=&#8221;Discover our complete range of professional services tailored to your needs. Explore our tailor-made solutions to meet your expectations for quality and expertise. &#8221; font_container=&#8221;tag:h3|text_align:center|color:%23030070|line_height:1.3&#8243; google_fonts=&#8221;font_family:Montserrat%3Aregular%2C700|font_style:400%20regular%3A400%3Anormal&#8221; css=&#8221;&#8221;][\/vc_column][\/vc_row][vc_row][vc_column][vc_empty_space][\/vc_column][\/vc_row][vc_row][vc_column width=&#8221;1\/2&#8243;]<div class=\"list_item lists_2 clearfix\"><a href=\"https:\/\/www.dsoverseas.com\/en\/services\/communications-consultancy\/\" ><div class=\"list_left list_image\"><img decoding=\"async\" data-src=\"https:\/\/www.dsoverseas.com\/wp-content\/uploads\/2018\/08\/home_agency3_pic4.png\" class=\"scale-with-grid lazyload\" alt=\"ds overseas agence de communication Tunisie\" width=\"60\" height=\"60\" src=\"data:image\/svg+xml;base64,PHN2ZyB3aWR0aD0iMSIgaGVpZ2h0PSIxIiB4bWxucz0iaHR0cDovL3d3dy53My5vcmcvMjAwMC9zdmciPjwvc3ZnPg==\" style=\"--smush-placeholder-width: 60px; --smush-placeholder-aspect-ratio: 60\/60;\" \/><\/div><div class=\"list_right\"><h4 class=\"title \">Advice<\/h4><div class=\"desc\">Our agency offers consulting services in Digital Marketing, Communication, Website and SEO, &#8230;<\/div><\/div><\/a><\/div>\n[vc_btn title=&#8221;Find out more&#8221; style=&#8221;outline&#8221; shape=&#8221;round&#8221; color=&#8221;info&#8221; size=&#8221;xs&#8221; align=&#8221;right&#8221; i_align=&#8221;right&#8221; i_icon_fontawesome=&#8221;&#8221; css=&#8221;&#8221; add_icon=&#8221;true&#8221; link=&#8221;url:https%3A%2F%2Fwww.dsoverseas.com%2Fen%2Fservices%2Fcommunications-consultancy%2F|title:Advice|target:_blank|&#8221;][\/vc_column][vc_column width=&#8221;1\/2&#8243;]<div class=\"list_item lists_2 clearfix\"><a href=\"https:\/\/www.dsoverseas.com\/en\/services\/corporate-communication\/\" ><div class=\"list_left list_image\"><img decoding=\"async\" data-src=\"https:\/\/www.dsoverseas.com\/wp-content\/uploads\/2018\/08\/home_agency3_pic7.png\" class=\"scale-with-grid lazyload\" alt=\"ds overseas agence de communication Tunisie\" width=\"60\" height=\"60\" src=\"data:image\/svg+xml;base64,PHN2ZyB3aWR0aD0iMSIgaGVpZ2h0PSIxIiB4bWxucz0iaHR0cDovL3d3dy53My5vcmcvMjAwMC9zdmciPjwvc3ZnPg==\" style=\"--smush-placeholder-width: 60px; --smush-placeholder-aspect-ratio: 60\/60;\" \/><\/div><div class=\"list_right\"><h4 class=\"title \">Corporate Communication<\/h4><div class=\"desc\">Our agency specializes in corporate communications &#8230;<\/div><\/div><\/a><\/div>\n[vc_btn title=&#8221;Find out more&#8221; style=&#8221;outline&#8221; shape=&#8221;round&#8221; color=&#8221;info&#8221; size=&#8221;xs&#8221; align=&#8221;right&#8221; i_align=&#8221;right&#8221; i_icon_fontawesome=&#8221;&#8221; css=&#8221;&#8221; add_icon=&#8221;true&#8221; link=&#8221;url:https%3A%2F%2Fwww.dsoverseas.com%2Fen%2Fservices%2Fcorporate-communication%2F|title:Corporate%20Communication|target:_blank|&#8221;][\/vc_column][\/vc_row][vc_row][vc_column][vc_separator el_width=&#8221;50&#8243;][\/vc_column][\/vc_row][vc_row][vc_column width=&#8221;1\/2&#8243;]<div class=\"list_item lists_2 clearfix\"><a href=\"https:\/\/www.dsoverseas.com\/services\/communication-digitale\/\" ><div class=\"list_left list_image\"><img decoding=\"async\" data-src=\"https:\/\/www.dsoverseas.com\/wp-content\/uploads\/2018\/08\/home_agency3_pic6.png\" class=\"scale-with-grid lazyload\" alt=\"home_agency3_pic6\" width=\"60\" height=\"60\" src=\"data:image\/svg+xml;base64,PHN2ZyB3aWR0aD0iMSIgaGVpZ2h0PSIxIiB4bWxucz0iaHR0cDovL3d3dy53My5vcmcvMjAwMC9zdmciPjwvc3ZnPg==\" style=\"--smush-placeholder-width: 60px; --smush-placeholder-aspect-ratio: 60\/60;\" \/><\/div><div class=\"list_right\"><h4 class=\"title \">Digital Communication<\/h4><div class=\"desc\">Our agency handles digital communications for companies and organizations worldwide.<\/div><\/div><\/a><\/div>\n[vc_btn title=&#8221;Find out more&#8221; style=&#8221;outline&#8221; shape=&#8221;round&#8221; color=&#8221;info&#8221; size=&#8221;xs&#8221; align=&#8221;right&#8221; i_align=&#8221;right&#8221; i_icon_fontawesome=&#8221;&#8221; css=&#8221;&#8221; add_icon=&#8221;true&#8221; link=&#8221;url:https%3A%2F%2Fwww.dsoverseas.com%2Fservices%2Fcommunication-digitale%2F|title:Digital%20Communication|target:_blank|&#8221;][\/vc_column][vc_column width=&#8221;1\/2&#8243;]<div class=\"list_item lists_2 clearfix\"><a href=\"https:\/\/www.dsoverseas.com\/services\/communication-evenementielle\/\" ><div class=\"list_left list_image\"><img decoding=\"async\" data-src=\"https:\/\/www.dsoverseas.com\/wp-content\/uploads\/2018\/08\/home_agency3_pic4.png\" class=\"scale-with-grid lazyload\" alt=\"ds overseas agence de communication Tunisie\" width=\"60\" height=\"60\" src=\"data:image\/svg+xml;base64,PHN2ZyB3aWR0aD0iMSIgaGVpZ2h0PSIxIiB4bWxucz0iaHR0cDovL3d3dy53My5vcmcvMjAwMC9zdmciPjwvc3ZnPg==\" style=\"--smush-placeholder-width: 60px; --smush-placeholder-aspect-ratio: 60\/60;\" \/><\/div><div class=\"list_right\"><h4 class=\"title \">Event communication<\/h4><div class=\"desc\">DS Overseas takes care of all your turnkey events <\/div><\/div><\/a><\/div>\n[vc_btn title=&#8221;Find out more&#8221; style=&#8221;outline&#8221; shape=&#8221;round&#8221; color=&#8221;info&#8221; size=&#8221;xs&#8221; align=&#8221;right&#8221; i_align=&#8221;right&#8221; i_icon_fontawesome=&#8221;&#8221; css=&#8221;&#8221; add_icon=&#8221;true&#8221; link=&#8221;url:https%3A%2F%2Fwww.dsoverseas.com%2Fservices%2Fcommunication-evenementielle%2F|title:Event%20communication|target:_blank|&#8221;][\/vc_column][\/vc_row][vc_row][vc_column][vc_separator el_width=&#8221;50&#8243;][\/vc_column][\/vc_row][vc_row][vc_column width=&#8221;1\/2&#8243;]<div class=\"list_item lists_2 clearfix\"><a href=\"https:\/\/www.dsoverseas.com\/services\/site-web\/\" target=\"_blank\"><div class=\"list_left list_image\"><img decoding=\"async\" data-src=\"https:\/\/www.dsoverseas.com\/wp-content\/uploads\/2021\/11\/mkg-digital.png\" class=\"scale-with-grid lazyload\" alt=\"mkg-digital\" width=\"60\" height=\"60\" src=\"data:image\/svg+xml;base64,PHN2ZyB3aWR0aD0iMSIgaGVpZ2h0PSIxIiB4bWxucz0iaHR0cDovL3d3dy53My5vcmcvMjAwMC9zdmciPjwvc3ZnPg==\" style=\"--smush-placeholder-width: 60px; --smush-placeholder-aspect-ratio: 60\/60;\" \/><\/div><div class=\"list_right\"><h4 class=\"title \">Website<\/h4><div class=\"desc\">We are a web design and development agency.<\/div><\/div><\/a><\/div>\n[vc_btn title=&#8221;Find out more&#8221; style=&#8221;outline&#8221; shape=&#8221;round&#8221; color=&#8221;info&#8221; size=&#8221;xs&#8221; align=&#8221;right&#8221; i_align=&#8221;right&#8221; i_icon_fontawesome=&#8221;&#8221; css=&#8221;&#8221; add_icon=&#8221;true&#8221; link=&#8221;url:https%3A%2F%2Fwww.dsoverseas.com%2Fservices%2Fsite-web%2F|title:Website|target:_blank|&#8221;][\/vc_column][vc_column width=&#8221;1\/2&#8243;]<div class=\"list_item lists_2 clearfix\"><a href=\"https:\/\/www.dsoverseas.com\/services\/referencement-naturel\/\" ><div class=\"list_left list_image\"><img decoding=\"async\" data-src=\"https:\/\/www.dsoverseas.com\/wp-content\/uploads\/2018\/08\/home_agency3_pic7.png\" class=\"scale-with-grid lazyload\" alt=\"ds overseas agence de communication Tunisie\" width=\"60\" height=\"60\" src=\"data:image\/svg+xml;base64,PHN2ZyB3aWR0aD0iMSIgaGVpZ2h0PSIxIiB4bWxucz0iaHR0cDovL3d3dy53My5vcmcvMjAwMC9zdmciPjwvc3ZnPg==\" style=\"--smush-placeholder-width: 60px; --smush-placeholder-aspect-ratio: 60\/60;\" \/><\/div><div class=\"list_right\"><h4 class=\"title \">Natural referencing<\/h4><div class=\"desc\">Our agency specializes in natural website referencing.<\/div><\/div><\/a><\/div>\n[vc_btn title=&#8221;Find out more&#8221; style=&#8221;outline&#8221; shape=&#8221;round&#8221; color=&#8221;info&#8221; size=&#8221;xs&#8221; align=&#8221;right&#8221; i_align=&#8221;right&#8221; i_icon_fontawesome=&#8221;&#8221; css=&#8221;&#8221; add_icon=&#8221;true&#8221; link=&#8221;url:https%3A%2F%2Fwww.dsoverseas.com%2Fservices%2Freferencement-naturel%2F|title:Natural%20referencing|target:_blank|&#8221;][\/vc_column][\/vc_row][vc_row][vc_column][vc_separator el_width=&#8221;50&#8243;][\/vc_column][\/vc_row]<\/p>\n<\/div>","protected":false},"excerpt":{"rendered":"<p>[vc_row][vc_column][vc_empty_space height=&#8221;85&#8243;][\/vc_column][\/vc_row][vc_row][vc_column width=&#8221;1\/2&#8243;][vc_column_text css=&#8221;&#8221;] Our Services &#8211; Professional Communication Agency Boost your brand&#8217;s visibility with our communications expertise! As a communications agency, we offer a wide<span class=\"excerpt-hellip\"> [\u2026]<\/span><\/p>\n","protected":false},"author":1,"featured_media":-1,"parent":0,"menu_order":0,"comment_status":"closed","ping_status":"closed","template":"","meta":{"rs_blank_template":"","rs_page_bg_color":"","slide_template_v7":"","footnotes":""},"class_list":["post-10712","page","type-page","status-publish","has-post-thumbnail","hentry"],"yoast_head":"<!-- This site is optimized with the Yoast SEO plugin v27.3 - https:\/\/yoast.com\/product\/yoast-seo-wordpress\/ -->\n<title>services - Agence de communication et Marketing Digital Tunisie<\/title>\n<meta name=\"description\" content=\"services, Graphic Design, Website Design, Community Management, Events, Printing, Signage, digital marketing\" \/>\n<meta name=\"robots\" content=\"index, follow, max-snippet:-1, max-image-preview:large, max-video-preview:-1\" \/>\n<link rel=\"canonical\" href=\"https:\/\/www.dsoverseas.com\/en\/services\/\" \/>\n<meta property=\"og:locale\" content=\"en_US\" \/>\n<meta property=\"og:type\" content=\"article\" \/>\n<meta property=\"og:title\" content=\"services - Agence de communication et Marketing Digital Tunisie\" \/>\n<meta property=\"og:description\" content=\"services, Graphic Design, Website Design, Community Management, Events, Printing, Signage, digital marketing\" \/>\n<meta property=\"og:url\" content=\"https:\/\/www.dsoverseas.com\/en\/services\/\" \/>\n<meta property=\"og:site_name\" content=\"Agence de communication et Marketing Digital Tunisie\" \/>\n<meta property=\"article:publisher\" content=\"https:\/\/www.facebook.com\/Dsoverseasagency\" \/>\n<meta property=\"article:modified_time\" content=\"2026-04-13T16:39:50+00:00\" \/>\n<meta property=\"og:image\" content=\"https:\/\/www.dsoverseas.com\/wp-content\/uploads\/2021\/01\/logo-2.png\" \/>\n\t<meta property=\"og:image:width\" content=\"386\" \/>\n\t<meta property=\"og:image:height\" content=\"100\" \/>\n\t<meta property=\"og:image:type\" content=\"image\/png\" \/>\n<meta name=\"twitter:card\" content=\"summary_large_image\" \/>\n<meta name=\"twitter:site\" content=\"@Ds_overseas\" \/>\n<meta name=\"twitter:label1\" content=\"Est. reading time\" \/>\n\t<meta name=\"twitter:data1\" content=\"4 minutes\" \/>\n<!-- \/ Yoast SEO plugin. -->","yoast_head_json":{"title":"services - Agence de communication et Marketing Digital Tunisie","description":"services, Graphic Design, Website Design, Community Management, Events, Printing, Signage, digital marketing","robots":{"index":"index","follow":"follow","max-snippet":"max-snippet:-1","max-image-preview":"max-image-preview:large","max-video-preview":"max-video-preview:-1"},"canonical":"https:\/\/www.dsoverseas.com\/en\/services\/","og_locale":"en_US","og_type":"article","og_title":"services - Agence de communication et Marketing Digital Tunisie","og_description":"services, Graphic Design, Website Design, Community Management, Events, Printing, Signage, digital marketing","og_url":"https:\/\/www.dsoverseas.com\/en\/services\/","og_site_name":"Agence de communication et Marketing Digital Tunisie","article_publisher":"https:\/\/www.facebook.com\/Dsoverseasagency","article_modified_time":"2026-04-13T16:39:50+00:00","og_image":[{"width":386,"height":100,"url":"https:\/\/www.dsoverseas.com\/wp-content\/uploads\/2021\/01\/logo-2.png","type":"image\/png"}],"twitter_card":"summary_large_image","twitter_site":"@Ds_overseas","twitter_misc":{"Est. reading time":"4 minutes"},"schema":{"@context":"https:\/\/schema.org","@graph":[{"@type":"WebPage","@id":"https:\/\/www.dsoverseas.com\/en\/services\/","url":"https:\/\/www.dsoverseas.com\/en\/services\/","name":"services - Agence de communication et Marketing Digital Tunisie","isPartOf":{"@id":"https:\/\/www.dsoverseas.com\/#website"},"datePublished":"2018-08-14T05:25:50+00:00","dateModified":"2026-04-13T16:39:50+00:00","description":"services, Graphic Design, Website Design, Community Management, Events, Printing, Signage, digital marketing","breadcrumb":{"@id":"https:\/\/www.dsoverseas.com\/en\/services\/#breadcrumb"},"inLanguage":"en-US","potentialAction":[{"@type":"ReadAction","target":["https:\/\/www.dsoverseas.com\/en\/services\/"]}]},{"@type":"BreadcrumbList","@id":"https:\/\/www.dsoverseas.com\/en\/services\/#breadcrumb","itemListElement":[{"@type":"ListItem","position":1,"name":"Accueil","item":"https:\/\/www.dsoverseas.com\/en\/"},{"@type":"ListItem","position":2,"name":"Services"}]},{"@type":"WebSite","@id":"https:\/\/www.dsoverseas.com\/#website","url":"https:\/\/www.dsoverseas.com\/","name":"Agence de communication et Marketing Digital","description":"agence de communication, conseil en communication, conception graphique, community Management, d\u00e9veloppement et conception site web, impressions num\u00e9riques, impressions offset, enseignes habillages et signal\u00e9tiques, agence \u00e9v\u00e9nementielle, Marketing Digital, r\u00e9seaux sociaux","publisher":{"@id":"https:\/\/www.dsoverseas.com\/#organization"},"potentialAction":[{"@type":"SearchAction","target":{"@type":"EntryPoint","urlTemplate":"https:\/\/www.dsoverseas.com\/?s={search_term_string}"},"query-input":{"@type":"PropertyValueSpecification","valueRequired":true,"valueName":"search_term_string"}}],"inLanguage":"en-US"},{"@type":"Organization","@id":"https:\/\/www.dsoverseas.com\/#organization","name":"DS Overseas","url":"https:\/\/www.dsoverseas.com\/","logo":{"@type":"ImageObject","inLanguage":"en-US","@id":"https:\/\/www.dsoverseas.com\/#\/schema\/logo\/image\/","url":"https:\/\/www.dsoverseas.com\/wp-content\/uploads\/2021\/01\/logo-2.png","contentUrl":"https:\/\/www.dsoverseas.com\/wp-content\/uploads\/2021\/01\/logo-2.png","width":386,"height":100,"caption":"DS Overseas"},"image":{"@id":"https:\/\/www.dsoverseas.com\/#\/schema\/logo\/image\/"},"sameAs":["https:\/\/www.facebook.com\/Dsoverseasagency","https:\/\/x.com\/Ds_overseas","https:\/\/www.instagram.com\/dsoverseas\/"]}]}},"_links":{"self":[{"href":"https:\/\/www.dsoverseas.com\/en\/wp-json\/wp\/v2\/pages\/10712","targetHints":{"allow":["GET"]}}],"collection":[{"href":"https:\/\/www.dsoverseas.com\/en\/wp-json\/wp\/v2\/pages"}],"about":[{"href":"https:\/\/www.dsoverseas.com\/en\/wp-json\/wp\/v2\/types\/page"}],"author":[{"embeddable":true,"href":"https:\/\/www.dsoverseas.com\/en\/wp-json\/wp\/v2\/users\/1"}],"replies":[{"embeddable":true,"href":"https:\/\/www.dsoverseas.com\/en\/wp-json\/wp\/v2\/comments?post=10712"}],"version-history":[{"count":8,"href":"https:\/\/www.dsoverseas.com\/en\/wp-json\/wp\/v2\/pages\/10712\/revisions"}],"predecessor-version":[{"id":10901,"href":"https:\/\/www.dsoverseas.com\/en\/wp-json\/wp\/v2\/pages\/10712\/revisions\/10901"}],"wp:featuredmedia":[{"embeddable":true,"href":"https:\/\/www.dsoverseas.com\/en\/wp-json\/"}],"wp:attachment":[{"href":"https:\/\/www.dsoverseas.com\/en\/wp-json\/wp\/v2\/media?parent=10712"}],"curies":[{"name":"wp","href":"https:\/\/api.w.org\/{rel}","templated":true}]}}