{"id":10720,"date":"2018-08-14T07:25:16","date_gmt":"2018-08-14T05:25:16","guid":{"rendered":"https:\/\/www.dsoverseas.com\/ds-overseas\/"},"modified":"2026-04-13T18:08:04","modified_gmt":"2026-04-13T16:08:04","slug":"ds-overseas","status":"publish","type":"page","link":"https:\/\/www.dsoverseas.com\/en\/ds-overseas\/","title":{"rendered":"Ds Overseas"},"content":{"rendered":"<div class=\"wpb-content-wrapper\"><p>[vc_row][vc_column][vc_empty_space height=&#8221;52px&#8221;][\/vc_column][\/vc_row][vc_row][vc_column width=&#8221;2\/3&#8243;][vc_column_text]<\/p>\n<h2><span style=\"color: #00ccff;\">Ds Overseas Communication agency<\/span><\/h2>\n<h4>Our solutions keep your target group engaged with your products<\/h4>\n<p>[\/vc_column_text][\/vc_column][vc_column width=&#8221;1\/3&#8243;][vc_single_image image=&#8221;8215&#8243; img_size=&#8221;full&#8221;][\/vc_column][\/vc_row][vc_row][vc_column][vc_empty_space height=&#8221;20&#8243;][\/vc_column][\/vc_row][vc_row][vc_column][vc_single_image image=&#8221;8154&#8243; img_size=&#8221;full&#8221;][\/vc_column][\/vc_row][vc_row][vc_column parallax=&#8221;content-moving&#8221; parallax_image=&#8221;43&#8243; width=&#8221;1\/2&#8243; css=&#8221;.vc_custom_1550579361199{margin-top: 180px !important;margin-right: 40px !important;margin-bottom: 40px !important;}&#8221;][vc_row_inner css=&#8221;.vc_custom_1550579479397{margin-top: 120px !important;margin-right: 40px !important;margin-bottom: 40px !important;margin-left: 40px !important;background-image: url(http:\/\/www.dsoverseas.com\/wp-content\/uploads\/2018\/08\/home_agency3_pic9.png?id=38) !important;}&#8221;][vc_column_inner][vc_column_text]<\/p>\n<p>&nbsp;<\/p>\n<p style=\"text-align: center;\">DS Overseas is a communications consultancy specializing in the offshore market. It is part of the <a title=\"digital Syndrom\" href=\"http:\/\/www.digitalsyndrom.net\/\" target=\"_blank\" rel=\"noopener noreferrer\">Digital Syndrom<\/a> group and was created in 2010 to take care of foreign customers in Tunisia or advertisers outside Tunisian territory.<\/p>\n<p>[\/vc_column_text][\/vc_column_inner][\/vc_row_inner][\/vc_column][vc_column width=&#8221;1\/2&#8243;][vc_column_text css=&#8221;.vc_custom_1589051110643{margin-left: 30px !important;}&#8221;]<\/p>\n<h3><span style=\"color: #00ccff;\">Ds Overseas Communication Agency <\/span><\/h3>\n<p>DS Overseas is a communications consultancy specializing in the offshore market. It is part of the <a title=\"digital Syndrom\" href=\"http:\/\/www.digitalsyndrom.net\/\" target=\"_blank\" rel=\"noopener noreferrer\">Digital Syndrom<\/a> group and was created in 2010 to take care of foreign customers in Tunisia or advertisers outside Tunisian territory. The agency specializes in communications consulting, graphic design, offset and digital printing, website design, media planning, social network management, media coverage (public relations, photography and video), signage, stand dressing, car wrapping, events and gift items (via the <a title=\"below the line\" href=\"http:\/\/www.below-theline.com\/\" target=\"_blank\" rel=\"noopener noreferrer\">below the line<\/a> group subsidiary).<\/p>\n<p>DS Overseas is a young, dynamic and progressive communications consultancy. It&#8217;s a GLOBAL agency that takes charge of all its customers&#8217; communications, acting as a single point of contact. We specialize in turnkey solutions, which is what sets us apart in the communications market.<\/p>\n<p>Our customers all over the world (France, UK, USA, North Africa, Middle East, &#8230;) enable us to adapt to different environments and cultures, with tailor-made services, whatever the environment or culture of our partners.[\/vc_column_text][\/vc_column][\/vc_row][vc_row][vc_column][vc_empty_space height=&#8221;42px&#8221;][\/vc_column][\/vc_row][vc_row][vc_column width=&#8221;1\/2&#8243;][vc_column_text]<\/p>\n<h4><span style=\"color: #00ccff;\">Our team<\/span><\/h4>\n<p>Our work philosophy is based first and foremost on listening. We meet with our customers to gather their needs and provide them with solutions tailored to their budget, field of activity and marketing strategies.<\/p>\n<p>Our team is our strength because it adheres to our corporate culture and embraces our standards of service quality, ethics and morality in the management of our various assignments.<\/p>\n<p>Our team is made up of permanent staff as well as consultants who work on one-off assignments to enhance the expertise available to our customers.[\/vc_column_text][vc_btn title=&#8221;Our staff&#8221; color=&#8221;info&#8221; size=&#8221;sm&#8221; align=&#8221;left&#8221; i_icon_fontawesome=&#8221;fa fa-chevron-right&#8221; add_icon=&#8221;true&#8221;][\/vc_column][vc_column width=&#8221;1\/2&#8243;][vc_single_image image=&#8221;8168&#8243; img_size=&#8221;full&#8221;][\/vc_column][\/vc_row][vc_row][vc_column][vc_custom_heading text=&#8221;They trust us&#8221; font_container=&#8221;tag:h3|text_align:center|color:%230093dd&#8221; use_theme_fonts=&#8221;yes&#8221;][\/vc_column][\/vc_row]<\/p>\n<\/div>","protected":false},"excerpt":{"rendered":"<p>[vc_row][vc_column][vc_empty_space height=&#8221;52px&#8221;][\/vc_column][\/vc_row][vc_row][vc_column width=&#8221;2\/3&#8243;][vc_column_text] Ds Overseas Communication agency Our solutions keep your target group engaged with your products [\/vc_column_text][\/vc_column][vc_column width=&#8221;1\/3&#8243;][vc_single_image image=&#8221;8215&#8243; img_size=&#8221;full&#8221;][\/vc_column][\/vc_row][vc_row][vc_column][vc_empty_space height=&#8221;20&#8243;][\/vc_column][\/vc_row][vc_row][vc_column][vc_single_image image=&#8221;8154&#8243; img_size=&#8221;full&#8221;][\/vc_column][\/vc_row][vc_row][vc_column parallax=&#8221;content-moving&#8221; parallax_image=&#8221;43&#8243;<span class=\"excerpt-hellip\"> [\u2026]<\/span><\/p>\n","protected":false},"author":1,"featured_media":-1,"parent":0,"menu_order":0,"comment_status":"closed","ping_status":"closed","template":"","meta":{"rs_blank_template":"","rs_page_bg_color":"","slide_template_v7":"","footnotes":""},"class_list":["post-10720","page","type-page","status-publish","has-post-thumbnail","hentry"],"yoast_head":"<!-- This site is optimized with the Yoast SEO plugin v27.3 - https:\/\/yoast.com\/product\/yoast-seo-wordpress\/ -->\n<title>Ds Overseas Agence de communication - Agence de communication et Marketing Digital Tunisie<\/title>\n<meta name=\"description\" content=\"Ds Overseas Communications agency, graphic design, website design, media planning, social network management, media coverage.\" \/>\n<meta name=\"robots\" content=\"index, follow, max-snippet:-1, max-image-preview:large, max-video-preview:-1\" \/>\n<link rel=\"canonical\" href=\"https:\/\/www.dsoverseas.com\/en\/ds-overseas\/\" \/>\n<meta property=\"og:locale\" content=\"en_US\" \/>\n<meta property=\"og:type\" content=\"article\" \/>\n<meta property=\"og:title\" content=\"Ds Overseas Agence de communication - Agence de communication et Marketing Digital Tunisie\" \/>\n<meta property=\"og:description\" content=\"Ds Overseas Communications agency, graphic design, website design, media planning, social network management, media coverage.\" \/>\n<meta property=\"og:url\" content=\"https:\/\/www.dsoverseas.com\/en\/ds-overseas\/\" \/>\n<meta property=\"og:site_name\" content=\"Agence de communication et Marketing Digital Tunisie\" \/>\n<meta property=\"article:publisher\" content=\"https:\/\/www.facebook.com\/Dsoverseasagency\" \/>\n<meta property=\"article:modified_time\" content=\"2026-04-13T16:08:04+00:00\" \/>\n<meta property=\"og:image\" content=\"https:\/\/www.dsoverseas.com\/wp-content\/uploads\/2021\/01\/logo-2.png\" \/>\n\t<meta property=\"og:image:width\" content=\"386\" \/>\n\t<meta property=\"og:image:height\" content=\"100\" \/>\n\t<meta property=\"og:image:type\" content=\"image\/png\" \/>\n<meta name=\"twitter:card\" content=\"summary_large_image\" \/>\n<meta name=\"twitter:site\" content=\"@Ds_overseas\" \/>\n<meta name=\"twitter:label1\" content=\"Est. reading time\" \/>\n\t<meta name=\"twitter:data1\" content=\"3 minutes\" \/>\n<!-- \/ Yoast SEO plugin. -->","yoast_head_json":{"title":"Ds Overseas Agence de communication - Agence de communication et Marketing Digital Tunisie","description":"Ds Overseas Communications agency, graphic design, website design, media planning, social network management, media coverage.","robots":{"index":"index","follow":"follow","max-snippet":"max-snippet:-1","max-image-preview":"max-image-preview:large","max-video-preview":"max-video-preview:-1"},"canonical":"https:\/\/www.dsoverseas.com\/en\/ds-overseas\/","og_locale":"en_US","og_type":"article","og_title":"Ds Overseas Agence de communication - Agence de communication et Marketing Digital Tunisie","og_description":"Ds Overseas Communications agency, graphic design, website design, media planning, social network management, media coverage.","og_url":"https:\/\/www.dsoverseas.com\/en\/ds-overseas\/","og_site_name":"Agence de communication et Marketing Digital Tunisie","article_publisher":"https:\/\/www.facebook.com\/Dsoverseasagency","article_modified_time":"2026-04-13T16:08:04+00:00","og_image":[{"width":386,"height":100,"url":"https:\/\/www.dsoverseas.com\/wp-content\/uploads\/2021\/01\/logo-2.png","type":"image\/png"}],"twitter_card":"summary_large_image","twitter_site":"@Ds_overseas","twitter_misc":{"Est. reading time":"3 minutes"},"schema":{"@context":"https:\/\/schema.org","@graph":[{"@type":"WebPage","@id":"https:\/\/www.dsoverseas.com\/en\/ds-overseas\/","url":"https:\/\/www.dsoverseas.com\/en\/ds-overseas\/","name":"Ds Overseas Agence de communication - Agence de communication et Marketing Digital Tunisie","isPartOf":{"@id":"https:\/\/www.dsoverseas.com\/#website"},"datePublished":"2018-08-14T05:25:16+00:00","dateModified":"2026-04-13T16:08:04+00:00","description":"Ds Overseas Communications agency, graphic design, website design, media planning, social network management, media coverage.","breadcrumb":{"@id":"https:\/\/www.dsoverseas.com\/en\/ds-overseas\/#breadcrumb"},"inLanguage":"en-US","potentialAction":[{"@type":"ReadAction","target":["https:\/\/www.dsoverseas.com\/en\/ds-overseas\/"]}]},{"@type":"BreadcrumbList","@id":"https:\/\/www.dsoverseas.com\/en\/ds-overseas\/#breadcrumb","itemListElement":[{"@type":"ListItem","position":1,"name":"Accueil","item":"https:\/\/www.dsoverseas.com\/en\/"},{"@type":"ListItem","position":2,"name":"Ds Overseas"}]},{"@type":"WebSite","@id":"https:\/\/www.dsoverseas.com\/#website","url":"https:\/\/www.dsoverseas.com\/","name":"Agence de communication et Marketing Digital","description":"agence de communication, conseil en communication, conception graphique, community Management, d\u00e9veloppement et conception site web, impressions num\u00e9riques, impressions offset, enseignes habillages et signal\u00e9tiques, agence \u00e9v\u00e9nementielle, Marketing Digital, r\u00e9seaux sociaux","publisher":{"@id":"https:\/\/www.dsoverseas.com\/#organization"},"potentialAction":[{"@type":"SearchAction","target":{"@type":"EntryPoint","urlTemplate":"https:\/\/www.dsoverseas.com\/?s={search_term_string}"},"query-input":{"@type":"PropertyValueSpecification","valueRequired":true,"valueName":"search_term_string"}}],"inLanguage":"en-US"},{"@type":"Organization","@id":"https:\/\/www.dsoverseas.com\/#organization","name":"DS Overseas","url":"https:\/\/www.dsoverseas.com\/","logo":{"@type":"ImageObject","inLanguage":"en-US","@id":"https:\/\/www.dsoverseas.com\/#\/schema\/logo\/image\/","url":"https:\/\/www.dsoverseas.com\/wp-content\/uploads\/2021\/01\/logo-2.png","contentUrl":"https:\/\/www.dsoverseas.com\/wp-content\/uploads\/2021\/01\/logo-2.png","width":386,"height":100,"caption":"DS Overseas"},"image":{"@id":"https:\/\/www.dsoverseas.com\/#\/schema\/logo\/image\/"},"sameAs":["https:\/\/www.facebook.com\/Dsoverseasagency","https:\/\/x.com\/Ds_overseas","https:\/\/www.instagram.com\/dsoverseas\/"]}]}},"_links":{"self":[{"href":"https:\/\/www.dsoverseas.com\/en\/wp-json\/wp\/v2\/pages\/10720","targetHints":{"allow":["GET"]}}],"collection":[{"href":"https:\/\/www.dsoverseas.com\/en\/wp-json\/wp\/v2\/pages"}],"about":[{"href":"https:\/\/www.dsoverseas.com\/en\/wp-json\/wp\/v2\/types\/page"}],"author":[{"embeddable":true,"href":"https:\/\/www.dsoverseas.com\/en\/wp-json\/wp\/v2\/users\/1"}],"replies":[{"embeddable":true,"href":"https:\/\/www.dsoverseas.com\/en\/wp-json\/wp\/v2\/comments?post=10720"}],"version-history":[{"count":9,"href":"https:\/\/www.dsoverseas.com\/en\/wp-json\/wp\/v2\/pages\/10720\/revisions"}],"predecessor-version":[{"id":10879,"href":"https:\/\/www.dsoverseas.com\/en\/wp-json\/wp\/v2\/pages\/10720\/revisions\/10879"}],"wp:featuredmedia":[{"embeddable":true,"href":"https:\/\/www.dsoverseas.com\/en\/wp-json\/"}],"wp:attachment":[{"href":"https:\/\/www.dsoverseas.com\/en\/wp-json\/wp\/v2\/media?parent=10720"}],"curies":[{"name":"wp","href":"https:\/\/api.w.org\/{rel}","templated":true}]}}