{"id":10737,"date":"2019-02-19T12:07:48","date_gmt":"2019-02-19T11:07:48","guid":{"rendered":"https:\/\/www.dsoverseas.com\/services\/corporate-communication\/signs-and-cladding\/"},"modified":"2026-04-13T18:40:10","modified_gmt":"2026-04-13T16:40:10","slug":"signs-and-cladding","status":"publish","type":"page","link":"https:\/\/www.dsoverseas.com\/en\/services\/corporate-communication\/signs-and-cladding\/","title":{"rendered":"Signs and Cladding"},"content":{"rendered":"<div class=\"wpb-content-wrapper\"><p>[vc_row][vc_column][vc_empty_space height=&#8221;85&#8243;][\/vc_column][\/vc_row][vc_row][vc_column width=&#8221;1\/3&#8243;][vc_single_image image=&#8221;8222&#8243; img_size=&#8221;full&#8221;][\/vc_column][vc_column width=&#8221;2\/3&#8243;][vc_custom_heading text=&#8221;Signs and Cladding&#8221; font_container=&#8221;tag:h3|text_align:left|color:%2300afe5&#8243; google_fonts=&#8221;font_family:Montserrat%3Aregular%2C700|font_style:700%20bold%20regular%3A700%3Anormal&#8221;][vc_row_inner][vc_column_inner width=&#8221;1\/2&#8243;][vc_column_text]Ds Overseas specializes in signage and cladding projects for facades, offices and shop windows. We specialize in setting up large structures and projects, using the following processes:<\/p>\n<p>&#8211; Technical measurements, location scouting, identification of technical elements<br \/>\n&#8211; <a href=\"https:\/\/www.dsoverseas.com\/services\/conception-graphique\/\" target=\"_blank\" rel=\"noopener noreferrer\">Graphic design<\/a> and preparation of technical file<br \/>\n&#8211; Manufacture, transport, installation and removal of all our signs and cladding.<\/p>\n<div id=\"attachment_7093\" style=\"width: 410px\" class=\"wp-caption aligncenter\"><img decoding=\"async\" aria-describedby=\"caption-attachment-7093\" class=\"wp-image-7093 size-full lazyload\" data-src=\"https:\/\/www.dsoverseas.com\/wp-content\/uploads\/2020\/04\/habillage.jpg\" alt=\"Signs and Cladding\" width=\"400\" height=\"250\" data-srcset=\"https:\/\/www.dsoverseas.com\/wp-content\/uploads\/2020\/04\/habillage.jpg 300w, https:\/\/www.dsoverseas.com\/wp-content\/uploads\/2020\/04\/habillage.jpg 234w, https:\/\/www.dsoverseas.com\/wp-content\/uploads\/2020\/04\/habillage.jpg 50w, https:\/\/www.dsoverseas.com\/wp-content\/uploads\/2020\/04\/habillage.jpg 120w, https:\/\/www.dsoverseas.com\/wp-content\/uploads\/2020\/04\/habillage.jpg 400w\" data-sizes=\"(max-width:767px) 400px, 400px\" src=\"data:image\/svg+xml;base64,PHN2ZyB3aWR0aD0iMSIgaGVpZ2h0PSIxIiB4bWxucz0iaHR0cDovL3d3dy53My5vcmcvMjAwMC9zdmciPjwvc3ZnPg==\" style=\"--smush-placeholder-width: 400px; --smush-placeholder-aspect-ratio: 400\/250;\" \/><p id=\"caption-attachment-7093\" class=\"wp-caption-text\">Signs and Cladding<\/p><\/div>\n<p>We are responsible for the following tasks:[\/vc_column_text][\/vc_column_inner][vc_column_inner width=&#8221;1\/2&#8243;][vc_column_text]- Industrial signage<br \/>\n&#8211; Plexiglas support<br \/>\n&#8211; <a href=\"https:\/\/www.definitions-marketing.com\/definition\/enseigne\/\" target=\"_blank\" rel=\"noopener noreferrer\">Signs<\/a> (illuminated or not)<br \/>\n&#8211; Modular structure: Rollup, company stand, banner stand, pop-up structure<br \/>\n&#8211; Corporate signage<br \/>\n&#8211; Window dressing<br \/>\n&#8211; Office dressing<br \/>\n&#8211; Car wrapping[\/vc_column_text][vc_column_text]Our agency, with its wealth of experience in both the local and international markets, knows how to meet all the quality and deadline requirements that may arise when handling our customers&#8217; communication operations.<\/p>\n<p>Our teams know how to meet very tight deadlines, with maximum efficiency and impeccable quality.<\/p>\n<p>We have also managed several signage operations for <strong>offshore companies<\/strong> based in Tunisia, such as Phonecontrol (FR), CORP (Germany), Mecahers Aerospace (France), Le joint technique (France), CCA a\u00e9ronautique (France).[\/vc_column_text][\/vc_column_inner][\/vc_row_inner][\/vc_column][\/vc_row][vc_row][vc_column][vc_custom_heading text=&#8221;Our references&#8221; font_container=&#8221;tag:h3|text_align:center|color:%2300ace0&#8243; google_fonts=&#8221;font_family:Montserrat%3Aregular%2C700|font_style:700%20bold%20regular%3A700%3Anormal&#8221;][vc_empty_space][vc_basic_grid post_type=&#8221;portfolio&#8221; max_items=&#8221;-1&#8243; style=&#8221;load-more&#8221; items_per_page=&#8221;6&#8243; item=&#8221;masonryGrid_Default&#8221; css=&#8221;&#8221; btn_color=&#8221;default&#8221; grid_id=&#8221;vc_gid:1752848722559-067ebc40-365b-10&#8243; taxonomies=&#8221;8&#8243;][\/vc_column][\/vc_row][vc_row][vc_column][vc_custom_heading text=&#8221;Everything you need to know about signs and packaging!&#8221; font_container=&#8221;tag:h2|text_align:center&#8221; use_theme_fonts=&#8221;yes&#8221;][vc_separator color=&#8221;blue&#8221; border_width=&#8221;8&#8243; el_width=&#8221;10&#8243;][vc_empty_space height=&#8221;20&#8243;][\/vc_column][\/vc_row][vc_row][vc_column width=&#8221;1\/2&#8243;]<div class=\"icon_box icon_position_top has_border\"><div class=\"icon_wrapper\"><div class=\"icon\"><i class=\"fas fa-sign-out-alt\" aria-hidden=\"true\"><\/i><\/div><\/div><div class=\"desc_wrapper\"><h4 class=\"title \">Illuminated signs<\/h4><div class=\"desc\">DS Overseas will advise and support you throughout your signage project. We take care of the graphic design, technical specifications, manufacturing and installation. We specialize in: Light Boxes, Flag Signs, Cut-out Letters, Neon Signs, LED Signs.<\/div><\/div><\/div>\n[\/vc_column][vc_column width=&#8221;1\/2&#8243;]<div class=\"icon_box icon_position_top no_border\"><div class=\"icon_wrapper\"><div class=\"icon\"><i class=\"fas fa-sign-language\" aria-hidden=\"true\"><\/i><\/div><\/div><div class=\"desc_wrapper\"><h4 class=\"title \">Signage<\/h4><div class=\"desc\">We install the following items: Fire signage, Emergency &amp; evacuation signage, Danger signage, Obligation signage, Public reception signage, COVID 19 signage, Information signage, Handicap &amp; Accessibility, Door sign, Brushed aluminium door sign, Decorative door sign, Office sign, Office building sign<\/div><\/div><\/div>\n[\/vc_column][\/vc_row][vc_row][vc_column width=&#8221;1\/2&#8243;]<div class=\"icon_box icon_position_top has_border\"><div class=\"icon_wrapper\"><div class=\"icon\"><i class=\"fas fa-industry\" aria-hidden=\"true\"><\/i><\/div><\/div><div class=\"desc_wrapper\"><h4 class=\"title \">Industrial signage<\/h4><div class=\"desc\">Our agency specializes in industrial signage and has extensive experience in industries such as aeronautics, plastics, &#8230; we produce the following categories: Transport signage, Industrial signage, Site layout, Industrial equipment signage<\/div><\/div><\/div>\n[\/vc_column][vc_column width=&#8221;1\/2&#8243;]<div class=\"icon_box icon_position_top no_border\"><div class=\"icon_wrapper\"><div class=\"icon\"><i class=\"fas fa-sticky-note\" aria-hidden=\"true\"><\/i><\/div><\/div><div class=\"desc_wrapper\"><h4 class=\"title \">Commercial signage<\/h4><div class=\"desc\">Store window cladding, restaurant cladding, office cladding, workplace cladding, signs and internal cladding <\/div><\/div><\/div>\n[\/vc_column][\/vc_row][vc_row][vc_column width=&#8221;1\/2&#8243;]<div class=\"icon_box icon_position_top has_border\"><div class=\"icon_wrapper\"><div class=\"icon\"><i class=\"fas fa-window-restore\" aria-hidden=\"true\"><\/i><\/div><\/div><div class=\"desc_wrapper\"><h4 class=\"title \">Window stickers<\/h4><div class=\"desc\">Your glass surface won&#8217;t just be glass, but a work of art. As a result, you&#8217;ll be able to convey a professional image with an eye for detail. Your staff will be able to work in a much more pleasant environment. Your potential customers will be able to admire the remarkable work you&#8217;ve done in your offices.<\/div><\/div><\/div>\n[\/vc_column][vc_column width=&#8221;1\/2&#8243;]<div class=\"icon_box icon_position_top no_border\"><div class=\"icon_wrapper\"><div class=\"icon\"><i class=\"fas fa-shopping-cart\" aria-hidden=\"true\"><\/i><\/div><\/div><div class=\"desc_wrapper\"><h4 class=\"title \">Modular Structures<\/h4><div class=\"desc\">Our agency specializes in: roll-ups, roll-ups, L-Banner, picture walls, pop-up structures, modular dismountable stands, backdrops, easels and shelf-stoppers, &#8230; put your trust in the specialists for signs and wraps in Tunisia.<\/div><\/div><\/div>\n[\/vc_column][\/vc_row][vc_row full_width=&#8221;stretch_row&#8221; css=&#8221;.vc_custom_1747149418259{background-image: url(https:\/\/www.dsoverseas.com\/wp-content\/uploads\/2025\/05\/CTA-5.jpg?id=9722) !important;background-position: center !important;background-repeat: no-repeat !important;background-size: cover !important;}&#8221;][vc_column][vc_row_inner][vc_column_inner width=&#8221;1\/2&#8243;][\/vc_column_inner][vc_column_inner width=&#8221;1\/2&#8243;][vc_empty_space height=&#8221;30&#8243;][vc_column_text css=&#8221;&#8221;]<\/p>\n<h2>We support you in your Communication and Digital Marketing projects<\/h2>\n<p>Get in touch with our teams using the form below or contact us directly on WhatsApp[\/vc_column_text]\n<div class=\"wpcf7 no-js\" id=\"wpcf7-f6-o1\" lang=\"fr-FR\" dir=\"ltr\" data-wpcf7-id=\"6\">\n<div class=\"screen-reader-response\"><p role=\"status\" aria-live=\"polite\" aria-atomic=\"true\"><\/p> <ul><\/ul><\/div>\n<form action=\"\/en\/wp-json\/wp\/v2\/pages\/10737#wpcf7-f6-o1\" method=\"post\" class=\"wpcf7-form init\" aria-label=\"Formulaire de contact\" novalidate=\"novalidate\" data-status=\"init\">\n<fieldset class=\"hidden-fields-container\"><input type=\"hidden\" name=\"_wpcf7\" value=\"6\" \/><input type=\"hidden\" name=\"_wpcf7_version\" value=\"6.1.5\" \/><input type=\"hidden\" name=\"_wpcf7_locale\" value=\"fr_FR\" \/><input type=\"hidden\" name=\"_wpcf7_unit_tag\" value=\"wpcf7-f6-o1\" \/><input type=\"hidden\" name=\"_wpcf7_container_post\" value=\"0\" \/><input type=\"hidden\" name=\"_wpcf7_posted_data_hash\" value=\"\" \/><input type=\"hidden\" name=\"_wpcf7_recaptcha_response\" value=\"\" \/>\n<\/fieldset>\n<p><label> Votre nom (obligatoire)<br \/>\n<span class=\"wpcf7-form-control-wrap\" data-name=\"your-name\"><input size=\"40\" maxlength=\"400\" class=\"wpcf7-form-control wpcf7-text wpcf7-validates-as-required\" aria-required=\"true\" aria-invalid=\"false\" value=\"\" type=\"text\" name=\"your-name\" \/><\/span> <\/label>\n<\/p>\n<p><label> Votre adresse de messagerie (obligatoire)<br \/>\n<span class=\"wpcf7-form-control-wrap\" data-name=\"your-email\"><input size=\"40\" maxlength=\"400\" class=\"wpcf7-form-control wpcf7-email wpcf7-validates-as-required wpcf7-text wpcf7-validates-as-email\" aria-required=\"true\" aria-invalid=\"false\" value=\"\" type=\"email\" name=\"your-email\" \/><\/span> <\/label>\n<\/p>\n<p><label> Objet<br \/>\n<span class=\"wpcf7-form-control-wrap\" data-name=\"your-subject\"><input size=\"40\" maxlength=\"400\" class=\"wpcf7-form-control wpcf7-text\" aria-invalid=\"false\" value=\"\" type=\"text\" name=\"your-subject\" \/><\/span> <\/label>\n<\/p>\n<p><label> Votre message<br \/>\n<span class=\"wpcf7-form-control-wrap\" data-name=\"your-message\"><textarea cols=\"40\" rows=\"10\" maxlength=\"2000\" class=\"wpcf7-form-control wpcf7-textarea\" aria-invalid=\"false\" name=\"your-message\"><\/textarea><\/span> <\/label>\n<\/p>\n<p><input class=\"wpcf7-form-control wpcf7-submit has-spinner\" type=\"submit\" value=\"Envoyer\" \/>\n<\/p><div class=\"wpcf7-response-output\" aria-hidden=\"true\"><\/div>\n<\/form>\n<\/div>\n[vc_btn title=&#8221;WhatsApp: 23 30 33 31&#8243; color=&#8221;vista-blue&#8221; align=&#8221;center&#8221; i_icon_fontawesome=&#8221;fa fa-brands fa-whatsapp&#8221; css=&#8221;&#8221; add_icon=&#8221;true&#8221;][vc_empty_space height=&#8221;30&#8243;][\/vc_column_inner][\/vc_row_inner][\/vc_column][\/vc_row][vc_row el_id=&#8221;FAQ&#8221;][vc_column][vc_column_text css=&#8221;&#8221;]<\/p>\n<h2 style=\"text-align: center;\">F.A.Q<\/h2>\n<p>[\/vc_column_text][vc_toggle title=&#8221;What types of signage do you offer?&#8221; style=&#8221;square&#8221; css=&#8221;&#8221;]We design and manufacture a wide range of signs, including illuminated signs (light boxes, illuminated box letters, neon, LED), non-illuminated signs (flat panels, cut-out letters, totems), flag signs, roof signs, and many other custom solutions.[\/vc_toggle][vc_toggle title=&#8221;What do you mean by signage?&#8221; style=&#8221;square&#8221; css=&#8221;&#8221;]Signage encompasses all visual information systems designed to orient, inform and identify. This includes interior signage (directional panels, door signs, floor markings), exterior signage (directional panels, totems, safety signs), and event signage (stands, point-of-sale displays, kakemonos).[\/vc_toggle][vc_toggle title=&#8221;What is industrial cladding?&#8221; style=&#8221;square&#8221; css=&#8221;&#8221;]Industrial wrapping involves the personalization and visual identification of a company&#8217;s premises, equipment and vehicles. This can include machine marking, vehicle flocking, industrial building facade decoration, safety signage and internal identification solutions.[\/vc_toggle][vc_toggle title=&#8221;Do you work to order?&#8221; style=&#8221;square&#8221; css=&#8221;&#8221;]Yes, all our projects are tailor-made to meet the specific needs of each customer in terms of design, dimensions, materials and technical constraints.[\/vc_toggle][vc_toggle title=&#8221;What are the typical stages of a project?&#8221; style=&#8221;square&#8221; css=&#8221;&#8221;]The stages generally include contacting you and studying your needs, design (graphic and technical proposals), design validation, workshop manufacture, installation planning and on-site installation.[\/vc_toggle][vc_toggle title=&#8221;How long does it take to manufacture and install?&#8221; style=&#8221;square&#8221; css=&#8221;&#8221;]Timescales vary considerably depending on the complexity of the project, the size of the sign or signage, the materials required and installation constraints. We&#8217;ll provide you with a precise timetable when we draw up your quotation.[\/vc_toggle][\/vc_column][\/vc_row]<\/p>\n<\/div>","protected":false},"excerpt":{"rendered":"<p>[vc_row][vc_column][vc_empty_space height=&#8221;85&#8243;][\/vc_column][\/vc_row][vc_row][vc_column width=&#8221;1\/3&#8243;][vc_single_image image=&#8221;8222&#8243; img_size=&#8221;full&#8221;][\/vc_column][vc_column width=&#8221;2\/3&#8243;][vc_custom_heading text=&#8221;Signs and Cladding&#8221; font_container=&#8221;tag:h3|text_align:left|color:%2300afe5&#8243; google_fonts=&#8221;font_family:Montserrat%3Aregular%2C700|font_style:700%20bold%20regular%3A700%3Anormal&#8221;][vc_row_inner][vc_column_inner width=&#8221;1\/2&#8243;][vc_column_text]Ds Overseas specializes in signage and cladding projects for facades, offices and shop windows. We<span class=\"excerpt-hellip\"> [\u2026]<\/span><\/p>\n","protected":false},"author":1,"featured_media":-1,"parent":10617,"menu_order":0,"comment_status":"closed","ping_status":"closed","template":"","meta":{"rs_blank_template":"","rs_page_bg_color":"","slide_template_v7":"","footnotes":""},"class_list":["post-10737","page","type-page","status-publish","has-post-thumbnail","hentry"],"yoast_head":"<!-- This site is optimized with the Yoast SEO plugin v27.3 - https:\/\/yoast.com\/product\/yoast-seo-wordpress\/ -->\n<title>Signs and Cladding - Agence de communication et Marketing Digital Tunisie<\/title>\n<meta name=\"description\" content=\"Signs and wraps, car wraps, store wraps, stand wraps, illuminated signs, industrial signage\" \/>\n<meta name=\"robots\" content=\"index, follow, max-snippet:-1, max-image-preview:large, max-video-preview:-1\" \/>\n<link rel=\"canonical\" href=\"https:\/\/www.dsoverseas.com\/en\/services\/corporate-communication\/signs-and-cladding\/\" \/>\n<meta property=\"og:locale\" content=\"en_US\" \/>\n<meta property=\"og:type\" content=\"article\" \/>\n<meta property=\"og:title\" content=\"Signs and Cladding - Agence de communication et Marketing Digital Tunisie\" \/>\n<meta property=\"og:description\" content=\"Signs and wraps, car wraps, store wraps, stand wraps, illuminated signs, industrial signage\" \/>\n<meta property=\"og:url\" content=\"https:\/\/www.dsoverseas.com\/en\/services\/corporate-communication\/signs-and-cladding\/\" \/>\n<meta property=\"og:site_name\" content=\"Agence de communication et Marketing Digital Tunisie\" \/>\n<meta property=\"article:publisher\" content=\"https:\/\/www.facebook.com\/Dsoverseasagency\" \/>\n<meta property=\"article:modified_time\" content=\"2026-04-13T16:40:10+00:00\" \/>\n<meta property=\"og:image\" content=\"https:\/\/www.dsoverseas.com\/wp-content\/uploads\/2021\/01\/logo-2.png\" \/>\n\t<meta property=\"og:image:width\" content=\"386\" \/>\n\t<meta property=\"og:image:height\" content=\"100\" \/>\n\t<meta property=\"og:image:type\" content=\"image\/png\" \/>\n<meta name=\"twitter:card\" content=\"summary_large_image\" \/>\n<meta name=\"twitter:site\" content=\"@Ds_overseas\" \/>\n<meta name=\"twitter:label1\" content=\"Est. reading time\" \/>\n\t<meta name=\"twitter:data1\" content=\"6 minutes\" \/>\n<!-- \/ Yoast SEO plugin. -->","yoast_head_json":{"title":"Signs and Cladding - Agence de communication et Marketing Digital Tunisie","description":"Signs and wraps, car wraps, store wraps, stand wraps, illuminated signs, industrial signage","robots":{"index":"index","follow":"follow","max-snippet":"max-snippet:-1","max-image-preview":"max-image-preview:large","max-video-preview":"max-video-preview:-1"},"canonical":"https:\/\/www.dsoverseas.com\/en\/services\/corporate-communication\/signs-and-cladding\/","og_locale":"en_US","og_type":"article","og_title":"Signs and Cladding - Agence de communication et Marketing Digital Tunisie","og_description":"Signs and wraps, car wraps, store wraps, stand wraps, illuminated signs, industrial signage","og_url":"https:\/\/www.dsoverseas.com\/en\/services\/corporate-communication\/signs-and-cladding\/","og_site_name":"Agence de communication et Marketing Digital Tunisie","article_publisher":"https:\/\/www.facebook.com\/Dsoverseasagency","article_modified_time":"2026-04-13T16:40:10+00:00","og_image":[{"width":386,"height":100,"url":"https:\/\/www.dsoverseas.com\/wp-content\/uploads\/2021\/01\/logo-2.png","type":"image\/png"}],"twitter_card":"summary_large_image","twitter_site":"@Ds_overseas","twitter_misc":{"Est. reading time":"6 minutes"},"schema":{"@context":"https:\/\/schema.org","@graph":[{"@type":"WebPage","@id":"https:\/\/www.dsoverseas.com\/en\/services\/corporate-communication\/signs-and-cladding\/","url":"https:\/\/www.dsoverseas.com\/en\/services\/corporate-communication\/signs-and-cladding\/","name":"Signs and Cladding - Agence de communication et Marketing Digital Tunisie","isPartOf":{"@id":"https:\/\/www.dsoverseas.com\/#website"},"primaryImageOfPage":{"@id":"https:\/\/www.dsoverseas.com\/en\/services\/corporate-communication\/signs-and-cladding\/#primaryimage"},"image":{"@id":"https:\/\/www.dsoverseas.com\/en\/services\/corporate-communication\/signs-and-cladding\/#primaryimage"},"thumbnailUrl":"https:\/\/www.dsoverseas.com\/wp-content\/uploads\/2020\/04\/habillage.jpg","datePublished":"2019-02-19T11:07:48+00:00","dateModified":"2026-04-13T16:40:10+00:00","description":"Signs and wraps, car wraps, store wraps, stand wraps, illuminated signs, industrial signage","breadcrumb":{"@id":"https:\/\/www.dsoverseas.com\/en\/services\/corporate-communication\/signs-and-cladding\/#breadcrumb"},"inLanguage":"en-US","potentialAction":[{"@type":"ReadAction","target":["https:\/\/www.dsoverseas.com\/en\/services\/corporate-communication\/signs-and-cladding\/"]}]},{"@type":"ImageObject","inLanguage":"en-US","@id":"https:\/\/www.dsoverseas.com\/en\/services\/corporate-communication\/signs-and-cladding\/#primaryimage","url":"https:\/\/www.dsoverseas.com\/wp-content\/uploads\/2020\/04\/habillage.jpg","contentUrl":"https:\/\/www.dsoverseas.com\/wp-content\/uploads\/2020\/04\/habillage.jpg"},{"@type":"BreadcrumbList","@id":"https:\/\/www.dsoverseas.com\/en\/services\/corporate-communication\/signs-and-cladding\/#breadcrumb","itemListElement":[{"@type":"ListItem","position":1,"name":"Accueil","item":"https:\/\/www.dsoverseas.com\/en\/"},{"@type":"ListItem","position":2,"name":"Services","item":"https:\/\/www.dsoverseas.com\/en\/services\/"},{"@type":"ListItem","position":3,"name":"Corporate Communication","item":"https:\/\/www.dsoverseas.com\/en\/services\/corporate-communication\/"},{"@type":"ListItem","position":4,"name":"Signs and Cladding"}]},{"@type":"WebSite","@id":"https:\/\/www.dsoverseas.com\/#website","url":"https:\/\/www.dsoverseas.com\/","name":"Agence de communication et Marketing Digital","description":"agence de communication, conseil en communication, conception graphique, community Management, d\u00e9veloppement et conception site web, impressions num\u00e9riques, impressions offset, enseignes habillages et signal\u00e9tiques, agence \u00e9v\u00e9nementielle, Marketing Digital, r\u00e9seaux sociaux","publisher":{"@id":"https:\/\/www.dsoverseas.com\/#organization"},"potentialAction":[{"@type":"SearchAction","target":{"@type":"EntryPoint","urlTemplate":"https:\/\/www.dsoverseas.com\/?s={search_term_string}"},"query-input":{"@type":"PropertyValueSpecification","valueRequired":true,"valueName":"search_term_string"}}],"inLanguage":"en-US"},{"@type":"Organization","@id":"https:\/\/www.dsoverseas.com\/#organization","name":"DS Overseas","url":"https:\/\/www.dsoverseas.com\/","logo":{"@type":"ImageObject","inLanguage":"en-US","@id":"https:\/\/www.dsoverseas.com\/#\/schema\/logo\/image\/","url":"https:\/\/www.dsoverseas.com\/wp-content\/uploads\/2021\/01\/logo-2.png","contentUrl":"https:\/\/www.dsoverseas.com\/wp-content\/uploads\/2021\/01\/logo-2.png","width":386,"height":100,"caption":"DS Overseas"},"image":{"@id":"https:\/\/www.dsoverseas.com\/#\/schema\/logo\/image\/"},"sameAs":["https:\/\/www.facebook.com\/Dsoverseasagency","https:\/\/x.com\/Ds_overseas","https:\/\/www.instagram.com\/dsoverseas\/"]}]}},"_links":{"self":[{"href":"https:\/\/www.dsoverseas.com\/en\/wp-json\/wp\/v2\/pages\/10737","targetHints":{"allow":["GET"]}}],"collection":[{"href":"https:\/\/www.dsoverseas.com\/en\/wp-json\/wp\/v2\/pages"}],"about":[{"href":"https:\/\/www.dsoverseas.com\/en\/wp-json\/wp\/v2\/types\/page"}],"author":[{"embeddable":true,"href":"https:\/\/www.dsoverseas.com\/en\/wp-json\/wp\/v2\/users\/1"}],"replies":[{"embeddable":true,"href":"https:\/\/www.dsoverseas.com\/en\/wp-json\/wp\/v2\/comments?post=10737"}],"version-history":[{"count":8,"href":"https:\/\/www.dsoverseas.com\/en\/wp-json\/wp\/v2\/pages\/10737\/revisions"}],"predecessor-version":[{"id":10904,"href":"https:\/\/www.dsoverseas.com\/en\/wp-json\/wp\/v2\/pages\/10737\/revisions\/10904"}],"up":[{"embeddable":true,"href":"https:\/\/www.dsoverseas.com\/en\/wp-json\/wp\/v2\/pages\/10617"}],"wp:featuredmedia":[{"embeddable":true,"href":"https:\/\/www.dsoverseas.com\/en\/wp-json\/"}],"wp:attachment":[{"href":"https:\/\/www.dsoverseas.com\/en\/wp-json\/wp\/v2\/media?parent=10737"}],"curies":[{"name":"wp","href":"https:\/\/api.w.org\/{rel}","templated":true}]}}