{"id":10743,"date":"2019-02-19T11:44:01","date_gmt":"2019-02-19T10:44:01","guid":{"rendered":"https:\/\/www.dsoverseas.com\/community-management-agency\/"},"modified":"2026-04-13T18:06:10","modified_gmt":"2026-04-13T16:06:10","slug":"community-management-agency","status":"publish","type":"page","link":"https:\/\/www.dsoverseas.com\/en\/community-management-agency\/","title":{"rendered":"Community Management Agency"},"content":{"rendered":"<div class=\"wpb-content-wrapper\"><p>[vc_row][vc_column][vc_empty_space height=&#8221;85&#8243;][\/vc_column][\/vc_row][vc_row][vc_column width=&#8221;1\/3&#8243;][vc_single_image image=&#8221;8223&#8243; img_size=&#8221;full&#8221;][\/vc_column][vc_column width=&#8221;2\/3&#8243;][vc_custom_heading text=&#8221;Community Management : Your social networks in safe hands!&#8221; font_container=&#8221;tag:h2|text_align:left|color:%2300afe5&#8243; google_fonts=&#8221;font_family:Montserrat%3Aregular%2C700|font_style:700%20bold%20regular%3A700%3Anormal&#8221;][vc_row_inner][vc_column_inner width=&#8221;1\/2&#8243;][vc_column_text]Community Management involves several different professions:<\/p>\n<p>&#8211; Analysis, consulting and monitoring<br \/>\n&#8211; <a href=\"https:\/\/www.dsoverseas.com\/services\/conception-graphique\/\" target=\"_blank\" rel=\"noopener noreferrer\">Graphic design<\/a><br \/>\n&#8211; Content creation<br \/>\n&#8211; Techniques for animating social networks<br \/>\n&#8211; Techniques for optimizing publications<br \/>\n&#8211; Sponsorship and distribution campaigns<\/p>\n<h3><span style=\"color: #000080;\">Our Community Management expertise<\/span><\/h3>\n<p>Our agency has a great deal of experience in this field, with clients from many different backgrounds:[\/vc_column_text][\/vc_column_inner][vc_column_inner width=&#8221;1\/2&#8243;][vc_column_text]- Industry<br \/>\n&#8211; Medical research<br \/>\n&#8211; Financial services<br \/>\n&#8211; Medical tourism<br \/>\n&#8211; International restaurant chain<br \/>\n&#8211; Education<br \/>\n&#8211; Musical instruments and logistics<br \/>\n&#8211; Financial sector<br \/>\n&#8211; Sports and Golf<br \/>\n&#8211; IT development<br \/>\n&#8211; Accounting, auditing and consultancy<br \/>\n&#8211; Real estate development[\/vc_column_text][\/vc_column_inner][\/vc_row_inner][\/vc_column][\/vc_row][vc_row][vc_column][vc_custom_heading text=&#8221;Our references&#8221; font_container=&#8221;tag:h3|text_align:center|color:%23009ed8&#8243; google_fonts=&#8221;font_family:Montserrat%3Aregular%2C700|font_style:700%20bold%20regular%3A700%3Anormal&#8221;][vc_basic_grid post_type=&#8221;portfolio&#8221; max_items=&#8221;-1&#8243; style=&#8221;load-more&#8221; items_per_page=&#8221;6&#8243; css=&#8221;&#8221; btn_color=&#8221;default&#8221; grid_id=&#8221;vc_gid:1752152528398-165165c2-43fe-7&#8243; taxonomies=&#8221;10&#8243;][\/vc_column][\/vc_row][vc_row full_width=&#8221;stretch_row&#8221; css=&#8221;.vc_custom_1747149418259{background-image: url(https:\/\/www.dsoverseas.com\/wp-content\/uploads\/2025\/05\/CTA-5.jpg?id=9722) !important;background-position: center !important;background-repeat: no-repeat !important;background-size: cover !important;}&#8221;][vc_column][vc_row_inner][vc_column_inner width=&#8221;1\/2&#8243;][\/vc_column_inner][vc_column_inner width=&#8221;1\/2&#8243;][vc_empty_space height=&#8221;30&#8243;][vc_column_text css=&#8221;&#8221;]<\/p>\n<h2>We support you in your Communication and Digital Marketing projects<\/h2>\n<p>Get in touch with our teams using the form below or contact us directly on WhatsApp[\/vc_column_text]\n<div class=\"wpcf7 no-js\" id=\"wpcf7-f6-o1\" lang=\"fr-FR\" dir=\"ltr\" data-wpcf7-id=\"6\">\n<div class=\"screen-reader-response\"><p role=\"status\" aria-live=\"polite\" aria-atomic=\"true\"><\/p> <ul><\/ul><\/div>\n<form action=\"\/en\/wp-json\/wp\/v2\/pages\/10743#wpcf7-f6-o1\" method=\"post\" class=\"wpcf7-form init\" aria-label=\"Formulaire de contact\" novalidate=\"novalidate\" data-status=\"init\">\n<fieldset class=\"hidden-fields-container\"><input type=\"hidden\" name=\"_wpcf7\" value=\"6\" \/><input type=\"hidden\" name=\"_wpcf7_version\" value=\"6.1.5\" \/><input type=\"hidden\" name=\"_wpcf7_locale\" value=\"fr_FR\" \/><input type=\"hidden\" name=\"_wpcf7_unit_tag\" value=\"wpcf7-f6-o1\" \/><input type=\"hidden\" name=\"_wpcf7_container_post\" value=\"0\" \/><input type=\"hidden\" name=\"_wpcf7_posted_data_hash\" value=\"\" \/><input type=\"hidden\" name=\"_wpcf7_recaptcha_response\" value=\"\" \/>\n<\/fieldset>\n<p><label> Votre nom (obligatoire)<br \/>\n<span class=\"wpcf7-form-control-wrap\" data-name=\"your-name\"><input size=\"40\" maxlength=\"400\" class=\"wpcf7-form-control wpcf7-text wpcf7-validates-as-required\" aria-required=\"true\" aria-invalid=\"false\" value=\"\" type=\"text\" name=\"your-name\" \/><\/span> <\/label>\n<\/p>\n<p><label> Votre adresse de messagerie (obligatoire)<br \/>\n<span class=\"wpcf7-form-control-wrap\" data-name=\"your-email\"><input size=\"40\" maxlength=\"400\" class=\"wpcf7-form-control wpcf7-email wpcf7-validates-as-required wpcf7-text wpcf7-validates-as-email\" aria-required=\"true\" aria-invalid=\"false\" value=\"\" type=\"email\" name=\"your-email\" \/><\/span> <\/label>\n<\/p>\n<p><label> Objet<br \/>\n<span class=\"wpcf7-form-control-wrap\" data-name=\"your-subject\"><input size=\"40\" maxlength=\"400\" class=\"wpcf7-form-control wpcf7-text\" aria-invalid=\"false\" value=\"\" type=\"text\" name=\"your-subject\" \/><\/span> <\/label>\n<\/p>\n<p><label> Votre message<br \/>\n<span class=\"wpcf7-form-control-wrap\" data-name=\"your-message\"><textarea cols=\"40\" rows=\"10\" maxlength=\"2000\" class=\"wpcf7-form-control wpcf7-textarea\" aria-invalid=\"false\" name=\"your-message\"><\/textarea><\/span> <\/label>\n<\/p>\n<p><input class=\"wpcf7-form-control wpcf7-submit has-spinner\" type=\"submit\" value=\"Envoyer\" \/>\n<\/p><div class=\"wpcf7-response-output\" aria-hidden=\"true\"><\/div>\n<\/form>\n<\/div>\n[vc_btn title=&#8221;WhatsApp: 23 30 33 31&#8243; color=&#8221;vista-blue&#8221; align=&#8221;center&#8221; i_icon_fontawesome=&#8221;fa fa-brands fa-whatsapp&#8221; css=&#8221;&#8221; add_icon=&#8221;true&#8221;][vc_empty_space height=&#8221;30&#8243;][\/vc_column_inner][\/vc_row_inner][\/vc_column][\/vc_row][vc_row][vc_column][vc_custom_heading text=&#8221;F.A.Q&#8221; font_container=&#8221;tag:h2|font_size:46|text_align:center|color:%2300c0d6|line_height:1.3&#8243; google_fonts=&#8221;font_family:Playfair%20Display%3Aregular%2Citalic%2C700%2C700italic%2C900%2C900italic|font_style:700%20bold%20regular%3A700%3Anormal&#8221;][vc_empty_space height=&#8221;15&#8243;][\/vc_column][\/vc_row][vc_row][vc_column width=&#8221;1\/2&#8243;][vc_toggle title=&#8221;Why choose a community management agency?&#8221; open=&#8221;true&#8221;]DS Overseas answers this question:<\/p>\n<ul>\n<li>A graphic design team to design your publications<\/li>\n<li>Creating videos for social networks<\/li>\n<li>Automated publishing on one or more social media platforms<\/li>\n<li>Sponsoring and Boosting<\/li>\n<li>Community studies, management and animation.<\/li>\n<li>RS reporting and analysis.<\/li>\n<\/ul>\n<p>It&#8217;s an arduous task for a single person or even a team without the necessary tools: graphic design tools, analysis tools, planning tools, campaign optimization tools&#8230;[\/vc_toggle][vc_toggle title=&#8221;Which social networks do you support?&#8221;]Ds Overseas supports the following social networks:<\/p>\n<ul>\n<li>Facebook<\/li>\n<li>Instagram<\/li>\n<li>Twitter<\/li>\n<li>LinkedIn<\/li>\n<li>Youtube<\/li>\n<li>Google My Business<\/li>\n<\/ul>\n<p>[\/vc_toggle][vc_toggle title=&#8221;What kind of reports do you provide?&#8221;]The report contains all the Kpi&#8217;s for each network (exp Facebook, Instagram, &#8230;). The basic indicators will be :<\/p>\n<ul>\n<li>Engagement Metrics<\/li>\n<li>\n<div>Audience growth<\/div>\n<\/li>\n<li>Follwers Metrics<\/li>\n<li>Impressions Metrics<\/li>\n<li>Action Metrics<\/li>\n<li>Audience Growth Metrics<\/li>\n<li>Top performing posts<\/li>\n<li>&#8230;<\/li>\n<\/ul>\n<p>[\/vc_toggle][\/vc_column][vc_column width=&#8221;1\/2&#8243;][vc_toggle title=&#8221;How much does a community management agency cost?&#8221;]DS Overseas provides its customers with pre-established packages to facilitate their choice. That said, we have specific offers for each customer according to their needs and requirements.[\/vc_toggle][vc_toggle title=&#8221;Do you take on assignments right from the start?&#8221;]DS Overseas can create and personalize your social networking pages. However, this mission will have a separate budget from the CM Packs proposed in our &#8220;Our Offers&#8221; section.[\/vc_toggle][vc_toggle title=&#8221;How do we get in touch with you?&#8221;]You can contact us by :<\/p>\n<ul>\n<li>Tel: +216 71 235 171<\/li>\n<li>By email: chawki@dsoverseas.com<\/li>\n<li>through our <a href=\"https:\/\/www.facebook.com\/Dsoverseasagency\/\" target=\"_blank\" rel=\"noopener noreferrer\">Facebook <\/a> page<\/li>\n<\/ul>\n<p>[\/vc_toggle][\/vc_column][\/vc_row][vc_row][vc_column][vc_empty_space height=&#8221;20&#8243;][vc_custom_heading text=&#8221;What does a community manager do?&#8221; font_container=&#8221;tag:h2|text_align:center&#8221; use_theme_fonts=&#8221;yes&#8221;][vc_separator color=&#8221;blue&#8221; border_width=&#8221;8&#8243; el_width=&#8221;10&#8243;][vc_row_inner][vc_column_inner width=&#8221;1\/2&#8243;][vc_column_text]Thanks to the influence of social networks, the job of community manager has become very popular in recent years. But what exactly does a community manager do?<\/p>\n<h3>Attracting customers<\/h3>\n<p>Most companies struggle to attract customers due to a lack of marketing strategy. The role of a community manager is to attract customers through carefully selected publications. Once prospects are interested in the brand, it&#8217;s also the community manager who engages them to benefit from the company&#8217;s services and build loyalty.<\/p>\n<h3>Create and manage a community<\/h3>\n<p>The community manager&#8217;s job is to create a community page and present himself or herself as an ambassador for a brand. They are the link between a community and the company. And don&#8217;t forget that he or she is also responsible for sales, communications and marketing.<\/p>\n<h3>Keeping watch<\/h3>\n<p>This is one of the Community Manager&#8217;s most important roles, as it enables them to analyze everything that&#8217;s happening on the Internet, especially what the competition is up to. He or she is therefore responsible for both competitive and informational monitoring, using a variety of dedicated tools.[\/vc_column_text][\/vc_column_inner][vc_column_inner width=&#8221;1\/2&#8243;][vc_column_text]<\/p>\n<h3>Creating content<\/h3>\n<p>In addition to publishing regular posts on social networks, the community manager can also write content at his client&#8217;s request. This will be used to feed the company&#8217;s blog. He or she must therefore have a basic understanding of SEO.<\/p>\n<h3>Ensuring the brand&#8217;s e-reputation<\/h3>\n<p>It&#8217;s the role of the community manager to ensure a brand&#8217;s good reputation through social networks. To do this, he or she uses a variety of tools to carry out his or her tasks, but above all to gain an insight into the public&#8217;s opinions.<\/p>\n<h3>Moderate<\/h3>\n<p>Community managers are also responsible for moderating the active content they publish on social networks. This means responding appropriately to requests from community followers, whatever the time of day.<\/p>\n<p>DS Overseas provides you with a complete service, including studio, community management, monitoring and reporting, to help you achieve your objectives and optimize the management of your social networks. Our ultimate goal will always be to find the best way to increase your sales and achieve your strategic objectives in your digital communications policy.[\/vc_column_text][\/vc_column_inner][\/vc_row_inner][\/vc_column][\/vc_row][vc_row][vc_column][vc_empty_space height=&#8221;20&#8243;][vc_custom_heading text=&#8221;Articles on Community Management&#8221; font_container=&#8221;tag:h2|text_align:center&#8221; use_theme_fonts=&#8221;yes&#8221;][vc_separator color=&#8221;blue&#8221; border_width=&#8221;8&#8243; el_width=&#8221;10&#8243;][vc_basic_grid post_type=&#8221;post&#8221; max_items=&#8221;-1&#8243; style=&#8221;load-more&#8221; items_per_page=&#8221;6&#8243; css=&#8221;&#8221; btn_color=&#8221;default&#8221; grid_id=&#8221;vc_gid:1752152528404-d8051609-89ab-7&#8243; taxonomies=&#8221;18&#8243;][\/vc_column][\/vc_row]<\/p>\n<\/div>","protected":false},"excerpt":{"rendered":"<p>[vc_row][vc_column][vc_empty_space height=&#8221;85&#8243;][\/vc_column][\/vc_row][vc_row][vc_column width=&#8221;1\/3&#8243;][vc_single_image image=&#8221;8223&#8243; img_size=&#8221;full&#8221;][\/vc_column][vc_column width=&#8221;2\/3&#8243;][vc_custom_heading text=&#8221;Community Management : Your social networks in safe hands!&#8221; font_container=&#8221;tag:h2|text_align:left|color:%2300afe5&#8243; google_fonts=&#8221;font_family:Montserrat%3Aregular%2C700|font_style:700%20bold%20regular%3A700%3Anormal&#8221;][vc_row_inner][vc_column_inner width=&#8221;1\/2&#8243;][vc_column_text]Community Management involves several different professions: &#8211; Analysis, consulting<span class=\"excerpt-hellip\"> [\u2026]<\/span><\/p>\n","protected":false},"author":1,"featured_media":-1,"parent":0,"menu_order":0,"comment_status":"closed","ping_status":"closed","template":"","meta":{"rs_blank_template":"","rs_page_bg_color":"","slide_template_v7":"","footnotes":""},"class_list":["post-10743","page","type-page","status-publish","has-post-thumbnail","hentry"],"yoast_head":"<!-- This site is optimized with the Yoast SEO plugin v27.3 - https:\/\/yoast.com\/product\/yoast-seo-wordpress\/ -->\n<title>Community Management Agency - Agence de communication et Marketing Digital Tunisie<\/title>\n<meta name=\"description\" content=\"Community Management agency, social network management, facebook page management, Intagram page management, linkedin pages, facebook sponsoring\" \/>\n<meta name=\"robots\" content=\"index, follow, max-snippet:-1, max-image-preview:large, max-video-preview:-1\" \/>\n<link rel=\"canonical\" href=\"https:\/\/www.dsoverseas.com\/en\/community-management-agency\/\" \/>\n<meta property=\"og:locale\" content=\"en_US\" \/>\n<meta property=\"og:type\" content=\"article\" \/>\n<meta property=\"og:title\" content=\"Community Management\" \/>\n<meta property=\"og:description\" content=\"Community Management, social network management, facebook page management, Intagram page management, linkedin pages, facebook sponsoring\" \/>\n<meta property=\"og:url\" content=\"https:\/\/www.dsoverseas.com\/en\/community-management-agency\/\" \/>\n<meta property=\"og:site_name\" content=\"Agence de communication et Marketing Digital Tunisie\" \/>\n<meta property=\"article:publisher\" content=\"https:\/\/www.facebook.com\/Dsoverseasagency\" \/>\n<meta property=\"article:modified_time\" content=\"2026-04-13T16:06:10+00:00\" \/>\n<meta property=\"og:image\" content=\"https:\/\/www.dsoverseas.com\/wp-content\/uploads\/2020\/09\/linking.jpg\" \/>\n<meta name=\"twitter:card\" content=\"summary_large_image\" \/>\n<meta name=\"twitter:title\" content=\"Community Management\" \/>\n<meta name=\"twitter:description\" content=\"Community Management, social network management, facebook page management, Intagram page management, linkedin pages, facebook sponsoring\" \/>\n<meta name=\"twitter:site\" content=\"@Ds_overseas\" \/>\n<meta name=\"twitter:label1\" content=\"Est. reading time\" \/>\n\t<meta name=\"twitter:data1\" content=\"5 minutes\" \/>\n<!-- \/ Yoast SEO plugin. -->","yoast_head_json":{"title":"Community Management Agency - Agence de communication et Marketing Digital Tunisie","description":"Community Management agency, social network management, facebook page management, Intagram page management, linkedin pages, facebook sponsoring","robots":{"index":"index","follow":"follow","max-snippet":"max-snippet:-1","max-image-preview":"max-image-preview:large","max-video-preview":"max-video-preview:-1"},"canonical":"https:\/\/www.dsoverseas.com\/en\/community-management-agency\/","og_locale":"en_US","og_type":"article","og_title":"Community Management","og_description":"Community Management, social network management, facebook page management, Intagram page management, linkedin pages, facebook sponsoring","og_url":"https:\/\/www.dsoverseas.com\/en\/community-management-agency\/","og_site_name":"Agence de communication et Marketing Digital Tunisie","article_publisher":"https:\/\/www.facebook.com\/Dsoverseasagency","article_modified_time":"2026-04-13T16:06:10+00:00","og_image":[{"url":"https:\/\/www.dsoverseas.com\/wp-content\/uploads\/2020\/09\/linking.jpg","type":"","width":"","height":""}],"twitter_card":"summary_large_image","twitter_title":"Community Management","twitter_description":"Community Management, social network management, facebook page management, Intagram page management, linkedin pages, facebook sponsoring","twitter_site":"@Ds_overseas","twitter_misc":{"Est. reading time":"5 minutes"},"schema":{"@context":"https:\/\/schema.org","@graph":[{"@type":"WebPage","@id":"https:\/\/www.dsoverseas.com\/en\/community-management-agency\/","url":"https:\/\/www.dsoverseas.com\/en\/community-management-agency\/","name":"Community Management Agency - Agence de communication et Marketing Digital Tunisie","isPartOf":{"@id":"https:\/\/www.dsoverseas.com\/#website"},"datePublished":"2019-02-19T10:44:01+00:00","dateModified":"2026-04-13T16:06:10+00:00","description":"Community Management agency, social network management, facebook page management, Intagram page management, linkedin pages, facebook sponsoring","breadcrumb":{"@id":"https:\/\/www.dsoverseas.com\/en\/community-management-agency\/#breadcrumb"},"inLanguage":"en-US","potentialAction":[{"@type":"ReadAction","target":["https:\/\/www.dsoverseas.com\/en\/community-management-agency\/"]}]},{"@type":"BreadcrumbList","@id":"https:\/\/www.dsoverseas.com\/en\/community-management-agency\/#breadcrumb","itemListElement":[{"@type":"ListItem","position":1,"name":"Accueil","item":"https:\/\/www.dsoverseas.com\/en\/"},{"@type":"ListItem","position":2,"name":"Community Management Agency"}]},{"@type":"WebSite","@id":"https:\/\/www.dsoverseas.com\/#website","url":"https:\/\/www.dsoverseas.com\/","name":"Agence de communication et Marketing Digital","description":"agence de communication, conseil en communication, conception graphique, community Management, d\u00e9veloppement et conception site web, impressions num\u00e9riques, impressions offset, enseignes habillages et signal\u00e9tiques, agence \u00e9v\u00e9nementielle, Marketing Digital, r\u00e9seaux sociaux","publisher":{"@id":"https:\/\/www.dsoverseas.com\/#organization"},"potentialAction":[{"@type":"SearchAction","target":{"@type":"EntryPoint","urlTemplate":"https:\/\/www.dsoverseas.com\/?s={search_term_string}"},"query-input":{"@type":"PropertyValueSpecification","valueRequired":true,"valueName":"search_term_string"}}],"inLanguage":"en-US"},{"@type":"Organization","@id":"https:\/\/www.dsoverseas.com\/#organization","name":"DS Overseas","url":"https:\/\/www.dsoverseas.com\/","logo":{"@type":"ImageObject","inLanguage":"en-US","@id":"https:\/\/www.dsoverseas.com\/#\/schema\/logo\/image\/","url":"https:\/\/www.dsoverseas.com\/wp-content\/uploads\/2021\/01\/logo-2.png","contentUrl":"https:\/\/www.dsoverseas.com\/wp-content\/uploads\/2021\/01\/logo-2.png","width":386,"height":100,"caption":"DS Overseas"},"image":{"@id":"https:\/\/www.dsoverseas.com\/#\/schema\/logo\/image\/"},"sameAs":["https:\/\/www.facebook.com\/Dsoverseasagency","https:\/\/x.com\/Ds_overseas","https:\/\/www.instagram.com\/dsoverseas\/"]}]}},"_links":{"self":[{"href":"https:\/\/www.dsoverseas.com\/en\/wp-json\/wp\/v2\/pages\/10743","targetHints":{"allow":["GET"]}}],"collection":[{"href":"https:\/\/www.dsoverseas.com\/en\/wp-json\/wp\/v2\/pages"}],"about":[{"href":"https:\/\/www.dsoverseas.com\/en\/wp-json\/wp\/v2\/types\/page"}],"author":[{"embeddable":true,"href":"https:\/\/www.dsoverseas.com\/en\/wp-json\/wp\/v2\/users\/1"}],"replies":[{"embeddable":true,"href":"https:\/\/www.dsoverseas.com\/en\/wp-json\/wp\/v2\/comments?post=10743"}],"version-history":[{"count":8,"href":"https:\/\/www.dsoverseas.com\/en\/wp-json\/wp\/v2\/pages\/10743\/revisions"}],"predecessor-version":[{"id":10875,"href":"https:\/\/www.dsoverseas.com\/en\/wp-json\/wp\/v2\/pages\/10743\/revisions\/10875"}],"wp:featuredmedia":[{"embeddable":true,"href":"https:\/\/www.dsoverseas.com\/en\/wp-json\/"}],"wp:attachment":[{"href":"https:\/\/www.dsoverseas.com\/en\/wp-json\/wp\/v2\/media?parent=10743"}],"curies":[{"name":"wp","href":"https:\/\/api.w.org\/{rel}","templated":true}]}}