{"id":10756,"date":"2019-02-19T11:53:11","date_gmt":"2019-02-19T10:53:11","guid":{"rendered":"https:\/\/www.dsoverseas.com\/events\/"},"modified":"2026-04-18T23:22:58","modified_gmt":"2026-04-18T21:22:58","slug":"events","status":"publish","type":"page","link":"https:\/\/www.dsoverseas.com\/en\/services\/event-communication\/events\/","title":{"rendered":"Events"},"content":{"rendered":"<div class=\"wpb-content-wrapper\"><p>[vc_row][vc_column][vc_empty_space height=&#8221;75&#8243;][\/vc_column][\/vc_row][vc_row][vc_column width=&#8221;1\/3&#8243;][vc_single_image image=&#8221;8225&#8243; img_size=&#8221;full&#8221;][\/vc_column][vc_column width=&#8221;2\/3&#8243;][vc_custom_heading text=&#8221;Events: a Max of visibility for your brands&#8221; font_container=&#8221;tag:h3|text_align:left|color:%2300afe5&#8243; google_fonts=&#8221;font_family:Montserrat%3Aregular%2C700|font_style:700%20bold%20regular%3A700%3Anormal&#8221;][vc_row_inner][vc_column_inner width=&#8221;1\/2&#8243;][vc_column_text]Ds Overseas, a specialist in events management, can take charge of organizing your important events, whether it&#8217;s participation in a trade fair or exhibition, an open day or product presentation, a grand opening or store launch. The agency puts its expertise at your disposal through a number of services:<\/p>\n<p>&#8211; Organization and planning<br \/>\n&#8211; Graphic and artistic design<br \/>\n&#8211; <a href=\"https:\/\/www.dsoverseas.com\/services\/enseignes-et-habillages\/\" target=\"_blank\" rel=\"noopener noreferrer\">Production<\/a> of communication media<br \/>\n&#8211; Provision of human and material resources<br \/>\n&#8211; Media coverage<br \/>\n&#8211; Visual and audiovisual coverage<br \/>\n&#8211; Online and offline communication<\/p>\n<p>Ds Overseas is therefore involved in all of the following assignments and more:<\/p>\n<p>&#8211; Fairs and exhibitions<br \/>\n&#8211; Seminars<br \/>\n&#8211; <a href=\"https:\/\/www.larousse.fr\/dictionnaires\/francais\/incentives\/42219\" target=\"_blank\" rel=\"noopener noreferrer\">Incentives<\/a> and meetings<br \/>\n&#8211; Product launches<br \/>\n&#8211; Open days[\/vc_column_text][\/vc_column_inner][vc_column_inner width=&#8221;1\/2&#8243;][vc_column_text]<\/p>\n<div id=\"attachment_7105\" style=\"width: 410px\" class=\"wp-caption aligncenter\"><img decoding=\"async\" aria-describedby=\"caption-attachment-7105\" class=\"wp-image-7105 size-full lazyload\" data-src=\"https:\/\/www.dsoverseas.com\/wp-content\/uploads\/2020\/04\/stand.jpg\" alt=\"Events\" width=\"400\" height=\"250\" data-srcset=\"https:\/\/www.dsoverseas.com\/wp-content\/uploads\/2020\/04\/stand.jpg 300w, https:\/\/www.dsoverseas.com\/wp-content\/uploads\/2020\/04\/stand.jpg 234w, https:\/\/www.dsoverseas.com\/wp-content\/uploads\/2020\/04\/stand.jpg 50w, https:\/\/www.dsoverseas.com\/wp-content\/uploads\/2020\/04\/stand.jpg 120w, https:\/\/www.dsoverseas.com\/wp-content\/uploads\/2020\/04\/stand.jpg 400w\" data-sizes=\"(max-width:767px) 400px, 400px\" src=\"data:image\/svg+xml;base64,PHN2ZyB3aWR0aD0iMSIgaGVpZ2h0PSIxIiB4bWxucz0iaHR0cDovL3d3dy53My5vcmcvMjAwMC9zdmciPjwvc3ZnPg==\" style=\"--smush-placeholder-width: 400px; --smush-placeholder-aspect-ratio: 400\/250;\" \/><p id=\"caption-attachment-7105\" class=\"wp-caption-text\">Events<\/p><\/div>\n<p>When it comes to event management, Ds Overseas will plan an appropriate, tailor-made package to suit your budget, optimizing it and making your event a complete success.<\/p>\n<p>Our agency, with its wealth of experience in both the local and international markets, knows how to meet all the quality and deadline requirements that may arise when handling our customers&#8217; communication operations.<\/p>\n<p>Our teams know how to respond within very short deadlines, with maximum efficiency, and impeccable quality.<\/p>\n<p>The Ds Overseas<strong>offshore events agency<\/strong> has extensive experience in organizing : CORP CITY Tunis (5400 people, 220 companies), CORP CITY Sfax (1250 people, 35 companies) or the CORP TOUR throughout the republic with 8000 students and 120 companies.[\/vc_column_text][\/vc_column_inner][\/vc_row_inner][\/vc_column][\/vc_row][vc_row full_width=&#8221;stretch_row&#8221; css=&#8221;.vc_custom_1747149418259{background-image: url(https:\/\/www.dsoverseas.com\/wp-content\/uploads\/2025\/05\/CTA-5.jpg?id=9722) !important;background-position: center !important;background-repeat: no-repeat !important;background-size: cover !important;}&#8221;][vc_column][vc_row_inner][vc_column_inner width=&#8221;1\/2&#8243;][\/vc_column_inner][vc_column_inner width=&#8221;1\/2&#8243;][vc_empty_space height=&#8221;30&#8243;][vc_column_text css=&#8221;&#8221;]<\/p>\n<h2>We support you in your Communication and Digital Marketing projects<\/h2>\n<p>Get in touch with our teams using the form below or contact us directly on WhatsApp[\/vc_column_text]\n<div class=\"wpcf7 no-js\" id=\"wpcf7-f6-o1\" lang=\"fr-FR\" dir=\"ltr\" data-wpcf7-id=\"6\">\n<div class=\"screen-reader-response\"><p role=\"status\" aria-live=\"polite\" aria-atomic=\"true\"><\/p> <ul><\/ul><\/div>\n<form action=\"\/en\/wp-json\/wp\/v2\/pages\/10756#wpcf7-f6-o1\" method=\"post\" class=\"wpcf7-form init\" aria-label=\"Formulaire de contact\" novalidate=\"novalidate\" data-status=\"init\">\n<fieldset class=\"hidden-fields-container\"><input type=\"hidden\" name=\"_wpcf7\" value=\"6\" \/><input type=\"hidden\" name=\"_wpcf7_version\" value=\"6.1.5\" \/><input type=\"hidden\" name=\"_wpcf7_locale\" value=\"fr_FR\" \/><input type=\"hidden\" name=\"_wpcf7_unit_tag\" value=\"wpcf7-f6-o1\" \/><input type=\"hidden\" name=\"_wpcf7_container_post\" value=\"0\" \/><input type=\"hidden\" name=\"_wpcf7_posted_data_hash\" value=\"\" \/><input type=\"hidden\" name=\"_wpcf7_recaptcha_response\" value=\"\" \/>\n<\/fieldset>\n<p><label> Votre nom (obligatoire)<br \/>\n<span class=\"wpcf7-form-control-wrap\" data-name=\"your-name\"><input size=\"40\" maxlength=\"400\" class=\"wpcf7-form-control wpcf7-text wpcf7-validates-as-required\" aria-required=\"true\" aria-invalid=\"false\" value=\"\" type=\"text\" name=\"your-name\" \/><\/span> <\/label>\n<\/p>\n<p><label> Votre adresse de messagerie (obligatoire)<br \/>\n<span class=\"wpcf7-form-control-wrap\" data-name=\"your-email\"><input size=\"40\" maxlength=\"400\" class=\"wpcf7-form-control wpcf7-email wpcf7-validates-as-required wpcf7-text wpcf7-validates-as-email\" aria-required=\"true\" aria-invalid=\"false\" value=\"\" type=\"email\" name=\"your-email\" \/><\/span> <\/label>\n<\/p>\n<p><label> Objet<br \/>\n<span class=\"wpcf7-form-control-wrap\" data-name=\"your-subject\"><input size=\"40\" maxlength=\"400\" class=\"wpcf7-form-control wpcf7-text\" aria-invalid=\"false\" value=\"\" type=\"text\" name=\"your-subject\" \/><\/span> <\/label>\n<\/p>\n<p><label> Votre message<br \/>\n<span class=\"wpcf7-form-control-wrap\" data-name=\"your-message\"><textarea cols=\"40\" rows=\"10\" maxlength=\"2000\" class=\"wpcf7-form-control wpcf7-textarea\" aria-invalid=\"false\" name=\"your-message\"><\/textarea><\/span> <\/label>\n<\/p>\n<p><input class=\"wpcf7-form-control wpcf7-submit has-spinner\" type=\"submit\" value=\"Envoyer\" \/>\n<\/p><div class=\"wpcf7-response-output\" aria-hidden=\"true\"><\/div>\n<\/form>\n<\/div>\n[vc_btn title=&#8221;WhatsApp: 23 30 33 31&#8243; color=&#8221;vista-blue&#8221; align=&#8221;center&#8221; i_icon_fontawesome=&#8221;fa fa-brands fa-whatsapp&#8221; css=&#8221;&#8221; add_icon=&#8221;true&#8221;][vc_empty_space height=&#8221;30&#8243;][\/vc_column_inner][\/vc_row_inner][\/vc_column][\/vc_row][vc_row][vc_column][vc_custom_heading text=&#8221;Our references&#8221; font_container=&#8221;tag:h3|text_align:center|color:%2300a4e0&#8243; google_fonts=&#8221;font_family:Montserrat%3Aregular%2C700|font_style:700%20bold%20regular%3A700%3Anormal&#8221;][vc_basic_grid post_type=&#8221;portfolio&#8221; max_items=&#8221;-1&#8243; style=&#8221;load-more&#8221; items_per_page=&#8221;6&#8243; css=&#8221;&#8221; btn_color=&#8221;default&#8221; grid_id=&#8221;vc_gid:1750275027951-59de41c5-5f9c-5&#8243; taxonomies=&#8221;9&#8243;][\/vc_column][\/vc_row][vc_row][vc_column][vc_empty_space height=&#8221;20&#8243;][vc_custom_heading text=&#8221;Event agency of excellence&#8221; font_container=&#8221;tag:h2|text_align:center&#8221; use_theme_fonts=&#8221;yes&#8221;][vc_separator color=&#8221;blue&#8221; border_width=&#8221;8&#8243; el_width=&#8221;10&#8243;][vc_empty_space height=&#8221;20&#8243;][\/vc_column][\/vc_row][vc_row][vc_column][vc_column_text]Ds Overseas is an avant-garde Tunisian event management agency specializing in business-to-business events. For your corporate events (seminars, product launches, inaugurations&#8230;), in Tunis or anywhere in Tunisia, our agency analyzes your needs and objectives to create a tailor-made event that meets your specifications. Our team will design an innovative, creative event that reflects your image.<\/p>\n<p>More than just an events agency, Ds Overseas is a source of success for your events and quality services. Our team puts its experience and know-how at your service to ensure that your guests enjoy an exceptional experience that they are unlikely to forget. Trust our team of professionals to get your message across, add value to your brand image, or simply dazzle your guests.[\/vc_column_text][\/vc_column][\/vc_row][vc_row][vc_column][vc_empty_space height=&#8221;20&#8243;][vc_custom_heading text=&#8221;What kind of events?&#8221; font_container=&#8221;tag:h2|text_align:center&#8221; use_theme_fonts=&#8221;yes&#8221;][vc_separator color=&#8221;blue&#8221; border_width=&#8221;8&#8243; el_width=&#8221;10&#8243;][vc_empty_space height=&#8221;20&#8243;][\/vc_column][\/vc_row][vc_row][vc_column][vc_column_text]Conventions, seminars and training courses, incentives, company stands, product launches, inaugurations, press conferences &#8211; these are just some of the events available to you, whether to strengthen ties between your teams, showcase your products or brand, or organize a press event.<\/p>\n<p>Our aim is to create an unforgettable experience that will amaze your guests! Ds Overseas uses its expertise in managing this type of event to help you make a difference and leave a lasting impression. An event where your identity and your brand will have a different future![\/vc_column_text][\/vc_column][\/vc_row]<\/p>\n<\/div>","protected":false},"excerpt":{"rendered":"<p>[vc_row][vc_column][vc_empty_space height=&#8221;75&#8243;][\/vc_column][\/vc_row][vc_row][vc_column width=&#8221;1\/3&#8243;][vc_single_image image=&#8221;8225&#8243; img_size=&#8221;full&#8221;][\/vc_column][vc_column width=&#8221;2\/3&#8243;][vc_custom_heading text=&#8221;Events: a Max of visibility for your brands&#8221; font_container=&#8221;tag:h3|text_align:left|color:%2300afe5&#8243; google_fonts=&#8221;font_family:Montserrat%3Aregular%2C700|font_style:700%20bold%20regular%3A700%3Anormal&#8221;][vc_row_inner][vc_column_inner width=&#8221;1\/2&#8243;][vc_column_text]Ds Overseas, a specialist in events management, can take charge<span class=\"excerpt-hellip\"> [\u2026]<\/span><\/p>\n","protected":false},"author":1,"featured_media":-1,"parent":10924,"menu_order":0,"comment_status":"closed","ping_status":"closed","template":"","meta":{"rs_blank_template":"","rs_page_bg_color":"","slide_template_v7":"","footnotes":""},"class_list":["post-10756","page","type-page","status-publish","has-post-thumbnail","hentry"],"yoast_head":"<!-- This site is optimized with the Yoast SEO plugin v27.3 - https:\/\/yoast.com\/product\/yoast-seo-wordpress\/ -->\n<title>Event - Agence de communication et Marketing Digital Tunisie<\/title>\n<meta name=\"description\" content=\"Events, corporate event management, stand dressing, logistics and catering, photo coverage, media coverage\" \/>\n<meta name=\"robots\" content=\"index, follow, max-snippet:-1, max-image-preview:large, max-video-preview:-1\" \/>\n<link rel=\"canonical\" href=\"https:\/\/www.dsoverseas.com\/en\/services\/event-communication\/events\/\" \/>\n<meta property=\"og:locale\" content=\"en_US\" \/>\n<meta property=\"og:type\" content=\"article\" \/>\n<meta property=\"og:title\" content=\"Event - Agence de communication et Marketing Digital Tunisie\" \/>\n<meta property=\"og:description\" content=\"Events, corporate event management, stand dressing, logistics and catering, photo coverage, media coverage\" \/>\n<meta property=\"og:url\" content=\"https:\/\/www.dsoverseas.com\/en\/services\/event-communication\/events\/\" \/>\n<meta property=\"og:site_name\" content=\"Agence de communication et Marketing Digital Tunisie\" \/>\n<meta property=\"article:publisher\" content=\"https:\/\/www.facebook.com\/Dsoverseasagency\" \/>\n<meta property=\"article:modified_time\" content=\"2026-04-18T21:22:58+00:00\" \/>\n<meta property=\"og:image\" content=\"https:\/\/www.dsoverseas.com\/wp-content\/uploads\/2021\/01\/logo-2.png\" \/>\n\t<meta property=\"og:image:width\" content=\"386\" \/>\n\t<meta property=\"og:image:height\" content=\"100\" \/>\n\t<meta property=\"og:image:type\" content=\"image\/png\" \/>\n<meta name=\"twitter:card\" content=\"summary_large_image\" \/>\n<meta name=\"twitter:site\" content=\"@Ds_overseas\" \/>\n<meta name=\"twitter:label1\" content=\"Est. reading time\" \/>\n\t<meta name=\"twitter:data1\" content=\"4 minutes\" \/>\n<!-- \/ Yoast SEO plugin. -->","yoast_head_json":{"title":"Event - Agence de communication et Marketing Digital Tunisie","description":"Events, corporate event management, stand dressing, logistics and catering, photo coverage, media coverage","robots":{"index":"index","follow":"follow","max-snippet":"max-snippet:-1","max-image-preview":"max-image-preview:large","max-video-preview":"max-video-preview:-1"},"canonical":"https:\/\/www.dsoverseas.com\/en\/services\/event-communication\/events\/","og_locale":"en_US","og_type":"article","og_title":"Event - Agence de communication et Marketing Digital Tunisie","og_description":"Events, corporate event management, stand dressing, logistics and catering, photo coverage, media coverage","og_url":"https:\/\/www.dsoverseas.com\/en\/services\/event-communication\/events\/","og_site_name":"Agence de communication et Marketing Digital Tunisie","article_publisher":"https:\/\/www.facebook.com\/Dsoverseasagency","article_modified_time":"2026-04-18T21:22:58+00:00","og_image":[{"width":386,"height":100,"url":"https:\/\/www.dsoverseas.com\/wp-content\/uploads\/2021\/01\/logo-2.png","type":"image\/png"}],"twitter_card":"summary_large_image","twitter_site":"@Ds_overseas","twitter_misc":{"Est. reading time":"4 minutes"},"schema":{"@context":"https:\/\/schema.org","@graph":[{"@type":"WebPage","@id":"https:\/\/www.dsoverseas.com\/en\/services\/event-communication\/events\/","url":"https:\/\/www.dsoverseas.com\/en\/services\/event-communication\/events\/","name":"Event - Agence de communication et Marketing Digital Tunisie","isPartOf":{"@id":"https:\/\/www.dsoverseas.com\/#website"},"primaryImageOfPage":{"@id":"https:\/\/www.dsoverseas.com\/en\/services\/event-communication\/events\/#primaryimage"},"image":{"@id":"https:\/\/www.dsoverseas.com\/en\/services\/event-communication\/events\/#primaryimage"},"thumbnailUrl":"https:\/\/www.dsoverseas.com\/wp-content\/uploads\/2020\/04\/stand.jpg","datePublished":"2019-02-19T10:53:11+00:00","dateModified":"2026-04-18T21:22:58+00:00","description":"Events, corporate event management, stand dressing, logistics and catering, photo coverage, media coverage","breadcrumb":{"@id":"https:\/\/www.dsoverseas.com\/en\/services\/event-communication\/events\/#breadcrumb"},"inLanguage":"en-US","potentialAction":[{"@type":"ReadAction","target":["https:\/\/www.dsoverseas.com\/en\/services\/event-communication\/events\/"]}]},{"@type":"ImageObject","inLanguage":"en-US","@id":"https:\/\/www.dsoverseas.com\/en\/services\/event-communication\/events\/#primaryimage","url":"https:\/\/www.dsoverseas.com\/wp-content\/uploads\/2020\/04\/stand.jpg","contentUrl":"https:\/\/www.dsoverseas.com\/wp-content\/uploads\/2020\/04\/stand.jpg"},{"@type":"BreadcrumbList","@id":"https:\/\/www.dsoverseas.com\/en\/services\/event-communication\/events\/#breadcrumb","itemListElement":[{"@type":"ListItem","position":1,"name":"Accueil","item":"https:\/\/www.dsoverseas.com\/en\/"},{"@type":"ListItem","position":2,"name":"Services","item":"https:\/\/www.dsoverseas.com\/en\/services\/"},{"@type":"ListItem","position":3,"name":"Event communication","item":"https:\/\/www.dsoverseas.com\/en\/services\/event-communication\/"},{"@type":"ListItem","position":4,"name":"Events"}]},{"@type":"WebSite","@id":"https:\/\/www.dsoverseas.com\/#website","url":"https:\/\/www.dsoverseas.com\/","name":"Agence de communication et Marketing Digital","description":"agence de communication, conseil en communication, conception graphique, community Management, d\u00e9veloppement et conception site web, impressions num\u00e9riques, impressions offset, enseignes habillages et signal\u00e9tiques, agence \u00e9v\u00e9nementielle, Marketing Digital, r\u00e9seaux sociaux","publisher":{"@id":"https:\/\/www.dsoverseas.com\/#organization"},"potentialAction":[{"@type":"SearchAction","target":{"@type":"EntryPoint","urlTemplate":"https:\/\/www.dsoverseas.com\/?s={search_term_string}"},"query-input":{"@type":"PropertyValueSpecification","valueRequired":true,"valueName":"search_term_string"}}],"inLanguage":"en-US"},{"@type":"Organization","@id":"https:\/\/www.dsoverseas.com\/#organization","name":"DS Overseas","url":"https:\/\/www.dsoverseas.com\/","logo":{"@type":"ImageObject","inLanguage":"en-US","@id":"https:\/\/www.dsoverseas.com\/#\/schema\/logo\/image\/","url":"https:\/\/www.dsoverseas.com\/wp-content\/uploads\/2021\/01\/logo-2.png","contentUrl":"https:\/\/www.dsoverseas.com\/wp-content\/uploads\/2021\/01\/logo-2.png","width":386,"height":100,"caption":"DS Overseas"},"image":{"@id":"https:\/\/www.dsoverseas.com\/#\/schema\/logo\/image\/"},"sameAs":["https:\/\/www.facebook.com\/Dsoverseasagency","https:\/\/x.com\/Ds_overseas","https:\/\/www.instagram.com\/dsoverseas\/"]}]}},"_links":{"self":[{"href":"https:\/\/www.dsoverseas.com\/en\/wp-json\/wp\/v2\/pages\/10756","targetHints":{"allow":["GET"]}}],"collection":[{"href":"https:\/\/www.dsoverseas.com\/en\/wp-json\/wp\/v2\/pages"}],"about":[{"href":"https:\/\/www.dsoverseas.com\/en\/wp-json\/wp\/v2\/types\/page"}],"author":[{"embeddable":true,"href":"https:\/\/www.dsoverseas.com\/en\/wp-json\/wp\/v2\/users\/1"}],"replies":[{"embeddable":true,"href":"https:\/\/www.dsoverseas.com\/en\/wp-json\/wp\/v2\/comments?post=10756"}],"version-history":[{"count":4,"href":"https:\/\/www.dsoverseas.com\/en\/wp-json\/wp\/v2\/pages\/10756\/revisions"}],"predecessor-version":[{"id":10881,"href":"https:\/\/www.dsoverseas.com\/en\/wp-json\/wp\/v2\/pages\/10756\/revisions\/10881"}],"up":[{"embeddable":true,"href":"https:\/\/www.dsoverseas.com\/en\/wp-json\/wp\/v2\/pages\/10924"}],"wp:featuredmedia":[{"embeddable":true,"href":"https:\/\/www.dsoverseas.com\/en\/wp-json\/"}],"wp:attachment":[{"href":"https:\/\/www.dsoverseas.com\/en\/wp-json\/wp\/v2\/media?parent=10756"}],"curies":[{"name":"wp","href":"https:\/\/api.w.org\/{rel}","templated":true}]}}