{"id":10777,"date":"2019-03-07T12:50:24","date_gmt":"2019-03-07T11:50:24","guid":{"rendered":"https:\/\/www.dsoverseas.com\/our-group\/"},"modified":"2026-04-13T18:37:46","modified_gmt":"2026-04-13T16:37:46","slug":"our-group","status":"publish","type":"page","link":"https:\/\/www.dsoverseas.com\/en\/our-group\/","title":{"rendered":"Our Group"},"content":{"rendered":"<div class=\"wpb-content-wrapper\"><p>[vc_row][vc_column][vc_row_inner][vc_column_inner][vc_empty_space][\/vc_column_inner][\/vc_row_inner][\/vc_column][\/vc_row][vc_row][vc_column width=&#8221;1\/3&#8243;][vc_single_image image=&#8221;8233&#8243; img_size=&#8221;full&#8221;][\/vc_column][vc_column width=&#8221;2\/3&#8243;][vc_custom_heading text=&#8221;Digital Syndrom Group&#8221; font_container=&#8221;tag:h3|text_align:left|color:%230082d8&#8243; use_theme_fonts=&#8221;yes&#8221;][vc_row_inner][vc_column_inner width=&#8221;1\/2&#8243;][vc_column_text]Digital Syndrom is a group of companies specializing in 360\u00b0 communications. We are a global, multi-channel company with solid national and international experience.<\/p>\n<p>Our agency is organized as a service center:<\/p>\n<p>&#8211; Print division: this division includes all aspects of consulting, strategy, graphic design, etc.<br \/>\n&#8211; Website division: the website division includes services such as hosting, website design, referencing, updating, training and maintenance.<br \/>\n&#8211; Community Management division: all techniques and technologies for managing your social networks.<br \/>\n&#8211; Events division: Our agency handles all the following elements: logistics, catering, structures, furniture, backdrops, media coverage (photo and video), sound control, video control, public relations, catering, etc.[\/vc_column_text][\/vc_column_inner][vc_column_inner width=&#8221;1\/2&#8243;][vc_column_text]Our Group is made up of the following companies:<br \/>\n&#8211; Digital Syndrom : Agence de communication Locale | <a href=\"https:\/\/www.digitalsyndrom.net\">www.digitalsyndrom.net<\/a><br \/>\n&#8211; DS Overseas : Agence de communication Offshore<br \/>\n&#8211; Below The line : Agence Hors media et Ev\u00e9nementiel | <a href=\"http:\/\/www.below-theline.com\">www.below-theline.com<\/a><\/p>\n<p>The references and portfolio of the group can be found on the different sites. We have several references on international markets such as :<\/p>\n<ul>\n<li>La France<\/li>\n<li>United Kingdom<\/li>\n<li>The USA<\/li>\n<li>Algeria<\/li>\n<li>Libya<\/li>\n<li>Morocco<\/li>\n<\/ul>\n<p>[\/vc_column_text][\/vc_column_inner][\/vc_row_inner][\/vc_column][\/vc_row]<\/p>\n<\/div>","protected":false},"excerpt":{"rendered":"<p>[vc_row][vc_column][vc_row_inner][vc_column_inner][vc_empty_space][\/vc_column_inner][\/vc_row_inner][\/vc_column][\/vc_row][vc_row][vc_column width=&#8221;1\/3&#8243;][vc_single_image image=&#8221;8233&#8243; img_size=&#8221;full&#8221;][\/vc_column][vc_column width=&#8221;2\/3&#8243;][vc_custom_heading text=&#8221;Digital Syndrom Group&#8221; font_container=&#8221;tag:h3|text_align:left|color:%230082d8&#8243; use_theme_fonts=&#8221;yes&#8221;][vc_row_inner][vc_column_inner width=&#8221;1\/2&#8243;][vc_column_text]Digital Syndrom is a group of companies specializing in 360\u00b0 communications. We are a global, multi-channel<span class=\"excerpt-hellip\"> [\u2026]<\/span><\/p>\n","protected":false},"author":1,"featured_media":-1,"parent":0,"menu_order":0,"comment_status":"closed","ping_status":"closed","template":"","meta":{"rs_blank_template":"","rs_page_bg_color":"","slide_template_v7":"","footnotes":""},"class_list":["post-10777","page","type-page","status-publish","has-post-thumbnail","hentry"],"yoast_head":"<!-- This site is optimized with the Yoast SEO plugin v27.3 - https:\/\/yoast.com\/product\/yoast-seo-wordpress\/ -->\n<title>Our Digital Syndrom group - Agence de communication et Marketing Digital Tunisie<\/title>\n<meta name=\"description\" content=\"Our Digital Syndrom group, Print division, community management division, website division, Events division, digital syndrom, below the line\" \/>\n<meta name=\"robots\" content=\"index, follow, max-snippet:-1, max-image-preview:large, max-video-preview:-1\" \/>\n<link rel=\"canonical\" href=\"https:\/\/www.dsoverseas.com\/en\/our-group\/\" \/>\n<meta property=\"og:locale\" content=\"en_US\" \/>\n<meta property=\"og:type\" content=\"article\" \/>\n<meta property=\"og:title\" content=\"Our Digital Syndrom group - Agence de communication et Marketing Digital Tunisie\" \/>\n<meta property=\"og:description\" content=\"Our Digital Syndrom group, Print division, community management division, website division, Events division, digital syndrom, below the line\" \/>\n<meta property=\"og:url\" content=\"https:\/\/www.dsoverseas.com\/en\/our-group\/\" \/>\n<meta property=\"og:site_name\" content=\"Agence de communication et Marketing Digital Tunisie\" \/>\n<meta property=\"article:publisher\" content=\"https:\/\/www.facebook.com\/Dsoverseasagency\" \/>\n<meta property=\"article:modified_time\" content=\"2026-04-13T16:37:46+00:00\" \/>\n<meta property=\"og:image\" content=\"https:\/\/www.dsoverseas.com\/wp-content\/uploads\/2021\/01\/logo-2.png\" \/>\n\t<meta property=\"og:image:width\" content=\"386\" \/>\n\t<meta property=\"og:image:height\" content=\"100\" \/>\n\t<meta property=\"og:image:type\" content=\"image\/png\" \/>\n<meta name=\"twitter:card\" content=\"summary_large_image\" \/>\n<meta name=\"twitter:site\" content=\"@Ds_overseas\" \/>\n<meta name=\"twitter:label1\" content=\"Est. reading time\" \/>\n\t<meta name=\"twitter:data1\" content=\"2 minutes\" \/>\n<!-- \/ Yoast SEO plugin. -->","yoast_head_json":{"title":"Our Digital Syndrom group - Agence de communication et Marketing Digital Tunisie","description":"Our Digital Syndrom group, Print division, community management division, website division, Events division, digital syndrom, below the line","robots":{"index":"index","follow":"follow","max-snippet":"max-snippet:-1","max-image-preview":"max-image-preview:large","max-video-preview":"max-video-preview:-1"},"canonical":"https:\/\/www.dsoverseas.com\/en\/our-group\/","og_locale":"en_US","og_type":"article","og_title":"Our Digital Syndrom group - Agence de communication et Marketing Digital Tunisie","og_description":"Our Digital Syndrom group, Print division, community management division, website division, Events division, digital syndrom, below the line","og_url":"https:\/\/www.dsoverseas.com\/en\/our-group\/","og_site_name":"Agence de communication et Marketing Digital Tunisie","article_publisher":"https:\/\/www.facebook.com\/Dsoverseasagency","article_modified_time":"2026-04-13T16:37:46+00:00","og_image":[{"width":386,"height":100,"url":"https:\/\/www.dsoverseas.com\/wp-content\/uploads\/2021\/01\/logo-2.png","type":"image\/png"}],"twitter_card":"summary_large_image","twitter_site":"@Ds_overseas","twitter_misc":{"Est. reading time":"2 minutes"},"schema":{"@context":"https:\/\/schema.org","@graph":[{"@type":"WebPage","@id":"https:\/\/www.dsoverseas.com\/en\/our-group\/","url":"https:\/\/www.dsoverseas.com\/en\/our-group\/","name":"Our Digital Syndrom group - Agence de communication et Marketing Digital Tunisie","isPartOf":{"@id":"https:\/\/www.dsoverseas.com\/#website"},"datePublished":"2019-03-07T11:50:24+00:00","dateModified":"2026-04-13T16:37:46+00:00","description":"Our Digital Syndrom group, Print division, community management division, website division, Events division, digital syndrom, below the line","breadcrumb":{"@id":"https:\/\/www.dsoverseas.com\/en\/our-group\/#breadcrumb"},"inLanguage":"en-US","potentialAction":[{"@type":"ReadAction","target":["https:\/\/www.dsoverseas.com\/en\/our-group\/"]}]},{"@type":"BreadcrumbList","@id":"https:\/\/www.dsoverseas.com\/en\/our-group\/#breadcrumb","itemListElement":[{"@type":"ListItem","position":1,"name":"Accueil","item":"https:\/\/www.dsoverseas.com\/en\/"},{"@type":"ListItem","position":2,"name":"Our Group"}]},{"@type":"WebSite","@id":"https:\/\/www.dsoverseas.com\/#website","url":"https:\/\/www.dsoverseas.com\/","name":"Agence de communication et Marketing Digital","description":"agence de communication, conseil en communication, conception graphique, community Management, d\u00e9veloppement et conception site web, impressions num\u00e9riques, impressions offset, enseignes habillages et signal\u00e9tiques, agence \u00e9v\u00e9nementielle, Marketing Digital, r\u00e9seaux sociaux","publisher":{"@id":"https:\/\/www.dsoverseas.com\/#organization"},"potentialAction":[{"@type":"SearchAction","target":{"@type":"EntryPoint","urlTemplate":"https:\/\/www.dsoverseas.com\/?s={search_term_string}"},"query-input":{"@type":"PropertyValueSpecification","valueRequired":true,"valueName":"search_term_string"}}],"inLanguage":"en-US"},{"@type":"Organization","@id":"https:\/\/www.dsoverseas.com\/#organization","name":"DS Overseas","url":"https:\/\/www.dsoverseas.com\/","logo":{"@type":"ImageObject","inLanguage":"en-US","@id":"https:\/\/www.dsoverseas.com\/#\/schema\/logo\/image\/","url":"https:\/\/www.dsoverseas.com\/wp-content\/uploads\/2021\/01\/logo-2.png","contentUrl":"https:\/\/www.dsoverseas.com\/wp-content\/uploads\/2021\/01\/logo-2.png","width":386,"height":100,"caption":"DS Overseas"},"image":{"@id":"https:\/\/www.dsoverseas.com\/#\/schema\/logo\/image\/"},"sameAs":["https:\/\/www.facebook.com\/Dsoverseasagency","https:\/\/x.com\/Ds_overseas","https:\/\/www.instagram.com\/dsoverseas\/"]}]}},"_links":{"self":[{"href":"https:\/\/www.dsoverseas.com\/en\/wp-json\/wp\/v2\/pages\/10777","targetHints":{"allow":["GET"]}}],"collection":[{"href":"https:\/\/www.dsoverseas.com\/en\/wp-json\/wp\/v2\/pages"}],"about":[{"href":"https:\/\/www.dsoverseas.com\/en\/wp-json\/wp\/v2\/types\/page"}],"author":[{"embeddable":true,"href":"https:\/\/www.dsoverseas.com\/en\/wp-json\/wp\/v2\/users\/1"}],"replies":[{"embeddable":true,"href":"https:\/\/www.dsoverseas.com\/en\/wp-json\/wp\/v2\/comments?post=10777"}],"version-history":[{"count":4,"href":"https:\/\/www.dsoverseas.com\/en\/wp-json\/wp\/v2\/pages\/10777\/revisions"}],"predecessor-version":[{"id":10894,"href":"https:\/\/www.dsoverseas.com\/en\/wp-json\/wp\/v2\/pages\/10777\/revisions\/10894"}],"wp:featuredmedia":[{"embeddable":true,"href":"https:\/\/www.dsoverseas.com\/en\/wp-json\/"}],"wp:attachment":[{"href":"https:\/\/www.dsoverseas.com\/en\/wp-json\/wp\/v2\/media?parent=10777"}],"curies":[{"name":"wp","href":"https:\/\/api.w.org\/{rel}","templated":true}]}}