{"id":10792,"date":"2021-01-16T18:13:20","date_gmt":"2021-01-16T17:13:20","guid":{"rendered":"https:\/\/www.dsoverseas.com\/references\/france\/"},"modified":"2026-04-13T18:39:32","modified_gmt":"2026-04-13T16:39:32","slug":"france","status":"publish","type":"page","link":"https:\/\/www.dsoverseas.com\/en\/references\/france\/","title":{"rendered":"France"},"content":{"rendered":"<div class=\"wpb-content-wrapper\"><p>[vc_row][vc_column][vc_custom_heading text=&#8221;DS OVERSEAS reference on the French market&#8221; font_container=&#8221;tag:h2|text_align:center&#8221; use_theme_fonts=&#8221;yes&#8221;][vc_column_text]<\/p>\n<p style=\"text-align: center;\">Here we present our credentials as a French communications agency, offering a wide range of services. <a href=\"https:\/\/www.dsoverseas.com\/en\/ds-overseas\/\" target=\"_blank\" rel=\"noopener\">DS OVERSEAS<\/a> agence de communication offshore has extensive expertise in the French market, ranging from graphic design and website development to digital and offset printing. Several customers have placed their trust in us: <a href=\"http:\/\/www.cloudcontrol.fr\" target=\"_blank\" rel=\"noopener\">Cloudcontrol<\/a> Mecahers Aerospace, St\u00e9anierie Dubois, &#8230;<\/p>\n<p>[\/vc_column_text][vc_row_inner][vc_column_inner width=&#8221;1\/2&#8243;][vc_column_text]<\/p>\n<h3>French communications agency<\/h3>\n<p>A communications agency is a company that works for its clients&#8217; objectives in the fields of marketing services, advertising, public relations, media planning and buying.<\/p>\n<p>These are services that are used to form a strategy by companies or other organizations to achieve their objectives.<\/p>\n<p>Communications agencies typically create promotional materials for their clients, including advertisements, corporate identity materials such as annual reports and videos, and other elements of corporate culture.<\/p>\n<p>The exact services offered by communications agencies vary according to their needs and those of their clients: public relations (PR), digital marketing, graphic design, direct marketing, copywriting, brand management and other media services.[\/vc_column_text][\/vc_column_inner][vc_column_inner width=&#8221;1\/2&#8243;][vc_column_text]As a French communications agency, we offer the following services:<\/p>\n<ul>\n<li>Community Management: Community management is the social media process of managing online communities. It uses different tools and methods to develop, engage and support communities.<\/li>\n<li>Offset printing: printing on special machines generally adapted to large print runs<\/li>\n<li>Digital printing: printing on materials other than paper, such as vinyl, tarpaulin, etc.<\/li>\n<li>Website design: We provide showcase and e-commerce websites using WordPress.<\/li>\n<li>Search Engine Optimization (SEO): Our agency specializes in natural search engine optimization (SEO) of websites with guaranteed results.<\/li>\n<li>Digital marketing: put your trust in digital marketing specialists<\/li>\n<\/ul>\n<p>[\/vc_column_text][\/vc_column_inner][\/vc_row_inner][\/vc_column][\/vc_row][vc_row][vc_column][vc_basic_grid post_type=&#8221;portfolio&#8221; max_items=&#8221;-1&#8243; item=&#8221;masonryGrid_Default&#8221; grid_id=&#8221;vc_gid:1641310286722-85debcae-be20-1&#8243; taxonomies=&#8221;20&#8243;][\/vc_column][\/vc_row]<\/p>\n<\/div>","protected":false},"excerpt":{"rendered":"<p>[vc_row][vc_column][vc_custom_heading text=&#8221;DS OVERSEAS reference on the French market&#8221; font_container=&#8221;tag:h2|text_align:center&#8221; use_theme_fonts=&#8221;yes&#8221;][vc_column_text] Here we present our credentials as a French communications agency, offering a wide range of services.<span class=\"excerpt-hellip\"> [\u2026]<\/span><\/p>\n","protected":false},"author":1,"featured_media":-1,"parent":10764,"menu_order":0,"comment_status":"closed","ping_status":"closed","template":"","meta":{"rs_blank_template":"","rs_page_bg_color":"","slide_template_v7":"","footnotes":""},"class_list":["post-10792","page","type-page","status-publish","has-post-thumbnail","hentry"],"yoast_head":"<!-- This site is optimized with the Yoast SEO plugin v27.3 - https:\/\/yoast.com\/product\/yoast-seo-wordpress\/ -->\n<title>French communication agency - Agence de communication et Marketing Digital Tunisie<\/title>\n<meta name=\"description\" content=\"agence de communication Fran\u00e7aise, reference ds overseas agence de communication offshore sur le march\u00e9 fran\u00e7ais\" \/>\n<meta name=\"robots\" content=\"index, follow, max-snippet:-1, max-image-preview:large, max-video-preview:-1\" \/>\n<link rel=\"canonical\" href=\"https:\/\/www.dsoverseas.com\/en\/references\/france\/\" \/>\n<meta property=\"og:locale\" content=\"en_US\" \/>\n<meta property=\"og:type\" content=\"article\" \/>\n<meta property=\"og:title\" content=\"French communication agency - Agence de communication et Marketing Digital Tunisie\" \/>\n<meta property=\"og:description\" content=\"agence de communication Fran\u00e7aise, reference ds overseas agence de communication offshore sur le march\u00e9 fran\u00e7ais\" \/>\n<meta property=\"og:url\" content=\"https:\/\/www.dsoverseas.com\/en\/references\/france\/\" \/>\n<meta property=\"og:site_name\" content=\"Agence de communication et Marketing Digital Tunisie\" \/>\n<meta property=\"article:publisher\" content=\"https:\/\/www.facebook.com\/Dsoverseasagency\" \/>\n<meta property=\"article:modified_time\" content=\"2026-04-13T16:39:32+00:00\" \/>\n<meta property=\"og:image\" content=\"https:\/\/www.dsoverseas.com\/wp-content\/uploads\/2021\/01\/logo-2.png\" \/>\n\t<meta property=\"og:image:width\" content=\"386\" \/>\n\t<meta property=\"og:image:height\" content=\"100\" \/>\n\t<meta property=\"og:image:type\" content=\"image\/png\" \/>\n<meta name=\"twitter:card\" content=\"summary_large_image\" \/>\n<meta name=\"twitter:site\" content=\"@Ds_overseas\" \/>\n<meta name=\"twitter:label1\" content=\"Est. reading time\" \/>\n\t<meta name=\"twitter:data1\" content=\"2 minutes\" \/>\n<!-- \/ Yoast SEO plugin. -->","yoast_head_json":{"title":"French communication agency - Agence de communication et Marketing Digital Tunisie","description":"agence de communication Fran\u00e7aise, reference ds overseas agence de communication offshore sur le march\u00e9 fran\u00e7ais","robots":{"index":"index","follow":"follow","max-snippet":"max-snippet:-1","max-image-preview":"max-image-preview:large","max-video-preview":"max-video-preview:-1"},"canonical":"https:\/\/www.dsoverseas.com\/en\/references\/france\/","og_locale":"en_US","og_type":"article","og_title":"French communication agency - Agence de communication et Marketing Digital Tunisie","og_description":"agence de communication Fran\u00e7aise, reference ds overseas agence de communication offshore sur le march\u00e9 fran\u00e7ais","og_url":"https:\/\/www.dsoverseas.com\/en\/references\/france\/","og_site_name":"Agence de communication et Marketing Digital Tunisie","article_publisher":"https:\/\/www.facebook.com\/Dsoverseasagency","article_modified_time":"2026-04-13T16:39:32+00:00","og_image":[{"width":386,"height":100,"url":"https:\/\/www.dsoverseas.com\/wp-content\/uploads\/2021\/01\/logo-2.png","type":"image\/png"}],"twitter_card":"summary_large_image","twitter_site":"@Ds_overseas","twitter_misc":{"Est. reading time":"2 minutes"},"schema":{"@context":"https:\/\/schema.org","@graph":[{"@type":"WebPage","@id":"https:\/\/www.dsoverseas.com\/en\/references\/france\/","url":"https:\/\/www.dsoverseas.com\/en\/references\/france\/","name":"French communication agency - Agence de communication et Marketing Digital Tunisie","isPartOf":{"@id":"https:\/\/www.dsoverseas.com\/#website"},"datePublished":"2021-01-16T17:13:20+00:00","dateModified":"2026-04-13T16:39:32+00:00","description":"agence de communication Fran\u00e7aise, reference ds overseas agence de communication offshore sur le march\u00e9 fran\u00e7ais","breadcrumb":{"@id":"https:\/\/www.dsoverseas.com\/en\/references\/france\/#breadcrumb"},"inLanguage":"en-US","potentialAction":[{"@type":"ReadAction","target":["https:\/\/www.dsoverseas.com\/en\/references\/france\/"]}]},{"@type":"BreadcrumbList","@id":"https:\/\/www.dsoverseas.com\/en\/references\/france\/#breadcrumb","itemListElement":[{"@type":"ListItem","position":1,"name":"Accueil","item":"https:\/\/www.dsoverseas.com\/en\/"},{"@type":"ListItem","position":2,"name":"References","item":"https:\/\/www.dsoverseas.com\/en\/references\/"},{"@type":"ListItem","position":3,"name":"France"}]},{"@type":"WebSite","@id":"https:\/\/www.dsoverseas.com\/#website","url":"https:\/\/www.dsoverseas.com\/","name":"Agence de communication et Marketing Digital","description":"agence de communication, conseil en communication, conception graphique, community Management, d\u00e9veloppement et conception site web, impressions num\u00e9riques, impressions offset, enseignes habillages et signal\u00e9tiques, agence \u00e9v\u00e9nementielle, Marketing Digital, r\u00e9seaux sociaux","publisher":{"@id":"https:\/\/www.dsoverseas.com\/#organization"},"potentialAction":[{"@type":"SearchAction","target":{"@type":"EntryPoint","urlTemplate":"https:\/\/www.dsoverseas.com\/?s={search_term_string}"},"query-input":{"@type":"PropertyValueSpecification","valueRequired":true,"valueName":"search_term_string"}}],"inLanguage":"en-US"},{"@type":"Organization","@id":"https:\/\/www.dsoverseas.com\/#organization","name":"DS Overseas","url":"https:\/\/www.dsoverseas.com\/","logo":{"@type":"ImageObject","inLanguage":"en-US","@id":"https:\/\/www.dsoverseas.com\/#\/schema\/logo\/image\/","url":"https:\/\/www.dsoverseas.com\/wp-content\/uploads\/2021\/01\/logo-2.png","contentUrl":"https:\/\/www.dsoverseas.com\/wp-content\/uploads\/2021\/01\/logo-2.png","width":386,"height":100,"caption":"DS Overseas"},"image":{"@id":"https:\/\/www.dsoverseas.com\/#\/schema\/logo\/image\/"},"sameAs":["https:\/\/www.facebook.com\/Dsoverseasagency","https:\/\/x.com\/Ds_overseas","https:\/\/www.instagram.com\/dsoverseas\/"]}]}},"_links":{"self":[{"href":"https:\/\/www.dsoverseas.com\/en\/wp-json\/wp\/v2\/pages\/10792","targetHints":{"allow":["GET"]}}],"collection":[{"href":"https:\/\/www.dsoverseas.com\/en\/wp-json\/wp\/v2\/pages"}],"about":[{"href":"https:\/\/www.dsoverseas.com\/en\/wp-json\/wp\/v2\/types\/page"}],"author":[{"embeddable":true,"href":"https:\/\/www.dsoverseas.com\/en\/wp-json\/wp\/v2\/users\/1"}],"replies":[{"embeddable":true,"href":"https:\/\/www.dsoverseas.com\/en\/wp-json\/wp\/v2\/comments?post=10792"}],"version-history":[{"count":5,"href":"https:\/\/www.dsoverseas.com\/en\/wp-json\/wp\/v2\/pages\/10792\/revisions"}],"predecessor-version":[{"id":10898,"href":"https:\/\/www.dsoverseas.com\/en\/wp-json\/wp\/v2\/pages\/10792\/revisions\/10898"}],"up":[{"embeddable":true,"href":"https:\/\/www.dsoverseas.com\/en\/wp-json\/wp\/v2\/pages\/10764"}],"wp:featuredmedia":[{"embeddable":true,"href":"https:\/\/www.dsoverseas.com\/en\/wp-json\/"}],"wp:attachment":[{"href":"https:\/\/www.dsoverseas.com\/en\/wp-json\/wp\/v2\/media?parent=10792"}],"curies":[{"name":"wp","href":"https:\/\/api.w.org\/{rel}","templated":true}]}}