{"id":10805,"date":"2021-01-18T18:08:59","date_gmt":"2021-01-18T17:08:59","guid":{"rendered":"https:\/\/www.dsoverseas.com\/ngos-and-associations\/"},"modified":"2026-04-13T18:33:55","modified_gmt":"2026-04-13T16:33:55","slug":"ngos-and-associations","status":"publish","type":"page","link":"https:\/\/www.dsoverseas.com\/en\/ngos-and-associations\/","title":{"rendered":"NGOs and Associations"},"content":{"rendered":"<div class=\"wpb-content-wrapper\"><p>[vc_row][vc_column][vc_empty_space height=&#8221;75&#8243;][vc_custom_heading text=&#8221;NGOs and Associations&#8221; font_container=&#8221;tag:h2|text_align:center&#8221; use_theme_fonts=&#8221;yes&#8221;][vc_column_text]<\/p>\n<p style=\"text-align: center;\">Here we present our references and experience with customers in the NGO and association sector.<\/p>\n<p>[\/vc_column_text][vc_row_inner][vc_column_inner width=&#8221;1\/2&#8243;][vc_column_text]<\/p>\n<h2>NGO and Association<\/h2>\n<p><a href=\"https:\/\/fr.wikipedia.org\/wiki\/ONG\" target=\"_blank\" rel=\"noopener\">Non-governmental organizations<\/a> (NGOs) and associations are the third largest type of non-profit organization in the world.<\/p>\n<p>The term NGO gained currency during the Cold War, when it was used to describe a variety of organizations that were not governed by governments. Today, it refers to a wide range of groups and organizations, particularly those focusing on social issues.<\/p>\n<p>In recent years, interest in NGOs has grown as business models have evolved over time. This interest has led to the creation of a number of new types of association, with varying degrees of private-sector involvement.<\/p>\n<p>The main function of NGOs is to provide services that are not provided by the state. These services can include health care, education, social security and environmental protection, among others. Organizations may be funded by donations from individuals or by government aid. Some countries have different laws concerning NGOs. In some countries, they have limited powers, while in others they are totally independent of the government.<\/p>\n<p>[\/vc_column_text][\/vc_column_inner][vc_column_inner width=&#8221;1\/2&#8243;][vc_column_text]<\/p>\n<h2>Communications agency for the oil industry<\/h2>\n<p>Ds Overseas, a communications agency for NGOs and associations, has carried out a number of assignments, including :<\/p>\n<ul>\n<li>Offset and digital printing of commercial and administrative documents<\/li>\n<li>Design of visuals for stand <a href=\"https:\/\/www.dsoverseas.com\/services\/enseignes-et-habillages\/\">dressing<\/a>.<\/li>\n<li>Website design and development<\/li>\n<li>Technical <a href=\"https:\/\/www.dsoverseas.com\/en\/offer-wordpress-website-maintenance\/\">maintenance<\/a> for a website<\/li>\n<li>Design and printing of lightweight modular structures such as roll-ups and banners<\/li>\n<li><a href=\"https:\/\/www.dsoverseas.com\/services\/community-management\/\">Community<\/a> Management<\/li>\n<\/ul>\n<p>Our communications agency and its team are at your disposal to discuss your plans for setting up a relevant communications strategy and an effective communications plan completely dedicated to the specificities of the associative and NGO world.[\/vc_column_text][\/vc_column_inner][\/vc_row_inner][\/vc_column][\/vc_row][vc_row][vc_column][vc_basic_grid post_type=&#8221;portfolio&#8221; max_items=&#8221;-1&#8243; item=&#8221;masonryGrid_Default&#8221; grid_id=&#8221;vc_gid:1755689602135-0d57f49f-052f-7&#8243; taxonomies=&#8221;32&#8243;][\/vc_column][\/vc_row]<\/p>\n<\/div>","protected":false},"excerpt":{"rendered":"<p>[vc_row][vc_column][vc_empty_space height=&#8221;75&#8243;][vc_custom_heading text=&#8221;NGOs and Associations&#8221; font_container=&#8221;tag:h2|text_align:center&#8221; use_theme_fonts=&#8221;yes&#8221;][vc_column_text] Here we present our references and experience with customers in the NGO and association sector. [\/vc_column_text][vc_row_inner][vc_column_inner width=&#8221;1\/2&#8243;][vc_column_text] NGO and<span class=\"excerpt-hellip\"> [\u2026]<\/span><\/p>\n","protected":false},"author":1,"featured_media":-1,"parent":0,"menu_order":0,"comment_status":"closed","ping_status":"closed","template":"","meta":{"rs_blank_template":"","rs_page_bg_color":"","slide_template_v7":"","footnotes":""},"class_list":["post-10805","page","type-page","status-publish","has-post-thumbnail","hentry"],"yoast_head":"<!-- This site is optimized with the Yoast SEO plugin v27.3 - https:\/\/yoast.com\/product\/yoast-seo-wordpress\/ -->\n<title>NGOs and Associations - Agence de communication et Marketing Digital Tunisie<\/title>\n<meta name=\"description\" content=\"ONG et Associations, reference ds overseas communication agency offshore with NGOs and associations\" \/>\n<meta name=\"robots\" content=\"index, follow, max-snippet:-1, max-image-preview:large, max-video-preview:-1\" \/>\n<link rel=\"canonical\" href=\"https:\/\/www.dsoverseas.com\/en\/ngos-and-associations\/\" \/>\n<meta property=\"og:locale\" content=\"en_US\" \/>\n<meta property=\"og:type\" content=\"article\" \/>\n<meta property=\"og:title\" content=\"NGOs and Associations - Agence de communication et Marketing Digital Tunisie\" \/>\n<meta property=\"og:description\" content=\"ONG et Associations, reference ds overseas communication agency offshore with NGOs and associations\" \/>\n<meta property=\"og:url\" content=\"https:\/\/www.dsoverseas.com\/en\/ngos-and-associations\/\" \/>\n<meta property=\"og:site_name\" content=\"Agence de communication et Marketing Digital Tunisie\" \/>\n<meta property=\"article:publisher\" content=\"https:\/\/www.facebook.com\/Dsoverseasagency\" \/>\n<meta property=\"article:modified_time\" content=\"2026-04-13T16:33:55+00:00\" \/>\n<meta property=\"og:image\" content=\"https:\/\/www.dsoverseas.com\/wp-content\/uploads\/2021\/01\/logo-2.png\" \/>\n\t<meta property=\"og:image:width\" content=\"386\" \/>\n\t<meta property=\"og:image:height\" content=\"100\" \/>\n\t<meta property=\"og:image:type\" content=\"image\/png\" \/>\n<meta name=\"twitter:card\" content=\"summary_large_image\" \/>\n<meta name=\"twitter:site\" content=\"@Ds_overseas\" \/>\n<meta name=\"twitter:label1\" content=\"Est. reading time\" \/>\n\t<meta name=\"twitter:data1\" content=\"2 minutes\" \/>\n<!-- \/ Yoast SEO plugin. -->","yoast_head_json":{"title":"NGOs and Associations - Agence de communication et Marketing Digital Tunisie","description":"ONG et Associations, reference ds overseas communication agency offshore with NGOs and associations","robots":{"index":"index","follow":"follow","max-snippet":"max-snippet:-1","max-image-preview":"max-image-preview:large","max-video-preview":"max-video-preview:-1"},"canonical":"https:\/\/www.dsoverseas.com\/en\/ngos-and-associations\/","og_locale":"en_US","og_type":"article","og_title":"NGOs and Associations - Agence de communication et Marketing Digital Tunisie","og_description":"ONG et Associations, reference ds overseas communication agency offshore with NGOs and associations","og_url":"https:\/\/www.dsoverseas.com\/en\/ngos-and-associations\/","og_site_name":"Agence de communication et Marketing Digital Tunisie","article_publisher":"https:\/\/www.facebook.com\/Dsoverseasagency","article_modified_time":"2026-04-13T16:33:55+00:00","og_image":[{"width":386,"height":100,"url":"https:\/\/www.dsoverseas.com\/wp-content\/uploads\/2021\/01\/logo-2.png","type":"image\/png"}],"twitter_card":"summary_large_image","twitter_site":"@Ds_overseas","twitter_misc":{"Est. reading time":"2 minutes"},"schema":{"@context":"https:\/\/schema.org","@graph":[{"@type":"WebPage","@id":"https:\/\/www.dsoverseas.com\/en\/ngos-and-associations\/","url":"https:\/\/www.dsoverseas.com\/en\/ngos-and-associations\/","name":"NGOs and Associations - Agence de communication et Marketing Digital Tunisie","isPartOf":{"@id":"https:\/\/www.dsoverseas.com\/#website"},"datePublished":"2021-01-18T17:08:59+00:00","dateModified":"2026-04-13T16:33:55+00:00","description":"ONG et Associations, reference ds overseas communication agency offshore with NGOs and associations","breadcrumb":{"@id":"https:\/\/www.dsoverseas.com\/en\/ngos-and-associations\/#breadcrumb"},"inLanguage":"en-US","potentialAction":[{"@type":"ReadAction","target":["https:\/\/www.dsoverseas.com\/en\/ngos-and-associations\/"]}]},{"@type":"BreadcrumbList","@id":"https:\/\/www.dsoverseas.com\/en\/ngos-and-associations\/#breadcrumb","itemListElement":[{"@type":"ListItem","position":1,"name":"Accueil","item":"https:\/\/www.dsoverseas.com\/en\/"},{"@type":"ListItem","position":2,"name":"NGOs and Associations"}]},{"@type":"WebSite","@id":"https:\/\/www.dsoverseas.com\/#website","url":"https:\/\/www.dsoverseas.com\/","name":"Agence de communication et Marketing Digital","description":"agence de communication, conseil en communication, conception graphique, community Management, d\u00e9veloppement et conception site web, impressions num\u00e9riques, impressions offset, enseignes habillages et signal\u00e9tiques, agence \u00e9v\u00e9nementielle, Marketing Digital, r\u00e9seaux sociaux","publisher":{"@id":"https:\/\/www.dsoverseas.com\/#organization"},"potentialAction":[{"@type":"SearchAction","target":{"@type":"EntryPoint","urlTemplate":"https:\/\/www.dsoverseas.com\/?s={search_term_string}"},"query-input":{"@type":"PropertyValueSpecification","valueRequired":true,"valueName":"search_term_string"}}],"inLanguage":"en-US"},{"@type":"Organization","@id":"https:\/\/www.dsoverseas.com\/#organization","name":"DS Overseas","url":"https:\/\/www.dsoverseas.com\/","logo":{"@type":"ImageObject","inLanguage":"en-US","@id":"https:\/\/www.dsoverseas.com\/#\/schema\/logo\/image\/","url":"https:\/\/www.dsoverseas.com\/wp-content\/uploads\/2021\/01\/logo-2.png","contentUrl":"https:\/\/www.dsoverseas.com\/wp-content\/uploads\/2021\/01\/logo-2.png","width":386,"height":100,"caption":"DS Overseas"},"image":{"@id":"https:\/\/www.dsoverseas.com\/#\/schema\/logo\/image\/"},"sameAs":["https:\/\/www.facebook.com\/Dsoverseasagency","https:\/\/x.com\/Ds_overseas","https:\/\/www.instagram.com\/dsoverseas\/"]}]}},"_links":{"self":[{"href":"https:\/\/www.dsoverseas.com\/en\/wp-json\/wp\/v2\/pages\/10805","targetHints":{"allow":["GET"]}}],"collection":[{"href":"https:\/\/www.dsoverseas.com\/en\/wp-json\/wp\/v2\/pages"}],"about":[{"href":"https:\/\/www.dsoverseas.com\/en\/wp-json\/wp\/v2\/types\/page"}],"author":[{"embeddable":true,"href":"https:\/\/www.dsoverseas.com\/en\/wp-json\/wp\/v2\/users\/1"}],"replies":[{"embeddable":true,"href":"https:\/\/www.dsoverseas.com\/en\/wp-json\/wp\/v2\/comments?post=10805"}],"version-history":[{"count":3,"href":"https:\/\/www.dsoverseas.com\/en\/wp-json\/wp\/v2\/pages\/10805\/revisions"}],"predecessor-version":[{"id":10887,"href":"https:\/\/www.dsoverseas.com\/en\/wp-json\/wp\/v2\/pages\/10805\/revisions\/10887"}],"wp:featuredmedia":[{"embeddable":true,"href":"https:\/\/www.dsoverseas.com\/en\/wp-json\/"}],"wp:attachment":[{"href":"https:\/\/www.dsoverseas.com\/en\/wp-json\/wp\/v2\/media?parent=10805"}],"curies":[{"name":"wp","href":"https:\/\/api.w.org\/{rel}","templated":true}]}}