{"id":10808,"date":"2020-05-02T17:27:28","date_gmt":"2020-05-02T15:27:28","guid":{"rendered":"https:\/\/www.dsoverseas.com\/natural-referencing-offer\/"},"modified":"2026-04-13T18:14:34","modified_gmt":"2026-04-13T16:14:34","slug":"search-engine-optimisation-offer","status":"publish","type":"page","link":"https:\/\/www.dsoverseas.com\/en\/search-engine-optimisation-offer\/","title":{"rendered":"Search engine optimisation offer"},"content":{"rendered":"<div class=\"wpb-content-wrapper\"><p>[vc_row][vc_column][vc_empty_space][vc_text_separator title=&#8221;NATURAL SEARCH OFFER&#8221; color=&#8221;turquoise&#8221; el_width=&#8221;80&#8243;][\/vc_column][\/vc_row][vc_row][vc_column][vc_column_text css=&#8221;&#8221;]<\/p>\n<h2>WHAT IS NATURAL REFERENCING?<\/h2>\n<p>Search <u><a href=\"https:\/\/www.definitions-marketing.com\/definition\/seo\/\" target=\"_blank\" rel=\"noopener noreferrer\">Engine Optimization<\/a> (SEO)<\/u> encompasses all the methods and techniques used to position your website&#8217;s pages in the first natural results of search engines (notably Google, but also Bing, Yahoo and others).<\/p>\n<p>The aim is to improve the visibility of the pages in question, by applying a series of &#8220;rules&#8221; laid down by the search engines. These constantly evolving criteria reflect user expectations, as well as the quality and relevance of the content offered.<\/p>\n<p>Search engine optimization (SEO) is therefore an essential tool for ensuring an effective and lasting online presence. The majority of Internet users use a search engine when looking for information on a product, service or company. If your site doesn&#8217;t appear in the first search results, there&#8217;s little chance of it being visited by these potential customers.[\/vc_column_text][\/vc_column][\/vc_row][vc_row][vc_column][vc_column_text css=&#8221;&#8221;]<\/p>\n<h2>HOW MUCH DOES A SEARCH ENGINE OPTIMIZATION STRATEGY FOR YOUR WEBSITE COST?<\/h2>\n<p>The cost of <a href=\"https:\/\/www.dsoverseas.com\/services\/conception-et-developpement-site-web\/\" target=\"_blank\" rel=\"noopener noreferrer\">referencing<\/a> your website (SEO offer) depends on many factors (sector of activity, needs, competition, objectives, size of site). The budget can only be determined after a thorough SEO analysis that takes all these factors into account.<\/p>\n<p>However, it&#8217;s important to understand that SEO is a long-term investment that can greatly contribute to the growth and success of your online business. Indeed, by improving your position in search results, you increase your chances of being seen by a greater number of users, and therefore of generating traffic to your site.<\/p>\n<p>There are also different types of SEO strategies, such as Search Engine Optimization (SEO) and Search Engine Advertising (SEA). The cost varies according to the type of strategy you choose to promote your website.<\/p>\n<p>In addition, it&#8217;s essential to follow trends and updates in search engine algorithms to constantly adapt your SEO strategy. This will ensure that your site remains highly ranked in search results and continues to generate traffic.<\/p>\n<p>It&#8217;s also important to work with an SEO expert to ensure that all techniques used comply with the guidelines set by the search engines. Using unethical or<a href=\"https:\/\/fr.wikipedia.org\/wiki\/Black_hat\" target=\"_blank\" rel=\"noopener\">&#8220;black hat&#8221;<\/a> tactics can have a negative impact on your site&#8217;s ranking and even result in a penalty.[\/vc_column_text][\/vc_column][\/vc_row][vc_row full_width=&#8221;stretch_row&#8221; css=&#8221;.vc_custom_1745783399324{background-color: #EFEFEF !important;}&#8221;][vc_column][vc_column_text css=&#8221;&#8221;]<\/p>\n<h2>Contact form<\/h2>\n<p>If you have a need for natural referencing of your website, we are at your service to assist you and allocate our best resources![\/vc_column_text]\n<div class=\"wpcf7 no-js\" id=\"wpcf7-f6-o1\" lang=\"fr-FR\" dir=\"ltr\" data-wpcf7-id=\"6\">\n<div class=\"screen-reader-response\"><p role=\"status\" aria-live=\"polite\" aria-atomic=\"true\"><\/p> <ul><\/ul><\/div>\n<form action=\"\/en\/wp-json\/wp\/v2\/pages\/10808#wpcf7-f6-o1\" method=\"post\" class=\"wpcf7-form init\" aria-label=\"Formulaire de contact\" novalidate=\"novalidate\" data-status=\"init\">\n<fieldset class=\"hidden-fields-container\"><input type=\"hidden\" name=\"_wpcf7\" value=\"6\" \/><input type=\"hidden\" name=\"_wpcf7_version\" value=\"6.1.5\" \/><input type=\"hidden\" name=\"_wpcf7_locale\" value=\"fr_FR\" \/><input type=\"hidden\" name=\"_wpcf7_unit_tag\" value=\"wpcf7-f6-o1\" \/><input type=\"hidden\" name=\"_wpcf7_container_post\" value=\"0\" \/><input type=\"hidden\" name=\"_wpcf7_posted_data_hash\" value=\"\" \/><input type=\"hidden\" name=\"_wpcf7_recaptcha_response\" value=\"\" \/>\n<\/fieldset>\n<p><label> Votre nom (obligatoire)<br \/>\n<span class=\"wpcf7-form-control-wrap\" data-name=\"your-name\"><input size=\"40\" maxlength=\"400\" class=\"wpcf7-form-control wpcf7-text wpcf7-validates-as-required\" aria-required=\"true\" aria-invalid=\"false\" value=\"\" type=\"text\" name=\"your-name\" \/><\/span> <\/label>\n<\/p>\n<p><label> Votre adresse de messagerie (obligatoire)<br \/>\n<span class=\"wpcf7-form-control-wrap\" data-name=\"your-email\"><input size=\"40\" maxlength=\"400\" class=\"wpcf7-form-control wpcf7-email wpcf7-validates-as-required wpcf7-text wpcf7-validates-as-email\" aria-required=\"true\" aria-invalid=\"false\" value=\"\" type=\"email\" name=\"your-email\" \/><\/span> <\/label>\n<\/p>\n<p><label> Objet<br \/>\n<span class=\"wpcf7-form-control-wrap\" data-name=\"your-subject\"><input size=\"40\" maxlength=\"400\" class=\"wpcf7-form-control wpcf7-text\" aria-invalid=\"false\" value=\"\" type=\"text\" name=\"your-subject\" \/><\/span> <\/label>\n<\/p>\n<p><label> Votre message<br \/>\n<span class=\"wpcf7-form-control-wrap\" data-name=\"your-message\"><textarea cols=\"40\" rows=\"10\" maxlength=\"2000\" class=\"wpcf7-form-control wpcf7-textarea\" aria-invalid=\"false\" name=\"your-message\"><\/textarea><\/span> <\/label>\n<\/p>\n<p><input class=\"wpcf7-form-control wpcf7-submit has-spinner\" type=\"submit\" value=\"Envoyer\" \/>\n<\/p><div class=\"wpcf7-response-output\" aria-hidden=\"true\"><\/div>\n<\/form>\n<\/div>\n[\/vc_column][\/vc_row][vc_row][vc_column][vc_column_text css=&#8221;&#8221;]<\/p>\n<h2>WHY TRUST YOUR NATURAL SEO TO A SPECIALIZED WEB AGENCY?<\/h2>\n<p><strong>Google search engine optimization<\/strong> requires specialized skills, specific know-how and constant monitoring of changes in the criteria laid down by search engines.<\/p>\n<p>Unless you have a team of experienced SEOs in-house, it&#8217;s more efficient and cost-effective to call on an outside service provider<strong>(an SEO agency<\/strong>) for your website&#8217;s <strong>SEO<\/strong>.<\/p>\n<p>Our teams of SEO experts will be at your disposal to advise and support you in carrying out an SEO Audit and proposing a personalized SEO strategy as well as a Natural Search Engine Optimization Offer that suits your budget and objectives.[\/vc_column_text][\/vc_column][\/vc_row][vc_row][vc_column][vc_column_text css=&#8221;&#8221;]<\/p>\n<h2 style=\"text-align: center;\">Our articles<\/h2>\n<p>[\/vc_column_text][vc_basic_grid post_type=&#8221;post&#8221; max_items=&#8221;-1&#8243; element_width=&#8221;6&#8243; css=&#8221;&#8221; grid_id=&#8221;vc_gid:1745836597983-7f37a7a0-74b2-7&#8243; taxonomies=&#8221;66&#8243;][\/vc_column][\/vc_row]<\/p>\n<\/div>","protected":false},"excerpt":{"rendered":"<p>[vc_row][vc_column][vc_empty_space][vc_text_separator title=&#8221;NATURAL SEARCH OFFER&#8221; color=&#8221;turquoise&#8221; el_width=&#8221;80&#8243;][\/vc_column][\/vc_row][vc_row][vc_column][vc_column_text css=&#8221;&#8221;] WHAT IS NATURAL REFERENCING? Search Engine Optimization (SEO) encompasses all the methods and techniques used to position your website&#8217;s<span class=\"excerpt-hellip\"> [\u2026]<\/span><\/p>\n","protected":false},"author":1,"featured_media":-1,"parent":0,"menu_order":0,"comment_status":"closed","ping_status":"closed","template":"","meta":{"rs_blank_template":"","rs_page_bg_color":"","slide_template_v7":"","footnotes":""},"class_list":["post-10808","page","type-page","status-publish","has-post-thumbnail","hentry"],"yoast_head":"<!-- This site is optimized with the Yoast SEO plugin v27.3 - https:\/\/yoast.com\/product\/yoast-seo-wordpress\/ -->\n<title>Search engine optimisation offer - Agence de communication et Marketing Digital Tunisie<\/title>\n<meta name=\"description\" content=\"Search Engine Optimization offer, seo website, wordpress website optimization, offshore website optimization, cheap website optimization\" \/>\n<meta name=\"robots\" content=\"index, follow, max-snippet:-1, max-image-preview:large, max-video-preview:-1\" \/>\n<link rel=\"canonical\" href=\"https:\/\/www.dsoverseas.com\/en\/search-engine-optimisation-offer\/\" \/>\n<meta property=\"og:locale\" content=\"en_US\" \/>\n<meta property=\"og:type\" content=\"article\" \/>\n<meta property=\"og:title\" content=\"Search engine optimisation offer - Agence de communication et Marketing Digital Tunisie\" \/>\n<meta property=\"og:description\" content=\"Search Engine Optimization offer, seo website, wordpress website optimization, offshore website optimization, cheap website optimization\" \/>\n<meta property=\"og:url\" content=\"https:\/\/www.dsoverseas.com\/en\/search-engine-optimisation-offer\/\" \/>\n<meta property=\"og:site_name\" content=\"Agence de communication et Marketing Digital Tunisie\" \/>\n<meta property=\"article:publisher\" content=\"https:\/\/www.facebook.com\/Dsoverseasagency\" \/>\n<meta property=\"article:modified_time\" content=\"2026-04-13T16:14:34+00:00\" \/>\n<meta property=\"og:image\" content=\"https:\/\/www.dsoverseas.com\/wp-content\/uploads\/2021\/01\/logo-2.png\" \/>\n\t<meta property=\"og:image:width\" content=\"386\" \/>\n\t<meta property=\"og:image:height\" content=\"100\" \/>\n\t<meta property=\"og:image:type\" content=\"image\/png\" \/>\n<meta name=\"twitter:card\" content=\"summary_large_image\" \/>\n<meta name=\"twitter:site\" content=\"@Ds_overseas\" \/>\n<meta name=\"twitter:label1\" content=\"Est. reading time\" \/>\n\t<meta name=\"twitter:data1\" content=\"3 minutes\" \/>\n<!-- \/ Yoast SEO plugin. -->","yoast_head_json":{"title":"Search engine optimisation offer - Agence de communication et Marketing Digital Tunisie","description":"Search Engine Optimization offer, seo website, wordpress website optimization, offshore website optimization, cheap website optimization","robots":{"index":"index","follow":"follow","max-snippet":"max-snippet:-1","max-image-preview":"max-image-preview:large","max-video-preview":"max-video-preview:-1"},"canonical":"https:\/\/www.dsoverseas.com\/en\/search-engine-optimisation-offer\/","og_locale":"en_US","og_type":"article","og_title":"Search engine optimisation offer - Agence de communication et Marketing Digital Tunisie","og_description":"Search Engine Optimization offer, seo website, wordpress website optimization, offshore website optimization, cheap website optimization","og_url":"https:\/\/www.dsoverseas.com\/en\/search-engine-optimisation-offer\/","og_site_name":"Agence de communication et Marketing Digital Tunisie","article_publisher":"https:\/\/www.facebook.com\/Dsoverseasagency","article_modified_time":"2026-04-13T16:14:34+00:00","og_image":[{"width":386,"height":100,"url":"https:\/\/www.dsoverseas.com\/wp-content\/uploads\/2021\/01\/logo-2.png","type":"image\/png"}],"twitter_card":"summary_large_image","twitter_site":"@Ds_overseas","twitter_misc":{"Est. reading time":"3 minutes"},"schema":{"@context":"https:\/\/schema.org","@graph":[{"@type":"WebPage","@id":"https:\/\/www.dsoverseas.com\/en\/search-engine-optimisation-offer\/","url":"https:\/\/www.dsoverseas.com\/en\/search-engine-optimisation-offer\/","name":"Search engine optimisation offer - Agence de communication et Marketing Digital Tunisie","isPartOf":{"@id":"https:\/\/www.dsoverseas.com\/#website"},"datePublished":"2020-05-02T15:27:28+00:00","dateModified":"2026-04-13T16:14:34+00:00","description":"Search Engine Optimization offer, seo website, wordpress website optimization, offshore website optimization, cheap website optimization","breadcrumb":{"@id":"https:\/\/www.dsoverseas.com\/en\/search-engine-optimisation-offer\/#breadcrumb"},"inLanguage":"en-US","potentialAction":[{"@type":"ReadAction","target":["https:\/\/www.dsoverseas.com\/en\/search-engine-optimisation-offer\/"]}]},{"@type":"BreadcrumbList","@id":"https:\/\/www.dsoverseas.com\/en\/search-engine-optimisation-offer\/#breadcrumb","itemListElement":[{"@type":"ListItem","position":1,"name":"Accueil","item":"https:\/\/www.dsoverseas.com\/en\/"},{"@type":"ListItem","position":2,"name":"Search engine optimisation offer"}]},{"@type":"WebSite","@id":"https:\/\/www.dsoverseas.com\/#website","url":"https:\/\/www.dsoverseas.com\/","name":"Agence de communication et Marketing Digital","description":"agence de communication, conseil en communication, conception graphique, community Management, d\u00e9veloppement et conception site web, impressions num\u00e9riques, impressions offset, enseignes habillages et signal\u00e9tiques, agence \u00e9v\u00e9nementielle, Marketing Digital, r\u00e9seaux sociaux","publisher":{"@id":"https:\/\/www.dsoverseas.com\/#organization"},"potentialAction":[{"@type":"SearchAction","target":{"@type":"EntryPoint","urlTemplate":"https:\/\/www.dsoverseas.com\/?s={search_term_string}"},"query-input":{"@type":"PropertyValueSpecification","valueRequired":true,"valueName":"search_term_string"}}],"inLanguage":"en-US"},{"@type":"Organization","@id":"https:\/\/www.dsoverseas.com\/#organization","name":"DS Overseas","url":"https:\/\/www.dsoverseas.com\/","logo":{"@type":"ImageObject","inLanguage":"en-US","@id":"https:\/\/www.dsoverseas.com\/#\/schema\/logo\/image\/","url":"https:\/\/www.dsoverseas.com\/wp-content\/uploads\/2021\/01\/logo-2.png","contentUrl":"https:\/\/www.dsoverseas.com\/wp-content\/uploads\/2021\/01\/logo-2.png","width":386,"height":100,"caption":"DS Overseas"},"image":{"@id":"https:\/\/www.dsoverseas.com\/#\/schema\/logo\/image\/"},"sameAs":["https:\/\/www.facebook.com\/Dsoverseasagency","https:\/\/x.com\/Ds_overseas","https:\/\/www.instagram.com\/dsoverseas\/"]}]}},"_links":{"self":[{"href":"https:\/\/www.dsoverseas.com\/en\/wp-json\/wp\/v2\/pages\/10808","targetHints":{"allow":["GET"]}}],"collection":[{"href":"https:\/\/www.dsoverseas.com\/en\/wp-json\/wp\/v2\/pages"}],"about":[{"href":"https:\/\/www.dsoverseas.com\/en\/wp-json\/wp\/v2\/types\/page"}],"author":[{"embeddable":true,"href":"https:\/\/www.dsoverseas.com\/en\/wp-json\/wp\/v2\/users\/1"}],"replies":[{"embeddable":true,"href":"https:\/\/www.dsoverseas.com\/en\/wp-json\/wp\/v2\/comments?post=10808"}],"version-history":[{"count":3,"href":"https:\/\/www.dsoverseas.com\/en\/wp-json\/wp\/v2\/pages\/10808\/revisions"}],"predecessor-version":[{"id":10886,"href":"https:\/\/www.dsoverseas.com\/en\/wp-json\/wp\/v2\/pages\/10808\/revisions\/10886"}],"wp:featuredmedia":[{"embeddable":true,"href":"https:\/\/www.dsoverseas.com\/en\/wp-json\/"}],"wp:attachment":[{"href":"https:\/\/www.dsoverseas.com\/en\/wp-json\/wp\/v2\/media?parent=10808"}],"curies":[{"name":"wp","href":"https:\/\/api.w.org\/{rel}","templated":true}]}}