{"id":10819,"date":"2021-01-18T18:49:34","date_gmt":"2021-01-18T17:49:34","guid":{"rendered":"https:\/\/www.dsoverseas.com\/it-technology\/"},"modified":"2026-04-13T18:11:41","modified_gmt":"2026-04-13T16:11:41","slug":"it-technology","status":"publish","type":"page","link":"https:\/\/www.dsoverseas.com\/en\/it-technology\/","title":{"rendered":"IT, technology"},"content":{"rendered":"<div class=\"wpb-content-wrapper\"><p>[vc_row][vc_column][vc_custom_heading text=&#8221;IT, technology&#8221; font_container=&#8221;tag:h2|text_align:center&#8221; use_theme_fonts=&#8221;yes&#8221;][vc_column_text]<\/p>\n<p style=\"text-align: center;\">Here we present our references and experience with customers in the IT, technology and retail sectors.<\/p>\n<p>[\/vc_column_text][vc_row_inner][vc_column_inner width=&#8221;1\/2&#8243;][vc_column_text]<\/p>\n<h2>The IT sector, technology<\/h2>\n<p>The IT and technology sector is an important part of any country&#8217;s economy.<\/p>\n<p>It&#8217;s an <a href=\"https:\/\/fr.wikipedia.org\/wiki\/Industrie\" target=\"_blank\" rel=\"noopener\">industry<\/a> that tends to support other industries, both directly and indirectly, by enabling companies to be more productive, have more efficient supply chains and greater efficiency in general.<\/p>\n<p>Essentially, the IT and technology sector supports commercial sectors by providing the know-how and skills a country desperately needs to rapidly develop its entire economy.<\/p>\n<p>The computer and technology sector includes establishments whose main activity is the design, development, testing, creation or production of computer hardware and software.<\/p>\n<p>Activities may include the following: Research, design, development, engineering, programming or customization of computer hardware systems; Software programming; Information technology consulting; Design and integration; Systems analysis; Technical knowledge management; Information technology (IT) outsourcing services; Web masters; Database administration services; Network security monitoring services.[\/vc_column_text][\/vc_column_inner][vc_column_inner width=&#8221;1\/2&#8243;][vc_column_text]<\/p>\n<h2>Communications agency for the IT sector<\/h2>\n<p>Ds Overseas is a communications agency specializing in the IT and technology sector.<\/p>\n<p>We are able to support our customers in :<\/p>\n<ul>\n<li>strategic thinking to set up short, medium and long-term communication plans.<\/li>\n<li>Setting up a detailed media plan<\/li>\n<li>Visual analysis of our customers and suggestions for improvements in the overall charter<\/li>\n<li>Relevant analysis of markets, especially international markets (Europe, Africa, etc.)<\/li>\n<li>An array of state-of-the-art <a href=\"https:\/\/www.dsoverseas.com\/en\/digital-marketing\/\">digital marketing<\/a> services<\/li>\n<\/ul>\n<p>[\/vc_column_text][\/vc_column_inner][\/vc_row_inner][\/vc_column][\/vc_row][vc_row][vc_column][vc_basic_grid post_type=&#8221;portfolio&#8221; max_items=&#8221;-1&#8243; item=&#8221;masonryGrid_Default&#8221; grid_id=&#8221;vc_gid:1642340820235-a9b0f208-da8c-2&#8243; taxonomies=&#8221;29&#8243;][\/vc_column][\/vc_row]<\/p>\n<\/div>","protected":false},"excerpt":{"rendered":"<p>[vc_row][vc_column][vc_custom_heading text=&#8221;IT, technology&#8221; font_container=&#8221;tag:h2|text_align:center&#8221; use_theme_fonts=&#8221;yes&#8221;][vc_column_text] Here we present our references and experience with customers in the IT, technology and retail sectors. [\/vc_column_text][vc_row_inner][vc_column_inner width=&#8221;1\/2&#8243;][vc_column_text] The IT sector,<span class=\"excerpt-hellip\"> [\u2026]<\/span><\/p>\n","protected":false},"author":1,"featured_media":-1,"parent":0,"menu_order":0,"comment_status":"closed","ping_status":"closed","template":"","meta":{"rs_blank_template":"","rs_page_bg_color":"","slide_template_v7":"","footnotes":""},"class_list":["post-10819","page","type-page","status-publish","has-post-thumbnail","hentry"],"yoast_head":"<!-- This site is optimized with the Yoast SEO plugin v27.3 - https:\/\/yoast.com\/product\/yoast-seo-wordpress\/ -->\n<title>IT technology - Agence de communication et Marketing Digital Tunisie<\/title>\n<meta name=\"description\" content=\"IT technologie, reference ds overseas communication agency in the IT and technology sector\" \/>\n<meta name=\"robots\" content=\"index, follow, max-snippet:-1, max-image-preview:large, max-video-preview:-1\" \/>\n<link rel=\"canonical\" href=\"https:\/\/www.dsoverseas.com\/en\/it-technology\/\" \/>\n<meta property=\"og:locale\" content=\"en_US\" \/>\n<meta property=\"og:type\" content=\"article\" \/>\n<meta property=\"og:title\" content=\"IT technology - Agence de communication et Marketing Digital Tunisie\" \/>\n<meta property=\"og:description\" content=\"IT technologie, reference ds overseas communication agency in the IT and technology sector\" \/>\n<meta property=\"og:url\" content=\"https:\/\/www.dsoverseas.com\/en\/it-technology\/\" \/>\n<meta property=\"og:site_name\" content=\"Agence de communication et Marketing Digital Tunisie\" \/>\n<meta property=\"article:publisher\" content=\"https:\/\/www.facebook.com\/Dsoverseasagency\" \/>\n<meta property=\"article:modified_time\" content=\"2026-04-13T16:11:41+00:00\" \/>\n<meta property=\"og:image\" content=\"https:\/\/www.dsoverseas.com\/wp-content\/uploads\/2021\/01\/logo-2.png\" \/>\n\t<meta property=\"og:image:width\" content=\"386\" \/>\n\t<meta property=\"og:image:height\" content=\"100\" \/>\n\t<meta property=\"og:image:type\" content=\"image\/png\" \/>\n<meta name=\"twitter:card\" content=\"summary_large_image\" \/>\n<meta name=\"twitter:site\" content=\"@Ds_overseas\" \/>\n<meta name=\"twitter:label1\" content=\"Est. reading time\" \/>\n\t<meta name=\"twitter:data1\" content=\"2 minutes\" \/>\n<!-- \/ Yoast SEO plugin. -->","yoast_head_json":{"title":"IT technology - Agence de communication et Marketing Digital Tunisie","description":"IT technologie, reference ds overseas communication agency in the IT and technology sector","robots":{"index":"index","follow":"follow","max-snippet":"max-snippet:-1","max-image-preview":"max-image-preview:large","max-video-preview":"max-video-preview:-1"},"canonical":"https:\/\/www.dsoverseas.com\/en\/it-technology\/","og_locale":"en_US","og_type":"article","og_title":"IT technology - Agence de communication et Marketing Digital Tunisie","og_description":"IT technologie, reference ds overseas communication agency in the IT and technology sector","og_url":"https:\/\/www.dsoverseas.com\/en\/it-technology\/","og_site_name":"Agence de communication et Marketing Digital Tunisie","article_publisher":"https:\/\/www.facebook.com\/Dsoverseasagency","article_modified_time":"2026-04-13T16:11:41+00:00","og_image":[{"width":386,"height":100,"url":"https:\/\/www.dsoverseas.com\/wp-content\/uploads\/2021\/01\/logo-2.png","type":"image\/png"}],"twitter_card":"summary_large_image","twitter_site":"@Ds_overseas","twitter_misc":{"Est. reading time":"2 minutes"},"schema":{"@context":"https:\/\/schema.org","@graph":[{"@type":"WebPage","@id":"https:\/\/www.dsoverseas.com\/en\/it-technology\/","url":"https:\/\/www.dsoverseas.com\/en\/it-technology\/","name":"IT technology - Agence de communication et Marketing Digital Tunisie","isPartOf":{"@id":"https:\/\/www.dsoverseas.com\/#website"},"datePublished":"2021-01-18T17:49:34+00:00","dateModified":"2026-04-13T16:11:41+00:00","description":"IT technologie, reference ds overseas communication agency in the IT and technology sector","breadcrumb":{"@id":"https:\/\/www.dsoverseas.com\/en\/it-technology\/#breadcrumb"},"inLanguage":"en-US","potentialAction":[{"@type":"ReadAction","target":["https:\/\/www.dsoverseas.com\/en\/it-technology\/"]}]},{"@type":"BreadcrumbList","@id":"https:\/\/www.dsoverseas.com\/en\/it-technology\/#breadcrumb","itemListElement":[{"@type":"ListItem","position":1,"name":"Accueil","item":"https:\/\/www.dsoverseas.com\/en\/"},{"@type":"ListItem","position":2,"name":"IT, technology"}]},{"@type":"WebSite","@id":"https:\/\/www.dsoverseas.com\/#website","url":"https:\/\/www.dsoverseas.com\/","name":"Agence de communication et Marketing Digital","description":"agence de communication, conseil en communication, conception graphique, community Management, d\u00e9veloppement et conception site web, impressions num\u00e9riques, impressions offset, enseignes habillages et signal\u00e9tiques, agence \u00e9v\u00e9nementielle, Marketing Digital, r\u00e9seaux sociaux","publisher":{"@id":"https:\/\/www.dsoverseas.com\/#organization"},"potentialAction":[{"@type":"SearchAction","target":{"@type":"EntryPoint","urlTemplate":"https:\/\/www.dsoverseas.com\/?s={search_term_string}"},"query-input":{"@type":"PropertyValueSpecification","valueRequired":true,"valueName":"search_term_string"}}],"inLanguage":"en-US"},{"@type":"Organization","@id":"https:\/\/www.dsoverseas.com\/#organization","name":"DS Overseas","url":"https:\/\/www.dsoverseas.com\/","logo":{"@type":"ImageObject","inLanguage":"en-US","@id":"https:\/\/www.dsoverseas.com\/#\/schema\/logo\/image\/","url":"https:\/\/www.dsoverseas.com\/wp-content\/uploads\/2021\/01\/logo-2.png","contentUrl":"https:\/\/www.dsoverseas.com\/wp-content\/uploads\/2021\/01\/logo-2.png","width":386,"height":100,"caption":"DS Overseas"},"image":{"@id":"https:\/\/www.dsoverseas.com\/#\/schema\/logo\/image\/"},"sameAs":["https:\/\/www.facebook.com\/Dsoverseasagency","https:\/\/x.com\/Ds_overseas","https:\/\/www.instagram.com\/dsoverseas\/"]}]}},"_links":{"self":[{"href":"https:\/\/www.dsoverseas.com\/en\/wp-json\/wp\/v2\/pages\/10819","targetHints":{"allow":["GET"]}}],"collection":[{"href":"https:\/\/www.dsoverseas.com\/en\/wp-json\/wp\/v2\/pages"}],"about":[{"href":"https:\/\/www.dsoverseas.com\/en\/wp-json\/wp\/v2\/types\/page"}],"author":[{"embeddable":true,"href":"https:\/\/www.dsoverseas.com\/en\/wp-json\/wp\/v2\/users\/1"}],"replies":[{"embeddable":true,"href":"https:\/\/www.dsoverseas.com\/en\/wp-json\/wp\/v2\/comments?post=10819"}],"version-history":[{"count":5,"href":"https:\/\/www.dsoverseas.com\/en\/wp-json\/wp\/v2\/pages\/10819\/revisions"}],"predecessor-version":[{"id":10854,"href":"https:\/\/www.dsoverseas.com\/en\/wp-json\/wp\/v2\/pages\/10819\/revisions\/10854"}],"wp:featuredmedia":[{"embeddable":true,"href":"https:\/\/www.dsoverseas.com\/en\/wp-json\/"}],"wp:attachment":[{"href":"https:\/\/www.dsoverseas.com\/en\/wp-json\/wp\/v2\/media?parent=10819"}],"curies":[{"name":"wp","href":"https:\/\/api.w.org\/{rel}","templated":true}]}}