{"id":10820,"date":"2021-01-18T18:31:55","date_gmt":"2021-01-18T17:31:55","guid":{"rendered":"https:\/\/www.dsoverseas.com\/embassies\/"},"modified":"2026-04-13T18:08:44","modified_gmt":"2026-04-13T16:08:44","slug":"embassies","status":"publish","type":"page","link":"https:\/\/www.dsoverseas.com\/en\/embassies\/","title":{"rendered":"Embassies"},"content":{"rendered":"<div class=\"wpb-content-wrapper\"><p>[vc_row][vc_column][vc_custom_heading text=&#8221;Embassies&#8221; font_container=&#8221;tag:h2|text_align:center&#8221; use_theme_fonts=&#8221;yes&#8221;][vc_column_text]<\/p>\n<p style=\"text-align: center;\">Here we present our references and experience with customers from embassies and diplomatic representations in Tunisia.<\/p>\n<p>[\/vc_column_text][vc_row_inner][vc_column_inner width=&#8221;1\/2&#8243;][vc_column_text]<\/p>\n<h2>Embassies and diplomatic representations in Tunisia<\/h2>\n<p>Our <a href=\"https:\/\/www.dsoverseas.com\/services\/agence-de-communication\/\">communications agency<\/a> has extensive expertise with several foreign embassies in Tunisia.<\/p>\n<p>Tunisia stands out among Arab states for the number of its <a href=\"https:\/\/fr.wikipedia.org\/wiki\/Repr%C3%A9sentations_diplomatiques_de_la_Tunisie\" target=\"_blank\" rel=\"noopener\">diplomatic missions<\/a>. It currently hosts the largest number of embassies in North Africa, in addition to numerous consulates.<\/p>\n<p>The majority of countries have a resident embassy and ambassador in Tunis; some countries have upgraded their mission to &#8220;liaison&#8221; or &#8220;representation&#8221; status; 16 countries also have non-resident embassies accredited from other capitals.<\/p>\n<p>&nbsp;<\/p>\n<p>&nbsp;<\/p>\n<p>[\/vc_column_text][\/vc_column_inner][vc_column_inner width=&#8221;1\/2&#8243;][vc_column_text]<\/p>\n<h2>Communication agency for embassies<\/h2>\n<p>Our agency has taken on assignments with the following embassies:<\/p>\n<ul>\n<li>the united states of america<\/li>\n<li>Brazil<\/li>\n<li>Portugal<\/li>\n<li>Spain<\/li>\n<li>Japan<\/li>\n<li>Germany (through AHK and GIZ, CORP project)<\/li>\n<\/ul>\n<p>In addition to the expertise we need to satisfy customers on this scale, working with embassies requires a great deal of discretion and data protection.<\/p>\n<p>Data protection is one of the most difficult challenges facing any organization today.<\/p>\n<p>As communications agencies, we&#8217;re faced with vast quantities of customer data, which we have to store, process and move around to fulfill our mission.<\/p>\n<p>The legal environment surrounding this data is complex and constantly evolving.<\/p>\n<p>Data protection is a legal issue that every company needs to be aware of. When you launch a campaign, it&#8217;s important to put protective measures in place right from the start.<\/p>\n<p>You must protect your customer&#8217;s data and ensure that all the information you provide is correct.[\/vc_column_text][\/vc_column_inner][\/vc_row_inner][\/vc_column][\/vc_row][vc_row][vc_column][vc_basic_grid post_type=&#8221;portfolio&#8221; max_items=&#8221;-1&#8243; element_width=&#8221;6&#8243; item=&#8221;masonryGrid_Default&#8221; grid_id=&#8221;vc_gid:1642076111474-c98bb492-9679-7&#8243; taxonomies=&#8221;31&#8243;][\/vc_column][\/vc_row]<\/p>\n<\/div>","protected":false},"excerpt":{"rendered":"<p>[vc_row][vc_column][vc_custom_heading text=&#8221;Embassies&#8221; font_container=&#8221;tag:h2|text_align:center&#8221; use_theme_fonts=&#8221;yes&#8221;][vc_column_text] Here we present our references and experience with customers from embassies and diplomatic representations in Tunisia. [\/vc_column_text][vc_row_inner][vc_column_inner width=&#8221;1\/2&#8243;][vc_column_text] Embassies and diplomatic representations<span class=\"excerpt-hellip\"> [\u2026]<\/span><\/p>\n","protected":false},"author":1,"featured_media":-1,"parent":0,"menu_order":0,"comment_status":"closed","ping_status":"closed","template":"","meta":{"rs_blank_template":"","rs_page_bg_color":"","slide_template_v7":"","footnotes":""},"class_list":["post-10820","page","type-page","status-publish","has-post-thumbnail","hentry"],"yoast_head":"<!-- This site is optimized with the Yoast SEO plugin v27.3 - https:\/\/yoast.com\/product\/yoast-seo-wordpress\/ -->\n<title>Embassies - Agence de communication et Marketing Digital Tunisie<\/title>\n<meta name=\"description\" content=\"Ambassades, reference ds overseas communication agency offshore with Embassies, business sectors diplomatic expeditions\" \/>\n<meta name=\"robots\" content=\"index, follow, max-snippet:-1, max-image-preview:large, max-video-preview:-1\" \/>\n<link rel=\"canonical\" href=\"https:\/\/www.dsoverseas.com\/en\/embassies\/\" \/>\n<meta property=\"og:locale\" content=\"en_US\" \/>\n<meta property=\"og:type\" content=\"article\" \/>\n<meta property=\"og:title\" content=\"Embassies - Agence de communication et Marketing Digital Tunisie\" \/>\n<meta property=\"og:description\" content=\"Ambassades, reference ds overseas communication agency offshore with Embassies, business sectors diplomatic expeditions\" \/>\n<meta property=\"og:url\" content=\"https:\/\/www.dsoverseas.com\/en\/embassies\/\" \/>\n<meta property=\"og:site_name\" content=\"Agence de communication et Marketing Digital Tunisie\" \/>\n<meta property=\"article:publisher\" content=\"https:\/\/www.facebook.com\/Dsoverseasagency\" \/>\n<meta property=\"article:modified_time\" content=\"2026-04-13T16:08:44+00:00\" \/>\n<meta property=\"og:image\" content=\"https:\/\/www.dsoverseas.com\/wp-content\/uploads\/2021\/01\/logo-2.png\" \/>\n\t<meta property=\"og:image:width\" content=\"386\" \/>\n\t<meta property=\"og:image:height\" content=\"100\" \/>\n\t<meta property=\"og:image:type\" content=\"image\/png\" \/>\n<meta name=\"twitter:card\" content=\"summary_large_image\" \/>\n<meta name=\"twitter:site\" content=\"@Ds_overseas\" \/>\n<meta name=\"twitter:label1\" content=\"Est. reading time\" \/>\n\t<meta name=\"twitter:data1\" content=\"2 minutes\" \/>\n<!-- \/ Yoast SEO plugin. -->","yoast_head_json":{"title":"Embassies - Agence de communication et Marketing Digital Tunisie","description":"Ambassades, reference ds overseas communication agency offshore with Embassies, business sectors diplomatic expeditions","robots":{"index":"index","follow":"follow","max-snippet":"max-snippet:-1","max-image-preview":"max-image-preview:large","max-video-preview":"max-video-preview:-1"},"canonical":"https:\/\/www.dsoverseas.com\/en\/embassies\/","og_locale":"en_US","og_type":"article","og_title":"Embassies - Agence de communication et Marketing Digital Tunisie","og_description":"Ambassades, reference ds overseas communication agency offshore with Embassies, business sectors diplomatic expeditions","og_url":"https:\/\/www.dsoverseas.com\/en\/embassies\/","og_site_name":"Agence de communication et Marketing Digital Tunisie","article_publisher":"https:\/\/www.facebook.com\/Dsoverseasagency","article_modified_time":"2026-04-13T16:08:44+00:00","og_image":[{"width":386,"height":100,"url":"https:\/\/www.dsoverseas.com\/wp-content\/uploads\/2021\/01\/logo-2.png","type":"image\/png"}],"twitter_card":"summary_large_image","twitter_site":"@Ds_overseas","twitter_misc":{"Est. reading time":"2 minutes"},"schema":{"@context":"https:\/\/schema.org","@graph":[{"@type":"WebPage","@id":"https:\/\/www.dsoverseas.com\/en\/embassies\/","url":"https:\/\/www.dsoverseas.com\/en\/embassies\/","name":"Embassies - Agence de communication et Marketing Digital Tunisie","isPartOf":{"@id":"https:\/\/www.dsoverseas.com\/#website"},"datePublished":"2021-01-18T17:31:55+00:00","dateModified":"2026-04-13T16:08:44+00:00","description":"Ambassades, reference ds overseas communication agency offshore with Embassies, business sectors diplomatic expeditions","breadcrumb":{"@id":"https:\/\/www.dsoverseas.com\/en\/embassies\/#breadcrumb"},"inLanguage":"en-US","potentialAction":[{"@type":"ReadAction","target":["https:\/\/www.dsoverseas.com\/en\/embassies\/"]}]},{"@type":"BreadcrumbList","@id":"https:\/\/www.dsoverseas.com\/en\/embassies\/#breadcrumb","itemListElement":[{"@type":"ListItem","position":1,"name":"Accueil","item":"https:\/\/www.dsoverseas.com\/en\/"},{"@type":"ListItem","position":2,"name":"Embassies"}]},{"@type":"WebSite","@id":"https:\/\/www.dsoverseas.com\/#website","url":"https:\/\/www.dsoverseas.com\/","name":"Agence de communication et Marketing Digital","description":"agence de communication, conseil en communication, conception graphique, community Management, d\u00e9veloppement et conception site web, impressions num\u00e9riques, impressions offset, enseignes habillages et signal\u00e9tiques, agence \u00e9v\u00e9nementielle, Marketing Digital, r\u00e9seaux sociaux","publisher":{"@id":"https:\/\/www.dsoverseas.com\/#organization"},"potentialAction":[{"@type":"SearchAction","target":{"@type":"EntryPoint","urlTemplate":"https:\/\/www.dsoverseas.com\/?s={search_term_string}"},"query-input":{"@type":"PropertyValueSpecification","valueRequired":true,"valueName":"search_term_string"}}],"inLanguage":"en-US"},{"@type":"Organization","@id":"https:\/\/www.dsoverseas.com\/#organization","name":"DS Overseas","url":"https:\/\/www.dsoverseas.com\/","logo":{"@type":"ImageObject","inLanguage":"en-US","@id":"https:\/\/www.dsoverseas.com\/#\/schema\/logo\/image\/","url":"https:\/\/www.dsoverseas.com\/wp-content\/uploads\/2021\/01\/logo-2.png","contentUrl":"https:\/\/www.dsoverseas.com\/wp-content\/uploads\/2021\/01\/logo-2.png","width":386,"height":100,"caption":"DS Overseas"},"image":{"@id":"https:\/\/www.dsoverseas.com\/#\/schema\/logo\/image\/"},"sameAs":["https:\/\/www.facebook.com\/Dsoverseasagency","https:\/\/x.com\/Ds_overseas","https:\/\/www.instagram.com\/dsoverseas\/"]}]}},"_links":{"self":[{"href":"https:\/\/www.dsoverseas.com\/en\/wp-json\/wp\/v2\/pages\/10820","targetHints":{"allow":["GET"]}}],"collection":[{"href":"https:\/\/www.dsoverseas.com\/en\/wp-json\/wp\/v2\/pages"}],"about":[{"href":"https:\/\/www.dsoverseas.com\/en\/wp-json\/wp\/v2\/types\/page"}],"author":[{"embeddable":true,"href":"https:\/\/www.dsoverseas.com\/en\/wp-json\/wp\/v2\/users\/1"}],"replies":[{"embeddable":true,"href":"https:\/\/www.dsoverseas.com\/en\/wp-json\/wp\/v2\/comments?post=10820"}],"version-history":[{"count":3,"href":"https:\/\/www.dsoverseas.com\/en\/wp-json\/wp\/v2\/pages\/10820\/revisions"}],"predecessor-version":[{"id":10880,"href":"https:\/\/www.dsoverseas.com\/en\/wp-json\/wp\/v2\/pages\/10820\/revisions\/10880"}],"wp:featuredmedia":[{"embeddable":true,"href":"https:\/\/www.dsoverseas.com\/en\/wp-json\/"}],"wp:attachment":[{"href":"https:\/\/www.dsoverseas.com\/en\/wp-json\/wp\/v2\/media?parent=10820"}],"curies":[{"name":"wp","href":"https:\/\/api.w.org\/{rel}","templated":true}]}}