{"id":10829,"date":"2021-01-18T18:34:44","date_gmt":"2021-01-18T17:34:44","guid":{"rendered":"https:\/\/www.dsoverseas.com\/call-center-and-customer-relations\/"},"modified":"2026-04-13T18:05:41","modified_gmt":"2026-04-13T16:05:41","slug":"call-center-and-customer-relations","status":"publish","type":"page","link":"https:\/\/www.dsoverseas.com\/en\/call-center-and-customer-relations\/","title":{"rendered":"Call Center and Customer Relations"},"content":{"rendered":"<div class=\"wpb-content-wrapper\"><p>[vc_row][vc_column][vc_empty_space height=&#8221;75&#8243;][vc_custom_heading text=&#8221;Call center and customer relations&#8221; font_container=&#8221;tag:h2|text_align:center&#8221; use_theme_fonts=&#8221;yes&#8221;][vc_column_text]<\/p>\n<p style=\"text-align: center;\">Here we present our references and experiences with customers in the Call Center and Customer Relations sector.<\/p>\n<p>[\/vc_column_text][vc_row_inner][vc_column_inner width=&#8221;1\/2&#8243;][vc_column_text]<\/p>\n<h2>What is a call center?<\/h2>\n<p>A company whose business is providing customer assistance is known as a call center.<\/p>\n<p>It can be any product, service or sector of activity.<\/p>\n<p>A cell phone provider&#8217;s call and customer relations center can answer questions about phone operation or billing, for example; an airline&#8217;s call center will provide reservations and other services.<\/p>\n<p>A call center is a central facility that receives, processes and routes calls, faxes and e-mails to a company&#8217;s employees.<\/p>\n<p>It is a central element of a customer relationship management system. Call centers are used by many companies in virtually every industry and sector.<\/p>\n<p>The distinction between contact centers and call centers is vague, as the term<a href=\"https:\/\/fr.wikipedia.org\/wiki\/Centre_d%27appel\" target=\"_blank\" rel=\"noopener\">&#8220;call center<\/a>&#8221; is frequently applied to both.[\/vc_column_text][\/vc_column_inner][vc_column_inner width=&#8221;1\/2&#8243;][vc_column_text]<\/p>\n<h2>Communications agency for call centers and customer relations<\/h2>\n<p>Ds Overseas is an agency specializing in call center project management. Our agency has handled the following operations:<\/p>\n<ul>\n<li><a href=\"https:\/\/www.dsoverseas.com\/services\/impressions-offset\/\">offset printing of<\/a> administrative and commercial documents: business cards, brochures, leaflets, letterheads, notepads, document holders, etc.<\/li>\n<li>small-format and large-format digital printing: blind wall, tray cladding, office cladding, etc.<\/li>\n<li>portable structures: Roll-up, L-Banner, pop-up image wall<\/li>\n<li>signs: large format signs, flag signs, office signage<\/li>\n<li>corporate giftware<\/li>\n<li>Event organization<\/li>\n<li>Offline media management and campaigns<\/li>\n<li>Digital marketing campaign management<\/li>\n<li>Web technology and website design and development<\/li>\n<li>Natural website referencing<\/li>\n<\/ul>\n<p>Our agency has over 18 years&#8217; experience in this field, working with industry pioneers such as PhoneControl, Expert Call Center, Outsourcing Call Center, &#8230;[\/vc_column_text][\/vc_column_inner][\/vc_row_inner][\/vc_column][\/vc_row][vc_row][vc_column][vc_basic_grid post_type=&#8221;portfolio&#8221; max_items=&#8221;-1&#8243; item=&#8221;masonryGrid_Default&#8221; grid_id=&#8221;vc_gid:1755697109106-55a0dc40-62fa-7&#8243; taxonomies=&#8221;30&#8243;][\/vc_column][\/vc_row]<\/p>\n<\/div>","protected":false},"excerpt":{"rendered":"<p>[vc_row][vc_column][vc_empty_space height=&#8221;75&#8243;][vc_custom_heading text=&#8221;Call center and customer relations&#8221; font_container=&#8221;tag:h2|text_align:center&#8221; use_theme_fonts=&#8221;yes&#8221;][vc_column_text] Here we present our references and experiences with customers in the Call Center and Customer Relations sector.<span class=\"excerpt-hellip\"> [\u2026]<\/span><\/p>\n","protected":false},"author":1,"featured_media":-1,"parent":0,"menu_order":0,"comment_status":"closed","ping_status":"closed","template":"","meta":{"rs_blank_template":"","rs_page_bg_color":"","slide_template_v7":"","footnotes":""},"class_list":["post-10829","page","type-page","status-publish","has-post-thumbnail","hentry"],"yoast_head":"<!-- This site is optimized with the Yoast SEO plugin v27.3 - https:\/\/yoast.com\/product\/yoast-seo-wordpress\/ -->\n<title>Call Center and Customer Relations - Agence de communication et Marketing Digital Tunisie<\/title>\n<meta name=\"description\" content=\"Center d&#039;appels et Relation Client, reference ds overseas communication agency offshore with Call Center and Customer Relations\" \/>\n<meta name=\"robots\" content=\"index, follow, max-snippet:-1, max-image-preview:large, max-video-preview:-1\" \/>\n<link rel=\"canonical\" href=\"https:\/\/www.dsoverseas.com\/en\/call-center-and-customer-relations\/\" \/>\n<meta property=\"og:locale\" content=\"en_US\" \/>\n<meta property=\"og:type\" content=\"article\" \/>\n<meta property=\"og:title\" content=\"Call Center and Customer Relations - Agence de communication et Marketing Digital Tunisie\" \/>\n<meta property=\"og:description\" content=\"Center d&#039;appels et Relation Client, reference ds overseas communication agency offshore with Call Center and Customer Relations\" \/>\n<meta property=\"og:url\" content=\"https:\/\/www.dsoverseas.com\/en\/call-center-and-customer-relations\/\" \/>\n<meta property=\"og:site_name\" content=\"Agence de communication et Marketing Digital Tunisie\" \/>\n<meta property=\"article:publisher\" content=\"https:\/\/www.facebook.com\/Dsoverseasagency\" \/>\n<meta property=\"article:modified_time\" content=\"2026-04-13T16:05:41+00:00\" \/>\n<meta property=\"og:image\" content=\"https:\/\/www.dsoverseas.com\/wp-content\/uploads\/2021\/01\/logo-2.png\" \/>\n\t<meta property=\"og:image:width\" content=\"386\" \/>\n\t<meta property=\"og:image:height\" content=\"100\" \/>\n\t<meta property=\"og:image:type\" content=\"image\/png\" \/>\n<meta name=\"twitter:card\" content=\"summary_large_image\" \/>\n<meta name=\"twitter:site\" content=\"@Ds_overseas\" \/>\n<meta name=\"twitter:label1\" content=\"Est. reading time\" \/>\n\t<meta name=\"twitter:data1\" content=\"2 minutes\" \/>\n<!-- \/ Yoast SEO plugin. -->","yoast_head_json":{"title":"Call Center and Customer Relations - Agence de communication et Marketing Digital Tunisie","description":"Center d'appels et Relation Client, reference ds overseas communication agency offshore with Call Center and Customer Relations","robots":{"index":"index","follow":"follow","max-snippet":"max-snippet:-1","max-image-preview":"max-image-preview:large","max-video-preview":"max-video-preview:-1"},"canonical":"https:\/\/www.dsoverseas.com\/en\/call-center-and-customer-relations\/","og_locale":"en_US","og_type":"article","og_title":"Call Center and Customer Relations - Agence de communication et Marketing Digital Tunisie","og_description":"Center d'appels et Relation Client, reference ds overseas communication agency offshore with Call Center and Customer Relations","og_url":"https:\/\/www.dsoverseas.com\/en\/call-center-and-customer-relations\/","og_site_name":"Agence de communication et Marketing Digital Tunisie","article_publisher":"https:\/\/www.facebook.com\/Dsoverseasagency","article_modified_time":"2026-04-13T16:05:41+00:00","og_image":[{"width":386,"height":100,"url":"https:\/\/www.dsoverseas.com\/wp-content\/uploads\/2021\/01\/logo-2.png","type":"image\/png"}],"twitter_card":"summary_large_image","twitter_site":"@Ds_overseas","twitter_misc":{"Est. reading time":"2 minutes"},"schema":{"@context":"https:\/\/schema.org","@graph":[{"@type":"WebPage","@id":"https:\/\/www.dsoverseas.com\/en\/call-center-and-customer-relations\/","url":"https:\/\/www.dsoverseas.com\/en\/call-center-and-customer-relations\/","name":"Call Center and Customer Relations - Agence de communication et Marketing Digital Tunisie","isPartOf":{"@id":"https:\/\/www.dsoverseas.com\/#website"},"datePublished":"2021-01-18T17:34:44+00:00","dateModified":"2026-04-13T16:05:41+00:00","description":"Center d'appels et Relation Client, reference ds overseas communication agency offshore with Call Center and Customer Relations","breadcrumb":{"@id":"https:\/\/www.dsoverseas.com\/en\/call-center-and-customer-relations\/#breadcrumb"},"inLanguage":"en-US","potentialAction":[{"@type":"ReadAction","target":["https:\/\/www.dsoverseas.com\/en\/call-center-and-customer-relations\/"]}]},{"@type":"BreadcrumbList","@id":"https:\/\/www.dsoverseas.com\/en\/call-center-and-customer-relations\/#breadcrumb","itemListElement":[{"@type":"ListItem","position":1,"name":"Accueil","item":"https:\/\/www.dsoverseas.com\/en\/"},{"@type":"ListItem","position":2,"name":"Call Center and Customer Relations"}]},{"@type":"WebSite","@id":"https:\/\/www.dsoverseas.com\/#website","url":"https:\/\/www.dsoverseas.com\/","name":"Agence de communication et Marketing Digital","description":"agence de communication, conseil en communication, conception graphique, community Management, d\u00e9veloppement et conception site web, impressions num\u00e9riques, impressions offset, enseignes habillages et signal\u00e9tiques, agence \u00e9v\u00e9nementielle, Marketing Digital, r\u00e9seaux sociaux","publisher":{"@id":"https:\/\/www.dsoverseas.com\/#organization"},"potentialAction":[{"@type":"SearchAction","target":{"@type":"EntryPoint","urlTemplate":"https:\/\/www.dsoverseas.com\/?s={search_term_string}"},"query-input":{"@type":"PropertyValueSpecification","valueRequired":true,"valueName":"search_term_string"}}],"inLanguage":"en-US"},{"@type":"Organization","@id":"https:\/\/www.dsoverseas.com\/#organization","name":"DS Overseas","url":"https:\/\/www.dsoverseas.com\/","logo":{"@type":"ImageObject","inLanguage":"en-US","@id":"https:\/\/www.dsoverseas.com\/#\/schema\/logo\/image\/","url":"https:\/\/www.dsoverseas.com\/wp-content\/uploads\/2021\/01\/logo-2.png","contentUrl":"https:\/\/www.dsoverseas.com\/wp-content\/uploads\/2021\/01\/logo-2.png","width":386,"height":100,"caption":"DS Overseas"},"image":{"@id":"https:\/\/www.dsoverseas.com\/#\/schema\/logo\/image\/"},"sameAs":["https:\/\/www.facebook.com\/Dsoverseasagency","https:\/\/x.com\/Ds_overseas","https:\/\/www.instagram.com\/dsoverseas\/"]}]}},"_links":{"self":[{"href":"https:\/\/www.dsoverseas.com\/en\/wp-json\/wp\/v2\/pages\/10829","targetHints":{"allow":["GET"]}}],"collection":[{"href":"https:\/\/www.dsoverseas.com\/en\/wp-json\/wp\/v2\/pages"}],"about":[{"href":"https:\/\/www.dsoverseas.com\/en\/wp-json\/wp\/v2\/types\/page"}],"author":[{"embeddable":true,"href":"https:\/\/www.dsoverseas.com\/en\/wp-json\/wp\/v2\/users\/1"}],"replies":[{"embeddable":true,"href":"https:\/\/www.dsoverseas.com\/en\/wp-json\/wp\/v2\/comments?post=10829"}],"version-history":[{"count":3,"href":"https:\/\/www.dsoverseas.com\/en\/wp-json\/wp\/v2\/pages\/10829\/revisions"}],"predecessor-version":[{"id":10874,"href":"https:\/\/www.dsoverseas.com\/en\/wp-json\/wp\/v2\/pages\/10829\/revisions\/10874"}],"wp:featuredmedia":[{"embeddable":true,"href":"https:\/\/www.dsoverseas.com\/en\/wp-json\/"}],"wp:attachment":[{"href":"https:\/\/www.dsoverseas.com\/en\/wp-json\/wp\/v2\/media?parent=10829"}],"curies":[{"name":"wp","href":"https:\/\/api.w.org\/{rel}","templated":true}]}}