{"id":10840,"date":"2021-01-18T18:44:31","date_gmt":"2021-01-18T17:44:31","guid":{"rendered":"https:\/\/www.dsoverseas.com\/plastics-industry\/"},"modified":"2026-04-13T18:37:59","modified_gmt":"2026-04-13T16:37:59","slug":"plastics-industry","status":"publish","type":"page","link":"https:\/\/www.dsoverseas.com\/en\/plastics-industry\/","title":{"rendered":"Plastics Industry"},"content":{"rendered":"<div class=\"wpb-content-wrapper\"><p>[vc_row][vc_column][vc_empty_space height=&#8221;75&#8243;][vc_custom_heading text=&#8221;Plastics Industry&#8221; font_container=&#8221;tag:h2|text_align:center&#8221; use_theme_fonts=&#8221;yes&#8221;][vc_column_text]<\/p>\n<p style=\"text-align: center;\">Here we present our references and experience with customers in the Plastics Industry.<\/p>\n<p>[\/vc_column_text][vc_row_inner][vc_column_inner width=&#8221;1\/2&#8243;][vc_column_text]<\/p>\n<h2>Plastics Industry<\/h2>\n<p>The plastics industry is one of the largest in the world. It is estimated that over 13 billion pounds of plastic are produced every year in the United States alone.<\/p>\n<p>Plastic is the most widely used material in the world, and is essential in consumer goods, furniture, medicine and construction.<\/p>\n<p>The annual market value of the European plastics industry has reached 300 billion euros. 80% of all consumer goods contain plastic.<\/p>\n<p>Most <a href=\"https:\/\/fr.wikipedia.org\/wiki\/Mati%C3%A8re_plastique\" target=\"_blank\" rel=\"noopener\">plastics<\/a> are generally classified as high-density polyethylene (HDPE), low-density polyethylene (LDPE), polypropylene (PP) and polyvinyl chloride (PVC).<\/p>\n<p>Polyethylenes are produced in a variety of forms. Low-density polyethylene is most often injection-molded to form large parts, such as garbage cans, drum bodies and gutters; however, it can also be extruded into film used for industrial packaging and bags.<\/p>\n<p>High-density polyethylene is formed by blending up to 15% of other materials to obtain particular characteristics or properties. It is used to produce clear plastic plates, cups and utensils that are both strong and robust, but in smaller quantities than LDPE.<\/p>\n<p>[\/vc_column_text][\/vc_column_inner][vc_column_inner width=&#8221;1\/2&#8243;][vc_column_text]<\/p>\n<h2>Communications agency for the plastics industry<\/h2>\n<p>Ds Overseas, a communications agency for the plastics industry, has provided a number of services to this sector, including :<\/p>\n<ul>\n<li>Offset and digital printing of commercial and administrative documents<\/li>\n<li>On-site <a href=\"https:\/\/www.dsoverseas.com\/services\/communication-evenementielle\/photographie-pour-entreprise\/\" target=\"_blank\" rel=\"noopener\">photography<\/a> (old and new factories)<\/li>\n<li>Complete production site signage in Tunis<\/li>\n<li>The design of a corporate brochure in its first version and its redesign after 5 years of use<\/li>\n<li><a href=\"https:\/\/www.dsoverseas.com\/services\/conception-et-developpement-site-web\/\">Website<\/a> design and redesign after 5 years of operation<\/li>\n<\/ul>\n<p>Our communications agency and its team are at your disposal to discuss your plans for implementing a relevant communications strategy and an effective communications plan completely dedicated to this plastics industry.[\/vc_column_text][\/vc_column_inner][\/vc_row_inner][\/vc_column][\/vc_row][vc_row][vc_column][vc_basic_grid post_type=&#8221;portfolio&#8221; max_items=&#8221;-1&#8243; item=&#8221;masonryGrid_Default&#8221; grid_id=&#8221;vc_gid:1755695485456-cc67ecd1-8c1a-10&#8243; taxonomies=&#8221;27&#8243;][\/vc_column][\/vc_row]<\/p>\n<\/div>","protected":false},"excerpt":{"rendered":"<p>[vc_row][vc_column][vc_empty_space height=&#8221;75&#8243;][vc_custom_heading text=&#8221;Plastics Industry&#8221; font_container=&#8221;tag:h2|text_align:center&#8221; use_theme_fonts=&#8221;yes&#8221;][vc_column_text] Here we present our references and experience with customers in the Plastics Industry. [\/vc_column_text][vc_row_inner][vc_column_inner width=&#8221;1\/2&#8243;][vc_column_text] Plastics Industry The plastics industry<span class=\"excerpt-hellip\"> [\u2026]<\/span><\/p>\n","protected":false},"author":1,"featured_media":-1,"parent":0,"menu_order":0,"comment_status":"closed","ping_status":"closed","template":"","meta":{"rs_blank_template":"","rs_page_bg_color":"","slide_template_v7":"","footnotes":""},"class_list":["post-10840","page","type-page","status-publish","has-post-thumbnail","hentry"],"yoast_head":"<!-- This site is optimized with the Yoast SEO plugin v27.3 - https:\/\/yoast.com\/product\/yoast-seo-wordpress\/ -->\n<title>Plastics Industry - Agence de communication et Marketing Digital Tunisie<\/title>\n<meta name=\"description\" content=\"Industrie du Plastique, reference ds overseas communication agency with the Plastics Industry sector\" \/>\n<meta name=\"robots\" content=\"index, follow, max-snippet:-1, max-image-preview:large, max-video-preview:-1\" \/>\n<link rel=\"canonical\" href=\"https:\/\/www.dsoverseas.com\/en\/plastics-industry\/\" \/>\n<meta property=\"og:locale\" content=\"en_US\" \/>\n<meta property=\"og:type\" content=\"article\" \/>\n<meta property=\"og:title\" content=\"Plastics Industry - Agence de communication et Marketing Digital Tunisie\" \/>\n<meta property=\"og:description\" content=\"Industrie du Plastique, reference ds overseas communication agency with the Plastics Industry sector\" \/>\n<meta property=\"og:url\" content=\"https:\/\/www.dsoverseas.com\/en\/plastics-industry\/\" \/>\n<meta property=\"og:site_name\" content=\"Agence de communication et Marketing Digital Tunisie\" \/>\n<meta property=\"article:publisher\" content=\"https:\/\/www.facebook.com\/Dsoverseasagency\" \/>\n<meta property=\"article:modified_time\" content=\"2026-04-13T16:37:59+00:00\" \/>\n<meta property=\"og:image\" content=\"https:\/\/www.dsoverseas.com\/wp-content\/uploads\/2021\/01\/logo-2.png\" \/>\n\t<meta property=\"og:image:width\" content=\"386\" \/>\n\t<meta property=\"og:image:height\" content=\"100\" \/>\n\t<meta property=\"og:image:type\" content=\"image\/png\" \/>\n<meta name=\"twitter:card\" content=\"summary_large_image\" \/>\n<meta name=\"twitter:site\" content=\"@Ds_overseas\" \/>\n<meta name=\"twitter:label1\" content=\"Est. reading time\" \/>\n\t<meta name=\"twitter:data1\" content=\"2 minutes\" \/>\n<!-- \/ Yoast SEO plugin. -->","yoast_head_json":{"title":"Plastics Industry - Agence de communication et Marketing Digital Tunisie","description":"Industrie du Plastique, reference ds overseas communication agency with the Plastics Industry sector","robots":{"index":"index","follow":"follow","max-snippet":"max-snippet:-1","max-image-preview":"max-image-preview:large","max-video-preview":"max-video-preview:-1"},"canonical":"https:\/\/www.dsoverseas.com\/en\/plastics-industry\/","og_locale":"en_US","og_type":"article","og_title":"Plastics Industry - Agence de communication et Marketing Digital Tunisie","og_description":"Industrie du Plastique, reference ds overseas communication agency with the Plastics Industry sector","og_url":"https:\/\/www.dsoverseas.com\/en\/plastics-industry\/","og_site_name":"Agence de communication et Marketing Digital Tunisie","article_publisher":"https:\/\/www.facebook.com\/Dsoverseasagency","article_modified_time":"2026-04-13T16:37:59+00:00","og_image":[{"width":386,"height":100,"url":"https:\/\/www.dsoverseas.com\/wp-content\/uploads\/2021\/01\/logo-2.png","type":"image\/png"}],"twitter_card":"summary_large_image","twitter_site":"@Ds_overseas","twitter_misc":{"Est. reading time":"2 minutes"},"schema":{"@context":"https:\/\/schema.org","@graph":[{"@type":"WebPage","@id":"https:\/\/www.dsoverseas.com\/en\/plastics-industry\/","url":"https:\/\/www.dsoverseas.com\/en\/plastics-industry\/","name":"Plastics Industry - Agence de communication et Marketing Digital Tunisie","isPartOf":{"@id":"https:\/\/www.dsoverseas.com\/#website"},"datePublished":"2021-01-18T17:44:31+00:00","dateModified":"2026-04-13T16:37:59+00:00","description":"Industrie du Plastique, reference ds overseas communication agency with the Plastics Industry sector","breadcrumb":{"@id":"https:\/\/www.dsoverseas.com\/en\/plastics-industry\/#breadcrumb"},"inLanguage":"en-US","potentialAction":[{"@type":"ReadAction","target":["https:\/\/www.dsoverseas.com\/en\/plastics-industry\/"]}]},{"@type":"BreadcrumbList","@id":"https:\/\/www.dsoverseas.com\/en\/plastics-industry\/#breadcrumb","itemListElement":[{"@type":"ListItem","position":1,"name":"Accueil","item":"https:\/\/www.dsoverseas.com\/en\/"},{"@type":"ListItem","position":2,"name":"Plastics Industry"}]},{"@type":"WebSite","@id":"https:\/\/www.dsoverseas.com\/#website","url":"https:\/\/www.dsoverseas.com\/","name":"Agence de communication et Marketing Digital","description":"agence de communication, conseil en communication, conception graphique, community Management, d\u00e9veloppement et conception site web, impressions num\u00e9riques, impressions offset, enseignes habillages et signal\u00e9tiques, agence \u00e9v\u00e9nementielle, Marketing Digital, r\u00e9seaux sociaux","publisher":{"@id":"https:\/\/www.dsoverseas.com\/#organization"},"potentialAction":[{"@type":"SearchAction","target":{"@type":"EntryPoint","urlTemplate":"https:\/\/www.dsoverseas.com\/?s={search_term_string}"},"query-input":{"@type":"PropertyValueSpecification","valueRequired":true,"valueName":"search_term_string"}}],"inLanguage":"en-US"},{"@type":"Organization","@id":"https:\/\/www.dsoverseas.com\/#organization","name":"DS Overseas","url":"https:\/\/www.dsoverseas.com\/","logo":{"@type":"ImageObject","inLanguage":"en-US","@id":"https:\/\/www.dsoverseas.com\/#\/schema\/logo\/image\/","url":"https:\/\/www.dsoverseas.com\/wp-content\/uploads\/2021\/01\/logo-2.png","contentUrl":"https:\/\/www.dsoverseas.com\/wp-content\/uploads\/2021\/01\/logo-2.png","width":386,"height":100,"caption":"DS Overseas"},"image":{"@id":"https:\/\/www.dsoverseas.com\/#\/schema\/logo\/image\/"},"sameAs":["https:\/\/www.facebook.com\/Dsoverseasagency","https:\/\/x.com\/Ds_overseas","https:\/\/www.instagram.com\/dsoverseas\/"]}]}},"_links":{"self":[{"href":"https:\/\/www.dsoverseas.com\/en\/wp-json\/wp\/v2\/pages\/10840","targetHints":{"allow":["GET"]}}],"collection":[{"href":"https:\/\/www.dsoverseas.com\/en\/wp-json\/wp\/v2\/pages"}],"about":[{"href":"https:\/\/www.dsoverseas.com\/en\/wp-json\/wp\/v2\/types\/page"}],"author":[{"embeddable":true,"href":"https:\/\/www.dsoverseas.com\/en\/wp-json\/wp\/v2\/users\/1"}],"replies":[{"embeddable":true,"href":"https:\/\/www.dsoverseas.com\/en\/wp-json\/wp\/v2\/comments?post=10840"}],"version-history":[{"count":6,"href":"https:\/\/www.dsoverseas.com\/en\/wp-json\/wp\/v2\/pages\/10840\/revisions"}],"predecessor-version":[{"id":10895,"href":"https:\/\/www.dsoverseas.com\/en\/wp-json\/wp\/v2\/pages\/10840\/revisions\/10895"}],"wp:featuredmedia":[{"embeddable":true,"href":"https:\/\/www.dsoverseas.com\/en\/wp-json\/"}],"wp:attachment":[{"href":"https:\/\/www.dsoverseas.com\/en\/wp-json\/wp\/v2\/media?parent=10840"}],"curies":[{"name":"wp","href":"https:\/\/api.w.org\/{rel}","templated":true}]}}