{"id":10841,"date":"2021-01-19T16:07:57","date_gmt":"2021-01-19T15:07:57","guid":{"rendered":"https:\/\/www.dsoverseas.com\/mobile-telephony\/"},"modified":"2026-04-13T18:13:31","modified_gmt":"2026-04-13T16:13:31","slug":"mobile-telephony","status":"publish","type":"page","link":"https:\/\/www.dsoverseas.com\/en\/mobile-telephony\/","title":{"rendered":"Mobile Telephony"},"content":{"rendered":"<div class=\"wpb-content-wrapper\"><p>[vc_row][vc_column][vc_custom_heading text=&#8221;Mobile Telephony&#8221; font_container=&#8221;tag:h2|text_align:center&#8221; use_theme_fonts=&#8221;yes&#8221;][vc_column_text]<\/p>\n<p style=\"text-align: center;\">Here we present our references and experiences with our customers in the Mobile Telephony sector.<\/p>\n<p>[\/vc_column_text][vc_row_inner][vc_column_inner width=&#8221;1\/2&#8243;][vc_column_text]<\/p>\n<h2>Mobile Telephony<\/h2>\n<p>The cell phone industry includes companies that sell cell phones, cell phone service providers that own or manage the radio spectrum, and companies that design, manufacture and\/or sell infrastructure equipment (base transceiver stations, mobile switching centers, etc.).<\/p>\n<p>The cell phone industry has experienced spectacular growth since the introduction of the first handheld cell phone in 1983. More than 4 billion people worldwide have a cell phone, and around 95% of them have a subscription.<\/p>\n<p>The cell phone industry is a competitive one, with many manufacturers vying to produce the best cell phone and provide the most efficient service. Understanding how to work with the other companies involved in the industry is the key to success.<\/p>\n<h3>History of the cell phone industry<\/h3>\n<p>The first cell phone was created in 1973 by <a href=\"https:\/\/fr.wikipedia.org\/wiki\/Martin_Cooper\" target=\"_blank\" rel=\"noopener\">Martin Cooper<\/a> at <a href=\"https:\/\/www.dsoverseas.com\/en\/portfolio-item\/motorola-video-capsule-production\/\">Motorola<\/a>. In 1983, the first commercial cell phone network was launched. At the time, it was still virtually impossible for consumers to own their own cell phone.<\/p>\n<p>In 1984, the Federal Communications Commission authorized the use of cell phones in cars. Once this authorization was granted, the popularity of cell phones began to rise dramatically. It became clear that making cell phones available to consumers could be lucrative, and service providers began offering them in increasing numbers.[\/vc_column_text][\/vc_column_inner][vc_column_inner width=&#8221;1\/2&#8243;][vc_column_text]<\/p>\n<h2>Communications agency for cell phones<\/h2>\n<p>Ds Overseas, communications agency for the mobile sector, has carried out a number of assignments, including :<\/p>\n<ul>\n<li>The production of <a href=\"https:\/\/www.dsoverseas.com\/services\/communication-evenementielle\/video-dentreprise\/\">video capsules<\/a> for the month of Ramadan for the launch of a new product using an influencer from social networks and TV and Radio.<\/li>\n<li><a href=\"https:\/\/www.dsoverseas.com\/services\/community-management\/\">Community<\/a> Management<\/li>\n<\/ul>\n<p>Our communications agency and its team are at your disposal to discuss your plans for implementing a relevant communications strategy and an effective communications plan completely dedicated to the cell phone industry.[\/vc_column_text][\/vc_column_inner][\/vc_row_inner][\/vc_column][\/vc_row][vc_row][vc_column][vc_basic_grid post_type=&#8221;portfolio&#8221; max_items=&#8221;-1&#8243; item=&#8221;masonryGrid_Default&#8221; grid_id=&#8221;vc_gid:1648571433166-289abb0c-5459-5&#8243; taxonomies=&#8221;37&#8243;][\/vc_column][\/vc_row]<\/p>\n<\/div>","protected":false},"excerpt":{"rendered":"<p>[vc_row][vc_column][vc_custom_heading text=&#8221;Mobile Telephony&#8221; font_container=&#8221;tag:h2|text_align:center&#8221; use_theme_fonts=&#8221;yes&#8221;][vc_column_text] Here we present our references and experiences with our customers in the Mobile Telephony sector. [\/vc_column_text][vc_row_inner][vc_column_inner width=&#8221;1\/2&#8243;][vc_column_text] Mobile Telephony The cell<span class=\"excerpt-hellip\"> [\u2026]<\/span><\/p>\n","protected":false},"author":1,"featured_media":-1,"parent":0,"menu_order":0,"comment_status":"closed","ping_status":"closed","template":"","meta":{"rs_blank_template":"","rs_page_bg_color":"","slide_template_v7":"","footnotes":""},"class_list":["post-10841","page","type-page","status-publish","has-post-thumbnail","hentry"],"yoast_head":"<!-- This site is optimized with the Yoast SEO plugin v27.3 - https:\/\/yoast.com\/product\/yoast-seo-wordpress\/ -->\n<title>Mobile Telephony - Agence de communication et Marketing Digital Tunisie<\/title>\n<meta name=\"description\" content=\"T\u00e9l\u00e9phonie Mobile, the reference in offshore communication agencies in the mobile telephony sector.\" \/>\n<meta name=\"robots\" content=\"index, follow, max-snippet:-1, max-image-preview:large, max-video-preview:-1\" \/>\n<link rel=\"canonical\" href=\"https:\/\/www.dsoverseas.com\/en\/mobile-telephony\/\" \/>\n<meta property=\"og:locale\" content=\"en_US\" \/>\n<meta property=\"og:type\" content=\"article\" \/>\n<meta property=\"og:title\" content=\"Mobile Telephony - Agence de communication et Marketing Digital Tunisie\" \/>\n<meta property=\"og:description\" content=\"T\u00e9l\u00e9phonie Mobile, the reference in offshore communication agencies in the mobile telephony sector.\" \/>\n<meta property=\"og:url\" content=\"https:\/\/www.dsoverseas.com\/en\/mobile-telephony\/\" \/>\n<meta property=\"og:site_name\" content=\"Agence de communication et Marketing Digital Tunisie\" \/>\n<meta property=\"article:publisher\" content=\"https:\/\/www.facebook.com\/Dsoverseasagency\" \/>\n<meta property=\"article:modified_time\" content=\"2026-04-13T16:13:31+00:00\" \/>\n<meta property=\"og:image\" content=\"https:\/\/www.dsoverseas.com\/wp-content\/uploads\/2021\/01\/logo-2.png\" \/>\n\t<meta property=\"og:image:width\" content=\"386\" \/>\n\t<meta property=\"og:image:height\" content=\"100\" \/>\n\t<meta property=\"og:image:type\" content=\"image\/png\" \/>\n<meta name=\"twitter:card\" content=\"summary_large_image\" \/>\n<meta name=\"twitter:site\" content=\"@Ds_overseas\" \/>\n<meta name=\"twitter:label1\" content=\"Est. reading time\" \/>\n\t<meta name=\"twitter:data1\" content=\"2 minutes\" \/>\n<!-- \/ Yoast SEO plugin. -->","yoast_head_json":{"title":"Mobile Telephony - Agence de communication et Marketing Digital Tunisie","description":"T\u00e9l\u00e9phonie Mobile, the reference in offshore communication agencies in the mobile telephony sector.","robots":{"index":"index","follow":"follow","max-snippet":"max-snippet:-1","max-image-preview":"max-image-preview:large","max-video-preview":"max-video-preview:-1"},"canonical":"https:\/\/www.dsoverseas.com\/en\/mobile-telephony\/","og_locale":"en_US","og_type":"article","og_title":"Mobile Telephony - Agence de communication et Marketing Digital Tunisie","og_description":"T\u00e9l\u00e9phonie Mobile, the reference in offshore communication agencies in the mobile telephony sector.","og_url":"https:\/\/www.dsoverseas.com\/en\/mobile-telephony\/","og_site_name":"Agence de communication et Marketing Digital Tunisie","article_publisher":"https:\/\/www.facebook.com\/Dsoverseasagency","article_modified_time":"2026-04-13T16:13:31+00:00","og_image":[{"width":386,"height":100,"url":"https:\/\/www.dsoverseas.com\/wp-content\/uploads\/2021\/01\/logo-2.png","type":"image\/png"}],"twitter_card":"summary_large_image","twitter_site":"@Ds_overseas","twitter_misc":{"Est. reading time":"2 minutes"},"schema":{"@context":"https:\/\/schema.org","@graph":[{"@type":"WebPage","@id":"https:\/\/www.dsoverseas.com\/en\/mobile-telephony\/","url":"https:\/\/www.dsoverseas.com\/en\/mobile-telephony\/","name":"Mobile Telephony - Agence de communication et Marketing Digital Tunisie","isPartOf":{"@id":"https:\/\/www.dsoverseas.com\/#website"},"datePublished":"2021-01-19T15:07:57+00:00","dateModified":"2026-04-13T16:13:31+00:00","description":"T\u00e9l\u00e9phonie Mobile, the reference in offshore communication agencies in the mobile telephony sector.","breadcrumb":{"@id":"https:\/\/www.dsoverseas.com\/en\/mobile-telephony\/#breadcrumb"},"inLanguage":"en-US","potentialAction":[{"@type":"ReadAction","target":["https:\/\/www.dsoverseas.com\/en\/mobile-telephony\/"]}]},{"@type":"BreadcrumbList","@id":"https:\/\/www.dsoverseas.com\/en\/mobile-telephony\/#breadcrumb","itemListElement":[{"@type":"ListItem","position":1,"name":"Accueil","item":"https:\/\/www.dsoverseas.com\/en\/"},{"@type":"ListItem","position":2,"name":"Mobile Telephony"}]},{"@type":"WebSite","@id":"https:\/\/www.dsoverseas.com\/#website","url":"https:\/\/www.dsoverseas.com\/","name":"Agence de communication et Marketing Digital","description":"agence de communication, conseil en communication, conception graphique, community Management, d\u00e9veloppement et conception site web, impressions num\u00e9riques, impressions offset, enseignes habillages et signal\u00e9tiques, agence \u00e9v\u00e9nementielle, Marketing Digital, r\u00e9seaux sociaux","publisher":{"@id":"https:\/\/www.dsoverseas.com\/#organization"},"potentialAction":[{"@type":"SearchAction","target":{"@type":"EntryPoint","urlTemplate":"https:\/\/www.dsoverseas.com\/?s={search_term_string}"},"query-input":{"@type":"PropertyValueSpecification","valueRequired":true,"valueName":"search_term_string"}}],"inLanguage":"en-US"},{"@type":"Organization","@id":"https:\/\/www.dsoverseas.com\/#organization","name":"DS Overseas","url":"https:\/\/www.dsoverseas.com\/","logo":{"@type":"ImageObject","inLanguage":"en-US","@id":"https:\/\/www.dsoverseas.com\/#\/schema\/logo\/image\/","url":"https:\/\/www.dsoverseas.com\/wp-content\/uploads\/2021\/01\/logo-2.png","contentUrl":"https:\/\/www.dsoverseas.com\/wp-content\/uploads\/2021\/01\/logo-2.png","width":386,"height":100,"caption":"DS Overseas"},"image":{"@id":"https:\/\/www.dsoverseas.com\/#\/schema\/logo\/image\/"},"sameAs":["https:\/\/www.facebook.com\/Dsoverseasagency","https:\/\/x.com\/Ds_overseas","https:\/\/www.instagram.com\/dsoverseas\/"]}]}},"_links":{"self":[{"href":"https:\/\/www.dsoverseas.com\/en\/wp-json\/wp\/v2\/pages\/10841","targetHints":{"allow":["GET"]}}],"collection":[{"href":"https:\/\/www.dsoverseas.com\/en\/wp-json\/wp\/v2\/pages"}],"about":[{"href":"https:\/\/www.dsoverseas.com\/en\/wp-json\/wp\/v2\/types\/page"}],"author":[{"embeddable":true,"href":"https:\/\/www.dsoverseas.com\/en\/wp-json\/wp\/v2\/users\/1"}],"replies":[{"embeddable":true,"href":"https:\/\/www.dsoverseas.com\/en\/wp-json\/wp\/v2\/comments?post=10841"}],"version-history":[{"count":4,"href":"https:\/\/www.dsoverseas.com\/en\/wp-json\/wp\/v2\/pages\/10841\/revisions"}],"predecessor-version":[{"id":10885,"href":"https:\/\/www.dsoverseas.com\/en\/wp-json\/wp\/v2\/pages\/10841\/revisions\/10885"}],"wp:featuredmedia":[{"embeddable":true,"href":"https:\/\/www.dsoverseas.com\/en\/wp-json\/"}],"wp:attachment":[{"href":"https:\/\/www.dsoverseas.com\/en\/wp-json\/wp\/v2\/media?parent=10841"}],"curies":[{"name":"wp","href":"https:\/\/api.w.org\/{rel}","templated":true}]}}