{"id":10842,"date":"2021-01-18T18:42:10","date_gmt":"2021-01-18T17:42:10","guid":{"rendered":"https:\/\/www.dsoverseas.com\/finance-and-consulting\/"},"modified":"2026-04-13T18:10:02","modified_gmt":"2026-04-13T16:10:02","slug":"finance-and-consulting","status":"publish","type":"page","link":"https:\/\/www.dsoverseas.com\/en\/finance-and-consulting\/","title":{"rendered":"Finance and consulting"},"content":{"rendered":"<div class=\"wpb-content-wrapper\"><p>[vc_row][vc_column][vc_custom_heading text=&#8221;Finance and consulting&#8221; font_container=&#8221;tag:h2|text_align:center&#8221; use_theme_fonts=&#8221;yes&#8221;][vc_column_text]<\/p>\n<p style=\"text-align: center;\">Here we present our references and experience with customers in the financial and consulting sectors.<\/p>\n<p>[\/vc_column_text][vc_row_inner][vc_column_inner width=&#8221;1\/2&#8243;][vc_column_text]<\/p>\n<h2>Finance and consulting<\/h2>\n<p>The consulting firm, specializing in finance, is a company that provides general business assistance in mergers and acquisitions, strategic planning, <a href=\"https:\/\/fr.wikipedia.org\/wiki\/Comptabilit%C3%A9\" target=\"_blank\" rel=\"noopener\">accounting<\/a>, financial management, technology development, tax services, facilities management and other areas.<\/p>\n<p>They organize and supervise the flow of money and data within companies, and deal with issues ranging from global financial management to specific accounting questions.<\/p>\n<p>they advise on how to achieve corporate objectives through the use of human, financial and technological resources.<\/p>\n<p>Depending on the size of the company and its range of services, the Finance Division may be divided into larger divisions such as Corporate Finance (balance sheet model), Asset Management (asset portfolio valuation), or Management Consulting (corporate strategy).[\/vc_column_text][\/vc_column_inner][vc_column_inner width=&#8221;1\/2&#8243;][vc_column_text]<\/p>\n<h2>Communications agency for financial services and consulting firms<\/h2>\n<p>Ds Overseas communications agency specializing in the financial sector and consulting firm, we help consulting firms and financial agencies communicate their message effectively, extend their services to global markets and build long-term, sustainable relationships with their customers.<\/p>\n<p>We help companies present their products and services more effectively to help them achieve their strategic objectives, including building trust with investors, developing partnerships with banks and building customer loyalty.<\/p>\n<p>We offer a comprehensive service that starts with a complete review of the business.<\/p>\n<p>Depending on the results and our customer&#8217;s objectives, we suggest the best strategy to adopt in each case: public relations, direct marketing or design, advertising or media and <a href=\"https:\/\/www.dsoverseas.com\/services\/evenementiel\/\">event<\/a> management.[\/vc_column_text][\/vc_column_inner][\/vc_row_inner][\/vc_column][\/vc_row][vc_row][vc_column][vc_basic_grid post_type=&#8221;portfolio&#8221; max_items=&#8221;-1&#8243; item=&#8221;masonryGrid_Default&#8221; grid_id=&#8221;vc_gid:1642083962195-2cc51fe4-7ab7-8&#8243; taxonomies=&#8221;33&#8243;][\/vc_column][\/vc_row]<\/p>\n<\/div>","protected":false},"excerpt":{"rendered":"<p>[vc_row][vc_column][vc_custom_heading text=&#8221;Finance and consulting&#8221; font_container=&#8221;tag:h2|text_align:center&#8221; use_theme_fonts=&#8221;yes&#8221;][vc_column_text] Here we present our references and experience with customers in the financial and consulting sectors. [\/vc_column_text][vc_row_inner][vc_column_inner width=&#8221;1\/2&#8243;][vc_column_text] Finance and consulting<span class=\"excerpt-hellip\"> [\u2026]<\/span><\/p>\n","protected":false},"author":1,"featured_media":-1,"parent":0,"menu_order":0,"comment_status":"closed","ping_status":"closed","template":"","meta":{"rs_blank_template":"","rs_page_bg_color":"","slide_template_v7":"","footnotes":""},"class_list":["post-10842","page","type-page","status-publish","has-post-thumbnail","hentry"],"yoast_head":"<!-- This site is optimized with the Yoast SEO plugin v27.3 - https:\/\/yoast.com\/product\/yoast-seo-wordpress\/ -->\n<title>Finance and Consulting - Agence de communication et Marketing Digital Tunisie<\/title>\n<meta name=\"description\" content=\"Finances et cabinet conseil, reference ds overseas communication agency in the sector Finance cabinet conseil\" \/>\n<meta name=\"robots\" content=\"index, follow, max-snippet:-1, max-image-preview:large, max-video-preview:-1\" \/>\n<link rel=\"canonical\" href=\"https:\/\/www.dsoverseas.com\/en\/finance-and-consulting\/\" \/>\n<meta property=\"og:locale\" content=\"en_US\" \/>\n<meta property=\"og:type\" content=\"article\" \/>\n<meta property=\"og:title\" content=\"Finance and Consulting - Agence de communication et Marketing Digital Tunisie\" \/>\n<meta property=\"og:description\" content=\"Finances et cabinet conseil, reference ds overseas communication agency in the sector Finance cabinet conseil\" \/>\n<meta property=\"og:url\" content=\"https:\/\/www.dsoverseas.com\/en\/finance-and-consulting\/\" \/>\n<meta property=\"og:site_name\" content=\"Agence de communication et Marketing Digital Tunisie\" \/>\n<meta property=\"article:publisher\" content=\"https:\/\/www.facebook.com\/Dsoverseasagency\" \/>\n<meta property=\"article:modified_time\" content=\"2026-04-13T16:10:02+00:00\" \/>\n<meta property=\"og:image\" content=\"https:\/\/www.dsoverseas.com\/wp-content\/uploads\/2021\/01\/logo-2.png\" \/>\n\t<meta property=\"og:image:width\" content=\"386\" \/>\n\t<meta property=\"og:image:height\" content=\"100\" \/>\n\t<meta property=\"og:image:type\" content=\"image\/png\" \/>\n<meta name=\"twitter:card\" content=\"summary_large_image\" \/>\n<meta name=\"twitter:site\" content=\"@Ds_overseas\" \/>\n<meta name=\"twitter:label1\" content=\"Est. reading time\" \/>\n\t<meta name=\"twitter:data1\" content=\"2 minutes\" \/>\n<!-- \/ Yoast SEO plugin. -->","yoast_head_json":{"title":"Finance and Consulting - Agence de communication et Marketing Digital Tunisie","description":"Finances et cabinet conseil, reference ds overseas communication agency in the sector Finance cabinet conseil","robots":{"index":"index","follow":"follow","max-snippet":"max-snippet:-1","max-image-preview":"max-image-preview:large","max-video-preview":"max-video-preview:-1"},"canonical":"https:\/\/www.dsoverseas.com\/en\/finance-and-consulting\/","og_locale":"en_US","og_type":"article","og_title":"Finance and Consulting - Agence de communication et Marketing Digital Tunisie","og_description":"Finances et cabinet conseil, reference ds overseas communication agency in the sector Finance cabinet conseil","og_url":"https:\/\/www.dsoverseas.com\/en\/finance-and-consulting\/","og_site_name":"Agence de communication et Marketing Digital Tunisie","article_publisher":"https:\/\/www.facebook.com\/Dsoverseasagency","article_modified_time":"2026-04-13T16:10:02+00:00","og_image":[{"width":386,"height":100,"url":"https:\/\/www.dsoverseas.com\/wp-content\/uploads\/2021\/01\/logo-2.png","type":"image\/png"}],"twitter_card":"summary_large_image","twitter_site":"@Ds_overseas","twitter_misc":{"Est. reading time":"2 minutes"},"schema":{"@context":"https:\/\/schema.org","@graph":[{"@type":"WebPage","@id":"https:\/\/www.dsoverseas.com\/en\/finance-and-consulting\/","url":"https:\/\/www.dsoverseas.com\/en\/finance-and-consulting\/","name":"Finance and Consulting - Agence de communication et Marketing Digital Tunisie","isPartOf":{"@id":"https:\/\/www.dsoverseas.com\/#website"},"datePublished":"2021-01-18T17:42:10+00:00","dateModified":"2026-04-13T16:10:02+00:00","description":"Finances et cabinet conseil, reference ds overseas communication agency in the sector Finance cabinet conseil","breadcrumb":{"@id":"https:\/\/www.dsoverseas.com\/en\/finance-and-consulting\/#breadcrumb"},"inLanguage":"en-US","potentialAction":[{"@type":"ReadAction","target":["https:\/\/www.dsoverseas.com\/en\/finance-and-consulting\/"]}]},{"@type":"BreadcrumbList","@id":"https:\/\/www.dsoverseas.com\/en\/finance-and-consulting\/#breadcrumb","itemListElement":[{"@type":"ListItem","position":1,"name":"Accueil","item":"https:\/\/www.dsoverseas.com\/en\/"},{"@type":"ListItem","position":2,"name":"Finance and consulting"}]},{"@type":"WebSite","@id":"https:\/\/www.dsoverseas.com\/#website","url":"https:\/\/www.dsoverseas.com\/","name":"Agence de communication et Marketing Digital","description":"agence de communication, conseil en communication, conception graphique, community Management, d\u00e9veloppement et conception site web, impressions num\u00e9riques, impressions offset, enseignes habillages et signal\u00e9tiques, agence \u00e9v\u00e9nementielle, Marketing Digital, r\u00e9seaux sociaux","publisher":{"@id":"https:\/\/www.dsoverseas.com\/#organization"},"potentialAction":[{"@type":"SearchAction","target":{"@type":"EntryPoint","urlTemplate":"https:\/\/www.dsoverseas.com\/?s={search_term_string}"},"query-input":{"@type":"PropertyValueSpecification","valueRequired":true,"valueName":"search_term_string"}}],"inLanguage":"en-US"},{"@type":"Organization","@id":"https:\/\/www.dsoverseas.com\/#organization","name":"DS Overseas","url":"https:\/\/www.dsoverseas.com\/","logo":{"@type":"ImageObject","inLanguage":"en-US","@id":"https:\/\/www.dsoverseas.com\/#\/schema\/logo\/image\/","url":"https:\/\/www.dsoverseas.com\/wp-content\/uploads\/2021\/01\/logo-2.png","contentUrl":"https:\/\/www.dsoverseas.com\/wp-content\/uploads\/2021\/01\/logo-2.png","width":386,"height":100,"caption":"DS Overseas"},"image":{"@id":"https:\/\/www.dsoverseas.com\/#\/schema\/logo\/image\/"},"sameAs":["https:\/\/www.facebook.com\/Dsoverseasagency","https:\/\/x.com\/Ds_overseas","https:\/\/www.instagram.com\/dsoverseas\/"]}]}},"_links":{"self":[{"href":"https:\/\/www.dsoverseas.com\/en\/wp-json\/wp\/v2\/pages\/10842","targetHints":{"allow":["GET"]}}],"collection":[{"href":"https:\/\/www.dsoverseas.com\/en\/wp-json\/wp\/v2\/pages"}],"about":[{"href":"https:\/\/www.dsoverseas.com\/en\/wp-json\/wp\/v2\/types\/page"}],"author":[{"embeddable":true,"href":"https:\/\/www.dsoverseas.com\/en\/wp-json\/wp\/v2\/users\/1"}],"replies":[{"embeddable":true,"href":"https:\/\/www.dsoverseas.com\/en\/wp-json\/wp\/v2\/comments?post=10842"}],"version-history":[{"count":3,"href":"https:\/\/www.dsoverseas.com\/en\/wp-json\/wp\/v2\/pages\/10842\/revisions"}],"predecessor-version":[{"id":10882,"href":"https:\/\/www.dsoverseas.com\/en\/wp-json\/wp\/v2\/pages\/10842\/revisions\/10882"}],"wp:featuredmedia":[{"embeddable":true,"href":"https:\/\/www.dsoverseas.com\/en\/wp-json\/"}],"wp:attachment":[{"href":"https:\/\/www.dsoverseas.com\/en\/wp-json\/wp\/v2\/media?parent=10842"}],"curies":[{"name":"wp","href":"https:\/\/api.w.org\/{rel}","templated":true}]}}