{"id":10909,"date":"2021-10-22T09:59:59","date_gmt":"2021-10-22T07:59:59","guid":{"rendered":"https:\/\/www.dsoverseas.com\/services\/communication-agency\/"},"modified":"2026-04-18T23:29:43","modified_gmt":"2026-04-18T21:29:43","slug":"communication-agency","status":"publish","type":"page","link":"https:\/\/www.dsoverseas.com\/en\/services\/communication-agency\/","title":{"rendered":"Communication agency"},"content":{"rendered":"<div class=\"wpb-content-wrapper\"><p>[vc_row][vc_column width=&#8221;1\/2&#8243;][vc_custom_heading text=&#8221;Ds Overseas: your communications agency&#8221; font_container=&#8221;tag:h2|text_align:left|color:%23005a87&#8243; use_theme_fonts=&#8221;yes&#8221;][vc_column_text]DS overseas is a Tunisian global communications agency, fully exporting.<\/p>\n<p>Our agency was founded in 2010, and offers our customers and partners a comprehensive 360\u00b0 service including all the activities needed to promote and make your brand the best and best known on the market.<\/p>\n<p>Our agency has worked in several markets:<\/p>\n<ul>\n<li>Tunisian<\/li>\n<li>North African<\/li>\n<li>European<\/li>\n<li>American<\/li>\n<\/ul>\n<p>[\/vc_column_text][\/vc_column][vc_column width=&#8221;1\/2&#8243;][\/vc_column][\/vc_row][vc_row][vc_column width=&#8221;1\/2&#8243;][\/vc_column][vc_column width=&#8221;1\/2&#8243;][vc_custom_heading text=&#8221;Why choose Ds Overseas?&#8221; font_container=&#8221;tag:h2|text_align:left|color:%23005a87&#8243; use_theme_fonts=&#8221;yes&#8221;][vc_column_text]DS overseas, communications and consulting agency, is :<\/p>\n<ul>\n<li>A wealth of experience in different markets, and greater knowledge of cultural differences and the specific characteristics of each market.<\/li>\n<li>A team on a human scale, where relationships based on trust and ethics are always at the heart of our lasting relationship.<\/li>\n<li>A serene relationship based on objectives. We advocate infallible clarity in our relationships, which enables us to build lasting relationships.<\/li>\n<li>Our missions are based on a strong emphasis on consulting for our customers. This aspect is always emphasized to ensure the effectiveness and relevance of our customers&#8217; communication campaigns.<\/li>\n<li>We&#8217;re an agency for lasting relationships, strategy consulting and long-term assignments. With us, all your strategic objectives will be met.<\/li>\n<\/ul>\n<p>[\/vc_column_text][\/vc_column][\/vc_row]<\/p>\n<\/div>","protected":false},"excerpt":{"rendered":"<p>[vc_row][vc_column width=&#8221;1\/2&#8243;][vc_custom_heading text=&#8221;Ds Overseas: your communications agency&#8221; font_container=&#8221;tag:h2|text_align:left|color:%23005a87&#8243; use_theme_fonts=&#8221;yes&#8221;][vc_column_text]DS overseas is a Tunisian global communications agency, fully exporting. Our agency was founded in 2010, and offers<span class=\"excerpt-hellip\"> [\u2026]<\/span><\/p>\n","protected":false},"author":1,"featured_media":-1,"parent":10712,"menu_order":0,"comment_status":"closed","ping_status":"closed","template":"","meta":{"rs_blank_template":"","rs_page_bg_color":"","slide_template_v7":"","footnotes":""},"class_list":["post-10909","page","type-page","status-publish","has-post-thumbnail","hentry"],"yoast_head":"<!-- This site is optimized with the Yoast SEO plugin v27.4 - https:\/\/yoast.com\/product\/yoast-seo-wordpress\/ -->\n<title>Communication agency Communication agency - Agence de communication et Marketing Digital Tunisie<\/title>\n<meta name=\"description\" content=\"Communication agency, communication consulting agency Tunisia, global agency, digital marketing agency Tunisia\" \/>\n<meta name=\"robots\" content=\"index, follow, max-snippet:-1, max-image-preview:large, max-video-preview:-1\" \/>\n<link rel=\"canonical\" href=\"https:\/\/www.dsoverseas.com\/en\/services\/communication-agency\/\" \/>\n<meta property=\"og:locale\" content=\"en_US\" \/>\n<meta property=\"og:type\" content=\"article\" \/>\n<meta property=\"og:title\" content=\"Communication agency Communication agency - Agence de communication et Marketing Digital Tunisie\" \/>\n<meta property=\"og:description\" content=\"Communication agency, communication consulting agency Tunisia, global agency, digital marketing agency Tunisia\" \/>\n<meta property=\"og:url\" content=\"https:\/\/www.dsoverseas.com\/en\/services\/communication-agency\/\" \/>\n<meta property=\"og:site_name\" content=\"Agence de communication et Marketing Digital Tunisie\" \/>\n<meta property=\"article:publisher\" content=\"https:\/\/www.facebook.com\/Dsoverseasagency\" \/>\n<meta property=\"article:modified_time\" content=\"2026-04-18T21:29:43+00:00\" \/>\n<meta property=\"og:image\" content=\"https:\/\/www.dsoverseas.com\/wp-content\/uploads\/2021\/01\/logo-2.png\" \/>\n\t<meta property=\"og:image:width\" content=\"386\" \/>\n\t<meta property=\"og:image:height\" content=\"100\" \/>\n\t<meta property=\"og:image:type\" content=\"image\/png\" \/>\n<meta name=\"twitter:card\" content=\"summary_large_image\" \/>\n<meta name=\"twitter:site\" content=\"@Ds_overseas\" \/>\n<meta name=\"twitter:label1\" content=\"Est. reading time\" \/>\n\t<meta name=\"twitter:data1\" content=\"1 minute\" \/>\n<!-- \/ Yoast SEO plugin. -->","yoast_head_json":{"title":"Communication agency Communication agency - Agence de communication et Marketing Digital Tunisie","description":"Communication agency, communication consulting agency Tunisia, global agency, digital marketing agency Tunisia","robots":{"index":"index","follow":"follow","max-snippet":"max-snippet:-1","max-image-preview":"max-image-preview:large","max-video-preview":"max-video-preview:-1"},"canonical":"https:\/\/www.dsoverseas.com\/en\/services\/communication-agency\/","og_locale":"en_US","og_type":"article","og_title":"Communication agency Communication agency - Agence de communication et Marketing Digital Tunisie","og_description":"Communication agency, communication consulting agency Tunisia, global agency, digital marketing agency Tunisia","og_url":"https:\/\/www.dsoverseas.com\/en\/services\/communication-agency\/","og_site_name":"Agence de communication et Marketing Digital Tunisie","article_publisher":"https:\/\/www.facebook.com\/Dsoverseasagency","article_modified_time":"2026-04-18T21:29:43+00:00","og_image":[{"width":386,"height":100,"url":"https:\/\/www.dsoverseas.com\/wp-content\/uploads\/2021\/01\/logo-2.png","type":"image\/png"}],"twitter_card":"summary_large_image","twitter_site":"@Ds_overseas","twitter_misc":{"Est. reading time":"1 minute"},"schema":{"@context":"https:\/\/schema.org","@graph":[{"@type":"WebPage","@id":"https:\/\/www.dsoverseas.com\/en\/services\/communication-agency\/","url":"https:\/\/www.dsoverseas.com\/en\/services\/communication-agency\/","name":"Communication agency Communication agency - Agence de communication et Marketing Digital Tunisie","isPartOf":{"@id":"https:\/\/www.dsoverseas.com\/#website"},"datePublished":"2021-10-22T07:59:59+00:00","dateModified":"2026-04-18T21:29:43+00:00","description":"Communication agency, communication consulting agency Tunisia, global agency, digital marketing agency Tunisia","breadcrumb":{"@id":"https:\/\/www.dsoverseas.com\/en\/services\/communication-agency\/#breadcrumb"},"inLanguage":"en-US","potentialAction":[{"@type":"ReadAction","target":["https:\/\/www.dsoverseas.com\/en\/services\/communication-agency\/"]}]},{"@type":"BreadcrumbList","@id":"https:\/\/www.dsoverseas.com\/en\/services\/communication-agency\/#breadcrumb","itemListElement":[{"@type":"ListItem","position":1,"name":"Accueil","item":"https:\/\/www.dsoverseas.com\/en\/"},{"@type":"ListItem","position":2,"name":"Services","item":"https:\/\/www.dsoverseas.com\/en\/services\/"},{"@type":"ListItem","position":3,"name":"Communication agency"}]},{"@type":"WebSite","@id":"https:\/\/www.dsoverseas.com\/#website","url":"https:\/\/www.dsoverseas.com\/","name":"Agence de communication et Marketing Digital","description":"agence de communication, conseil en communication, conception graphique, community Management, d\u00e9veloppement et conception site web, impressions num\u00e9riques, impressions offset, enseignes habillages et signal\u00e9tiques, agence \u00e9v\u00e9nementielle, Marketing Digital, r\u00e9seaux sociaux","publisher":{"@id":"https:\/\/www.dsoverseas.com\/#organization"},"potentialAction":[{"@type":"SearchAction","target":{"@type":"EntryPoint","urlTemplate":"https:\/\/www.dsoverseas.com\/?s={search_term_string}"},"query-input":{"@type":"PropertyValueSpecification","valueRequired":true,"valueName":"search_term_string"}}],"inLanguage":"en-US"},{"@type":"Organization","@id":"https:\/\/www.dsoverseas.com\/#organization","name":"DS Overseas","url":"https:\/\/www.dsoverseas.com\/","logo":{"@type":"ImageObject","inLanguage":"en-US","@id":"https:\/\/www.dsoverseas.com\/#\/schema\/logo\/image\/","url":"https:\/\/www.dsoverseas.com\/wp-content\/uploads\/2021\/01\/logo-2.png","contentUrl":"https:\/\/www.dsoverseas.com\/wp-content\/uploads\/2021\/01\/logo-2.png","width":386,"height":100,"caption":"DS Overseas"},"image":{"@id":"https:\/\/www.dsoverseas.com\/#\/schema\/logo\/image\/"},"sameAs":["https:\/\/www.facebook.com\/Dsoverseasagency","https:\/\/x.com\/Ds_overseas","https:\/\/www.instagram.com\/dsoverseas\/"]}]}},"_links":{"self":[{"href":"https:\/\/www.dsoverseas.com\/en\/wp-json\/wp\/v2\/pages\/10909","targetHints":{"allow":["GET"]}}],"collection":[{"href":"https:\/\/www.dsoverseas.com\/en\/wp-json\/wp\/v2\/pages"}],"about":[{"href":"https:\/\/www.dsoverseas.com\/en\/wp-json\/wp\/v2\/types\/page"}],"author":[{"embeddable":true,"href":"https:\/\/www.dsoverseas.com\/en\/wp-json\/wp\/v2\/users\/1"}],"replies":[{"embeddable":true,"href":"https:\/\/www.dsoverseas.com\/en\/wp-json\/wp\/v2\/comments?post=10909"}],"version-history":[{"count":3,"href":"https:\/\/www.dsoverseas.com\/en\/wp-json\/wp\/v2\/pages\/10909\/revisions"}],"predecessor-version":[{"id":11048,"href":"https:\/\/www.dsoverseas.com\/en\/wp-json\/wp\/v2\/pages\/10909\/revisions\/11048"}],"up":[{"embeddable":true,"href":"https:\/\/www.dsoverseas.com\/en\/wp-json\/wp\/v2\/pages\/10712"}],"wp:featuredmedia":[{"embeddable":true,"href":"https:\/\/www.dsoverseas.com\/en\/wp-json\/"}],"wp:attachment":[{"href":"https:\/\/www.dsoverseas.com\/en\/wp-json\/wp\/v2\/media?parent=10909"}],"curies":[{"name":"wp","href":"https:\/\/api.w.org\/{rel}","templated":true}]}}