{"id":10910,"date":"2022-01-02T14:26:44","date_gmt":"2022-01-02T13:26:44","guid":{"rendered":"https:\/\/www.dsoverseas.com\/corporate-photography\/"},"modified":"2026-04-18T23:30:49","modified_gmt":"2026-04-18T21:30:49","slug":"corporate-photography","status":"publish","type":"page","link":"https:\/\/www.dsoverseas.com\/en\/services\/event-communication\/corporate-photography\/","title":{"rendered":"Corporate photography"},"content":{"rendered":"<div class=\"wpb-content-wrapper\"><p>[vc_row][vc_column][vc_empty_space height=&#8221;85&#8243;][\/vc_column][\/vc_row][vc_row][vc_column][vc_row_inner][vc_column_inner width=&#8221;1\/2&#8243;][vc_column_text]<a href=\"https:\/\/www.dsoverseas.com\/en\/\">Ds Overseas<\/a> has extensive experience in corporate photography.<\/p>\n<p>Corporate photography is at once artistic, factual and functional. Its purpose is to serve the company&#8217;s objectives, whether to promote or endorse a product or service, publicize an event or even showcase the company&#8217;s employees.<\/p>\n<p>Corporate photographers use different techniques and equipment from portrait or wedding photographers, and those aspiring to become corporate photographers should learn the specifics of this field to ensure that their photos are as effective as possible for their intended purposes.[\/vc_column_text][\/vc_column_inner][vc_column_inner width=&#8221;1\/2&#8243;][vc_single_image image=&#8221;8923&#8243; img_size=&#8221;full&#8221;][\/vc_column_inner][\/vc_row_inner][\/vc_column][\/vc_row][vc_row][vc_column][vc_row_inner][vc_column_inner width=&#8221;1\/2&#8243;][vc_single_image image=&#8221;8924&#8243; img_size=&#8221;full&#8221;][\/vc_column_inner][vc_column_inner width=&#8221;1\/2&#8243;][vc_column_text]<\/p>\n<h2><span class=\"palette-0 \">Corporate reportage<\/span><\/h2>\n<p><a href=\"https:\/\/www.e-marketing.fr\/Definitions-Glossaire\/est-que-marketing-238286.htm\" target=\"_blank\" rel=\"noopener\">Marketing<\/a> and advertising use corporate photography as a means of creating powerful, iconic imagery for their projects, businesses or products.<\/p>\n<p>Corporate photography is a specific form of reportage that uses a &#8220;dramatic&#8221; aesthetic to articulate corporate ethics and image through images.<\/p>\n<p>The purpose of corporate photography encompasses advertising and marketing, press relations, public relations, recruitment or other promotional objectives.<\/p>\n<p>A corporate report represents an opportunity to depict the company&#8217;s identity, products and general activity in a typically more creative and expressive way than is usual in the context of editorial commissions.[\/vc_column_text][\/vc_column_inner][\/vc_row_inner][\/vc_column][\/vc_row][vc_row][vc_column][vc_row_inner][vc_column_inner width=&#8221;1\/2&#8243;][vc_column_text]<\/p>\n<h3><span class=\"palette-0 \">Event reporting<\/span><\/h3>\n<p>Event reporting is a particular photographic specialty: it&#8217;s a report with a factual and informative objective.<\/p>\n<p>Event reporting offers more in-depth coverage of an event than news reporting, as it includes images, interviews, facts and figures to make the report more interactive.<\/p>\n<p>The events we photograph are planned down to the last detail months in advance. The planning of each event is an important aspect of this work, and as such, elements such as food, refreshments, visuals, lighting, equipment hire, and location are carefully planned.[\/vc_column_text][\/vc_column_inner][vc_column_inner width=&#8221;1\/2&#8243;][vc_single_image image=&#8221;8925&#8243; img_size=&#8221;full&#8221;][\/vc_column_inner][\/vc_row_inner][\/vc_column][\/vc_row][vc_row][vc_column][vc_row_inner][vc_column_inner width=&#8221;1\/2&#8243;][vc_single_image image=&#8221;8926&#8243; img_size=&#8221;full&#8221;][\/vc_column_inner][vc_column_inner width=&#8221;1\/2&#8243;][vc_column_text]<\/p>\n<h3><span class=\"palette-0 \">Construction reporting and industrial photography<\/span><\/h3>\n<p>A site report is a visual report of a construction or maintenance project on site, showing the state and situation of the construction at a specific point in time.<\/p>\n<p>Site reports originate from the needs of companies involved in construction, maintenance or restoration work, who need to keep track of what&#8217;s happening on their sites, but also for internal and external advertising and marketing campaigns.<\/p>\n<p>Industrial photography is a form of documentary photography in which the process or manufacture of a product is documented within a company.<\/p>\n<p>The industrial photographer is really an interpreter of industrial subjects. He must be a visual analyst of things as they really are, and an artistic interpreter.[\/vc_column_text][\/vc_column_inner][\/vc_row_inner][\/vc_column][\/vc_row][vc_row][vc_column][vc_row_inner][vc_column_inner width=&#8221;1\/2&#8243;][vc_column_text]<\/p>\n<h3>Product packshot<\/h3>\n<p>Today, we live in a world of images, which makes the need for product packshots more important than ever.<\/p>\n<p>It&#8217;s no longer enough to use a snapshot taken with your digital camera and upload it to your website. Your product has to stand out in a crowded marketplace.<\/p>\n<p>Product photography is one of the most important parts of digital marketing today.<\/p>\n<p>It&#8217;s the best way to sell a product, and includes all the aspects that influence the customer&#8217;s attraction to your brand.<\/p>\n<p>Good product photography acts as a lever to increase your sales and multiply your turnover.[\/vc_column_text][\/vc_column_inner][vc_column_inner width=&#8221;1\/2&#8243;][vc_single_image image=&#8221;8927&#8243; img_size=&#8221;full&#8221;][\/vc_column_inner][\/vc_row_inner][\/vc_column][\/vc_row][vc_row full_width=&#8221;stretch_row&#8221; css=&#8221;.vc_custom_1747149418259{background-image: url(https:\/\/www.dsoverseas.com\/wp-content\/uploads\/2025\/05\/CTA-5.jpg?id=9722) !important;background-position: center !important;background-repeat: no-repeat !important;background-size: cover !important;}&#8221;][vc_column][vc_row_inner][vc_column_inner width=&#8221;1\/2&#8243;][\/vc_column_inner][vc_column_inner width=&#8221;1\/2&#8243;][vc_empty_space height=&#8221;30&#8243;][vc_column_text css=&#8221;&#8221;]<\/p>\n<h2>We support you in your Communication and Digital Marketing projects<\/h2>\n<p>Get in touch with our teams using the form below or contact us directly on WhatsApp[\/vc_column_text]\n<div class=\"wpcf7 no-js\" id=\"wpcf7-f6-o1\" lang=\"fr-FR\" dir=\"ltr\" data-wpcf7-id=\"6\">\n<div class=\"screen-reader-response\"><p role=\"status\" aria-live=\"polite\" aria-atomic=\"true\"><\/p> <ul><\/ul><\/div>\n<form action=\"\/en\/wp-json\/wp\/v2\/pages\/10910#wpcf7-f6-o1\" method=\"post\" class=\"wpcf7-form init\" aria-label=\"Formulaire de contact\" novalidate=\"novalidate\" data-status=\"init\">\n<fieldset class=\"hidden-fields-container\"><input type=\"hidden\" name=\"_wpcf7\" value=\"6\" \/><input type=\"hidden\" name=\"_wpcf7_version\" value=\"6.1.5\" \/><input type=\"hidden\" name=\"_wpcf7_locale\" value=\"fr_FR\" \/><input type=\"hidden\" name=\"_wpcf7_unit_tag\" value=\"wpcf7-f6-o1\" \/><input type=\"hidden\" name=\"_wpcf7_container_post\" value=\"0\" \/><input type=\"hidden\" name=\"_wpcf7_posted_data_hash\" value=\"\" \/><input type=\"hidden\" name=\"_wpcf7_recaptcha_response\" value=\"\" \/>\n<\/fieldset>\n<p><label> Votre nom (obligatoire)<br \/>\n<span class=\"wpcf7-form-control-wrap\" data-name=\"your-name\"><input size=\"40\" maxlength=\"400\" class=\"wpcf7-form-control wpcf7-text wpcf7-validates-as-required\" aria-required=\"true\" aria-invalid=\"false\" value=\"\" type=\"text\" name=\"your-name\" \/><\/span> <\/label>\n<\/p>\n<p><label> Votre adresse de messagerie (obligatoire)<br \/>\n<span class=\"wpcf7-form-control-wrap\" data-name=\"your-email\"><input size=\"40\" maxlength=\"400\" class=\"wpcf7-form-control wpcf7-email wpcf7-validates-as-required wpcf7-text wpcf7-validates-as-email\" aria-required=\"true\" aria-invalid=\"false\" value=\"\" type=\"email\" name=\"your-email\" \/><\/span> <\/label>\n<\/p>\n<p><label> Objet<br \/>\n<span class=\"wpcf7-form-control-wrap\" data-name=\"your-subject\"><input size=\"40\" maxlength=\"400\" class=\"wpcf7-form-control wpcf7-text\" aria-invalid=\"false\" value=\"\" type=\"text\" name=\"your-subject\" \/><\/span> <\/label>\n<\/p>\n<p><label> Votre message<br \/>\n<span class=\"wpcf7-form-control-wrap\" data-name=\"your-message\"><textarea cols=\"40\" rows=\"10\" maxlength=\"2000\" class=\"wpcf7-form-control wpcf7-textarea\" aria-invalid=\"false\" name=\"your-message\"><\/textarea><\/span> <\/label>\n<\/p>\n<p><input class=\"wpcf7-form-control wpcf7-submit has-spinner\" type=\"submit\" value=\"Envoyer\" \/>\n<\/p><div class=\"wpcf7-response-output\" aria-hidden=\"true\"><\/div>\n<\/form>\n<\/div>\n[vc_btn title=&#8221;WhatsApp: 23 30 33 31&#8243; color=&#8221;vista-blue&#8221; align=&#8221;center&#8221; i_icon_fontawesome=&#8221;fa fa-brands fa-whatsapp&#8221; css=&#8221;&#8221; add_icon=&#8221;true&#8221;][vc_empty_space height=&#8221;30&#8243;][\/vc_column_inner][\/vc_row_inner][\/vc_column][\/vc_row]<\/p>\n<\/div>","protected":false},"excerpt":{"rendered":"<p>[vc_row][vc_column][vc_empty_space height=&#8221;85&#8243;][\/vc_column][\/vc_row][vc_row][vc_column][vc_row_inner][vc_column_inner width=&#8221;1\/2&#8243;][vc_column_text]Ds Overseas has extensive experience in corporate photography. Corporate photography is at once artistic, factual and functional. Its purpose is to serve the company&#8217;s<span class=\"excerpt-hellip\"> [\u2026]<\/span><\/p>\n","protected":false},"author":1,"featured_media":-1,"parent":10924,"menu_order":0,"comment_status":"closed","ping_status":"closed","template":"","meta":{"rs_blank_template":"","rs_page_bg_color":"","slide_template_v7":"","footnotes":""},"class_list":["post-10910","page","type-page","status-publish","has-post-thumbnail","hentry"],"yoast_head":"<!-- This site is optimized with the Yoast SEO plugin v27.3 - https:\/\/yoast.com\/product\/yoast-seo-wordpress\/ -->\n<title>Corporate photography - Agence de communication et Marketing Digital Tunisie<\/title>\n<meta name=\"description\" content=\"Corporate photography, Photojournalism, Advertising shoots, Construction photos, Product photos, Event photography, Restaurant photography\" \/>\n<meta name=\"robots\" content=\"index, follow, max-snippet:-1, max-image-preview:large, max-video-preview:-1\" \/>\n<link rel=\"canonical\" href=\"https:\/\/www.dsoverseas.com\/en\/services\/event-communication\/corporate-photography\/\" \/>\n<meta property=\"og:locale\" content=\"en_US\" \/>\n<meta property=\"og:type\" content=\"article\" \/>\n<meta property=\"og:title\" content=\"Corporate photography - Agence de communication et Marketing Digital Tunisie\" \/>\n<meta property=\"og:description\" content=\"Corporate photography, Photojournalism, Advertising shoots, Construction photos, Product photos, Event photography, Restaurant photography\" \/>\n<meta property=\"og:url\" content=\"https:\/\/www.dsoverseas.com\/en\/services\/event-communication\/corporate-photography\/\" \/>\n<meta property=\"og:site_name\" content=\"Agence de communication et Marketing Digital Tunisie\" \/>\n<meta property=\"article:publisher\" content=\"https:\/\/www.facebook.com\/Dsoverseasagency\" \/>\n<meta property=\"article:modified_time\" content=\"2026-04-18T21:30:49+00:00\" \/>\n<meta property=\"og:image\" content=\"https:\/\/www.dsoverseas.com\/wp-content\/uploads\/2021\/01\/logo-2.png\" \/>\n\t<meta property=\"og:image:width\" content=\"386\" \/>\n\t<meta property=\"og:image:height\" content=\"100\" \/>\n\t<meta property=\"og:image:type\" content=\"image\/png\" \/>\n<meta name=\"twitter:card\" content=\"summary_large_image\" \/>\n<meta name=\"twitter:site\" content=\"@Ds_overseas\" \/>\n<meta name=\"twitter:label1\" content=\"Est. reading time\" \/>\n\t<meta name=\"twitter:data1\" content=\"4 minutes\" \/>\n<!-- \/ Yoast SEO plugin. -->","yoast_head_json":{"title":"Corporate photography - Agence de communication et Marketing Digital Tunisie","description":"Corporate photography, Photojournalism, Advertising shoots, Construction photos, Product photos, Event photography, Restaurant photography","robots":{"index":"index","follow":"follow","max-snippet":"max-snippet:-1","max-image-preview":"max-image-preview:large","max-video-preview":"max-video-preview:-1"},"canonical":"https:\/\/www.dsoverseas.com\/en\/services\/event-communication\/corporate-photography\/","og_locale":"en_US","og_type":"article","og_title":"Corporate photography - Agence de communication et Marketing Digital Tunisie","og_description":"Corporate photography, Photojournalism, Advertising shoots, Construction photos, Product photos, Event photography, Restaurant photography","og_url":"https:\/\/www.dsoverseas.com\/en\/services\/event-communication\/corporate-photography\/","og_site_name":"Agence de communication et Marketing Digital Tunisie","article_publisher":"https:\/\/www.facebook.com\/Dsoverseasagency","article_modified_time":"2026-04-18T21:30:49+00:00","og_image":[{"width":386,"height":100,"url":"https:\/\/www.dsoverseas.com\/wp-content\/uploads\/2021\/01\/logo-2.png","type":"image\/png"}],"twitter_card":"summary_large_image","twitter_site":"@Ds_overseas","twitter_misc":{"Est. reading time":"4 minutes"},"schema":{"@context":"https:\/\/schema.org","@graph":[{"@type":"WebPage","@id":"https:\/\/www.dsoverseas.com\/en\/services\/event-communication\/corporate-photography\/","url":"https:\/\/www.dsoverseas.com\/en\/services\/event-communication\/corporate-photography\/","name":"Corporate photography - Agence de communication et Marketing Digital Tunisie","isPartOf":{"@id":"https:\/\/www.dsoverseas.com\/#website"},"datePublished":"2022-01-02T13:26:44+00:00","dateModified":"2026-04-18T21:30:49+00:00","description":"Corporate photography, Photojournalism, Advertising shoots, Construction photos, Product photos, Event photography, Restaurant photography","breadcrumb":{"@id":"https:\/\/www.dsoverseas.com\/en\/services\/event-communication\/corporate-photography\/#breadcrumb"},"inLanguage":"en-US","potentialAction":[{"@type":"ReadAction","target":["https:\/\/www.dsoverseas.com\/en\/services\/event-communication\/corporate-photography\/"]}]},{"@type":"BreadcrumbList","@id":"https:\/\/www.dsoverseas.com\/en\/services\/event-communication\/corporate-photography\/#breadcrumb","itemListElement":[{"@type":"ListItem","position":1,"name":"Accueil","item":"https:\/\/www.dsoverseas.com\/en\/"},{"@type":"ListItem","position":2,"name":"Services","item":"https:\/\/www.dsoverseas.com\/en\/services\/"},{"@type":"ListItem","position":3,"name":"Event communication","item":"https:\/\/www.dsoverseas.com\/en\/services\/event-communication\/"},{"@type":"ListItem","position":4,"name":"Corporate photography"}]},{"@type":"WebSite","@id":"https:\/\/www.dsoverseas.com\/#website","url":"https:\/\/www.dsoverseas.com\/","name":"Agence de communication et Marketing Digital","description":"agence de communication, conseil en communication, conception graphique, community Management, d\u00e9veloppement et conception site web, impressions num\u00e9riques, impressions offset, enseignes habillages et signal\u00e9tiques, agence \u00e9v\u00e9nementielle, Marketing Digital, r\u00e9seaux sociaux","publisher":{"@id":"https:\/\/www.dsoverseas.com\/#organization"},"potentialAction":[{"@type":"SearchAction","target":{"@type":"EntryPoint","urlTemplate":"https:\/\/www.dsoverseas.com\/?s={search_term_string}"},"query-input":{"@type":"PropertyValueSpecification","valueRequired":true,"valueName":"search_term_string"}}],"inLanguage":"en-US"},{"@type":"Organization","@id":"https:\/\/www.dsoverseas.com\/#organization","name":"DS Overseas","url":"https:\/\/www.dsoverseas.com\/","logo":{"@type":"ImageObject","inLanguage":"en-US","@id":"https:\/\/www.dsoverseas.com\/#\/schema\/logo\/image\/","url":"https:\/\/www.dsoverseas.com\/wp-content\/uploads\/2021\/01\/logo-2.png","contentUrl":"https:\/\/www.dsoverseas.com\/wp-content\/uploads\/2021\/01\/logo-2.png","width":386,"height":100,"caption":"DS Overseas"},"image":{"@id":"https:\/\/www.dsoverseas.com\/#\/schema\/logo\/image\/"},"sameAs":["https:\/\/www.facebook.com\/Dsoverseasagency","https:\/\/x.com\/Ds_overseas","https:\/\/www.instagram.com\/dsoverseas\/"]}]}},"_links":{"self":[{"href":"https:\/\/www.dsoverseas.com\/en\/wp-json\/wp\/v2\/pages\/10910","targetHints":{"allow":["GET"]}}],"collection":[{"href":"https:\/\/www.dsoverseas.com\/en\/wp-json\/wp\/v2\/pages"}],"about":[{"href":"https:\/\/www.dsoverseas.com\/en\/wp-json\/wp\/v2\/types\/page"}],"author":[{"embeddable":true,"href":"https:\/\/www.dsoverseas.com\/en\/wp-json\/wp\/v2\/users\/1"}],"replies":[{"embeddable":true,"href":"https:\/\/www.dsoverseas.com\/en\/wp-json\/wp\/v2\/comments?post=10910"}],"version-history":[{"count":4,"href":"https:\/\/www.dsoverseas.com\/en\/wp-json\/wp\/v2\/pages\/10910\/revisions"}],"predecessor-version":[{"id":11051,"href":"https:\/\/www.dsoverseas.com\/en\/wp-json\/wp\/v2\/pages\/10910\/revisions\/11051"}],"up":[{"embeddable":true,"href":"https:\/\/www.dsoverseas.com\/en\/wp-json\/wp\/v2\/pages\/10924"}],"wp:featuredmedia":[{"embeddable":true,"href":"https:\/\/www.dsoverseas.com\/en\/wp-json\/"}],"wp:attachment":[{"href":"https:\/\/www.dsoverseas.com\/en\/wp-json\/wp\/v2\/media?parent=10910"}],"curies":[{"name":"wp","href":"https:\/\/api.w.org\/{rel}","templated":true}]}}