{"id":10911,"date":"2021-01-19T15:53:11","date_gmt":"2021-01-19T14:53:11","guid":{"rendered":"https:\/\/www.dsoverseas.com\/references\/morocco\/"},"modified":"2026-04-18T23:28:24","modified_gmt":"2026-04-18T21:28:24","slug":"morocco","status":"publish","type":"page","link":"https:\/\/www.dsoverseas.com\/en\/references\/morocco\/","title":{"rendered":"Morocco"},"content":{"rendered":"<div class=\"wpb-content-wrapper\"><p>[vc_row][vc_column][vc_custom_heading text=&#8221;DS OVERSEAS reference on the Moroccan market&#8221; font_container=&#8221;tag:h2|text_align:center&#8221; use_theme_fonts=&#8221;yes&#8221;][vc_column_text]<\/p>\n<p style=\"text-align: center;\">We present here our references as a communication agency in Morocco with a wide range of <a href=\"https:\/\/www.dsoverseas.com\/en\/services\/\">services<\/a>. DS OVERSEAS is an offshore communications agency with considerable expertise in the Moroccan market. Our clients include Motorola and Lenovo.<\/p>\n<p>[\/vc_column_text][vc_row_inner][vc_column_inner width=&#8221;1\/2&#8243;][vc_column_text]<\/p>\n<h2>Communication agency Morocco<\/h2>\n<p>A communications agency in Morocco supports companies (in any sector or form: B2B, B2C, associations, NGOs, etc.) in setting up their communications resources. Most of the time, it designs a communications strategy tailored to its client&#8217;s needs and objectives, and then implements the means it has recommended.<\/p>\n<p>The first mission of a communications agency is consulting, but not only:<\/p>\n<ul>\n<li>Internal communication: company magazine, incentives, employee sports associations<\/li>\n<li>External communication: <a href=\"https:\/\/www.journaldunet.fr\/business\/dictionnaire-du-marketing\/1504725-reseaux-sociaux-definition-liste-des-plus-populaires-en-france-et-chez-jeunes\/\" target=\"_blank\" rel=\"noopener\">social networks<\/a>, website, posters, PR, sales documents<\/li>\n<\/ul>\n<p>DS Overseas is a communications agency with several references in the Moroccan market.<\/p>\n<p>It is a global company, taking charge of all elements of its customers&#8217; communication strategy, both offline and online.[\/vc_column_text][\/vc_column_inner][vc_column_inner width=&#8221;1\/2&#8243;][vc_column_text]<\/p>\n<h2>Our expertise<\/h2>\n<p>Ds Overseas provides marketing services such as advertising and public relations, including graphic design, video production and copywriting.<\/p>\n<p>An advertising agency creates advertising campaigns for advertisers and conducts market research to understand consumer wants and needs, which guide the development of an advertising strategy.<\/p>\n<p>We provide services in the fields of advertising and communication thanks to both creative and analytical expertise.<\/p>\n<p>In other words, we develop strategies, write texts, design graphics, plan events, set up and build websites, and organize exhibitions.<\/p>\n<p>As a Moroccan communications agency, taking on &#8220;remote&#8221; assignments is no problem for our in-house team, since we have enormous expertise and experience in managing international projects.[\/vc_column_text][\/vc_column_inner][\/vc_row_inner][\/vc_column][\/vc_row][vc_row][vc_column][vc_basic_grid post_type=&#8221;portfolio&#8221; max_items=&#8221;-1&#8243; item=&#8221;masonryGrid_Default&#8221; grid_id=&#8221;vc_gid:1641555328120-c640851e-a4ab-2&#8243; taxonomies=&#8221;36&#8243;][\/vc_column][\/vc_row]<\/p>\n<\/div>","protected":false},"excerpt":{"rendered":"<p>[vc_row][vc_column][vc_custom_heading text=&#8221;DS OVERSEAS reference on the Moroccan market&#8221; font_container=&#8221;tag:h2|text_align:center&#8221; use_theme_fonts=&#8221;yes&#8221;][vc_column_text] We present here our references as a communication agency in Morocco with a wide range of<span class=\"excerpt-hellip\"> [\u2026]<\/span><\/p>\n","protected":false},"author":1,"featured_media":-1,"parent":10764,"menu_order":0,"comment_status":"closed","ping_status":"closed","template":"","meta":{"rs_blank_template":"","rs_page_bg_color":"","slide_template_v7":"","footnotes":""},"class_list":["post-10911","page","type-page","status-publish","has-post-thumbnail","hentry"],"yoast_head":"<!-- This site is optimized with the Yoast SEO plugin v27.3 - https:\/\/yoast.com\/product\/yoast-seo-wordpress\/ -->\n<title>communication agency Morocco - Agence de communication et Marketing Digital Tunisie<\/title>\n<meta name=\"description\" content=\"communication agency Morocco, reference ds overseas offshore communication agency on the Moroccan market, reference Morocco ds overseas\" \/>\n<meta name=\"robots\" content=\"index, follow, max-snippet:-1, max-image-preview:large, max-video-preview:-1\" \/>\n<link rel=\"canonical\" href=\"https:\/\/www.dsoverseas.com\/en\/references\/morocco\/\" \/>\n<meta property=\"og:locale\" content=\"en_US\" \/>\n<meta property=\"og:type\" content=\"article\" \/>\n<meta property=\"og:title\" content=\"communication agency Morocco - Agence de communication et Marketing Digital Tunisie\" \/>\n<meta property=\"og:description\" content=\"communication agency Morocco, reference ds overseas offshore communication agency on the Moroccan market, reference Morocco ds overseas\" \/>\n<meta property=\"og:url\" content=\"https:\/\/www.dsoverseas.com\/en\/references\/morocco\/\" \/>\n<meta property=\"og:site_name\" content=\"Agence de communication et Marketing Digital Tunisie\" \/>\n<meta property=\"article:publisher\" content=\"https:\/\/www.facebook.com\/Dsoverseasagency\" \/>\n<meta property=\"article:modified_time\" content=\"2026-04-18T21:28:24+00:00\" \/>\n<meta property=\"og:image\" content=\"https:\/\/www.dsoverseas.com\/wp-content\/uploads\/2021\/01\/logo-2.png\" \/>\n\t<meta property=\"og:image:width\" content=\"386\" \/>\n\t<meta property=\"og:image:height\" content=\"100\" \/>\n\t<meta property=\"og:image:type\" content=\"image\/png\" \/>\n<meta name=\"twitter:card\" content=\"summary_large_image\" \/>\n<meta name=\"twitter:site\" content=\"@Ds_overseas\" \/>\n<meta name=\"twitter:label1\" content=\"Est. reading time\" \/>\n\t<meta name=\"twitter:data1\" content=\"2 minutes\" \/>\n<!-- \/ Yoast SEO plugin. -->","yoast_head_json":{"title":"communication agency Morocco - Agence de communication et Marketing Digital Tunisie","description":"communication agency Morocco, reference ds overseas offshore communication agency on the Moroccan market, reference Morocco ds overseas","robots":{"index":"index","follow":"follow","max-snippet":"max-snippet:-1","max-image-preview":"max-image-preview:large","max-video-preview":"max-video-preview:-1"},"canonical":"https:\/\/www.dsoverseas.com\/en\/references\/morocco\/","og_locale":"en_US","og_type":"article","og_title":"communication agency Morocco - Agence de communication et Marketing Digital Tunisie","og_description":"communication agency Morocco, reference ds overseas offshore communication agency on the Moroccan market, reference Morocco ds overseas","og_url":"https:\/\/www.dsoverseas.com\/en\/references\/morocco\/","og_site_name":"Agence de communication et Marketing Digital Tunisie","article_publisher":"https:\/\/www.facebook.com\/Dsoverseasagency","article_modified_time":"2026-04-18T21:28:24+00:00","og_image":[{"width":386,"height":100,"url":"https:\/\/www.dsoverseas.com\/wp-content\/uploads\/2021\/01\/logo-2.png","type":"image\/png"}],"twitter_card":"summary_large_image","twitter_site":"@Ds_overseas","twitter_misc":{"Est. reading time":"2 minutes"},"schema":{"@context":"https:\/\/schema.org","@graph":[{"@type":"WebPage","@id":"https:\/\/www.dsoverseas.com\/en\/references\/morocco\/","url":"https:\/\/www.dsoverseas.com\/en\/references\/morocco\/","name":"communication agency Morocco - Agence de communication et Marketing Digital Tunisie","isPartOf":{"@id":"https:\/\/www.dsoverseas.com\/#website"},"datePublished":"2021-01-19T14:53:11+00:00","dateModified":"2026-04-18T21:28:24+00:00","description":"communication agency Morocco, reference ds overseas offshore communication agency on the Moroccan market, reference Morocco ds overseas","breadcrumb":{"@id":"https:\/\/www.dsoverseas.com\/en\/references\/morocco\/#breadcrumb"},"inLanguage":"en-US","potentialAction":[{"@type":"ReadAction","target":["https:\/\/www.dsoverseas.com\/en\/references\/morocco\/"]}]},{"@type":"BreadcrumbList","@id":"https:\/\/www.dsoverseas.com\/en\/references\/morocco\/#breadcrumb","itemListElement":[{"@type":"ListItem","position":1,"name":"Accueil","item":"https:\/\/www.dsoverseas.com\/en\/"},{"@type":"ListItem","position":2,"name":"References","item":"https:\/\/www.dsoverseas.com\/en\/references\/"},{"@type":"ListItem","position":3,"name":"Morocco"}]},{"@type":"WebSite","@id":"https:\/\/www.dsoverseas.com\/#website","url":"https:\/\/www.dsoverseas.com\/","name":"Agence de communication et Marketing Digital","description":"agence de communication, conseil en communication, conception graphique, community Management, d\u00e9veloppement et conception site web, impressions num\u00e9riques, impressions offset, enseignes habillages et signal\u00e9tiques, agence \u00e9v\u00e9nementielle, Marketing Digital, r\u00e9seaux sociaux","publisher":{"@id":"https:\/\/www.dsoverseas.com\/#organization"},"potentialAction":[{"@type":"SearchAction","target":{"@type":"EntryPoint","urlTemplate":"https:\/\/www.dsoverseas.com\/?s={search_term_string}"},"query-input":{"@type":"PropertyValueSpecification","valueRequired":true,"valueName":"search_term_string"}}],"inLanguage":"en-US"},{"@type":"Organization","@id":"https:\/\/www.dsoverseas.com\/#organization","name":"DS Overseas","url":"https:\/\/www.dsoverseas.com\/","logo":{"@type":"ImageObject","inLanguage":"en-US","@id":"https:\/\/www.dsoverseas.com\/#\/schema\/logo\/image\/","url":"https:\/\/www.dsoverseas.com\/wp-content\/uploads\/2021\/01\/logo-2.png","contentUrl":"https:\/\/www.dsoverseas.com\/wp-content\/uploads\/2021\/01\/logo-2.png","width":386,"height":100,"caption":"DS Overseas"},"image":{"@id":"https:\/\/www.dsoverseas.com\/#\/schema\/logo\/image\/"},"sameAs":["https:\/\/www.facebook.com\/Dsoverseasagency","https:\/\/x.com\/Ds_overseas","https:\/\/www.instagram.com\/dsoverseas\/"]}]}},"_links":{"self":[{"href":"https:\/\/www.dsoverseas.com\/en\/wp-json\/wp\/v2\/pages\/10911","targetHints":{"allow":["GET"]}}],"collection":[{"href":"https:\/\/www.dsoverseas.com\/en\/wp-json\/wp\/v2\/pages"}],"about":[{"href":"https:\/\/www.dsoverseas.com\/en\/wp-json\/wp\/v2\/types\/page"}],"author":[{"embeddable":true,"href":"https:\/\/www.dsoverseas.com\/en\/wp-json\/wp\/v2\/users\/1"}],"replies":[{"embeddable":true,"href":"https:\/\/www.dsoverseas.com\/en\/wp-json\/wp\/v2\/comments?post=10911"}],"version-history":[{"count":3,"href":"https:\/\/www.dsoverseas.com\/en\/wp-json\/wp\/v2\/pages\/10911\/revisions"}],"predecessor-version":[{"id":11045,"href":"https:\/\/www.dsoverseas.com\/en\/wp-json\/wp\/v2\/pages\/10911\/revisions\/11045"}],"up":[{"embeddable":true,"href":"https:\/\/www.dsoverseas.com\/en\/wp-json\/wp\/v2\/pages\/10764"}],"wp:featuredmedia":[{"embeddable":true,"href":"https:\/\/www.dsoverseas.com\/en\/wp-json\/"}],"wp:attachment":[{"href":"https:\/\/www.dsoverseas.com\/en\/wp-json\/wp\/v2\/media?parent=10911"}],"curies":[{"name":"wp","href":"https:\/\/api.w.org\/{rel}","templated":true}]}}