{"id":10912,"date":"2021-01-18T17:50:50","date_gmt":"2021-01-18T16:50:50","guid":{"rendered":"https:\/\/www.dsoverseas.com\/references\/nigeria\/"},"modified":"2026-04-18T23:28:33","modified_gmt":"2026-04-18T21:28:33","slug":"nigeria","status":"publish","type":"page","link":"https:\/\/www.dsoverseas.com\/en\/references\/nigeria\/","title":{"rendered":"Nigeria"},"content":{"rendered":"<div class=\"wpb-content-wrapper\"><p>[vc_row][vc_column][vc_custom_heading text=&#8221;DS OVERSEAS reference on the Nigerian market&#8221; font_container=&#8221;tag:h2|text_align:center&#8221; use_theme_fonts=&#8221;yes&#8221;][vc_column_text]<\/p>\n<p style=\"text-align: center;\">Here we present our credentials as a communications agency in Nigeria, offering a wide range of services. DS OVERSEAS is an offshore communications agency with considerable expertise in the Nigerian market, ranging from graphic design to <a href=\"https:\/\/www.dsoverseas.com\/services\/conception-et-developpement-site-web\/\">website development<\/a>. Customers who have placed their trust in us: <a href=\"https:\/\/www.facebook.com\/apartmentroyale\/\" target=\"_blank\" rel=\"noopener\">Apartment Royal<\/a>, Twinscorp, Africa Malt<\/p>\n<p>[\/vc_column_text][vc_row_inner][vc_column_inner width=&#8221;1\/2&#8243;][vc_column_text]<\/p>\n<h2>Niger Economy<\/h2>\n<p>The structure of Nigeria&#8217;s economy is comparable to that of many African countries.<\/p>\n<p>Africa&#8217;s most populous country, it is the continent&#8217;s leading oil producer.<\/p>\n<p>Its gross domestic product (GDP) per capita is in line with the African average, but well below pre-independence levels. Around two-thirds of the population live below the absolute poverty line ($1 a day), compared with 43% in 1985.<\/p>\n<p>Thanks to its human potential and wealth of natural resources, Nigeria ranks as Africa&#8217;s 1st economic power with a GDP of $481.07 billion (2016) , ahead of South Africa ($312.8 billion in 2016).<\/p>\n<p>Its GDP (in purchasing power parity) was second only to Egypt&#8217;s in Africa in 2018.<\/p>\n<p>Most economic activity takes place in the coastal zone in the south of the country, particularly around Lagos. Although it employs the bulk of the working population, agriculture has been expanding in recent years (33% of GDP in 2009). <a href=\"https:\/\/fr.wikipedia.org\/wiki\/%C3%89conomie_du_Nigeria\" target=\"_blank\" rel=\"noopener\">Source<\/a>[\/vc_column_text][\/vc_column_inner][vc_column_inner width=&#8221;1\/2&#8243;][vc_column_text]<\/p>\n<h2>Communication agency Nigeria<\/h2>\n<p>A communications agency in Nigeria supports companies (in any sector or form: B2B, B2C, associations, NGOs, etc.) in setting up their communications resources. Most of the time, it designs a communications strategy tailored to its client&#8217;s needs and objectives, and then implements the means it has recommended.<\/p>\n<p>The first mission of a communications agency is consulting, but not only:<\/p>\n<ul>\n<li>Internal communication: company magazine, incentives, employee sports associations<\/li>\n<li>External communication: social networks, website, posters, PR, <a href=\"https:\/\/www.dsoverseas.com\/services\/impressions-offset\/\">commercial documents <\/a><\/li>\n<\/ul>\n<p>DS Overseas is a global communications agency in Nigeria that handles all elements of its customers&#8217; communications strategy, both offline and online.[\/vc_column_text][\/vc_column_inner][\/vc_row_inner][\/vc_column][\/vc_row][vc_row][vc_column][vc_basic_grid post_type=&#8221;portfolio&#8221; max_items=&#8221;-1&#8243; item=&#8221;masonryGrid_Default&#8221; grid_id=&#8221;vc_gid:1641556374371-6cfd5115-b246-6&#8243; taxonomies=&#8221;25&#8243;][\/vc_column][\/vc_row]<\/p>\n<\/div>","protected":false},"excerpt":{"rendered":"<p>[vc_row][vc_column][vc_custom_heading text=&#8221;DS OVERSEAS reference on the Nigerian market&#8221; font_container=&#8221;tag:h2|text_align:center&#8221; use_theme_fonts=&#8221;yes&#8221;][vc_column_text] Here we present our credentials as a communications agency in Nigeria, offering a wide range of<span class=\"excerpt-hellip\"> [\u2026]<\/span><\/p>\n","protected":false},"author":1,"featured_media":-1,"parent":10764,"menu_order":0,"comment_status":"closed","ping_status":"closed","template":"","meta":{"rs_blank_template":"","rs_page_bg_color":"","slide_template_v7":"","footnotes":""},"class_list":["post-10912","page","type-page","status-publish","has-post-thumbnail","hentry"],"yoast_head":"<!-- This site is optimized with the Yoast SEO plugin v27.3 - https:\/\/yoast.com\/product\/yoast-seo-wordpress\/ -->\n<title>communication agency Nigeria - Agence de communication et Marketing Digital Tunisie<\/title>\n<meta name=\"description\" content=\"communication agency Nigeria, reference ds overseas offshore communication agency on the nigerian market, reference Nigeria ds overseas\" \/>\n<meta name=\"robots\" content=\"index, follow, max-snippet:-1, max-image-preview:large, max-video-preview:-1\" \/>\n<link rel=\"canonical\" href=\"https:\/\/www.dsoverseas.com\/en\/references\/nigeria\/\" \/>\n<meta property=\"og:locale\" content=\"en_US\" \/>\n<meta property=\"og:type\" content=\"article\" \/>\n<meta property=\"og:title\" content=\"communication agency Nigeria - Agence de communication et Marketing Digital Tunisie\" \/>\n<meta property=\"og:description\" content=\"communication agency Nigeria, reference ds overseas offshore communication agency on the nigerian market, reference Nigeria ds overseas\" \/>\n<meta property=\"og:url\" content=\"https:\/\/www.dsoverseas.com\/en\/references\/nigeria\/\" \/>\n<meta property=\"og:site_name\" content=\"Agence de communication et Marketing Digital Tunisie\" \/>\n<meta property=\"article:publisher\" content=\"https:\/\/www.facebook.com\/Dsoverseasagency\" \/>\n<meta property=\"article:modified_time\" content=\"2026-04-18T21:28:33+00:00\" \/>\n<meta property=\"og:image\" content=\"https:\/\/www.dsoverseas.com\/wp-content\/uploads\/2021\/01\/logo-2.png\" \/>\n\t<meta property=\"og:image:width\" content=\"386\" \/>\n\t<meta property=\"og:image:height\" content=\"100\" \/>\n\t<meta property=\"og:image:type\" content=\"image\/png\" \/>\n<meta name=\"twitter:card\" content=\"summary_large_image\" \/>\n<meta name=\"twitter:site\" content=\"@Ds_overseas\" \/>\n<meta name=\"twitter:label1\" content=\"Est. reading time\" \/>\n\t<meta name=\"twitter:data1\" content=\"2 minutes\" \/>\n<!-- \/ Yoast SEO plugin. -->","yoast_head_json":{"title":"communication agency Nigeria - Agence de communication et Marketing Digital Tunisie","description":"communication agency Nigeria, reference ds overseas offshore communication agency on the nigerian market, reference Nigeria ds overseas","robots":{"index":"index","follow":"follow","max-snippet":"max-snippet:-1","max-image-preview":"max-image-preview:large","max-video-preview":"max-video-preview:-1"},"canonical":"https:\/\/www.dsoverseas.com\/en\/references\/nigeria\/","og_locale":"en_US","og_type":"article","og_title":"communication agency Nigeria - Agence de communication et Marketing Digital Tunisie","og_description":"communication agency Nigeria, reference ds overseas offshore communication agency on the nigerian market, reference Nigeria ds overseas","og_url":"https:\/\/www.dsoverseas.com\/en\/references\/nigeria\/","og_site_name":"Agence de communication et Marketing Digital Tunisie","article_publisher":"https:\/\/www.facebook.com\/Dsoverseasagency","article_modified_time":"2026-04-18T21:28:33+00:00","og_image":[{"width":386,"height":100,"url":"https:\/\/www.dsoverseas.com\/wp-content\/uploads\/2021\/01\/logo-2.png","type":"image\/png"}],"twitter_card":"summary_large_image","twitter_site":"@Ds_overseas","twitter_misc":{"Est. reading time":"2 minutes"},"schema":{"@context":"https:\/\/schema.org","@graph":[{"@type":"WebPage","@id":"https:\/\/www.dsoverseas.com\/en\/references\/nigeria\/","url":"https:\/\/www.dsoverseas.com\/en\/references\/nigeria\/","name":"communication agency Nigeria - Agence de communication et Marketing Digital Tunisie","isPartOf":{"@id":"https:\/\/www.dsoverseas.com\/#website"},"datePublished":"2021-01-18T16:50:50+00:00","dateModified":"2026-04-18T21:28:33+00:00","description":"communication agency Nigeria, reference ds overseas offshore communication agency on the nigerian market, reference Nigeria ds overseas","breadcrumb":{"@id":"https:\/\/www.dsoverseas.com\/en\/references\/nigeria\/#breadcrumb"},"inLanguage":"en-US","potentialAction":[{"@type":"ReadAction","target":["https:\/\/www.dsoverseas.com\/en\/references\/nigeria\/"]}]},{"@type":"BreadcrumbList","@id":"https:\/\/www.dsoverseas.com\/en\/references\/nigeria\/#breadcrumb","itemListElement":[{"@type":"ListItem","position":1,"name":"Accueil","item":"https:\/\/www.dsoverseas.com\/en\/"},{"@type":"ListItem","position":2,"name":"References","item":"https:\/\/www.dsoverseas.com\/en\/references\/"},{"@type":"ListItem","position":3,"name":"Nigeria"}]},{"@type":"WebSite","@id":"https:\/\/www.dsoverseas.com\/#website","url":"https:\/\/www.dsoverseas.com\/","name":"Agence de communication et Marketing Digital","description":"agence de communication, conseil en communication, conception graphique, community Management, d\u00e9veloppement et conception site web, impressions num\u00e9riques, impressions offset, enseignes habillages et signal\u00e9tiques, agence \u00e9v\u00e9nementielle, Marketing Digital, r\u00e9seaux sociaux","publisher":{"@id":"https:\/\/www.dsoverseas.com\/#organization"},"potentialAction":[{"@type":"SearchAction","target":{"@type":"EntryPoint","urlTemplate":"https:\/\/www.dsoverseas.com\/?s={search_term_string}"},"query-input":{"@type":"PropertyValueSpecification","valueRequired":true,"valueName":"search_term_string"}}],"inLanguage":"en-US"},{"@type":"Organization","@id":"https:\/\/www.dsoverseas.com\/#organization","name":"DS Overseas","url":"https:\/\/www.dsoverseas.com\/","logo":{"@type":"ImageObject","inLanguage":"en-US","@id":"https:\/\/www.dsoverseas.com\/#\/schema\/logo\/image\/","url":"https:\/\/www.dsoverseas.com\/wp-content\/uploads\/2021\/01\/logo-2.png","contentUrl":"https:\/\/www.dsoverseas.com\/wp-content\/uploads\/2021\/01\/logo-2.png","width":386,"height":100,"caption":"DS Overseas"},"image":{"@id":"https:\/\/www.dsoverseas.com\/#\/schema\/logo\/image\/"},"sameAs":["https:\/\/www.facebook.com\/Dsoverseasagency","https:\/\/x.com\/Ds_overseas","https:\/\/www.instagram.com\/dsoverseas\/"]}]}},"_links":{"self":[{"href":"https:\/\/www.dsoverseas.com\/en\/wp-json\/wp\/v2\/pages\/10912","targetHints":{"allow":["GET"]}}],"collection":[{"href":"https:\/\/www.dsoverseas.com\/en\/wp-json\/wp\/v2\/pages"}],"about":[{"href":"https:\/\/www.dsoverseas.com\/en\/wp-json\/wp\/v2\/types\/page"}],"author":[{"embeddable":true,"href":"https:\/\/www.dsoverseas.com\/en\/wp-json\/wp\/v2\/users\/1"}],"replies":[{"embeddable":true,"href":"https:\/\/www.dsoverseas.com\/en\/wp-json\/wp\/v2\/comments?post=10912"}],"version-history":[{"count":3,"href":"https:\/\/www.dsoverseas.com\/en\/wp-json\/wp\/v2\/pages\/10912\/revisions"}],"predecessor-version":[{"id":11046,"href":"https:\/\/www.dsoverseas.com\/en\/wp-json\/wp\/v2\/pages\/10912\/revisions\/11046"}],"up":[{"embeddable":true,"href":"https:\/\/www.dsoverseas.com\/en\/wp-json\/wp\/v2\/pages\/10764"}],"wp:featuredmedia":[{"embeddable":true,"href":"https:\/\/www.dsoverseas.com\/en\/wp-json\/"}],"wp:attachment":[{"href":"https:\/\/www.dsoverseas.com\/en\/wp-json\/wp\/v2\/media?parent=10912"}],"curies":[{"name":"wp","href":"https:\/\/api.w.org\/{rel}","templated":true}]}}