{"id":10929,"date":"2021-10-22T09:28:20","date_gmt":"2021-10-22T07:28:20","guid":{"rendered":"https:\/\/www.dsoverseas.com\/services\/corporate-communication\/digital-printing\/"},"modified":"2026-04-18T23:30:03","modified_gmt":"2026-04-18T21:30:03","slug":"digital-printing","status":"publish","type":"page","link":"https:\/\/www.dsoverseas.com\/en\/services\/corporate-communication\/digital-printing\/","title":{"rendered":"Digital printing"},"content":{"rendered":"<div class=\"wpb-content-wrapper\"><p>[vc_row][vc_column][vc_empty_space height=&#8221;85&#8243;][\/vc_column][\/vc_row][vc_row][vc_column width=&#8221;1\/3&#8243;][vc_single_image image=&#8221;8220&#8243; img_size=&#8221;full&#8221;][\/vc_column][vc_column width=&#8221;2\/3&#8243;][vc_custom_heading text=&#8221;Digital printing&#8221; font_container=&#8221;tag:h3|text_align:left|color:%2300afe5&#8243; google_fonts=&#8221;font_family:Montserrat%3Aregular%2C700|font_style:700%20bold%20regular%3A700%3Anormal&#8221;][vc_row_inner][vc_column_inner width=&#8221;1\/2&#8243;][vc_column_text]Ds Overseas takes care of the digital printing of your communication materials:<\/p>\n<p>&#8211; Large-format digital printing: Blind walls, bus bottoms, urban posters, banners, unipoles, fa\u00e7ade cladding, window cladding, etc.<br \/>\n&#8211; Digital printing: Administrative space cladding, car cladding, posters, etc.<br \/>\n&#8211; Digital offset printing: For very urgent printing orders on paper and small quantities. This technique enables us to meet very tight deadlines.<\/p>\n<h4>Our added value<\/h4>\n<p>Ds Overseas&#8217; expertise covers the entire &#8221; <a href=\"https:\/\/www.linternaute.fr\/dictionnaire\/fr\/definition\/impression\/\" target=\"_blank\" rel=\"noopener noreferrer\">Print<\/a> &#8221; process for digital and offset printing, advising customers on[\/vc_column_text][\/vc_column_inner][vc_column_inner width=&#8221;1\/2&#8243;][vc_column_text]- The nature of the print medium to be used (e.g. offset or digital stickers)<br \/>\n&#8211; The best printing techniques and different finishing options (folding, numbering, selective varnish, hot foil stamping, embossing, etc.)<br \/>\n&#8211; Optimization of technical choices in relation to the customer&#8217;s budget.[\/vc_column_text][vc_single_image image=&#8221;8867&#8243; img_size=&#8221;full&#8221;][vc_column_text]Our agency, with its wealth of <a href=\"https:\/\/www.dsoverseas.com\/en\/references\/\" target=\"_blank\" rel=\"noopener noreferrer\">experience<\/a> in both the local and international markets, knows how to meet all the quality and deadline requirements that may arise when handling our customers&#8217; communication operations.<\/p>\n<p>Our teams know how to respond within very short deadlines, with maximum efficiency and impeccable quality.<\/p>\n<p>We have also managed several offshore printing operations in France, Libya and Algeria.[\/vc_column_text][\/vc_column_inner][\/vc_row_inner][\/vc_column][\/vc_row][vc_row][vc_column][vc_custom_heading text=&#8221;Our references&#8221; font_container=&#8221;tag:h3|text_align:center|color:%2300b4d8&#8243; google_fonts=&#8221;font_family:Montserrat%3Aregular%2C700|font_style:700%20bold%20regular%3A700%3Anormal&#8221;][vc_empty_space][vc_basic_grid post_type=&#8221;portfolio&#8221; max_items=&#8221;-1&#8243; style=&#8221;load-more&#8221; items_per_page=&#8221;3&#8243; item=&#8221;masonryGrid_Default&#8221; css=&#8221;&#8221; btn_style=&#8221;modern&#8221; btn_color=&#8221;default&#8221; btn_size=&#8221;xs&#8221; grid_id=&#8221;vc_gid:1752066156615-337a848a-3968-5&#8243; taxonomies=&#8221;6&#8243;][\/vc_column][\/vc_row][vc_row][vc_column][vc_custom_heading text=&#8221;What is digital printing?&#8221; font_container=&#8221;tag:h2|text_align:center&#8221; use_theme_fonts=&#8221;yes&#8221;][vc_separator color=&#8221;blue&#8221; border_width=&#8221;8&#8243; el_width=&#8221;10&#8243;][vc_empty_space height=&#8221;20&#8243;][\/vc_column][\/vc_row][vc_row][vc_column width=&#8221;1\/2&#8243;]<div class=\"icon_box icon_position_top has_border\"><div class=\"icon_wrapper\"><div class=\"icon\"><i class=\"fas fa-eye\" aria-hidden=\"true\"><\/i><\/div><\/div><div class=\"desc_wrapper\"><h4 class=\"title \">Large Format Digital Printing<\/h4><div class=\"desc\">Large-format printing includes printing on plastic, whether self-adhesive or not. Our agency specializes in printing on the following materials: Tarpaulin Printing, Vinyl Printing, Transparent Vinyl Printing, Microperforated Vinyl Printing, Poster Paper Printing, Wallpaper Printing, Canvas Printing, Fabric Printing, Backlit Film Printing.<\/div><\/div><\/div>\n[\/vc_column][vc_column width=&#8221;1\/2&#8243;]<div class=\"icon_box icon_position_top no_border\"><div class=\"icon_wrapper\"><div class=\"icon\"><i class=\"fas fa-chalkboard\" aria-hidden=\"true\"><\/i><\/div><\/div><div class=\"desc_wrapper\"><h4 class=\"title \">Rigid large format printing<\/h4><div class=\"desc\">Ds Overseas specializes in printing on large-format rigid substrates: Polypropylene panels, Foam panels, Plexiglass sheets, PVC panels. These substrates are designed for internal and external displays, hall and office decoration, and industrial cladding.<\/div><\/div><\/div>\n[\/vc_column][\/vc_row][vc_row][vc_column width=&#8221;1\/2&#8243;]<div class=\"icon_box icon_position_top has_border\"><div class=\"icon_wrapper\"><div class=\"icon\"><i class=\"fas fa-bullhorn\" aria-hidden=\"true\"><\/i><\/div><\/div><div class=\"desc_wrapper\"><h4 class=\"title \">Blind wall cladding and large structure<\/h4><div class=\"desc\">Our agency specializes in printing very large formats such as blind walls and uni poles. Our agency handles the entire production chain: digital printing, welding, structural fabrication and installation.<\/div><\/div><\/div>\n[\/vc_column][vc_column width=&#8221;1\/2&#8243;]<div class=\"icon_box icon_position_top no_border\"><div class=\"icon_wrapper\"><div class=\"icon\"><i class=\"fas fa-print\" aria-hidden=\"true\"><\/i><\/div><\/div><div class=\"desc_wrapper\"><h4 class=\"title \">Digital offset printing<\/h4><div class=\"desc\">Ds Overseas specializes in digital offset printing, small quantities with very short deadlines and delivery times of 24 to 48 hours: Business Cards, Standard Flyers, Leaflets, Brochures, Invitations, Labels, Calendars, Diplomas and Certificates.<\/div><\/div><\/div>\n[\/vc_column][\/vc_row][vc_row full_width=&#8221;stretch_row&#8221; css=&#8221;.vc_custom_1747149418259{background-image: url(https:\/\/www.dsoverseas.com\/wp-content\/uploads\/2025\/05\/CTA-5.jpg?id=9722) !important;background-position: center !important;background-repeat: no-repeat !important;background-size: cover !important;}&#8221;][vc_column][vc_row_inner][vc_column_inner width=&#8221;1\/2&#8243;][\/vc_column_inner][vc_column_inner width=&#8221;1\/2&#8243;][vc_empty_space height=&#8221;30&#8243;][vc_column_text css=&#8221;&#8221;]<\/p>\n<h2>We support you in your Communication and Digital Marketing projects<\/h2>\n<p>Get in touch with our teams using the form below or contact us directly on WhatsApp[\/vc_column_text]\n<div class=\"wpcf7 no-js\" id=\"wpcf7-f6-o1\" lang=\"fr-FR\" dir=\"ltr\" data-wpcf7-id=\"6\">\n<div class=\"screen-reader-response\"><p role=\"status\" aria-live=\"polite\" aria-atomic=\"true\"><\/p> <ul><\/ul><\/div>\n<form action=\"\/en\/wp-json\/wp\/v2\/pages\/10929#wpcf7-f6-o1\" method=\"post\" class=\"wpcf7-form init\" aria-label=\"Formulaire de contact\" novalidate=\"novalidate\" data-status=\"init\">\n<fieldset class=\"hidden-fields-container\"><input type=\"hidden\" name=\"_wpcf7\" value=\"6\" \/><input type=\"hidden\" name=\"_wpcf7_version\" value=\"6.1.5\" \/><input type=\"hidden\" name=\"_wpcf7_locale\" value=\"fr_FR\" \/><input type=\"hidden\" name=\"_wpcf7_unit_tag\" value=\"wpcf7-f6-o1\" \/><input type=\"hidden\" name=\"_wpcf7_container_post\" value=\"0\" \/><input type=\"hidden\" name=\"_wpcf7_posted_data_hash\" value=\"\" \/><input type=\"hidden\" name=\"_wpcf7_recaptcha_response\" value=\"\" \/>\n<\/fieldset>\n<p><label> Votre nom (obligatoire)<br \/>\n<span class=\"wpcf7-form-control-wrap\" data-name=\"your-name\"><input size=\"40\" maxlength=\"400\" class=\"wpcf7-form-control wpcf7-text wpcf7-validates-as-required\" aria-required=\"true\" aria-invalid=\"false\" value=\"\" type=\"text\" name=\"your-name\" \/><\/span> <\/label>\n<\/p>\n<p><label> Votre adresse de messagerie (obligatoire)<br \/>\n<span class=\"wpcf7-form-control-wrap\" data-name=\"your-email\"><input size=\"40\" maxlength=\"400\" class=\"wpcf7-form-control wpcf7-email wpcf7-validates-as-required wpcf7-text wpcf7-validates-as-email\" aria-required=\"true\" aria-invalid=\"false\" value=\"\" type=\"email\" name=\"your-email\" \/><\/span> <\/label>\n<\/p>\n<p><label> Objet<br \/>\n<span class=\"wpcf7-form-control-wrap\" data-name=\"your-subject\"><input size=\"40\" maxlength=\"400\" class=\"wpcf7-form-control wpcf7-text\" aria-invalid=\"false\" value=\"\" type=\"text\" name=\"your-subject\" \/><\/span> <\/label>\n<\/p>\n<p><label> Votre message<br \/>\n<span class=\"wpcf7-form-control-wrap\" data-name=\"your-message\"><textarea cols=\"40\" rows=\"10\" maxlength=\"2000\" class=\"wpcf7-form-control wpcf7-textarea\" aria-invalid=\"false\" name=\"your-message\"><\/textarea><\/span> <\/label>\n<\/p>\n<p><input class=\"wpcf7-form-control wpcf7-submit has-spinner\" type=\"submit\" value=\"Envoyer\" \/>\n<\/p><div class=\"wpcf7-response-output\" aria-hidden=\"true\"><\/div>\n<\/form>\n<\/div>\n[vc_btn title=&#8221;WhatsApp: 23 30 33 31&#8243; color=&#8221;vista-blue&#8221; align=&#8221;center&#8221; i_icon_fontawesome=&#8221;fa fa-brands fa-whatsapp&#8221; css=&#8221;&#8221; add_icon=&#8221;true&#8221;][vc_empty_space height=&#8221;30&#8243;][\/vc_column_inner][\/vc_row_inner][\/vc_column][\/vc_row][vc_row][vc_column][vc_column_text css=&#8221;&#8221;]<\/p>\n<h2 style=\"text-align: center;\">F.A.Q<\/h2>\n<p>[\/vc_column_text][vc_toggle title=&#8221;What is digital printing?&#8221; style=&#8221;square&#8221; css=&#8221;&#8221;]Digital printing is a printing method that transfers a digital image directly onto various substrates (paper, vinyl, fabric, etc.) without the need for traditional printing plates. This means great flexibility, fast turnaround times and the ability to print variable quantities, even small runs.[\/vc_toggle][vc_toggle title=&#8221;What types of media can you print?&#8221; style=&#8221;square&#8221; css=&#8221;&#8221;]We can print on a wide range of substrates, including different types of paper (coated, uncoated, recycled, photo&#8230;), adhesive vinyl, tarpaulin, canvas, fabric, PVC, and many others. Please contact us to discuss your specific requirements.[\/vc_toggle][vc_toggle title=&#8221;What are the advantages of digital printing over offset printing?&#8221; style=&#8221;square&#8221; css=&#8221;&#8221;]Digital printing offers several advantages, including faster turnaround times, the ability to print small and medium quantities at a more affordable cost, easy personalization (variable data), and high image quality. Offset printing is generally more economical for very large quantities.[\/vc_toggle][vc_toggle title=&#8221;What file format do I need to supply for printing?&#8221; style=&#8221;square&#8221; css=&#8221;&#8221;]We prefer high-resolution PDF files (300 DPI minimum) with bleed (usually 3 mm on each side) and crop lines. We also accept JPEG, TIFF, AI, and PSD formats, but a PDF is recommended to guarantee optimum quality and avoid font or layout problems.[\/vc_toggle][vc_toggle title=&#8221;What is the &#8220;lost fund&#8221; and why is it important?&#8221; style=&#8221;square&#8221; css=&#8221;&#8221;]The bleed is an additional area of your design that extends beyond the final format of your document. It&#8217;s crucial because when cutting, a slight inaccuracy can occur. The bleed ensures that there will be no unsightly white edges on your finished product.[\/vc_toggle][vc_toggle title=&#8221;What happens if my file doesn&#8217;t conform?&#8221; style=&#8221;square&#8221; css=&#8221;&#8221;]We will check your file before printing and inform you of any potential problems (insufficient resolution, lack of bleed, incorrect color mode, etc.). We can offer you correction services or ask you to provide us with a corrected file.[\/vc_toggle][\/vc_column][\/vc_row]<\/p>\n<\/div>","protected":false},"excerpt":{"rendered":"<p>[vc_row][vc_column][vc_empty_space height=&#8221;85&#8243;][\/vc_column][\/vc_row][vc_row][vc_column width=&#8221;1\/3&#8243;][vc_single_image image=&#8221;8220&#8243; img_size=&#8221;full&#8221;][\/vc_column][vc_column width=&#8221;2\/3&#8243;][vc_custom_heading text=&#8221;Digital printing&#8221; font_container=&#8221;tag:h3|text_align:left|color:%2300afe5&#8243; google_fonts=&#8221;font_family:Montserrat%3Aregular%2C700|font_style:700%20bold%20regular%3A700%3Anormal&#8221;][vc_row_inner][vc_column_inner width=&#8221;1\/2&#8243;][vc_column_text]Ds Overseas takes care of the digital printing of your communication materials: &#8211; Large-format digital printing:<span class=\"excerpt-hellip\"> [\u2026]<\/span><\/p>\n","protected":false},"author":1,"featured_media":-1,"parent":10617,"menu_order":0,"comment_status":"closed","ping_status":"closed","template":"","meta":{"rs_blank_template":"","rs_page_bg_color":"","slide_template_v7":"","footnotes":""},"class_list":["post-10929","page","type-page","status-publish","has-post-thumbnail","hentry"],"yoast_head":"<!-- This site is optimized with the Yoast SEO plugin v27.3 - https:\/\/yoast.com\/product\/yoast-seo-wordpress\/ -->\n<title>Digital Prints - Agence de communication et Marketing Digital Tunisie<\/title>\n<meta name=\"description\" content=\"Digital Prints, printing on tarpaulin, foam board, oneway, vinyl printing, POP, posters, digital offset, blind wall\" \/>\n<meta name=\"robots\" content=\"index, follow, max-snippet:-1, max-image-preview:large, max-video-preview:-1\" \/>\n<link rel=\"canonical\" href=\"https:\/\/www.dsoverseas.com\/en\/services\/corporate-communication\/digital-printing\/\" \/>\n<meta property=\"og:locale\" content=\"en_US\" \/>\n<meta property=\"og:type\" content=\"article\" \/>\n<meta property=\"og:title\" content=\"Digital printing\" \/>\n<meta property=\"og:description\" content=\"Digital Prints, printing on tarpaulin, foam board, oneway, vinyl printing, POP, posters, digital offset, blind wall\" \/>\n<meta property=\"og:url\" content=\"https:\/\/www.dsoverseas.com\/en\/services\/corporate-communication\/digital-printing\/\" \/>\n<meta property=\"og:site_name\" content=\"Agence de communication et Marketing Digital Tunisie\" \/>\n<meta property=\"article:publisher\" content=\"https:\/\/www.facebook.com\/Dsoverseasagency\" \/>\n<meta property=\"article:modified_time\" content=\"2026-04-18T21:30:03+00:00\" \/>\n<meta property=\"og:image\" content=\"https:\/\/www.dsoverseas.com\/wp-content\/uploads\/2021\/01\/logo-2.png\" \/>\n\t<meta property=\"og:image:width\" content=\"386\" \/>\n\t<meta property=\"og:image:height\" content=\"100\" \/>\n\t<meta property=\"og:image:type\" content=\"image\/png\" \/>\n<meta name=\"twitter:card\" content=\"summary_large_image\" \/>\n<meta name=\"twitter:title\" content=\"Digital printing\" \/>\n<meta name=\"twitter:description\" content=\"Digital Prints, printing on tarpaulin, foam board, oneway, vinyl printing, POP, posters, digital offset, blind wall\" \/>\n<meta name=\"twitter:site\" content=\"@Ds_overseas\" \/>\n<meta name=\"twitter:label1\" content=\"Est. reading time\" \/>\n\t<meta name=\"twitter:data1\" content=\"5 minutes\" \/>\n<!-- \/ Yoast SEO plugin. -->","yoast_head_json":{"title":"Digital Prints - Agence de communication et Marketing Digital Tunisie","description":"Digital Prints, printing on tarpaulin, foam board, oneway, vinyl printing, POP, posters, digital offset, blind wall","robots":{"index":"index","follow":"follow","max-snippet":"max-snippet:-1","max-image-preview":"max-image-preview:large","max-video-preview":"max-video-preview:-1"},"canonical":"https:\/\/www.dsoverseas.com\/en\/services\/corporate-communication\/digital-printing\/","og_locale":"en_US","og_type":"article","og_title":"Digital printing","og_description":"Digital Prints, printing on tarpaulin, foam board, oneway, vinyl printing, POP, posters, digital offset, blind wall","og_url":"https:\/\/www.dsoverseas.com\/en\/services\/corporate-communication\/digital-printing\/","og_site_name":"Agence de communication et Marketing Digital Tunisie","article_publisher":"https:\/\/www.facebook.com\/Dsoverseasagency","article_modified_time":"2026-04-18T21:30:03+00:00","og_image":[{"width":386,"height":100,"url":"https:\/\/www.dsoverseas.com\/wp-content\/uploads\/2021\/01\/logo-2.png","type":"image\/png"}],"twitter_card":"summary_large_image","twitter_title":"Digital printing","twitter_description":"Digital Prints, printing on tarpaulin, foam board, oneway, vinyl printing, POP, posters, digital offset, blind wall","twitter_site":"@Ds_overseas","twitter_misc":{"Est. reading time":"5 minutes"},"schema":{"@context":"https:\/\/schema.org","@graph":[{"@type":"WebPage","@id":"https:\/\/www.dsoverseas.com\/en\/services\/corporate-communication\/digital-printing\/","url":"https:\/\/www.dsoverseas.com\/en\/services\/corporate-communication\/digital-printing\/","name":"Digital Prints - Agence de communication et Marketing Digital Tunisie","isPartOf":{"@id":"https:\/\/www.dsoverseas.com\/#website"},"datePublished":"2021-10-22T07:28:20+00:00","dateModified":"2026-04-18T21:30:03+00:00","description":"Digital Prints, printing on tarpaulin, foam board, oneway, vinyl printing, POP, posters, digital offset, blind wall","breadcrumb":{"@id":"https:\/\/www.dsoverseas.com\/en\/services\/corporate-communication\/digital-printing\/#breadcrumb"},"inLanguage":"en-US","potentialAction":[{"@type":"ReadAction","target":["https:\/\/www.dsoverseas.com\/en\/services\/corporate-communication\/digital-printing\/"]}]},{"@type":"BreadcrumbList","@id":"https:\/\/www.dsoverseas.com\/en\/services\/corporate-communication\/digital-printing\/#breadcrumb","itemListElement":[{"@type":"ListItem","position":1,"name":"Accueil","item":"https:\/\/www.dsoverseas.com\/en\/"},{"@type":"ListItem","position":2,"name":"Services","item":"https:\/\/www.dsoverseas.com\/en\/services\/"},{"@type":"ListItem","position":3,"name":"Corporate Communication","item":"https:\/\/www.dsoverseas.com\/en\/services\/corporate-communication\/"},{"@type":"ListItem","position":4,"name":"Digital printing"}]},{"@type":"WebSite","@id":"https:\/\/www.dsoverseas.com\/#website","url":"https:\/\/www.dsoverseas.com\/","name":"Agence de communication et Marketing Digital","description":"agence de communication, conseil en communication, conception graphique, community Management, d\u00e9veloppement et conception site web, impressions num\u00e9riques, impressions offset, enseignes habillages et signal\u00e9tiques, agence \u00e9v\u00e9nementielle, Marketing Digital, r\u00e9seaux sociaux","publisher":{"@id":"https:\/\/www.dsoverseas.com\/#organization"},"potentialAction":[{"@type":"SearchAction","target":{"@type":"EntryPoint","urlTemplate":"https:\/\/www.dsoverseas.com\/?s={search_term_string}"},"query-input":{"@type":"PropertyValueSpecification","valueRequired":true,"valueName":"search_term_string"}}],"inLanguage":"en-US"},{"@type":"Organization","@id":"https:\/\/www.dsoverseas.com\/#organization","name":"DS Overseas","url":"https:\/\/www.dsoverseas.com\/","logo":{"@type":"ImageObject","inLanguage":"en-US","@id":"https:\/\/www.dsoverseas.com\/#\/schema\/logo\/image\/","url":"https:\/\/www.dsoverseas.com\/wp-content\/uploads\/2021\/01\/logo-2.png","contentUrl":"https:\/\/www.dsoverseas.com\/wp-content\/uploads\/2021\/01\/logo-2.png","width":386,"height":100,"caption":"DS Overseas"},"image":{"@id":"https:\/\/www.dsoverseas.com\/#\/schema\/logo\/image\/"},"sameAs":["https:\/\/www.facebook.com\/Dsoverseasagency","https:\/\/x.com\/Ds_overseas","https:\/\/www.instagram.com\/dsoverseas\/"]}]}},"_links":{"self":[{"href":"https:\/\/www.dsoverseas.com\/en\/wp-json\/wp\/v2\/pages\/10929","targetHints":{"allow":["GET"]}}],"collection":[{"href":"https:\/\/www.dsoverseas.com\/en\/wp-json\/wp\/v2\/pages"}],"about":[{"href":"https:\/\/www.dsoverseas.com\/en\/wp-json\/wp\/v2\/types\/page"}],"author":[{"embeddable":true,"href":"https:\/\/www.dsoverseas.com\/en\/wp-json\/wp\/v2\/users\/1"}],"replies":[{"embeddable":true,"href":"https:\/\/www.dsoverseas.com\/en\/wp-json\/wp\/v2\/comments?post=10929"}],"version-history":[{"count":4,"href":"https:\/\/www.dsoverseas.com\/en\/wp-json\/wp\/v2\/pages\/10929\/revisions"}],"predecessor-version":[{"id":11049,"href":"https:\/\/www.dsoverseas.com\/en\/wp-json\/wp\/v2\/pages\/10929\/revisions\/11049"}],"up":[{"embeddable":true,"href":"https:\/\/www.dsoverseas.com\/en\/wp-json\/wp\/v2\/pages\/10617"}],"wp:featuredmedia":[{"embeddable":true,"href":"https:\/\/www.dsoverseas.com\/en\/wp-json\/"}],"wp:attachment":[{"href":"https:\/\/www.dsoverseas.com\/en\/wp-json\/wp\/v2\/media?parent=10929"}],"curies":[{"name":"wp","href":"https:\/\/api.w.org\/{rel}","templated":true}]}}