{"id":10940,"date":"2025-05-09T16:40:07","date_gmt":"2025-05-09T14:40:07","guid":{"rendered":"https:\/\/www.dsoverseas.com\/offer-linkedin-account-management\/"},"modified":"2026-04-18T23:27:34","modified_gmt":"2026-04-18T21:27:34","slug":"linkedin-account-management-offer","status":"publish","type":"page","link":"https:\/\/www.dsoverseas.com\/en\/linkedin-account-management-offer\/","title":{"rendered":"LinkedIn account management Offer"},"content":{"rendered":"<div class=\"wpb-content-wrapper\"><p>[vc_row][vc_column][vc_empty_space][vc_column_text css=&#8221;&#8221;]<\/p>\n<h2>What is a LinkedIn Account Management Offer?<\/h2>\n<p>A LinkedIn Account Management Package is a service offered by www.dsoverseas.com aimed at optimizing and professionally managing users&#8217; LinkedIn accounts. This offer is aimed at companies or individuals wishing to develop their presence and professional network on the number 1 social networking site for professionals.<\/p>\n<p>In concrete terms, the DS Overseas team will create and optimize your LinkedIn profile according to your objectives and targets. This includes setting up a relevant and regular content strategy to attract the attention of professionals in your industry, as well as managing interactions and messages with your network.<\/p>\n<p>When you use our LinkedIn account management service, you also benefit from our digital marketing expertise to increase your visibility and brand awareness on the network. We use proven techniques such as targeted advertising campaigns and SEO to get your profile in front of the right people.<\/p>\n<p>Thanks to regular <a href=\"https:\/\/www.dsoverseas.com\/en\/services\/communications-consultancy\/digital-marketing-consultant\/\">analysis of<\/a> results and personalized follow-up, we can help you maximize your chances of obtaining professional opportunities through LinkedIn. By entrusting the management of your account to DS Overseas, you can concentrate on your core business with complete peace of mind. Our experts will make sure your objectives are met, and adapt our strategy accordingly for optimum return on investment.<\/p>\n<p>Don&#8217;t wait any longer, contact us today to find out how we can help your company take full advantage of LinkedIn.<\/p>\n<p>Together, let&#8217;s build your network and grow your business with the world&#8217;s most influential <a href=\"https:\/\/www.dsoverseas.com\/en\/social-network-management\/\">professional network<\/a>.<\/p>\n<h2>Lead generation on LinkedIn<\/h2>\n<p><a href=\"https:\/\/www.dsoverseas.com\/en\/lead-generation\/\">Lead Generation<\/a> on LinkedIn involves identifying and contacting potential prospects on the professional social network in order to convert them into customers. We use advanced techniques to target LinkedIn users based on their industry, interests and demographics.<\/p>\n<p>Our qualified team then takes care of contacting these leads and making sure you get a high response rate. We also work on improving your <a href=\"https:\/\/fr.linkedin.com\" target=\"_blank\" rel=\"noopener\">LinkedIn<\/a> profile to give you a professional image that attracts prospects.<\/p>\n<p>With us, you can rest assured that every action is measured and optimized to deliver the best possible results. We also provide detailed reports on the performance of your LinkedIn lead generation campaigns, so you can track your return on investment in real time.<\/p>\n<p>Take advantage of our expertise and let us help you achieve your lead generation goals on LinkedIn.<\/p>\n<p>Contact us today for a free consultation and find out how we can help your business grow with this essential professional social network.[\/vc_column_text][\/vc_column][\/vc_row][vc_row full_width=&#8221;stretch_row&#8221; css=&#8221;.vc_custom_1745783399324{background-color: #EFEFEF !important;}&#8221;][vc_column][vc_column_text css=&#8221;&#8221;]<\/p>\n<h2>Contact form<\/h2>\n<p>If you need an agency to manage your LinkedIn accounts, we&#8217;re here to help you and allocate our best resources![\/vc_column_text]\n<div class=\"wpcf7 no-js\" id=\"wpcf7-f6-o1\" lang=\"fr-FR\" dir=\"ltr\" data-wpcf7-id=\"6\">\n<div class=\"screen-reader-response\"><p role=\"status\" aria-live=\"polite\" aria-atomic=\"true\"><\/p> <ul><\/ul><\/div>\n<form action=\"\/en\/wp-json\/wp\/v2\/pages\/10940#wpcf7-f6-o1\" method=\"post\" class=\"wpcf7-form init\" aria-label=\"Formulaire de contact\" novalidate=\"novalidate\" data-status=\"init\">\n<fieldset class=\"hidden-fields-container\"><input type=\"hidden\" name=\"_wpcf7\" value=\"6\" \/><input type=\"hidden\" name=\"_wpcf7_version\" value=\"6.1.5\" \/><input type=\"hidden\" name=\"_wpcf7_locale\" value=\"fr_FR\" \/><input type=\"hidden\" name=\"_wpcf7_unit_tag\" value=\"wpcf7-f6-o1\" \/><input type=\"hidden\" name=\"_wpcf7_container_post\" value=\"0\" \/><input type=\"hidden\" name=\"_wpcf7_posted_data_hash\" value=\"\" \/><input type=\"hidden\" name=\"_wpcf7_recaptcha_response\" value=\"\" \/>\n<\/fieldset>\n<p><label> Votre nom (obligatoire)<br \/>\n<span class=\"wpcf7-form-control-wrap\" data-name=\"your-name\"><input size=\"40\" maxlength=\"400\" class=\"wpcf7-form-control wpcf7-text wpcf7-validates-as-required\" aria-required=\"true\" aria-invalid=\"false\" value=\"\" type=\"text\" name=\"your-name\" \/><\/span> <\/label>\n<\/p>\n<p><label> Votre adresse de messagerie (obligatoire)<br \/>\n<span class=\"wpcf7-form-control-wrap\" data-name=\"your-email\"><input size=\"40\" maxlength=\"400\" class=\"wpcf7-form-control wpcf7-email wpcf7-validates-as-required wpcf7-text wpcf7-validates-as-email\" aria-required=\"true\" aria-invalid=\"false\" value=\"\" type=\"email\" name=\"your-email\" \/><\/span> <\/label>\n<\/p>\n<p><label> Objet<br \/>\n<span class=\"wpcf7-form-control-wrap\" data-name=\"your-subject\"><input size=\"40\" maxlength=\"400\" class=\"wpcf7-form-control wpcf7-text\" aria-invalid=\"false\" value=\"\" type=\"text\" name=\"your-subject\" \/><\/span> <\/label>\n<\/p>\n<p><label> Votre message<br \/>\n<span class=\"wpcf7-form-control-wrap\" data-name=\"your-message\"><textarea cols=\"40\" rows=\"10\" maxlength=\"2000\" class=\"wpcf7-form-control wpcf7-textarea\" aria-invalid=\"false\" name=\"your-message\"><\/textarea><\/span> <\/label>\n<\/p>\n<p><input class=\"wpcf7-form-control wpcf7-submit has-spinner\" type=\"submit\" value=\"Envoyer\" \/>\n<\/p><div class=\"wpcf7-response-output\" aria-hidden=\"true\"><\/div>\n<\/form>\n<\/div>\n[\/vc_column][\/vc_row][vc_row][vc_column][vc_column_text css=&#8221;&#8221;]<\/p>\n<h2 style=\"text-align: center;\">Our articles<\/h2>\n<p>[\/vc_column_text][vc_basic_grid post_type=&#8221;post&#8221; max_items=&#8221;-1&#8243; style=&#8221;pagination&#8221; items_per_page=&#8221;3&#8243; css=&#8221;&#8221; grid_id=&#8221;vc_gid:1746801187970-33ef71f1-4dd9-8&#8243; taxonomies=&#8221;18&#8243;][\/vc_column][\/vc_row]<\/p>\n<\/div>","protected":false},"excerpt":{"rendered":"<p>[vc_row][vc_column][vc_empty_space][vc_column_text css=&#8221;&#8221;] What is a LinkedIn Account Management Offer? A LinkedIn Account Management Package is a service offered by www.dsoverseas.com aimed at optimizing and professionally managing<span class=\"excerpt-hellip\"> [\u2026]<\/span><\/p>\n","protected":false},"author":1,"featured_media":-1,"parent":0,"menu_order":0,"comment_status":"closed","ping_status":"closed","template":"","meta":{"rs_blank_template":"","rs_page_bg_color":"","slide_template_v7":"","footnotes":""},"class_list":["post-10940","page","type-page","status-publish","has-post-thumbnail","hentry"],"yoast_head":"<!-- This site is optimized with the Yoast SEO plugin v27.3 - https:\/\/yoast.com\/product\/yoast-seo-wordpress\/ -->\n<title>LinkedIn account management Offer - Agence de communication et Marketing Digital Tunisie<\/title>\n<meta name=\"description\" content=\"Offer LinkedIn account management, social network management in Tunisia, optimization and lead generation on LinkedIn, linkedIn consultant\" \/>\n<meta name=\"robots\" content=\"index, follow, max-snippet:-1, max-image-preview:large, max-video-preview:-1\" \/>\n<link rel=\"canonical\" href=\"https:\/\/www.dsoverseas.com\/en\/linkedin-account-management-offer\/\" \/>\n<meta property=\"og:locale\" content=\"en_US\" \/>\n<meta property=\"og:type\" content=\"article\" \/>\n<meta property=\"og:title\" content=\"LinkedIn account management Offer - Agence de communication et Marketing Digital Tunisie\" \/>\n<meta property=\"og:description\" content=\"Offer LinkedIn account management, social network management in Tunisia, optimization and lead generation on LinkedIn, linkedIn consultant\" \/>\n<meta property=\"og:url\" content=\"https:\/\/www.dsoverseas.com\/en\/linkedin-account-management-offer\/\" \/>\n<meta property=\"og:site_name\" content=\"Agence de communication et Marketing Digital Tunisie\" \/>\n<meta property=\"article:publisher\" content=\"https:\/\/www.facebook.com\/Dsoverseasagency\" \/>\n<meta property=\"article:modified_time\" content=\"2026-04-18T21:27:34+00:00\" \/>\n<meta property=\"og:image\" content=\"https:\/\/www.dsoverseas.com\/wp-content\/uploads\/2021\/01\/logo-2.png\" \/>\n\t<meta property=\"og:image:width\" content=\"386\" \/>\n\t<meta property=\"og:image:height\" content=\"100\" \/>\n\t<meta property=\"og:image:type\" content=\"image\/png\" \/>\n<meta name=\"twitter:card\" content=\"summary_large_image\" \/>\n<meta name=\"twitter:site\" content=\"@Ds_overseas\" \/>\n<meta name=\"twitter:label1\" content=\"Est. reading time\" \/>\n\t<meta name=\"twitter:data1\" content=\"3 minutes\" \/>\n<!-- \/ Yoast SEO plugin. -->","yoast_head_json":{"title":"LinkedIn account management Offer - Agence de communication et Marketing Digital Tunisie","description":"Offer LinkedIn account management, social network management in Tunisia, optimization and lead generation on LinkedIn, linkedIn consultant","robots":{"index":"index","follow":"follow","max-snippet":"max-snippet:-1","max-image-preview":"max-image-preview:large","max-video-preview":"max-video-preview:-1"},"canonical":"https:\/\/www.dsoverseas.com\/en\/linkedin-account-management-offer\/","og_locale":"en_US","og_type":"article","og_title":"LinkedIn account management Offer - Agence de communication et Marketing Digital Tunisie","og_description":"Offer LinkedIn account management, social network management in Tunisia, optimization and lead generation on LinkedIn, linkedIn consultant","og_url":"https:\/\/www.dsoverseas.com\/en\/linkedin-account-management-offer\/","og_site_name":"Agence de communication et Marketing Digital Tunisie","article_publisher":"https:\/\/www.facebook.com\/Dsoverseasagency","article_modified_time":"2026-04-18T21:27:34+00:00","og_image":[{"width":386,"height":100,"url":"https:\/\/www.dsoverseas.com\/wp-content\/uploads\/2021\/01\/logo-2.png","type":"image\/png"}],"twitter_card":"summary_large_image","twitter_site":"@Ds_overseas","twitter_misc":{"Est. reading time":"3 minutes"},"schema":{"@context":"https:\/\/schema.org","@graph":[{"@type":"WebPage","@id":"https:\/\/www.dsoverseas.com\/en\/linkedin-account-management-offer\/","url":"https:\/\/www.dsoverseas.com\/en\/linkedin-account-management-offer\/","name":"LinkedIn account management Offer - Agence de communication et Marketing Digital Tunisie","isPartOf":{"@id":"https:\/\/www.dsoverseas.com\/#website"},"datePublished":"2025-05-09T14:40:07+00:00","dateModified":"2026-04-18T21:27:34+00:00","description":"Offer LinkedIn account management, social network management in Tunisia, optimization and lead generation on LinkedIn, linkedIn consultant","breadcrumb":{"@id":"https:\/\/www.dsoverseas.com\/en\/linkedin-account-management-offer\/#breadcrumb"},"inLanguage":"en-US","potentialAction":[{"@type":"ReadAction","target":["https:\/\/www.dsoverseas.com\/en\/linkedin-account-management-offer\/"]}]},{"@type":"BreadcrumbList","@id":"https:\/\/www.dsoverseas.com\/en\/linkedin-account-management-offer\/#breadcrumb","itemListElement":[{"@type":"ListItem","position":1,"name":"Accueil","item":"https:\/\/www.dsoverseas.com\/en\/"},{"@type":"ListItem","position":2,"name":"LinkedIn account management Offer"}]},{"@type":"WebSite","@id":"https:\/\/www.dsoverseas.com\/#website","url":"https:\/\/www.dsoverseas.com\/","name":"Agence de communication et Marketing Digital","description":"agence de communication, conseil en communication, conception graphique, community Management, d\u00e9veloppement et conception site web, impressions num\u00e9riques, impressions offset, enseignes habillages et signal\u00e9tiques, agence \u00e9v\u00e9nementielle, Marketing Digital, r\u00e9seaux sociaux","publisher":{"@id":"https:\/\/www.dsoverseas.com\/#organization"},"potentialAction":[{"@type":"SearchAction","target":{"@type":"EntryPoint","urlTemplate":"https:\/\/www.dsoverseas.com\/?s={search_term_string}"},"query-input":{"@type":"PropertyValueSpecification","valueRequired":true,"valueName":"search_term_string"}}],"inLanguage":"en-US"},{"@type":"Organization","@id":"https:\/\/www.dsoverseas.com\/#organization","name":"DS Overseas","url":"https:\/\/www.dsoverseas.com\/","logo":{"@type":"ImageObject","inLanguage":"en-US","@id":"https:\/\/www.dsoverseas.com\/#\/schema\/logo\/image\/","url":"https:\/\/www.dsoverseas.com\/wp-content\/uploads\/2021\/01\/logo-2.png","contentUrl":"https:\/\/www.dsoverseas.com\/wp-content\/uploads\/2021\/01\/logo-2.png","width":386,"height":100,"caption":"DS Overseas"},"image":{"@id":"https:\/\/www.dsoverseas.com\/#\/schema\/logo\/image\/"},"sameAs":["https:\/\/www.facebook.com\/Dsoverseasagency","https:\/\/x.com\/Ds_overseas","https:\/\/www.instagram.com\/dsoverseas\/"]}]}},"_links":{"self":[{"href":"https:\/\/www.dsoverseas.com\/en\/wp-json\/wp\/v2\/pages\/10940","targetHints":{"allow":["GET"]}}],"collection":[{"href":"https:\/\/www.dsoverseas.com\/en\/wp-json\/wp\/v2\/pages"}],"about":[{"href":"https:\/\/www.dsoverseas.com\/en\/wp-json\/wp\/v2\/types\/page"}],"author":[{"embeddable":true,"href":"https:\/\/www.dsoverseas.com\/en\/wp-json\/wp\/v2\/users\/1"}],"replies":[{"embeddable":true,"href":"https:\/\/www.dsoverseas.com\/en\/wp-json\/wp\/v2\/comments?post=10940"}],"version-history":[{"count":3,"href":"https:\/\/www.dsoverseas.com\/en\/wp-json\/wp\/v2\/pages\/10940\/revisions"}],"predecessor-version":[{"id":11043,"href":"https:\/\/www.dsoverseas.com\/en\/wp-json\/wp\/v2\/pages\/10940\/revisions\/11043"}],"wp:featuredmedia":[{"embeddable":true,"href":"https:\/\/www.dsoverseas.com\/en\/wp-json\/"}],"wp:attachment":[{"href":"https:\/\/www.dsoverseas.com\/en\/wp-json\/wp\/v2\/media?parent=10940"}],"curies":[{"name":"wp","href":"https:\/\/api.w.org\/{rel}","templated":true}]}}