{"id":10998,"date":"2025-05-27T20:05:39","date_gmt":"2025-05-27T18:05:39","guid":{"rendered":"https:\/\/www.dsoverseas.com\/references\/tunisia\/"},"modified":"2026-04-18T23:28:55","modified_gmt":"2026-04-18T21:28:55","slug":"tunisia","status":"publish","type":"page","link":"https:\/\/www.dsoverseas.com\/en\/references\/tunisia\/","title":{"rendered":"Tunisia"},"content":{"rendered":"<div class=\"wpb-content-wrapper\"><p>[vc_row][vc_column][vc_empty_space][vc_custom_heading text=&#8221;Our references in the Tunisian market&#8221; font_container=&#8221;tag:h2|text_align:center&#8221; use_theme_fonts=&#8221;yes&#8221; css=&#8221;&#8221;][vc_separator color=&#8221;blue&#8221; border_width=&#8221;8&#8243; el_width=&#8221;10&#8243;][vc_column_text css=&#8221;&#8221;]Here we present our references in the Tunisian market, with a wide range of services. DS OVERSEAS is a communications agency with considerable expertise in the Tunisian market, ranging from graphic design and <a href=\"https:\/\/www.dsoverseas.com\/services\/impressions-numeriques-et-offset\/\" target=\"_blank\" rel=\"noopener\">offset printing<\/a> to stand dressing.[\/vc_column_text][\/vc_column][\/vc_row][vc_row][vc_column width=&#8221;1\/2&#8243;][vc_custom_heading text=&#8221;The Tunisian Market&#8221; font_container=&#8221;tag:h2|text_align:center&#8221; use_theme_fonts=&#8221;yes&#8221; css=&#8221;&#8221;][vc_column_text css=&#8221;&#8221;]The Tunisian market, and especially the digital communications and marketing sector, has been booming in recent years. With a young and increasingly connected population, Tunisian companies have understood the importance of investing in digital to reach their target audience.<\/p>\n<p>However, there is still a lack of qualified professionals in this field in Tunisia. That&#8217;s why DS Overseas offers training services in digital communication and marketing to help companies stand out in the Tunisian market.<\/p>\n<p>Our experienced and passionate team is made up of experts in various digital fields such as <a href=\"https:\/\/fr.wikipedia.org\/wiki\/Optimisation_pour_les_moteurs_de_recherche\" target=\"_blank\" rel=\"noopener\">SEO,<\/a> online advertising, social networks, graphic design and much more. We&#8217;re constantly on the lookout for the latest trends and innovations in the digital world, so we can offer our customers the best strategies for achieving their goals.<\/p>\n<p>When you choose DS Overseas, you&#8217;ll benefit from personalized training tailored to your specific needs, as well as ongoing support to put what you&#8217;ve learned into practice. We work hand in hand with our customers to develop a strong digital presence that will enable them to differentiate themselves from their competitors and maximize their online visibility.[\/vc_column_text][\/vc_column][vc_column width=&#8221;1\/2&#8243;][vc_custom_heading text=&#8221;Communication agency in Tunisia&#8221; use_theme_fonts=&#8221;yes&#8221; css=&#8221;&#8221;][vc_column_text css=&#8221;&#8221;]A communications agency in Tunisia, DS Overseas offers a variety of services to help companies grow and achieve their goals. With our team of marketing and communications experts, we can support you at every stage of your communications strategy.<\/p>\n<p>We understand that every business is unique and has different needs. That&#8217;s why we offer a personalized service to meet your specific needs. Whether it&#8217;s the creation of a visual identity, the development of a professional website or the implementation of an effective advertising campaign, we&#8217;re here to guide and advise you.<\/p>\n<p>Our agency also emphasizes the importance of multilingual communication. With our international network and multilingual team, we can help you reach a global audience. We can translate your documents and messages into different languages while preserving your original message.<\/p>\n<p>In addition to traditional communication services, DS Overseas also offers innovative solutions such as digital marketing and social media. We know that these platforms are essential for reaching a wider, targeted audience. Our team is constantly trained in the latest trends and techniques to ensure the success of your digital campaigns.[\/vc_column_text][\/vc_column][\/vc_row][vc_row][vc_column][vc_basic_grid post_type=&#8221;portfolio&#8221; max_items=&#8221;-1&#8243; css=&#8221;&#8221; grid_id=&#8221;vc_gid:1748368769867-6ba810ef-d1a9-1&#8243; taxonomies=&#8221;180&#8243;][\/vc_column][\/vc_row]<\/p>\n<\/div>","protected":false},"excerpt":{"rendered":"<p>[vc_row][vc_column][vc_empty_space][vc_custom_heading text=&#8221;Our references in the Tunisian market&#8221; font_container=&#8221;tag:h2|text_align:center&#8221; use_theme_fonts=&#8221;yes&#8221; css=&#8221;&#8221;][vc_separator color=&#8221;blue&#8221; border_width=&#8221;8&#8243; el_width=&#8221;10&#8243;][vc_column_text css=&#8221;&#8221;]Here we present our references in the Tunisian market, with a wide range<span class=\"excerpt-hellip\"> [\u2026]<\/span><\/p>\n","protected":false},"author":1,"featured_media":-1,"parent":10764,"menu_order":0,"comment_status":"closed","ping_status":"closed","template":"","meta":{"rs_blank_template":"","rs_page_bg_color":"","slide_template_v7":"","footnotes":""},"class_list":["post-10998","page","type-page","status-publish","has-post-thumbnail","hentry"],"yoast_head":"<!-- This site is optimized with the Yoast SEO plugin v27.3 - https:\/\/yoast.com\/product\/yoast-seo-wordpress\/ -->\n<title>communication agency in Tunisia - Agence de communication et Marketing Digital Tunisie<\/title>\n<meta name=\"description\" content=\"agence de communication en Tunisie, reference ds overseas agence de communication sur le march\u00e9 tunisien, r\u00e9f\u00e9rence Tunisie ds overseas\" \/>\n<meta name=\"robots\" content=\"index, follow, max-snippet:-1, max-image-preview:large, max-video-preview:-1\" \/>\n<link rel=\"canonical\" href=\"https:\/\/www.dsoverseas.com\/en\/references\/tunisia\/\" \/>\n<meta property=\"og:locale\" content=\"en_US\" \/>\n<meta property=\"og:type\" content=\"article\" \/>\n<meta property=\"og:title\" content=\"communication agency in Tunisia - Agence de communication et Marketing Digital Tunisie\" \/>\n<meta property=\"og:description\" content=\"agence de communication en Tunisie, reference ds overseas agence de communication sur le march\u00e9 tunisien, r\u00e9f\u00e9rence Tunisie ds overseas\" \/>\n<meta property=\"og:url\" content=\"https:\/\/www.dsoverseas.com\/en\/references\/tunisia\/\" \/>\n<meta property=\"og:site_name\" content=\"Agence de communication et Marketing Digital Tunisie\" \/>\n<meta property=\"article:publisher\" content=\"https:\/\/www.facebook.com\/Dsoverseasagency\" \/>\n<meta property=\"article:modified_time\" content=\"2026-04-18T21:28:55+00:00\" \/>\n<meta property=\"og:image\" content=\"https:\/\/www.dsoverseas.com\/wp-content\/uploads\/2021\/01\/logo-2.png\" \/>\n\t<meta property=\"og:image:width\" content=\"386\" \/>\n\t<meta property=\"og:image:height\" content=\"100\" \/>\n\t<meta property=\"og:image:type\" content=\"image\/png\" \/>\n<meta name=\"twitter:card\" content=\"summary_large_image\" \/>\n<meta name=\"twitter:site\" content=\"@Ds_overseas\" \/>\n<meta name=\"twitter:label1\" content=\"Est. reading time\" \/>\n\t<meta name=\"twitter:data1\" content=\"3 minutes\" \/>\n<!-- \/ Yoast SEO plugin. -->","yoast_head_json":{"title":"communication agency in Tunisia - Agence de communication et Marketing Digital Tunisie","description":"agence de communication en Tunisie, reference ds overseas agence de communication sur le march\u00e9 tunisien, r\u00e9f\u00e9rence Tunisie ds overseas","robots":{"index":"index","follow":"follow","max-snippet":"max-snippet:-1","max-image-preview":"max-image-preview:large","max-video-preview":"max-video-preview:-1"},"canonical":"https:\/\/www.dsoverseas.com\/en\/references\/tunisia\/","og_locale":"en_US","og_type":"article","og_title":"communication agency in Tunisia - Agence de communication et Marketing Digital Tunisie","og_description":"agence de communication en Tunisie, reference ds overseas agence de communication sur le march\u00e9 tunisien, r\u00e9f\u00e9rence Tunisie ds overseas","og_url":"https:\/\/www.dsoverseas.com\/en\/references\/tunisia\/","og_site_name":"Agence de communication et Marketing Digital Tunisie","article_publisher":"https:\/\/www.facebook.com\/Dsoverseasagency","article_modified_time":"2026-04-18T21:28:55+00:00","og_image":[{"width":386,"height":100,"url":"https:\/\/www.dsoverseas.com\/wp-content\/uploads\/2021\/01\/logo-2.png","type":"image\/png"}],"twitter_card":"summary_large_image","twitter_site":"@Ds_overseas","twitter_misc":{"Est. reading time":"3 minutes"},"schema":{"@context":"https:\/\/schema.org","@graph":[{"@type":"WebPage","@id":"https:\/\/www.dsoverseas.com\/en\/references\/tunisia\/","url":"https:\/\/www.dsoverseas.com\/en\/references\/tunisia\/","name":"communication agency in Tunisia - Agence de communication et Marketing Digital Tunisie","isPartOf":{"@id":"https:\/\/www.dsoverseas.com\/#website"},"datePublished":"2025-05-27T18:05:39+00:00","dateModified":"2026-04-18T21:28:55+00:00","description":"agence de communication en Tunisie, reference ds overseas agence de communication sur le march\u00e9 tunisien, r\u00e9f\u00e9rence Tunisie ds overseas","breadcrumb":{"@id":"https:\/\/www.dsoverseas.com\/en\/references\/tunisia\/#breadcrumb"},"inLanguage":"en-US","potentialAction":[{"@type":"ReadAction","target":["https:\/\/www.dsoverseas.com\/en\/references\/tunisia\/"]}]},{"@type":"BreadcrumbList","@id":"https:\/\/www.dsoverseas.com\/en\/references\/tunisia\/#breadcrumb","itemListElement":[{"@type":"ListItem","position":1,"name":"Accueil","item":"https:\/\/www.dsoverseas.com\/en\/"},{"@type":"ListItem","position":2,"name":"References","item":"https:\/\/www.dsoverseas.com\/en\/references\/"},{"@type":"ListItem","position":3,"name":"Tunisia"}]},{"@type":"WebSite","@id":"https:\/\/www.dsoverseas.com\/#website","url":"https:\/\/www.dsoverseas.com\/","name":"Agence de communication et Marketing Digital","description":"agence de communication, conseil en communication, conception graphique, community Management, d\u00e9veloppement et conception site web, impressions num\u00e9riques, impressions offset, enseignes habillages et signal\u00e9tiques, agence \u00e9v\u00e9nementielle, Marketing Digital, r\u00e9seaux sociaux","publisher":{"@id":"https:\/\/www.dsoverseas.com\/#organization"},"potentialAction":[{"@type":"SearchAction","target":{"@type":"EntryPoint","urlTemplate":"https:\/\/www.dsoverseas.com\/?s={search_term_string}"},"query-input":{"@type":"PropertyValueSpecification","valueRequired":true,"valueName":"search_term_string"}}],"inLanguage":"en-US"},{"@type":"Organization","@id":"https:\/\/www.dsoverseas.com\/#organization","name":"DS Overseas","url":"https:\/\/www.dsoverseas.com\/","logo":{"@type":"ImageObject","inLanguage":"en-US","@id":"https:\/\/www.dsoverseas.com\/#\/schema\/logo\/image\/","url":"https:\/\/www.dsoverseas.com\/wp-content\/uploads\/2021\/01\/logo-2.png","contentUrl":"https:\/\/www.dsoverseas.com\/wp-content\/uploads\/2021\/01\/logo-2.png","width":386,"height":100,"caption":"DS Overseas"},"image":{"@id":"https:\/\/www.dsoverseas.com\/#\/schema\/logo\/image\/"},"sameAs":["https:\/\/www.facebook.com\/Dsoverseasagency","https:\/\/x.com\/Ds_overseas","https:\/\/www.instagram.com\/dsoverseas\/"]}]}},"_links":{"self":[{"href":"https:\/\/www.dsoverseas.com\/en\/wp-json\/wp\/v2\/pages\/10998","targetHints":{"allow":["GET"]}}],"collection":[{"href":"https:\/\/www.dsoverseas.com\/en\/wp-json\/wp\/v2\/pages"}],"about":[{"href":"https:\/\/www.dsoverseas.com\/en\/wp-json\/wp\/v2\/types\/page"}],"author":[{"embeddable":true,"href":"https:\/\/www.dsoverseas.com\/en\/wp-json\/wp\/v2\/users\/1"}],"replies":[{"embeddable":true,"href":"https:\/\/www.dsoverseas.com\/en\/wp-json\/wp\/v2\/comments?post=10998"}],"version-history":[{"count":3,"href":"https:\/\/www.dsoverseas.com\/en\/wp-json\/wp\/v2\/pages\/10998\/revisions"}],"predecessor-version":[{"id":11047,"href":"https:\/\/www.dsoverseas.com\/en\/wp-json\/wp\/v2\/pages\/10998\/revisions\/11047"}],"up":[{"embeddable":true,"href":"https:\/\/www.dsoverseas.com\/en\/wp-json\/wp\/v2\/pages\/10764"}],"wp:featuredmedia":[{"embeddable":true,"href":"https:\/\/www.dsoverseas.com\/en\/wp-json\/"}],"wp:attachment":[{"href":"https:\/\/www.dsoverseas.com\/en\/wp-json\/wp\/v2\/media?parent=10998"}],"curies":[{"name":"wp","href":"https:\/\/api.w.org\/{rel}","templated":true}]}}