{"id":11006,"date":"2025-05-09T13:05:29","date_gmt":"2025-05-09T11:05:29","guid":{"rendered":"https:\/\/www.dsoverseas.com\/content-creation-offer\/"},"modified":"2026-04-18T23:25:35","modified_gmt":"2026-04-18T21:25:35","slug":"content-creation-offer","status":"publish","type":"page","link":"https:\/\/www.dsoverseas.com\/en\/content-creation-offer\/","title":{"rendered":"Content creation offer"},"content":{"rendered":"<div class=\"wpb-content-wrapper\"><p>[vc_row][vc_column][vc_empty_space][vc_column_text css=&#8221;&#8221;]<\/p>\n<h2>What is a Content Creation Offer?<\/h2>\n<p>A Content Creation Package covers the creation of website content to increase your online presence and implement an effective <a href=\"https:\/\/www.dsoverseas.com\/en\/services\/communications-consultancy\/search-engine-optimization-seo-consultant\/\">SEO<\/a> strategy, as well as social media management to ensure engaging content.<\/p>\n<p>This can include the creation of written, visual, audio or <a href=\"https:\/\/www.dsoverseas.com\/en\/services\/event-communication\/corporate-video\/\">video<\/a> content for your website and <a href=\"https:\/\/www.dsoverseas.com\/en\/social-network-management\/\">social networks<\/a>. Digital marketing professionals often use this offering to help companies attract more traffic to their website and improve their conversion rate.<\/p>\n<p>Content creation is an essential element in any online <a href=\"https:\/\/fr.wikipedia.org\/wiki\/Marketing\" target=\"_blank\" rel=\"noopener\">marketing<\/a> strategy, as it helps to attract users&#8217; attention and convert them into potential customers. Well-crafted, optimized content can also improve your website&#8217;s ranking in search engine results, increasing its visibility and credibility.<\/p>\n<p>In addition to creating content for your website, digital marketing professionals can also help you develop a social network publishing strategy. This can include planning and creating relevant and engaging publications, as well as using analytics tools to measure the effectiveness of your social network campaigns.<\/p>\n<p>An active presence on social networks is essential for any company wishing to connect with its target audience and establish a relationship of trust with them. Digital marketing professionals can help you achieve this goal using strategies such as targeted advertising and user interaction on social networks.<\/p>\n<p>Finally, digital marketing can also include online advertising campaigns such as Google AdWords. These campaigns can be highly effective in driving traffic to your website and generating conversions. Digital marketing professionals can conduct in-depth research to determine the most relevant keywords for your business and optimize your ads to attract maximum clicks.<\/p>\n<p>In short, digital marketing offers a wide range of tools and strategies to promote your business online. Whether you want to increase your visibility, attract more customers or boost sales, digital marketing can help you achieve your goals in an effective and targeted way. Don&#8217;t hesitate to call on digital marketing professionals for help in implementing a strategy tailored to your business.<\/p>\n<p>Together, you can take advantage of the opportunities offered by the digital world to grow your business and succeed in the global marketplace.[\/vc_column_text][\/vc_column][\/vc_row][vc_row full_width=&#8221;stretch_row&#8221; css=&#8221;.vc_custom_1745783399324{background-color: #EFEFEF !important;}&#8221;][vc_column][vc_column_text css=&#8221;&#8221;]<\/p>\n<h2>Contact form<\/h2>\n<p>If you need an agency to create your content, we&#8217;re at your service to support you and allocate our best resources![\/vc_column_text]\n<div class=\"wpcf7 no-js\" id=\"wpcf7-f6-o1\" lang=\"fr-FR\" dir=\"ltr\" data-wpcf7-id=\"6\">\n<div class=\"screen-reader-response\"><p role=\"status\" aria-live=\"polite\" aria-atomic=\"true\"><\/p> <ul><\/ul><\/div>\n<form action=\"\/en\/wp-json\/wp\/v2\/pages\/11006#wpcf7-f6-o1\" method=\"post\" class=\"wpcf7-form init\" aria-label=\"Formulaire de contact\" novalidate=\"novalidate\" data-status=\"init\">\n<fieldset class=\"hidden-fields-container\"><input type=\"hidden\" name=\"_wpcf7\" value=\"6\" \/><input type=\"hidden\" name=\"_wpcf7_version\" value=\"6.1.5\" \/><input type=\"hidden\" name=\"_wpcf7_locale\" value=\"fr_FR\" \/><input type=\"hidden\" name=\"_wpcf7_unit_tag\" value=\"wpcf7-f6-o1\" \/><input type=\"hidden\" name=\"_wpcf7_container_post\" value=\"0\" \/><input type=\"hidden\" name=\"_wpcf7_posted_data_hash\" value=\"\" \/><input type=\"hidden\" name=\"_wpcf7_recaptcha_response\" value=\"\" \/>\n<\/fieldset>\n<p><label> Votre nom (obligatoire)<br \/>\n<span class=\"wpcf7-form-control-wrap\" data-name=\"your-name\"><input size=\"40\" maxlength=\"400\" class=\"wpcf7-form-control wpcf7-text wpcf7-validates-as-required\" aria-required=\"true\" aria-invalid=\"false\" value=\"\" type=\"text\" name=\"your-name\" \/><\/span> <\/label>\n<\/p>\n<p><label> Votre adresse de messagerie (obligatoire)<br \/>\n<span class=\"wpcf7-form-control-wrap\" data-name=\"your-email\"><input size=\"40\" maxlength=\"400\" class=\"wpcf7-form-control wpcf7-email wpcf7-validates-as-required wpcf7-text wpcf7-validates-as-email\" aria-required=\"true\" aria-invalid=\"false\" value=\"\" type=\"email\" name=\"your-email\" \/><\/span> <\/label>\n<\/p>\n<p><label> Objet<br \/>\n<span class=\"wpcf7-form-control-wrap\" data-name=\"your-subject\"><input size=\"40\" maxlength=\"400\" class=\"wpcf7-form-control wpcf7-text\" aria-invalid=\"false\" value=\"\" type=\"text\" name=\"your-subject\" \/><\/span> <\/label>\n<\/p>\n<p><label> Votre message<br \/>\n<span class=\"wpcf7-form-control-wrap\" data-name=\"your-message\"><textarea cols=\"40\" rows=\"10\" maxlength=\"2000\" class=\"wpcf7-form-control wpcf7-textarea\" aria-invalid=\"false\" name=\"your-message\"><\/textarea><\/span> <\/label>\n<\/p>\n<p><input class=\"wpcf7-form-control wpcf7-submit has-spinner\" type=\"submit\" value=\"Envoyer\" \/>\n<\/p><div class=\"wpcf7-response-output\" aria-hidden=\"true\"><\/div>\n<\/form>\n<\/div>\n[\/vc_column][\/vc_row][vc_row][vc_column][vc_column_text css=&#8221;&#8221;]<\/p>\n<h2 style=\"text-align: center;\">Our articles<\/h2>\n<p>[\/vc_column_text][vc_basic_grid post_type=&#8221;post&#8221; max_items=&#8221;-1&#8243; style=&#8221;pagination&#8221; items_per_page=&#8221;3&#8243; css=&#8221;&#8221; grid_id=&#8221;vc_gid:1746788333819-8ed55e2a-d986-6&#8243; taxonomies=&#8221;41, 42&#8243;][\/vc_column][\/vc_row]<\/p>\n<\/div>","protected":false},"excerpt":{"rendered":"<p>[vc_row][vc_column][vc_empty_space][vc_column_text css=&#8221;&#8221;] What is a Content Creation Offer? A Content Creation Package covers the creation of website content to increase your online presence and implement an<span class=\"excerpt-hellip\"> [\u2026]<\/span><\/p>\n","protected":false},"author":1,"featured_media":-1,"parent":0,"menu_order":0,"comment_status":"closed","ping_status":"closed","template":"","meta":{"rs_blank_template":"","rs_page_bg_color":"","slide_template_v7":"","footnotes":""},"class_list":["post-11006","page","type-page","status-publish","has-post-thumbnail","hentry"],"yoast_head":"<!-- This site is optimized with the Yoast SEO plugin v27.3 - https:\/\/yoast.com\/product\/yoast-seo-wordpress\/ -->\n<title>Offer Content creation - Agence de communication et Marketing Digital Tunisie<\/title>\n<meta name=\"description\" content=\"Offer Content creation for website, content for search engine optimization (SEO) Tunisia, content for social networks management\" \/>\n<meta name=\"robots\" content=\"index, follow, max-snippet:-1, max-image-preview:large, max-video-preview:-1\" \/>\n<link rel=\"canonical\" href=\"https:\/\/www.dsoverseas.com\/en\/content-creation-offer\/\" \/>\n<meta property=\"og:locale\" content=\"en_US\" \/>\n<meta property=\"og:type\" content=\"article\" \/>\n<meta property=\"og:title\" content=\"Offer Content creation - Agence de communication et Marketing Digital Tunisie\" \/>\n<meta property=\"og:description\" content=\"Offer Content creation for website, content for search engine optimization (SEO) Tunisia, content for social networks management\" \/>\n<meta property=\"og:url\" content=\"https:\/\/www.dsoverseas.com\/en\/content-creation-offer\/\" \/>\n<meta property=\"og:site_name\" content=\"Agence de communication et Marketing Digital Tunisie\" \/>\n<meta property=\"article:publisher\" content=\"https:\/\/www.facebook.com\/Dsoverseasagency\" \/>\n<meta property=\"article:modified_time\" content=\"2026-04-18T21:25:35+00:00\" \/>\n<meta property=\"og:image\" content=\"https:\/\/www.dsoverseas.com\/wp-content\/uploads\/2021\/01\/logo-2.png\" \/>\n\t<meta property=\"og:image:width\" content=\"386\" \/>\n\t<meta property=\"og:image:height\" content=\"100\" \/>\n\t<meta property=\"og:image:type\" content=\"image\/png\" \/>\n<meta name=\"twitter:card\" content=\"summary_large_image\" \/>\n<meta name=\"twitter:site\" content=\"@Ds_overseas\" \/>\n<meta name=\"twitter:label1\" content=\"Est. reading time\" \/>\n\t<meta name=\"twitter:data1\" content=\"3 minutes\" \/>\n<!-- \/ Yoast SEO plugin. -->","yoast_head_json":{"title":"Offer Content creation - Agence de communication et Marketing Digital Tunisie","description":"Offer Content creation for website, content for search engine optimization (SEO) Tunisia, content for social networks management","robots":{"index":"index","follow":"follow","max-snippet":"max-snippet:-1","max-image-preview":"max-image-preview:large","max-video-preview":"max-video-preview:-1"},"canonical":"https:\/\/www.dsoverseas.com\/en\/content-creation-offer\/","og_locale":"en_US","og_type":"article","og_title":"Offer Content creation - Agence de communication et Marketing Digital Tunisie","og_description":"Offer Content creation for website, content for search engine optimization (SEO) Tunisia, content for social networks management","og_url":"https:\/\/www.dsoverseas.com\/en\/content-creation-offer\/","og_site_name":"Agence de communication et Marketing Digital Tunisie","article_publisher":"https:\/\/www.facebook.com\/Dsoverseasagency","article_modified_time":"2026-04-18T21:25:35+00:00","og_image":[{"width":386,"height":100,"url":"https:\/\/www.dsoverseas.com\/wp-content\/uploads\/2021\/01\/logo-2.png","type":"image\/png"}],"twitter_card":"summary_large_image","twitter_site":"@Ds_overseas","twitter_misc":{"Est. reading time":"3 minutes"},"schema":{"@context":"https:\/\/schema.org","@graph":[{"@type":"WebPage","@id":"https:\/\/www.dsoverseas.com\/en\/content-creation-offer\/","url":"https:\/\/www.dsoverseas.com\/en\/content-creation-offer\/","name":"Offer Content creation - Agence de communication et Marketing Digital Tunisie","isPartOf":{"@id":"https:\/\/www.dsoverseas.com\/#website"},"datePublished":"2025-05-09T11:05:29+00:00","dateModified":"2026-04-18T21:25:35+00:00","description":"Offer Content creation for website, content for search engine optimization (SEO) Tunisia, content for social networks management","breadcrumb":{"@id":"https:\/\/www.dsoverseas.com\/en\/content-creation-offer\/#breadcrumb"},"inLanguage":"en-US","potentialAction":[{"@type":"ReadAction","target":["https:\/\/www.dsoverseas.com\/en\/content-creation-offer\/"]}]},{"@type":"BreadcrumbList","@id":"https:\/\/www.dsoverseas.com\/en\/content-creation-offer\/#breadcrumb","itemListElement":[{"@type":"ListItem","position":1,"name":"Accueil","item":"https:\/\/www.dsoverseas.com\/en\/"},{"@type":"ListItem","position":2,"name":"Content creation offer"}]},{"@type":"WebSite","@id":"https:\/\/www.dsoverseas.com\/#website","url":"https:\/\/www.dsoverseas.com\/","name":"Agence de communication et Marketing Digital","description":"agence de communication, conseil en communication, conception graphique, community Management, d\u00e9veloppement et conception site web, impressions num\u00e9riques, impressions offset, enseignes habillages et signal\u00e9tiques, agence \u00e9v\u00e9nementielle, Marketing Digital, r\u00e9seaux sociaux","publisher":{"@id":"https:\/\/www.dsoverseas.com\/#organization"},"potentialAction":[{"@type":"SearchAction","target":{"@type":"EntryPoint","urlTemplate":"https:\/\/www.dsoverseas.com\/?s={search_term_string}"},"query-input":{"@type":"PropertyValueSpecification","valueRequired":true,"valueName":"search_term_string"}}],"inLanguage":"en-US"},{"@type":"Organization","@id":"https:\/\/www.dsoverseas.com\/#organization","name":"DS Overseas","url":"https:\/\/www.dsoverseas.com\/","logo":{"@type":"ImageObject","inLanguage":"en-US","@id":"https:\/\/www.dsoverseas.com\/#\/schema\/logo\/image\/","url":"https:\/\/www.dsoverseas.com\/wp-content\/uploads\/2021\/01\/logo-2.png","contentUrl":"https:\/\/www.dsoverseas.com\/wp-content\/uploads\/2021\/01\/logo-2.png","width":386,"height":100,"caption":"DS Overseas"},"image":{"@id":"https:\/\/www.dsoverseas.com\/#\/schema\/logo\/image\/"},"sameAs":["https:\/\/www.facebook.com\/Dsoverseasagency","https:\/\/x.com\/Ds_overseas","https:\/\/www.instagram.com\/dsoverseas\/"]}]}},"_links":{"self":[{"href":"https:\/\/www.dsoverseas.com\/en\/wp-json\/wp\/v2\/pages\/11006","targetHints":{"allow":["GET"]}}],"collection":[{"href":"https:\/\/www.dsoverseas.com\/en\/wp-json\/wp\/v2\/pages"}],"about":[{"href":"https:\/\/www.dsoverseas.com\/en\/wp-json\/wp\/v2\/types\/page"}],"author":[{"embeddable":true,"href":"https:\/\/www.dsoverseas.com\/en\/wp-json\/wp\/v2\/users\/1"}],"replies":[{"embeddable":true,"href":"https:\/\/www.dsoverseas.com\/en\/wp-json\/wp\/v2\/comments?post=11006"}],"version-history":[{"count":3,"href":"https:\/\/www.dsoverseas.com\/en\/wp-json\/wp\/v2\/pages\/11006\/revisions"}],"predecessor-version":[{"id":11041,"href":"https:\/\/www.dsoverseas.com\/en\/wp-json\/wp\/v2\/pages\/11006\/revisions\/11041"}],"wp:featuredmedia":[{"embeddable":true,"href":"https:\/\/www.dsoverseas.com\/en\/wp-json\/"}],"wp:attachment":[{"href":"https:\/\/www.dsoverseas.com\/en\/wp-json\/wp\/v2\/media?parent=11006"}],"curies":[{"name":"wp","href":"https:\/\/api.w.org\/{rel}","templated":true}]}}