{"id":11009,"date":"2025-02-15T13:02:02","date_gmt":"2025-02-15T12:02:02","guid":{"rendered":"https:\/\/www.dsoverseas.com\/social-media-optimization-smo\/"},"modified":"2026-04-23T19:21:59","modified_gmt":"2026-04-23T17:21:59","slug":"social-media-optimization-smo","status":"publish","type":"page","link":"https:\/\/www.dsoverseas.com\/en\/services\/digital-communication\/social-media-optimization-smo\/","title":{"rendered":"Social Media Optimization (SMO)"},"content":{"rendered":"<div class=\"wpb-content-wrapper\"><p>[vc_row][vc_column][vc_column_text css=&#8221;&#8221;]Social Media Optimization (SMO) is more than just a buzzword. It&#8217;s a crucial strategy for maximizing reach and engagement on social networks. Unlike SEO (search engine optimization), which focuses primarily on attracting traffic via search engines, SMO optimizes your profiles and content on platforms like Facebook, Instagram, LinkedIn and TikTok to reach a specific target audience.<\/p>\n<p>In this article, we&#8217;ll explore why SMO is essential for small businesses, social network managers and digital marketers. We&#8217;ll also share best practices, essential tools, real-life examples and emerging trends to ensure your success.<\/p>\n<h2>Why is SMO essential for your business?<\/h2>\n<p>Your presence on social networks is a direct extension of your brand. Here&#8217;s why SMO is an indispensable lever:<\/p>\n<ol>\n<li>\n<h3>Increased visibility<\/h3>\n<\/li>\n<\/ol>\n<p>An optimized presence on social networks allows new audiences to discover your company. As Neil Patel says, <em>&#8220;A well-optimized presence can dramatically increase brand visibility and lead to increased sales.&#8221;<\/em><\/p>\n<ol start=\"2\">\n<li>\n<h3>Community building<\/h3>\n<\/li>\n<\/ol>\n<p>Social network strategy expert Peg Fitzpatrick explains, <em>&#8220;SMO isn&#8217;t just about publishing, it&#8217;s about becoming a resource and building relationships.&#8221;<\/em> By optimizing your profiles and actively interacting, you can create a loyal community around your business.<\/p>\n<ol start=\"3\">\n<li>\n<h3>Improved conversions<\/h3>\n<\/li>\n<\/ol>\n<p>Social platforms are not just channels for gaining visibility; they also encourage concrete actions such as website clicks, registrations and purchases. An effective SMO guides users through the customer journey.<\/p>\n<ol start=\"4\">\n<li>\n<h3>Commitment to quality<\/h3>\n<\/li>\n<\/ol>\n<p>Mari Smith points out that <em>&#8220;Engagement is the key to success on social media.&#8221;<\/em> Algorithms highlight content that elicits meaningful interactions. A well-constructed SMO plan encourages these interactions.[\/vc_column_text][\/vc_column][\/vc_row][vc_row full_width=&#8221;stretch_row&#8221; css=&#8221;.vc_custom_1747149418259{background-image: url(https:\/\/www.dsoverseas.com\/wp-content\/uploads\/2025\/05\/CTA-5.jpg?id=9722) !important;background-position: center !important;background-repeat: no-repeat !important;background-size: cover !important;}&#8221;][vc_column][vc_row_inner][vc_column_inner width=&#8221;1\/2&#8243;][\/vc_column_inner][vc_column_inner width=&#8221;1\/2&#8243;][vc_empty_space height=&#8221;30&#8243;][vc_column_text css=&#8221;&#8221;]<\/p>\n<h2>We support you in your Communication and Digital Marketing projects<\/h2>\n<p>Get in touch with our teams using the form below or contact us directly on WhatsApp[\/vc_column_text]\n<div class=\"wpcf7 no-js\" id=\"wpcf7-f6-o1\" lang=\"fr-FR\" dir=\"ltr\" data-wpcf7-id=\"6\">\n<div class=\"screen-reader-response\"><p role=\"status\" aria-live=\"polite\" aria-atomic=\"true\"><\/p> <ul><\/ul><\/div>\n<form action=\"\/en\/wp-json\/wp\/v2\/pages\/11009#wpcf7-f6-o1\" method=\"post\" class=\"wpcf7-form init\" aria-label=\"Formulaire de contact\" novalidate=\"novalidate\" data-status=\"init\">\n<fieldset class=\"hidden-fields-container\"><input type=\"hidden\" name=\"_wpcf7\" value=\"6\" \/><input type=\"hidden\" name=\"_wpcf7_version\" value=\"6.1.5\" \/><input type=\"hidden\" name=\"_wpcf7_locale\" value=\"fr_FR\" \/><input type=\"hidden\" name=\"_wpcf7_unit_tag\" value=\"wpcf7-f6-o1\" \/><input type=\"hidden\" name=\"_wpcf7_container_post\" value=\"0\" \/><input type=\"hidden\" name=\"_wpcf7_posted_data_hash\" value=\"\" \/><input type=\"hidden\" name=\"_wpcf7_recaptcha_response\" value=\"\" \/>\n<\/fieldset>\n<p><label> Votre nom (obligatoire)<br \/>\n<span class=\"wpcf7-form-control-wrap\" data-name=\"your-name\"><input size=\"40\" maxlength=\"400\" class=\"wpcf7-form-control wpcf7-text wpcf7-validates-as-required\" aria-required=\"true\" aria-invalid=\"false\" value=\"\" type=\"text\" name=\"your-name\" \/><\/span> <\/label>\n<\/p>\n<p><label> Votre adresse de messagerie (obligatoire)<br \/>\n<span class=\"wpcf7-form-control-wrap\" data-name=\"your-email\"><input size=\"40\" maxlength=\"400\" class=\"wpcf7-form-control wpcf7-email wpcf7-validates-as-required wpcf7-text wpcf7-validates-as-email\" aria-required=\"true\" aria-invalid=\"false\" value=\"\" type=\"email\" name=\"your-email\" \/><\/span> <\/label>\n<\/p>\n<p><label> Objet<br \/>\n<span class=\"wpcf7-form-control-wrap\" data-name=\"your-subject\"><input size=\"40\" maxlength=\"400\" class=\"wpcf7-form-control wpcf7-text\" aria-invalid=\"false\" value=\"\" type=\"text\" name=\"your-subject\" \/><\/span> <\/label>\n<\/p>\n<p><label> Votre message<br \/>\n<span class=\"wpcf7-form-control-wrap\" data-name=\"your-message\"><textarea cols=\"40\" rows=\"10\" maxlength=\"2000\" class=\"wpcf7-form-control wpcf7-textarea\" aria-invalid=\"false\" name=\"your-message\"><\/textarea><\/span> <\/label>\n<\/p>\n<p><input class=\"wpcf7-form-control wpcf7-submit has-spinner\" type=\"submit\" value=\"Envoyer\" \/>\n<\/p><div class=\"wpcf7-response-output\" aria-hidden=\"true\"><\/div>\n<\/form>\n<\/div>\n[vc_btn title=&#8221;WhatsApp: 23 30 33 31&#8243; color=&#8221;vista-blue&#8221; align=&#8221;center&#8221; i_icon_fontawesome=&#8221;fa fa-brands fa-whatsapp&#8221; css=&#8221;&#8221; add_icon=&#8221;true&#8221;][vc_empty_space height=&#8221;30&#8243;][\/vc_column_inner][\/vc_row_inner][\/vc_column][\/vc_row][vc_row][vc_column width=&#8221;1\/2&#8243;][vc_single_image image=&#8221;9528&#8243; img_size=&#8221;full&#8221; css=&#8221;&#8221;][\/vc_column][vc_column width=&#8221;1\/2&#8243;][vc_column_text css=&#8221;&#8221;]<\/p>\n<h2>Best Practices for Social Media Optimization<\/h2>\n<p>Ready to optimize your efforts? Here are the keys to a successful SMO.<\/p>\n<ol>\n<li>\n<h3>Profile optimization<\/h3>\n<\/li>\n<\/ol>\n<ul>\n<li><strong>Be clear and concise<\/strong>: Make sure your profiles (profile picture, banners, bio) reflect your brand.<\/li>\n<\/ul>\n<ul>\n<li><strong>Add keywords<\/strong>: Include relevant keywords in your bio and descriptions, just as you would for SEO.<\/li>\n<\/ul>\n<ul>\n<li><strong>Include CTAs<\/strong>: Add clear links to important pages (website, product page, newsletter sign-up).<\/li>\n<\/ul>\n<ol start=\"2\">\n<li>\n<h3>Content Strategy<\/h3>\n<\/li>\n<\/ol>\n<ul>\n<li><strong>Vary formats<\/strong>: Combine videos, carousels and static posts to capture a large audience.<\/li>\n<\/ul>\n<ul>\n<li><strong>Follow an editorial calendar<\/strong>: Plan your publications to maintain a consistent and active presence.<\/li>\n<\/ul>\n<ul>\n<li><strong>Focus on value<\/strong>: Produce content that educates, entertains or inspires your subscribers.<\/li>\n<\/ul>\n<ol start=\"3\">\n<li>\n<h3>Engagement techniques<\/h3>\n<\/li>\n<\/ol>\n<ul>\n<li><strong>Be social<\/strong>: Respond to comments and messages promptly.<\/li>\n<\/ul>\n<ul>\n<li><strong>Start discussions<\/strong>: Ask open-ended questions in your publications.<\/li>\n<\/ul>\n<ul>\n<li><strong>Collaborate with influencers<\/strong>: Increase your reach by partnering with creators aligned with your brand.<\/li>\n<\/ul>\n<p>[\/vc_column_text][\/vc_column][\/vc_row][vc_row][vc_column][vc_column_text css=&#8221;&#8221;]<\/p>\n<h2>Tools and Resources for Effective SMO<\/h2>\n<p>Tools are your allies in maximizing your social networking efforts.<\/p>\n<ul>\n<li><a href=\"https:\/\/www.canva.com\/fr_fr\/\" target=\"_blank\" rel=\"noopener\"><strong>Canva<\/strong><\/a> Create captivating visuals in the blink of an eye.<\/li>\n<\/ul>\n<ul>\n<li><strong>Hootsuite<\/strong>: Plan your posts in advance.<\/li>\n<\/ul>\n<ul>\n<li><strong>Google Analytics<\/strong>: Measure the impact of your SMO efforts on your site&#8217;s traffic.<\/li>\n<\/ul>\n<ul>\n<li><a href=\"https:\/\/buzzsumo.com\/\" target=\"_blank\" rel=\"noopener\"><strong>BuzzSumo<\/strong><\/a> Identify popular content trends and ideas.<\/li>\n<\/ul>\n<ul>\n<li><strong>Sprout Social<\/strong>: Track your performance and improve your engagement.<\/li>\n<\/ul>\n<p>[\/vc_column_text][\/vc_column][\/vc_row][vc_row][vc_column width=&#8221;1\/2&#8243;][vc_column_text css=&#8221;&#8221;]<\/p>\n<h2>Current SMO trends<\/h2>\n<ol>\n<li><strong> Vid\u00e9o-First Social Networks<\/strong><\/li>\n<\/ol>\n<p>Platforms like TikTok and YouTube Shorts dominate. Invest in short, high-impact videos.<\/p>\n<ol start=\"2\">\n<li><strong> AI and Automation Tools<\/strong><\/li>\n<\/ol>\n<p>Tools like ChatGPT and Jasper can help produce compelling copy for posts. Those like Buffer can automate your posts.<\/p>\n<ol start=\"3\">\n<li><strong> Social Commerce<\/strong><\/li>\n<\/ol>\n<p>Platform-integrated shopping options (e.g. Instagram Shopping, Pinterest Shopping) transform social networks into direct shopping venues.[\/vc_column_text][\/vc_column][vc_column width=&#8221;1\/2&#8243;][vc_single_image image=&#8221;9530&#8243; img_size=&#8221;full&#8221; css=&#8221;&#8221;][\/vc_column][\/vc_row][vc_row][vc_column][vc_column_text css=&#8221;&#8221;]<\/p>\n<h2>Take your social media to a new level<\/h2>\n<p>Social Media Optimization is not a task you can ignore if you want your business to stand out. By mastering best practices, using the right tools and staying on top of trends, you can propel your brand to new heights.<\/p>\n<h2>Need a helping hand?<\/h2>\n<p>Contact our SMO experts at DS OVERSEAS for a free consultation session. Turn your social networks into an exceptional growth engine![\/vc_column_text][\/vc_column][\/vc_row]<\/p>\n<\/div>","protected":false},"excerpt":{"rendered":"<p>[vc_row][vc_column][vc_column_text css=&#8221;&#8221;]Social Media Optimization (SMO) is more than just a buzzword. It&#8217;s a crucial strategy for maximizing reach and engagement on social networks. Unlike SEO (search<span class=\"excerpt-hellip\"> [\u2026]<\/span><\/p>\n","protected":false},"author":1,"featured_media":-1,"parent":11116,"menu_order":0,"comment_status":"closed","ping_status":"closed","template":"","meta":{"rs_blank_template":"","rs_page_bg_color":"","slide_template_v7":"","footnotes":""},"class_list":["post-11009","page","type-page","status-publish","has-post-thumbnail","hentry"],"yoast_head":"<!-- This site is optimized with the Yoast SEO plugin v27.4 - https:\/\/yoast.com\/product\/yoast-seo-wordpress\/ -->\n<title>Social Media Optimization (SMO) - Agence de communication et Marketing Digital Tunisie<\/title>\n<meta name=\"description\" content=\"Social Media Optimization (SMO), a crucial strategy for maximizing reach and engagement on social networks Tunisia\" \/>\n<meta name=\"robots\" content=\"index, follow, max-snippet:-1, max-image-preview:large, max-video-preview:-1\" \/>\n<link rel=\"canonical\" href=\"https:\/\/www.dsoverseas.com\/en\/services\/digital-communication\/social-media-optimization-smo\/\" \/>\n<meta property=\"og:locale\" content=\"en_US\" \/>\n<meta property=\"og:type\" content=\"article\" \/>\n<meta property=\"og:title\" content=\"Social Media Optimization (SMO)\" \/>\n<meta property=\"og:description\" content=\"Social Media Optimization (SMO), a crucial strategy for maximizing reach and engagement on social networks Tunisia\" \/>\n<meta property=\"og:url\" content=\"https:\/\/www.dsoverseas.com\/en\/services\/digital-communication\/social-media-optimization-smo\/\" \/>\n<meta property=\"og:site_name\" content=\"Agence de communication et Marketing Digital Tunisie\" \/>\n<meta property=\"article:publisher\" content=\"https:\/\/www.facebook.com\/Dsoverseasagency\" \/>\n<meta property=\"article:modified_time\" content=\"2026-04-23T17:21:59+00:00\" \/>\n<meta property=\"og:image\" content=\"https:\/\/www.dsoverseas.com\/wp-content\/uploads\/2021\/01\/logo-2.png\" \/>\n\t<meta property=\"og:image:width\" content=\"386\" \/>\n\t<meta property=\"og:image:height\" content=\"100\" \/>\n\t<meta property=\"og:image:type\" content=\"image\/png\" \/>\n<meta name=\"twitter:card\" content=\"summary_large_image\" \/>\n<meta name=\"twitter:title\" content=\"Social Media Optimization (SMO)\" \/>\n<meta name=\"twitter:description\" content=\"Social Media Optimization (SMO), a crucial strategy for maximizing reach and engagement on social networks Tunisia\" \/>\n<meta name=\"twitter:site\" content=\"@Ds_overseas\" \/>\n<meta name=\"twitter:label1\" content=\"Est. reading time\" \/>\n\t<meta name=\"twitter:data1\" content=\"4 minutes\" \/>\n<!-- \/ Yoast SEO plugin. -->","yoast_head_json":{"title":"Social Media Optimization (SMO) - Agence de communication et Marketing Digital Tunisie","description":"Social Media Optimization (SMO), a crucial strategy for maximizing reach and engagement on social networks Tunisia","robots":{"index":"index","follow":"follow","max-snippet":"max-snippet:-1","max-image-preview":"max-image-preview:large","max-video-preview":"max-video-preview:-1"},"canonical":"https:\/\/www.dsoverseas.com\/en\/services\/digital-communication\/social-media-optimization-smo\/","og_locale":"en_US","og_type":"article","og_title":"Social Media Optimization (SMO)","og_description":"Social Media Optimization (SMO), a crucial strategy for maximizing reach and engagement on social networks Tunisia","og_url":"https:\/\/www.dsoverseas.com\/en\/services\/digital-communication\/social-media-optimization-smo\/","og_site_name":"Agence de communication et Marketing Digital Tunisie","article_publisher":"https:\/\/www.facebook.com\/Dsoverseasagency","article_modified_time":"2026-04-23T17:21:59+00:00","og_image":[{"width":386,"height":100,"url":"https:\/\/www.dsoverseas.com\/wp-content\/uploads\/2021\/01\/logo-2.png","type":"image\/png"}],"twitter_card":"summary_large_image","twitter_title":"Social Media Optimization (SMO)","twitter_description":"Social Media Optimization (SMO), a crucial strategy for maximizing reach and engagement on social networks Tunisia","twitter_site":"@Ds_overseas","twitter_misc":{"Est. reading time":"4 minutes"},"schema":{"@context":"https:\/\/schema.org","@graph":[{"@type":"WebPage","@id":"https:\/\/www.dsoverseas.com\/en\/services\/digital-communication\/social-media-optimization-smo\/","url":"https:\/\/www.dsoverseas.com\/en\/services\/digital-communication\/social-media-optimization-smo\/","name":"Social Media Optimization (SMO) - Agence de communication et Marketing Digital Tunisie","isPartOf":{"@id":"https:\/\/www.dsoverseas.com\/#website"},"datePublished":"2025-02-15T12:02:02+00:00","dateModified":"2026-04-23T17:21:59+00:00","description":"Social Media Optimization (SMO), a crucial strategy for maximizing reach and engagement on social networks Tunisia","breadcrumb":{"@id":"https:\/\/www.dsoverseas.com\/en\/services\/digital-communication\/social-media-optimization-smo\/#breadcrumb"},"inLanguage":"en-US","potentialAction":[{"@type":"ReadAction","target":["https:\/\/www.dsoverseas.com\/en\/services\/digital-communication\/social-media-optimization-smo\/"]}]},{"@type":"BreadcrumbList","@id":"https:\/\/www.dsoverseas.com\/en\/services\/digital-communication\/social-media-optimization-smo\/#breadcrumb","itemListElement":[{"@type":"ListItem","position":1,"name":"Accueil","item":"https:\/\/www.dsoverseas.com\/en\/"},{"@type":"ListItem","position":2,"name":"Services","item":"https:\/\/www.dsoverseas.com\/en\/services\/"},{"@type":"ListItem","position":3,"name":"Digital Communication","item":"https:\/\/www.dsoverseas.com\/en\/services\/digital-communication\/"},{"@type":"ListItem","position":4,"name":"Social Media Optimization (SMO)"}]},{"@type":"WebSite","@id":"https:\/\/www.dsoverseas.com\/#website","url":"https:\/\/www.dsoverseas.com\/","name":"Agence de communication et Marketing Digital","description":"agence de communication, conseil en communication, conception graphique, community Management, d\u00e9veloppement et conception site web, impressions num\u00e9riques, impressions offset, enseignes habillages et signal\u00e9tiques, agence \u00e9v\u00e9nementielle, Marketing Digital, r\u00e9seaux sociaux","publisher":{"@id":"https:\/\/www.dsoverseas.com\/#organization"},"potentialAction":[{"@type":"SearchAction","target":{"@type":"EntryPoint","urlTemplate":"https:\/\/www.dsoverseas.com\/?s={search_term_string}"},"query-input":{"@type":"PropertyValueSpecification","valueRequired":true,"valueName":"search_term_string"}}],"inLanguage":"en-US"},{"@type":"Organization","@id":"https:\/\/www.dsoverseas.com\/#organization","name":"DS Overseas","url":"https:\/\/www.dsoverseas.com\/","logo":{"@type":"ImageObject","inLanguage":"en-US","@id":"https:\/\/www.dsoverseas.com\/#\/schema\/logo\/image\/","url":"https:\/\/www.dsoverseas.com\/wp-content\/uploads\/2021\/01\/logo-2.png","contentUrl":"https:\/\/www.dsoverseas.com\/wp-content\/uploads\/2021\/01\/logo-2.png","width":386,"height":100,"caption":"DS Overseas"},"image":{"@id":"https:\/\/www.dsoverseas.com\/#\/schema\/logo\/image\/"},"sameAs":["https:\/\/www.facebook.com\/Dsoverseasagency","https:\/\/x.com\/Ds_overseas","https:\/\/www.instagram.com\/dsoverseas\/"]}]}},"_links":{"self":[{"href":"https:\/\/www.dsoverseas.com\/en\/wp-json\/wp\/v2\/pages\/11009","targetHints":{"allow":["GET"]}}],"collection":[{"href":"https:\/\/www.dsoverseas.com\/en\/wp-json\/wp\/v2\/pages"}],"about":[{"href":"https:\/\/www.dsoverseas.com\/en\/wp-json\/wp\/v2\/types\/page"}],"author":[{"embeddable":true,"href":"https:\/\/www.dsoverseas.com\/en\/wp-json\/wp\/v2\/users\/1"}],"replies":[{"embeddable":true,"href":"https:\/\/www.dsoverseas.com\/en\/wp-json\/wp\/v2\/comments?post=11009"}],"version-history":[{"count":4,"href":"https:\/\/www.dsoverseas.com\/en\/wp-json\/wp\/v2\/pages\/11009\/revisions"}],"predecessor-version":[{"id":11059,"href":"https:\/\/www.dsoverseas.com\/en\/wp-json\/wp\/v2\/pages\/11009\/revisions\/11059"}],"up":[{"embeddable":true,"href":"https:\/\/www.dsoverseas.com\/en\/wp-json\/wp\/v2\/pages\/11116"}],"wp:featuredmedia":[{"embeddable":true,"href":"https:\/\/www.dsoverseas.com\/en\/wp-json\/"}],"wp:attachment":[{"href":"https:\/\/www.dsoverseas.com\/en\/wp-json\/wp\/v2\/media?parent=11009"}],"curies":[{"name":"wp","href":"https:\/\/api.w.org\/{rel}","templated":true}]}}