{"id":11023,"date":"2021-01-18T17:17:35","date_gmt":"2021-01-18T16:17:35","guid":{"rendered":"https:\/\/www.dsoverseas.com\/references\/libya\/"},"modified":"2026-04-18T23:28:03","modified_gmt":"2026-04-18T21:28:03","slug":"libya","status":"publish","type":"page","link":"https:\/\/www.dsoverseas.com\/en\/references\/libya\/","title":{"rendered":"Libya"},"content":{"rendered":"<div class=\"wpb-content-wrapper\"><p>[vc_row][vc_column][vc_custom_heading text=&#8221;DS OVERSEAS reference on the Libyan market&#8221; font_container=&#8221;tag:h2|text_align:center&#8221; use_theme_fonts=&#8221;yes&#8221;][vc_column_text]<\/p>\n<p style=\"text-align: center;\">Here we present our references as a Libyan communications agency, with a wide range of services. DS OVERSEAS is an offshore communications agency with considerable expertise in the Libyan market, ranging from graphic design to website design, <a href=\"https:\/\/www.dsoverseas.com\/services\/community-management\/\" target=\"_blank\" rel=\"noopener\">community management<\/a> and offset printing. Several customers have placed their trust in us: <a href=\"http:\/\/www.ridats.com\/\" target=\"_blank\" rel=\"noopener\">Rida TS<\/a>, Salis, &#8230;<\/p>\n<p>[\/vc_column_text][vc_row_inner][vc_column_inner width=&#8221;1\/2&#8243;][vc_column_text]<\/p>\n<h3>Libyan market<\/h3>\n<p>Libya&#8217;s economy depends mainly on oil revenues, which make up almost all exports. Industry and agriculture are limited.<\/p>\n<p>Oil revenues coupled with a small population gave Libya the highest GDP per capita on the African continent. From 2000 onwards, Brent crude oil prices soared, driving Libyan growth upwards (over the period 2003-2008, GDP multiplied by 3).<\/p>\n<p>In 2009, with the fall in oil prices linked to the worldwide recession, Libya&#8217;s GDP dropped from 87 billion to 63 billion US$. It recovered slightly the following year, but the Arab Spring and the two successive civil wars in 2011 totally disrupted the country&#8217;s economy.<\/p>\n<p>That same year, GDP fell to US$ 34 billion. Today, the country is still a long way from recovering its pre-crisis economy, with GDP in 2017 standing at US$51 billion. <a href=\"https:\/\/fr.wikipedia.org\/wiki\/%C3%89conomie_de_la_Libye\" target=\"_blank\" rel=\"noopener\">Source<\/a>[\/vc_column_text][\/vc_column_inner][vc_column_inner width=&#8221;1\/2&#8243;][vc_column_text]<\/p>\n<h3>Libya communication agency<\/h3>\n<p>A communications agency in Libya supports companies (in any sector or form: B2B, B2C, associations, NGOs, etc.) in setting up their communications resources. Most of the time, it designs a communications strategy tailored to its client&#8217;s needs and objectives, and then implements the means it has recommended.<\/p>\n<p>The first mission of a communications agency is consulting, but not only:<\/p>\n<ul>\n<li>Internal communication: company magazine, incentives, employee sports associations<\/li>\n<li>External communication: social networks, website, posters, PR, <a href=\"https:\/\/www.dsoverseas.com\/services\/impressions-offset\/\">commercial documents <\/a><\/li>\n<\/ul>\n<p>DS Overseas is a global communications agency in Libya that handles all aspects of its customers&#8217; off-line and on-line communications strategies.[\/vc_column_text][\/vc_column_inner][\/vc_row_inner][\/vc_column][\/vc_row][vc_row][vc_column][vc_basic_grid post_type=&#8221;portfolio&#8221; max_items=&#8221;-1&#8243; item=&#8221;masonryGrid_Default&#8221; grid_id=&#8221;vc_gid:1641310367147-bd215917-5978-5&#8243; taxonomies=&#8221;22&#8243;][\/vc_column][\/vc_row]<\/p>\n<\/div>","protected":false},"excerpt":{"rendered":"<p>[vc_row][vc_column][vc_custom_heading text=&#8221;DS OVERSEAS reference on the Libyan market&#8221; font_container=&#8221;tag:h2|text_align:center&#8221; use_theme_fonts=&#8221;yes&#8221;][vc_column_text] Here we present our references as a Libyan communications agency, with a wide range of services.<span class=\"excerpt-hellip\"> [\u2026]<\/span><\/p>\n","protected":false},"author":1,"featured_media":-1,"parent":10764,"menu_order":0,"comment_status":"closed","ping_status":"closed","template":"","meta":{"rs_blank_template":"","rs_page_bg_color":"","slide_template_v7":"","footnotes":""},"class_list":["post-11023","page","type-page","status-publish","has-post-thumbnail","hentry"],"yoast_head":"<!-- This site is optimized with the Yoast SEO plugin v27.3 - https:\/\/yoast.com\/product\/yoast-seo-wordpress\/ -->\n<title>communication agency Libya - Agence de communication et Marketing Digital Tunisie<\/title>\n<meta name=\"description\" content=\"communication agency Libya, reference ds overseas offshore communication agency on Libyan market, reference Libya ds overseas\" \/>\n<meta name=\"robots\" content=\"index, follow, max-snippet:-1, max-image-preview:large, max-video-preview:-1\" \/>\n<link rel=\"canonical\" href=\"https:\/\/www.dsoverseas.com\/en\/references\/libya\/\" \/>\n<meta property=\"og:locale\" content=\"en_US\" \/>\n<meta property=\"og:type\" content=\"article\" \/>\n<meta property=\"og:title\" content=\"communication agency Libya - Agence de communication et Marketing Digital Tunisie\" \/>\n<meta property=\"og:description\" content=\"communication agency Libya, reference ds overseas offshore communication agency on Libyan market, reference Libya ds overseas\" \/>\n<meta property=\"og:url\" content=\"https:\/\/www.dsoverseas.com\/en\/references\/libya\/\" \/>\n<meta property=\"og:site_name\" content=\"Agence de communication et Marketing Digital Tunisie\" \/>\n<meta property=\"article:publisher\" content=\"https:\/\/www.facebook.com\/Dsoverseasagency\" \/>\n<meta property=\"article:modified_time\" content=\"2026-04-18T21:28:03+00:00\" \/>\n<meta property=\"og:image\" content=\"https:\/\/www.dsoverseas.com\/wp-content\/uploads\/2021\/01\/logo-2.png\" \/>\n\t<meta property=\"og:image:width\" content=\"386\" \/>\n\t<meta property=\"og:image:height\" content=\"100\" \/>\n\t<meta property=\"og:image:type\" content=\"image\/png\" \/>\n<meta name=\"twitter:card\" content=\"summary_large_image\" \/>\n<meta name=\"twitter:site\" content=\"@Ds_overseas\" \/>\n<meta name=\"twitter:label1\" content=\"Est. reading time\" \/>\n\t<meta name=\"twitter:data1\" content=\"2 minutes\" \/>\n<!-- \/ Yoast SEO plugin. -->","yoast_head_json":{"title":"communication agency Libya - Agence de communication et Marketing Digital Tunisie","description":"communication agency Libya, reference ds overseas offshore communication agency on Libyan market, reference Libya ds overseas","robots":{"index":"index","follow":"follow","max-snippet":"max-snippet:-1","max-image-preview":"max-image-preview:large","max-video-preview":"max-video-preview:-1"},"canonical":"https:\/\/www.dsoverseas.com\/en\/references\/libya\/","og_locale":"en_US","og_type":"article","og_title":"communication agency Libya - Agence de communication et Marketing Digital Tunisie","og_description":"communication agency Libya, reference ds overseas offshore communication agency on Libyan market, reference Libya ds overseas","og_url":"https:\/\/www.dsoverseas.com\/en\/references\/libya\/","og_site_name":"Agence de communication et Marketing Digital Tunisie","article_publisher":"https:\/\/www.facebook.com\/Dsoverseasagency","article_modified_time":"2026-04-18T21:28:03+00:00","og_image":[{"width":386,"height":100,"url":"https:\/\/www.dsoverseas.com\/wp-content\/uploads\/2021\/01\/logo-2.png","type":"image\/png"}],"twitter_card":"summary_large_image","twitter_site":"@Ds_overseas","twitter_misc":{"Est. reading time":"2 minutes"},"schema":{"@context":"https:\/\/schema.org","@graph":[{"@type":"WebPage","@id":"https:\/\/www.dsoverseas.com\/en\/references\/libya\/","url":"https:\/\/www.dsoverseas.com\/en\/references\/libya\/","name":"communication agency Libya - Agence de communication et Marketing Digital Tunisie","isPartOf":{"@id":"https:\/\/www.dsoverseas.com\/#website"},"datePublished":"2021-01-18T16:17:35+00:00","dateModified":"2026-04-18T21:28:03+00:00","description":"communication agency Libya, reference ds overseas offshore communication agency on Libyan market, reference Libya ds overseas","breadcrumb":{"@id":"https:\/\/www.dsoverseas.com\/en\/references\/libya\/#breadcrumb"},"inLanguage":"en-US","potentialAction":[{"@type":"ReadAction","target":["https:\/\/www.dsoverseas.com\/en\/references\/libya\/"]}]},{"@type":"BreadcrumbList","@id":"https:\/\/www.dsoverseas.com\/en\/references\/libya\/#breadcrumb","itemListElement":[{"@type":"ListItem","position":1,"name":"Accueil","item":"https:\/\/www.dsoverseas.com\/en\/"},{"@type":"ListItem","position":2,"name":"References","item":"https:\/\/www.dsoverseas.com\/en\/references\/"},{"@type":"ListItem","position":3,"name":"Libya"}]},{"@type":"WebSite","@id":"https:\/\/www.dsoverseas.com\/#website","url":"https:\/\/www.dsoverseas.com\/","name":"Agence de communication et Marketing Digital","description":"agence de communication, conseil en communication, conception graphique, community Management, d\u00e9veloppement et conception site web, impressions num\u00e9riques, impressions offset, enseignes habillages et signal\u00e9tiques, agence \u00e9v\u00e9nementielle, Marketing Digital, r\u00e9seaux sociaux","publisher":{"@id":"https:\/\/www.dsoverseas.com\/#organization"},"potentialAction":[{"@type":"SearchAction","target":{"@type":"EntryPoint","urlTemplate":"https:\/\/www.dsoverseas.com\/?s={search_term_string}"},"query-input":{"@type":"PropertyValueSpecification","valueRequired":true,"valueName":"search_term_string"}}],"inLanguage":"en-US"},{"@type":"Organization","@id":"https:\/\/www.dsoverseas.com\/#organization","name":"DS Overseas","url":"https:\/\/www.dsoverseas.com\/","logo":{"@type":"ImageObject","inLanguage":"en-US","@id":"https:\/\/www.dsoverseas.com\/#\/schema\/logo\/image\/","url":"https:\/\/www.dsoverseas.com\/wp-content\/uploads\/2021\/01\/logo-2.png","contentUrl":"https:\/\/www.dsoverseas.com\/wp-content\/uploads\/2021\/01\/logo-2.png","width":386,"height":100,"caption":"DS Overseas"},"image":{"@id":"https:\/\/www.dsoverseas.com\/#\/schema\/logo\/image\/"},"sameAs":["https:\/\/www.facebook.com\/Dsoverseasagency","https:\/\/x.com\/Ds_overseas","https:\/\/www.instagram.com\/dsoverseas\/"]}]}},"_links":{"self":[{"href":"https:\/\/www.dsoverseas.com\/en\/wp-json\/wp\/v2\/pages\/11023","targetHints":{"allow":["GET"]}}],"collection":[{"href":"https:\/\/www.dsoverseas.com\/en\/wp-json\/wp\/v2\/pages"}],"about":[{"href":"https:\/\/www.dsoverseas.com\/en\/wp-json\/wp\/v2\/types\/page"}],"author":[{"embeddable":true,"href":"https:\/\/www.dsoverseas.com\/en\/wp-json\/wp\/v2\/users\/1"}],"replies":[{"embeddable":true,"href":"https:\/\/www.dsoverseas.com\/en\/wp-json\/wp\/v2\/comments?post=11023"}],"version-history":[{"count":3,"href":"https:\/\/www.dsoverseas.com\/en\/wp-json\/wp\/v2\/pages\/11023\/revisions"}],"predecessor-version":[{"id":11044,"href":"https:\/\/www.dsoverseas.com\/en\/wp-json\/wp\/v2\/pages\/11023\/revisions\/11044"}],"up":[{"embeddable":true,"href":"https:\/\/www.dsoverseas.com\/en\/wp-json\/wp\/v2\/pages\/10764"}],"wp:featuredmedia":[{"embeddable":true,"href":"https:\/\/www.dsoverseas.com\/en\/wp-json\/"}],"wp:attachment":[{"href":"https:\/\/www.dsoverseas.com\/en\/wp-json\/wp\/v2\/media?parent=11023"}],"curies":[{"name":"wp","href":"https:\/\/api.w.org\/{rel}","templated":true}]}}