{"id":11114,"date":"2021-01-19T15:31:43","date_gmt":"2021-01-19T14:31:43","guid":{"rendered":"https:\/\/www.dsoverseas.com\/oil-gas-industrie-petroliere\/"},"modified":"2026-04-23T20:34:26","modified_gmt":"2026-04-23T18:34:26","slug":"oil-gas-industry","status":"publish","type":"page","link":"https:\/\/www.dsoverseas.com\/en\/oil-gas-industry\/","title":{"rendered":"Oil &#038; Gas industry"},"content":{"rendered":"<div class=\"wpb-content-wrapper\"><p>[vc_row][vc_column][vc_custom_heading text=&#8221;Oil &amp; Gas&#8221; font_container=&#8221;tag:h2|text_align:center&#8221; use_theme_fonts=&#8221;yes&#8221;][vc_column_text]<\/p>\n<p style=\"text-align: center;\">We present here our references and experiences with our customers in the Oil &amp; Gas industry.<\/p>\n<p>[\/vc_column_text][vc_row_inner][vc_column_inner width=&#8221;1\/2&#8243;][vc_column_text css=&#8221;&#8221;]<\/p>\n<h2>Oil &amp; Gas industry<\/h2>\n<p>The <a href=\"https:\/\/fr.wikipedia.org\/wiki\/Industrie_p%C3%A9troli%C3%A8re\" target=\"_blank\" rel=\"noopener\">petroleum sector<\/a>, also known as the oil &amp; gas or energy sector, refers to the industry involved in exploring for and extracting oil and gas from the ground.<\/p>\n<p>In its most basic form, the oil industry is divided into upstream, midstream and downstream activities.<\/p>\n<p>Upstream includes exploration, extraction and production;<\/p>\n<p>the intermediary takes care of transporting and storing the oil;<\/p>\n<p>and downstream is the refining, marketing and sale of petroleum products.<\/p>\n<p>These three parts interact with each other in interesting ways.<\/p>\n<p>Today, the oil industry is one of the most important and influential aspects of the global economy, with high revenues and profits for large multinational companies.<\/p>\n<p>As oil is a non-renewable natural resource, the industry is faced with inevitable production depletion.<\/p>\n<p>Statistics from BP Review of World Energy 2007 listed reserve-to-production ratios for proven resources worldwide. The study placed the foreseeable life of proven reserves in the Middle East at 79.5 years; in Latin America at 41.2 years and in North America at just 12 years. <a href=\"https:\/\/fr.wikipedia.org\/wiki\/Industrie_p%C3%A9troli%C3%A8re\" target=\"_blank\" rel=\"noopener\">source<\/a>[\/vc_column_text][\/vc_column_inner][vc_column_inner width=&#8221;1\/2&#8243;][vc_column_text]<\/p>\n<h2>Communications agency for the oil industry<\/h2>\n<p>Ds Overseas, a communications agency for the oil industry, has carried out a number of assignments, including :<\/p>\n<ul>\n<li>Offset and digital printing of commercial and administrative documents<\/li>\n<li>Design of visuals for stand <a href=\"https:\/\/www.dsoverseas.com\/services\/enseignes-et-habillages\/\">dressing<\/a>.<\/li>\n<li>Website design and development<\/li>\n<li>Technical <a href=\"https:\/\/www.dsoverseas.com\/en\/wordpress-website-maintenance-offer\/\">maintenance<\/a> for a website<\/li>\n<li>Design and printing of lightweight modular structures such as roll-ups and banners<\/li>\n<li><a href=\"https:\/\/www.dsoverseas.com\/services\/community-management\/\">Community<\/a> Management<\/li>\n<\/ul>\n<p>Our communications agency and its team are at your disposal to discuss your plans for implementing a relevant communications strategy and an effective communications plan completely dedicated to the oil and gas and petroleum industries.[\/vc_column_text][\/vc_column_inner][\/vc_row_inner][\/vc_column][\/vc_row][vc_row][vc_column][vc_basic_grid post_type=&#8221;portfolio&#8221; max_items=&#8221;-1&#8243; item=&#8221;masonryGrid_Default&#8221; grid_id=&#8221;vc_gid:1776969183174-74a41f4f-c29e-10&#8243; taxonomies=&#8221;35&#8243;][\/vc_column][\/vc_row]<\/p>\n<\/div>","protected":false},"excerpt":{"rendered":"<p>[vc_row][vc_column][vc_custom_heading text=&#8221;Oil &amp; Gas&#8221; font_container=&#8221;tag:h2|text_align:center&#8221; use_theme_fonts=&#8221;yes&#8221;][vc_column_text] We present here our references and experiences with our customers in the Oil &amp; Gas industry. [\/vc_column_text][vc_row_inner][vc_column_inner width=&#8221;1\/2&#8243;][vc_column_text css=&#8221;&#8221;] Oil<span class=\"excerpt-hellip\"> [\u2026]<\/span><\/p>\n","protected":false},"author":1,"featured_media":-1,"parent":0,"menu_order":0,"comment_status":"closed","ping_status":"closed","template":"","meta":{"rs_blank_template":"","rs_page_bg_color":"","slide_template_v7":"","footnotes":""},"class_list":["post-11114","page","type-page","status-publish","has-post-thumbnail","hentry"],"yoast_head":"<!-- This site is optimized with the Yoast SEO plugin v27.4 - https:\/\/yoast.com\/product\/yoast-seo-wordpress\/ -->\n<title>Oil &amp; Gas industry - Agence de communication et Marketing Digital Tunisie<\/title>\n<meta name=\"description\" content=\"Oil &amp; Gas industry, reference ds overseas agence de communication offshore avec les clients du secteur p\u00e9troli\u00e8r\" \/>\n<meta name=\"robots\" content=\"index, follow, max-snippet:-1, max-image-preview:large, max-video-preview:-1\" \/>\n<link rel=\"canonical\" href=\"https:\/\/www.dsoverseas.com\/en\/oil-gas-industry\/\" \/>\n<meta property=\"og:locale\" content=\"en_US\" \/>\n<meta property=\"og:type\" content=\"article\" \/>\n<meta property=\"og:title\" content=\"Oil &amp; Gas industry - Agence de communication et Marketing Digital Tunisie\" \/>\n<meta property=\"og:description\" content=\"Oil &amp; Gas industry, reference ds overseas agence de communication offshore avec les clients du secteur p\u00e9troli\u00e8r\" \/>\n<meta property=\"og:url\" content=\"https:\/\/www.dsoverseas.com\/en\/oil-gas-industry\/\" \/>\n<meta property=\"og:site_name\" content=\"Agence de communication et Marketing Digital Tunisie\" \/>\n<meta property=\"article:publisher\" content=\"https:\/\/www.facebook.com\/Dsoverseasagency\" \/>\n<meta property=\"article:modified_time\" content=\"2026-04-23T18:34:26+00:00\" \/>\n<meta property=\"og:image\" content=\"https:\/\/www.dsoverseas.com\/wp-content\/uploads\/2021\/01\/logo-2.png\" \/>\n\t<meta property=\"og:image:width\" content=\"386\" \/>\n\t<meta property=\"og:image:height\" content=\"100\" \/>\n\t<meta property=\"og:image:type\" content=\"image\/png\" \/>\n<meta name=\"twitter:card\" content=\"summary_large_image\" \/>\n<meta name=\"twitter:site\" content=\"@Ds_overseas\" \/>\n<meta name=\"twitter:label1\" content=\"Est. reading time\" \/>\n\t<meta name=\"twitter:data1\" content=\"2 minutes\" \/>\n<!-- \/ Yoast SEO plugin. -->","yoast_head_json":{"title":"Oil & Gas industry - Agence de communication et Marketing Digital Tunisie","description":"Oil & Gas industry, reference ds overseas agence de communication offshore avec les clients du secteur p\u00e9troli\u00e8r","robots":{"index":"index","follow":"follow","max-snippet":"max-snippet:-1","max-image-preview":"max-image-preview:large","max-video-preview":"max-video-preview:-1"},"canonical":"https:\/\/www.dsoverseas.com\/en\/oil-gas-industry\/","og_locale":"en_US","og_type":"article","og_title":"Oil & Gas industry - Agence de communication et Marketing Digital Tunisie","og_description":"Oil & Gas industry, reference ds overseas agence de communication offshore avec les clients du secteur p\u00e9troli\u00e8r","og_url":"https:\/\/www.dsoverseas.com\/en\/oil-gas-industry\/","og_site_name":"Agence de communication et Marketing Digital Tunisie","article_publisher":"https:\/\/www.facebook.com\/Dsoverseasagency","article_modified_time":"2026-04-23T18:34:26+00:00","og_image":[{"width":386,"height":100,"url":"https:\/\/www.dsoverseas.com\/wp-content\/uploads\/2021\/01\/logo-2.png","type":"image\/png"}],"twitter_card":"summary_large_image","twitter_site":"@Ds_overseas","twitter_misc":{"Est. reading time":"2 minutes"},"schema":{"@context":"https:\/\/schema.org","@graph":[{"@type":"WebPage","@id":"https:\/\/www.dsoverseas.com\/en\/oil-gas-industry\/","url":"https:\/\/www.dsoverseas.com\/en\/oil-gas-industry\/","name":"Oil & Gas industry - Agence de communication et Marketing Digital Tunisie","isPartOf":{"@id":"https:\/\/www.dsoverseas.com\/#website"},"datePublished":"2021-01-19T14:31:43+00:00","dateModified":"2026-04-23T18:34:26+00:00","description":"Oil & Gas industry, reference ds overseas agence de communication offshore avec les clients du secteur p\u00e9troli\u00e8r","breadcrumb":{"@id":"https:\/\/www.dsoverseas.com\/en\/oil-gas-industry\/#breadcrumb"},"inLanguage":"en-US","potentialAction":[{"@type":"ReadAction","target":["https:\/\/www.dsoverseas.com\/en\/oil-gas-industry\/"]}]},{"@type":"BreadcrumbList","@id":"https:\/\/www.dsoverseas.com\/en\/oil-gas-industry\/#breadcrumb","itemListElement":[{"@type":"ListItem","position":1,"name":"Accueil","item":"https:\/\/www.dsoverseas.com\/en\/"},{"@type":"ListItem","position":2,"name":"Oil &#038; Gas industry"}]},{"@type":"WebSite","@id":"https:\/\/www.dsoverseas.com\/#website","url":"https:\/\/www.dsoverseas.com\/","name":"Agence de communication et Marketing Digital","description":"agence de communication, conseil en communication, conception graphique, community Management, d\u00e9veloppement et conception site web, impressions num\u00e9riques, impressions offset, enseignes habillages et signal\u00e9tiques, agence \u00e9v\u00e9nementielle, Marketing Digital, r\u00e9seaux sociaux","publisher":{"@id":"https:\/\/www.dsoverseas.com\/#organization"},"potentialAction":[{"@type":"SearchAction","target":{"@type":"EntryPoint","urlTemplate":"https:\/\/www.dsoverseas.com\/?s={search_term_string}"},"query-input":{"@type":"PropertyValueSpecification","valueRequired":true,"valueName":"search_term_string"}}],"inLanguage":"en-US"},{"@type":"Organization","@id":"https:\/\/www.dsoverseas.com\/#organization","name":"DS Overseas","url":"https:\/\/www.dsoverseas.com\/","logo":{"@type":"ImageObject","inLanguage":"en-US","@id":"https:\/\/www.dsoverseas.com\/#\/schema\/logo\/image\/","url":"https:\/\/www.dsoverseas.com\/wp-content\/uploads\/2021\/01\/logo-2.png","contentUrl":"https:\/\/www.dsoverseas.com\/wp-content\/uploads\/2021\/01\/logo-2.png","width":386,"height":100,"caption":"DS Overseas"},"image":{"@id":"https:\/\/www.dsoverseas.com\/#\/schema\/logo\/image\/"},"sameAs":["https:\/\/www.facebook.com\/Dsoverseasagency","https:\/\/x.com\/Ds_overseas","https:\/\/www.instagram.com\/dsoverseas\/"]}]}},"_links":{"self":[{"href":"https:\/\/www.dsoverseas.com\/en\/wp-json\/wp\/v2\/pages\/11114","targetHints":{"allow":["GET"]}}],"collection":[{"href":"https:\/\/www.dsoverseas.com\/en\/wp-json\/wp\/v2\/pages"}],"about":[{"href":"https:\/\/www.dsoverseas.com\/en\/wp-json\/wp\/v2\/types\/page"}],"author":[{"embeddable":true,"href":"https:\/\/www.dsoverseas.com\/en\/wp-json\/wp\/v2\/users\/1"}],"replies":[{"embeddable":true,"href":"https:\/\/www.dsoverseas.com\/en\/wp-json\/wp\/v2\/comments?post=11114"}],"version-history":[{"count":4,"href":"https:\/\/www.dsoverseas.com\/en\/wp-json\/wp\/v2\/pages\/11114\/revisions"}],"predecessor-version":[{"id":11326,"href":"https:\/\/www.dsoverseas.com\/en\/wp-json\/wp\/v2\/pages\/11114\/revisions\/11326"}],"wp:featuredmedia":[{"embeddable":true,"href":"https:\/\/www.dsoverseas.com\/en\/wp-json\/"}],"wp:attachment":[{"href":"https:\/\/www.dsoverseas.com\/en\/wp-json\/wp\/v2\/media?parent=11114"}],"curies":[{"name":"wp","href":"https:\/\/api.w.org\/{rel}","templated":true}]}}