{"id":11115,"date":"2021-01-18T17:44:27","date_gmt":"2021-01-18T16:44:27","guid":{"rendered":"https:\/\/www.dsoverseas.com\/references\/algeria\/"},"modified":"2026-04-23T20:34:53","modified_gmt":"2026-04-23T18:34:53","slug":"algeria","status":"publish","type":"page","link":"https:\/\/www.dsoverseas.com\/en\/references\/algeria\/","title":{"rendered":"Algeria"},"content":{"rendered":"<div class=\"wpb-content-wrapper\"><p>[vc_row][vc_column][vc_empty_space][vc_custom_heading text=&#8221;Our references in the Algerian market&#8221; font_container=&#8221;tag:h2|text_align:center&#8221; use_theme_fonts=&#8221;yes&#8221;][vc_separator color=&#8221;blue&#8221; border_width=&#8221;8&#8243; el_width=&#8221;10&#8243;][vc_column_text]Here we present our references in the Algerian market, with a wide range of services. DS OVERSEAS is an offshore communications agency with considerable expertise in the Algerian market, ranging from graphic design and <a href=\"https:\/\/www.dsoverseas.com\/services\/impressions-numeriques-et-offset\/\" target=\"_blank\" rel=\"noopener\">offset printing<\/a> to stand dressing.[\/vc_column_text][\/vc_column][\/vc_row][vc_row][vc_column width=&#8221;1\/2&#8243;][vc_custom_heading text=&#8221;the Algerian market&#8221; font_container=&#8221;tag:h2|text_align:center&#8221; use_theme_fonts=&#8221;yes&#8221;][vc_column_text]As the third largest economy in the Middle East and North Africa region, and the driving force behind the Maghreb, Algeria is one of the few countries to have succeeded in reducing poverty by 20% in 20 years. The Algerian government has taken significant steps to improve the well-being of its citizens.<\/p>\n<p>By 2021, the Algerian economy should have partially recovered from the health and economic crises caused by the COVID-19 pandemic. However, some containment measures could be maintained until 2022, due to the slow pace of the vaccination campaign. As a result, although the hydrocarbon industry is set to restart in 2021, business will be slower for the rest of the economy due to job and wage losses, as well as a lack of consumer and business confidence. The Algerian authorities have announced a long-term reform effort, initiated under the Socio-Economic Recovery Plan, with the aim of steering the economy towards a sustainable, private-sector-led model, undertaking the transition to renewable energies, reducing the country&#8217;s serious macroeconomic imbalances and protecting the livelihoods of the population.<\/p>\n<p><a href=\"https:\/\/www.banquemondiale.org\/fr\/country\/algeria\" target=\"_blank\" rel=\"noopener\">source<\/a>[\/vc_column_text][\/vc_column][vc_column width=&#8221;1\/2&#8243;][vc_custom_heading text=&#8221;Communication agency in Algeria&#8221; use_theme_fonts=&#8221;yes&#8221;][vc_column_text]A communications agency in Algeria, or anywhere else for that matter, helps companies (regardless of their sector of activity) to set up their means of communication. Most of the time, it designs a communications strategy tailored to its client&#8217;s needs and objectives, and then implements the means it has recommended.<\/p>\n<p>The primary mission of a communications agency is consulting. A communications agency&#8217;s mission covers :<\/p>\n<ul>\n<li>Internal communication: company magazine, incentives, employee sports associations<\/li>\n<li>External communication: social networks, website, posters, PR, <a href=\"https:\/\/www.dsoverseas.com\/services\/impressions-offset\/\">commercial documents <\/a><\/li>\n<\/ul>\n<p>DS Overseas is a global communications agency that handles all aspects of its customers&#8217; off-line and on-line communications strategies.[\/vc_column_text][\/vc_column][\/vc_row][vc_row][vc_column][vc_basic_grid post_type=&#8221;portfolio&#8221; max_items=&#8221;-1&#8243; grid_id=&#8221;vc_gid:1644922579805-a3cd299a-1bc1-4&#8243; taxonomies=&#8221;21&#8243;][\/vc_column][\/vc_row]<\/p>\n<\/div>","protected":false},"excerpt":{"rendered":"<p>[vc_row][vc_column][vc_empty_space][vc_custom_heading text=&#8221;Our references in the Algerian market&#8221; font_container=&#8221;tag:h2|text_align:center&#8221; use_theme_fonts=&#8221;yes&#8221;][vc_separator color=&#8221;blue&#8221; border_width=&#8221;8&#8243; el_width=&#8221;10&#8243;][vc_column_text]Here we present our references in the Algerian market, with a wide range of services.<span class=\"excerpt-hellip\"> [\u2026]<\/span><\/p>\n","protected":false},"author":1,"featured_media":-1,"parent":10764,"menu_order":0,"comment_status":"closed","ping_status":"closed","template":"","meta":{"rs_blank_template":"","rs_page_bg_color":"","slide_template_v7":"","footnotes":""},"class_list":["post-11115","page","type-page","status-publish","has-post-thumbnail","hentry"],"yoast_head":"<!-- This site is optimized with the Yoast SEO plugin v27.4 - https:\/\/yoast.com\/product\/yoast-seo-wordpress\/ -->\n<title>Algeria - Agence de communication et Marketing Digital Tunisie<\/title>\n<meta name=\"description\" content=\"Algeria, reference ds overseas communication agency on the Algerian market, reference Algeria ds overseas\" \/>\n<meta name=\"robots\" content=\"index, follow, max-snippet:-1, max-image-preview:large, max-video-preview:-1\" \/>\n<link rel=\"canonical\" href=\"https:\/\/www.dsoverseas.com\/en\/references\/algeria\/\" \/>\n<meta property=\"og:locale\" content=\"en_US\" \/>\n<meta property=\"og:type\" content=\"article\" \/>\n<meta property=\"og:title\" content=\"Algeria - Agence de communication et Marketing Digital Tunisie\" \/>\n<meta property=\"og:description\" content=\"Algeria, reference ds overseas communication agency on the Algerian market, reference Algeria ds overseas\" \/>\n<meta property=\"og:url\" content=\"https:\/\/www.dsoverseas.com\/en\/references\/algeria\/\" \/>\n<meta property=\"og:site_name\" content=\"Agence de communication et Marketing Digital Tunisie\" \/>\n<meta property=\"article:publisher\" content=\"https:\/\/www.facebook.com\/Dsoverseasagency\" \/>\n<meta property=\"article:modified_time\" content=\"2026-04-23T18:34:53+00:00\" \/>\n<meta property=\"og:image\" content=\"https:\/\/www.dsoverseas.com\/wp-content\/uploads\/2021\/01\/logo-2.png\" \/>\n\t<meta property=\"og:image:width\" content=\"386\" \/>\n\t<meta property=\"og:image:height\" content=\"100\" \/>\n\t<meta property=\"og:image:type\" content=\"image\/png\" \/>\n<meta name=\"twitter:card\" content=\"summary_large_image\" \/>\n<meta name=\"twitter:site\" content=\"@Ds_overseas\" \/>\n<meta name=\"twitter:label1\" content=\"Est. reading time\" \/>\n\t<meta name=\"twitter:data1\" content=\"2 minutes\" \/>\n<!-- \/ Yoast SEO plugin. -->","yoast_head_json":{"title":"Algeria - Agence de communication et Marketing Digital Tunisie","description":"Algeria, reference ds overseas communication agency on the Algerian market, reference Algeria ds overseas","robots":{"index":"index","follow":"follow","max-snippet":"max-snippet:-1","max-image-preview":"max-image-preview:large","max-video-preview":"max-video-preview:-1"},"canonical":"https:\/\/www.dsoverseas.com\/en\/references\/algeria\/","og_locale":"en_US","og_type":"article","og_title":"Algeria - Agence de communication et Marketing Digital Tunisie","og_description":"Algeria, reference ds overseas communication agency on the Algerian market, reference Algeria ds overseas","og_url":"https:\/\/www.dsoverseas.com\/en\/references\/algeria\/","og_site_name":"Agence de communication et Marketing Digital Tunisie","article_publisher":"https:\/\/www.facebook.com\/Dsoverseasagency","article_modified_time":"2026-04-23T18:34:53+00:00","og_image":[{"width":386,"height":100,"url":"https:\/\/www.dsoverseas.com\/wp-content\/uploads\/2021\/01\/logo-2.png","type":"image\/png"}],"twitter_card":"summary_large_image","twitter_site":"@Ds_overseas","twitter_misc":{"Est. reading time":"2 minutes"},"schema":{"@context":"https:\/\/schema.org","@graph":[{"@type":"WebPage","@id":"https:\/\/www.dsoverseas.com\/en\/references\/algeria\/","url":"https:\/\/www.dsoverseas.com\/en\/references\/algeria\/","name":"Algeria - Agence de communication et Marketing Digital Tunisie","isPartOf":{"@id":"https:\/\/www.dsoverseas.com\/#website"},"datePublished":"2021-01-18T16:44:27+00:00","dateModified":"2026-04-23T18:34:53+00:00","description":"Algeria, reference ds overseas communication agency on the Algerian market, reference Algeria ds overseas","breadcrumb":{"@id":"https:\/\/www.dsoverseas.com\/en\/references\/algeria\/#breadcrumb"},"inLanguage":"en-US","potentialAction":[{"@type":"ReadAction","target":["https:\/\/www.dsoverseas.com\/en\/references\/algeria\/"]}]},{"@type":"BreadcrumbList","@id":"https:\/\/www.dsoverseas.com\/en\/references\/algeria\/#breadcrumb","itemListElement":[{"@type":"ListItem","position":1,"name":"Accueil","item":"https:\/\/www.dsoverseas.com\/en\/"},{"@type":"ListItem","position":2,"name":"References","item":"https:\/\/www.dsoverseas.com\/en\/references\/"},{"@type":"ListItem","position":3,"name":"Algeria"}]},{"@type":"WebSite","@id":"https:\/\/www.dsoverseas.com\/#website","url":"https:\/\/www.dsoverseas.com\/","name":"Agence de communication et Marketing Digital","description":"agence de communication, conseil en communication, conception graphique, community Management, d\u00e9veloppement et conception site web, impressions num\u00e9riques, impressions offset, enseignes habillages et signal\u00e9tiques, agence \u00e9v\u00e9nementielle, Marketing Digital, r\u00e9seaux sociaux","publisher":{"@id":"https:\/\/www.dsoverseas.com\/#organization"},"potentialAction":[{"@type":"SearchAction","target":{"@type":"EntryPoint","urlTemplate":"https:\/\/www.dsoverseas.com\/?s={search_term_string}"},"query-input":{"@type":"PropertyValueSpecification","valueRequired":true,"valueName":"search_term_string"}}],"inLanguage":"en-US"},{"@type":"Organization","@id":"https:\/\/www.dsoverseas.com\/#organization","name":"DS Overseas","url":"https:\/\/www.dsoverseas.com\/","logo":{"@type":"ImageObject","inLanguage":"en-US","@id":"https:\/\/www.dsoverseas.com\/#\/schema\/logo\/image\/","url":"https:\/\/www.dsoverseas.com\/wp-content\/uploads\/2021\/01\/logo-2.png","contentUrl":"https:\/\/www.dsoverseas.com\/wp-content\/uploads\/2021\/01\/logo-2.png","width":386,"height":100,"caption":"DS Overseas"},"image":{"@id":"https:\/\/www.dsoverseas.com\/#\/schema\/logo\/image\/"},"sameAs":["https:\/\/www.facebook.com\/Dsoverseasagency","https:\/\/x.com\/Ds_overseas","https:\/\/www.instagram.com\/dsoverseas\/"]}]}},"_links":{"self":[{"href":"https:\/\/www.dsoverseas.com\/en\/wp-json\/wp\/v2\/pages\/11115","targetHints":{"allow":["GET"]}}],"collection":[{"href":"https:\/\/www.dsoverseas.com\/en\/wp-json\/wp\/v2\/pages"}],"about":[{"href":"https:\/\/www.dsoverseas.com\/en\/wp-json\/wp\/v2\/types\/page"}],"author":[{"embeddable":true,"href":"https:\/\/www.dsoverseas.com\/en\/wp-json\/wp\/v2\/users\/1"}],"replies":[{"embeddable":true,"href":"https:\/\/www.dsoverseas.com\/en\/wp-json\/wp\/v2\/comments?post=11115"}],"version-history":[{"count":3,"href":"https:\/\/www.dsoverseas.com\/en\/wp-json\/wp\/v2\/pages\/11115\/revisions"}],"predecessor-version":[{"id":11327,"href":"https:\/\/www.dsoverseas.com\/en\/wp-json\/wp\/v2\/pages\/11115\/revisions\/11327"}],"up":[{"embeddable":true,"href":"https:\/\/www.dsoverseas.com\/en\/wp-json\/wp\/v2\/pages\/10764"}],"wp:featuredmedia":[{"embeddable":true,"href":"https:\/\/www.dsoverseas.com\/en\/wp-json\/"}],"wp:attachment":[{"href":"https:\/\/www.dsoverseas.com\/en\/wp-json\/wp\/v2\/media?parent=11115"}],"curies":[{"name":"wp","href":"https:\/\/api.w.org\/{rel}","templated":true}]}}