{"id":11116,"date":"2024-06-19T15:40:04","date_gmt":"2024-06-19T13:40:04","guid":{"rendered":"https:\/\/www.dsoverseas.com\/services\/digital-communication\/"},"modified":"2026-04-23T20:35:35","modified_gmt":"2026-04-23T18:35:35","slug":"digital-communication","status":"publish","type":"page","link":"https:\/\/www.dsoverseas.com\/en\/services\/digital-communication\/","title":{"rendered":"Digital Communication"},"content":{"rendered":"<div class=\"wpb-content-wrapper\"><p>[vc_row][vc_column][vc_empty_space height=&#8221;95&#8243;][\/vc_column][\/vc_row][vc_row][vc_column width=&#8221;2\/3&#8243;][vc_column_text css=&#8221;&#8221;]<\/p>\n<h2><span style=\"color: #3366ff;\">Digital Communication<\/span><\/h2>\n<p>Our agency is specialized in digital communication, with a variety of services such as :<\/p>\n<ul>\n<li>Digital marketing: We help you develop your online presence through targeted marketing strategies.<\/li>\n<li>Social network management: We can create and manage your social network accounts to keep you in touch with your audience.<\/li>\n<li>Lead management: Thanks to our advanced techniques, we can help you generate qualified leads for your business.<\/li>\n<li>Community management: We take charge of managing your online community, interacting with your followers and creating engaging content.<\/li>\n<li>Facebook ads: We can set up advertising campaigns on Facebook to reach new customers and increase your visibility.<\/li>\n<li>Linkedin ads<\/li>\n<\/ul>\n<p>Ds Overseas is a group of experts in the world of digital communication and social networks. We understand the importance of these platforms for your business, and we put our expertise at your service to help you achieve your goals.<\/p>\n<p>Our team can create and manage your accounts on various social networks such as Facebook, Instagram, Twitter, LinkedIn, etc. We know how to optimize your brand&#8217;s presence on these platforms and interact with your target audience to boost awareness of your company.<\/p>\n<p>As well as managing social networks, we can also help you generate qualified leads thanks to our advanced techniques. We know how to target the right audiences and create engaging content to grab your target audience&#8217;s attention and convert them into potential customers.<\/p>\n<p>Our team also specializes in creating effective advertising campaigns on social networks. We can help you define customized strategies based on your objectives and budgets to achieve optimum ROI.<\/p>\n<p>By working with us, you&#8217;ll benefit from regular monitoring and detailed reporting on the performance of your social networking accounts. We&#8217;re committed to delivering concrete results and helping you maximize your online presence.<\/p>\n<p>What&#8217;s more, our team is constantly on the lookout for the latest trends and developments in the world of digital marketing. We make sure we use the best practices to ensure your brand stays ahead of the competition.<\/p>\n<p>Entrust us with your social media strategy and let us increase your online visibility and engagement.[\/vc_column_text][\/vc_column][vc_column width=&#8221;1\/3&#8243;][vc_single_image image=&#8221;8218&#8243; img_size=&#8221;full&#8221;][\/vc_column][\/vc_row][vc_row][vc_column][vc_custom_heading text=&#8221;Digital syndrome&#8221; font_container=&#8221;tag:h3|text_align:center|color:%230600ce|line_height:1.3&#8243; google_fonts=&#8221;font_family:Montserrat%3Aregular%2C700|font_style:400%20regular%3A400%3Anormal&#8221; css=&#8221;&#8221;][\/vc_column][\/vc_row][vc_row][vc_column][vc_empty_space][\/vc_column][\/vc_row][vc_row][vc_column width=&#8221;1\/2&#8243;]<div class=\"list_item lists_2 clearfix\"><a href=\"https:\/\/www.dsoverseas.com\/marketing-digital\/\" ><div class=\"list_left list_image\"><img decoding=\"async\" data-src=\"https:\/\/www.dsoverseas.com\/wp-content\/uploads\/2018\/08\/home_agency3_pic5.png\" class=\"scale-with-grid lazyload\" alt=\"home_agency3_pic5\" width=\"60\" height=\"60\" src=\"data:image\/svg+xml;base64,PHN2ZyB3aWR0aD0iMSIgaGVpZ2h0PSIxIiB4bWxucz0iaHR0cDovL3d3dy53My5vcmcvMjAwMC9zdmciPjwvc3ZnPg==\" style=\"--smush-placeholder-width: 60px; --smush-placeholder-aspect-ratio: 60\/60;\" \/><\/div><div class=\"list_right\"><h4 class=\"title \">Digital Marketing<\/h4><div class=\"desc\">Our Digital Marketing services are designed to help companies position themselves in the online marketplace and reach their target audience effectively. We offer a full range of services, from SEO to social media marketing and paid advertising.<\/div><\/div><\/a><\/div>\n[\/vc_column][vc_column width=&#8221;1\/2&#8243;]<div class=\"list_item lists_2 clearfix\"><a href=\"https:\/\/www.dsoverseas.com\/services\/gestion-des-reseaux-sociaux\/\" ><div class=\"list_left list_image\"><img decoding=\"async\" data-src=\"https:\/\/www.dsoverseas.com\/wp-content\/uploads\/2018\/08\/home_agency3_pic7.png\" class=\"scale-with-grid lazyload\" alt=\"ds overseas agence de communication Tunisie\" width=\"60\" height=\"60\" src=\"data:image\/svg+xml;base64,PHN2ZyB3aWR0aD0iMSIgaGVpZ2h0PSIxIiB4bWxucz0iaHR0cDovL3d3dy53My5vcmcvMjAwMC9zdmciPjwvc3ZnPg==\" style=\"--smush-placeholder-width: 60px; --smush-placeholder-aspect-ratio: 60\/60;\" \/><\/div><div class=\"list_right\"><h4 class=\"title \">Social network management<\/h4><div class=\"desc\">Our agency specializes in Social Network Management for businesses. We work with a team of digital marketing experts to create and manage effective advertising campaigns on various platforms such as Facebook, Instagram, Twitter and LinkedIn.<\/div><\/div><\/a><\/div>\n[\/vc_column][\/vc_row][vc_row][vc_column][vc_separator el_width=&#8221;50&#8243;][\/vc_column][\/vc_row][vc_row][vc_column width=&#8221;1\/2&#8243;]<div class=\"list_item lists_2 clearfix\"><a href=\"https:\/\/www.dsoverseas.com\/services\/generation-de-leads\/\" ><div class=\"list_left list_image\"><img decoding=\"async\" data-src=\"https:\/\/www.dsoverseas.com\/wp-content\/uploads\/2018\/08\/home_agency3_pic6.png\" class=\"scale-with-grid lazyload\" alt=\"home_agency3_pic6\" width=\"60\" height=\"60\" src=\"data:image\/svg+xml;base64,PHN2ZyB3aWR0aD0iMSIgaGVpZ2h0PSIxIiB4bWxucz0iaHR0cDovL3d3dy53My5vcmcvMjAwMC9zdmciPjwvc3ZnPg==\" style=\"--smush-placeholder-width: 60px; --smush-placeholder-aspect-ratio: 60\/60;\" \/><\/div><div class=\"list_right\"><h4 class=\"title \">Lead generation<\/h4><div class=\"desc\">Our agency provides Lead Generation services for companies looking to expand their market internationally. We use direct marketing and online advertising strategies to target potential customers in different countries and industries.<\/div><\/div><\/a><\/div>\n[\/vc_column][vc_column width=&#8221;1\/2&#8243;]<div class=\"list_item lists_2 clearfix\"><a href=\"https:\/\/www.dsoverseas.com\/services\/community-management\/\" ><div class=\"list_left list_image\"><img decoding=\"async\" data-src=\"https:\/\/www.dsoverseas.com\/wp-content\/uploads\/2018\/08\/home_agency3_pic4.png\" class=\"scale-with-grid lazyload\" alt=\"ds overseas agence de communication Tunisie\" width=\"60\" height=\"60\" src=\"data:image\/svg+xml;base64,PHN2ZyB3aWR0aD0iMSIgaGVpZ2h0PSIxIiB4bWxucz0iaHR0cDovL3d3dy53My5vcmcvMjAwMC9zdmciPjwvc3ZnPg==\" style=\"--smush-placeholder-width: 60px; --smush-placeholder-aspect-ratio: 60\/60;\" \/><\/div><div class=\"list_right\"><h4 class=\"title \">Community Management<\/h4><div class=\"desc\">DS Overseas takes on Community Management missions for companies wishing to expand internationally. Our team of Community Management experts will work with you to create a customized strategy tailored to the specific needs of your company and your target markets.<\/div><\/div><\/a><\/div>\n[\/vc_column][\/vc_row][vc_row][vc_column][vc_separator el_width=&#8221;50&#8243;][\/vc_column][\/vc_row][vc_row][vc_column width=&#8221;1\/2&#8243;]<div class=\"list_item lists_2 clearfix\"><a href=\"https:\/\/www.dsoverseas.com\/services\/facebook-ads\/\" ><div class=\"list_left list_image\"><img decoding=\"async\" data-src=\"https:\/\/www.dsoverseas.com\/wp-content\/uploads\/2018\/08\/home_agency3_pic6.png\" class=\"scale-with-grid lazyload\" alt=\"home_agency3_pic6\" width=\"60\" height=\"60\" src=\"data:image\/svg+xml;base64,PHN2ZyB3aWR0aD0iMSIgaGVpZ2h0PSIxIiB4bWxucz0iaHR0cDovL3d3dy53My5vcmcvMjAwMC9zdmciPjwvc3ZnPg==\" style=\"--smush-placeholder-width: 60px; --smush-placeholder-aspect-ratio: 60\/60;\" \/><\/div><div class=\"list_right\"><h4 class=\"title \">Facebook Ads<\/h4><div class=\"desc\">Our agency provides Facebook advertising services for our customers worldwide. We specialize in creating and managing effective Facebook advertising campaigns, using the best techniques and strategies to achieve your marketing objectives.<\/div><\/div><\/a><\/div>\n[\/vc_column][vc_column width=&#8221;1\/2&#8243;]<div class=\"list_item lists_2 clearfix\"><a href=\"https:\/\/www.dsoverseas.com\/services\/linkedin-ads\/\" ><div class=\"list_left list_image\"><img decoding=\"async\" data-src=\"https:\/\/www.dsoverseas.com\/wp-content\/uploads\/2018\/08\/home_agency3_pic4.png\" class=\"scale-with-grid lazyload\" alt=\"ds overseas agence de communication Tunisie\" width=\"60\" height=\"60\" src=\"data:image\/svg+xml;base64,PHN2ZyB3aWR0aD0iMSIgaGVpZ2h0PSIxIiB4bWxucz0iaHR0cDovL3d3dy53My5vcmcvMjAwMC9zdmciPjwvc3ZnPg==\" style=\"--smush-placeholder-width: 60px; --smush-placeholder-aspect-ratio: 60\/60;\" \/><\/div><div class=\"list_right\"><h4 class=\"title \">LinkedIn Ads<\/h4><div class=\"desc\">DS Overseas takes on the mission of advertising on LinkedIn for businesses. We specialize in creating effective, targeted advertising campaigns on LinkedIn, enabling companies to reach their target audience and promote their products or services.<\/div><\/div><\/a><\/div>\n[\/vc_column][\/vc_row][vc_row][vc_column][vc_separator el_width=&#8221;50&#8243;][\/vc_column][\/vc_row]<\/p>\n<\/div>","protected":false},"excerpt":{"rendered":"<p>[vc_row][vc_column][vc_empty_space height=&#8221;95&#8243;][\/vc_column][\/vc_row][vc_row][vc_column width=&#8221;2\/3&#8243;][vc_column_text css=&#8221;&#8221;] Digital Communication Our agency is specialized in digital communication, with a variety of services such as : Digital marketing: We help you<span class=\"excerpt-hellip\"> [\u2026]<\/span><\/p>\n","protected":false},"author":1,"featured_media":-1,"parent":10712,"menu_order":0,"comment_status":"closed","ping_status":"closed","template":"","meta":{"rs_blank_template":"","rs_page_bg_color":"","slide_template_v7":"","footnotes":""},"class_list":["post-11116","page","type-page","status-publish","has-post-thumbnail","hentry"],"yoast_head":"<!-- This site is optimized with the Yoast SEO plugin v27.4 - https:\/\/yoast.com\/product\/yoast-seo-wordpress\/ -->\n<title>Digital Communication - Agence de communication et Marketing Digital Tunisie<\/title>\n<meta name=\"description\" content=\"Digital communication, digital marketing, social network management, lead management, community management, facebook ads, linkedin ads\" \/>\n<meta name=\"robots\" content=\"index, follow, max-snippet:-1, max-image-preview:large, max-video-preview:-1\" \/>\n<link rel=\"canonical\" href=\"https:\/\/www.dsoverseas.com\/en\/services\/digital-communication\/\" \/>\n<meta property=\"og:locale\" content=\"en_US\" \/>\n<meta property=\"og:type\" content=\"article\" \/>\n<meta property=\"og:title\" content=\"Digital Communication\" \/>\n<meta property=\"og:description\" content=\"Digital communication, digital marketing, social network management, lead management, community management, facebook ads, linkedin ads\" \/>\n<meta property=\"og:url\" content=\"https:\/\/www.dsoverseas.com\/en\/services\/digital-communication\/\" \/>\n<meta property=\"og:site_name\" content=\"Agence de communication et Marketing Digital Tunisie\" \/>\n<meta property=\"article:publisher\" content=\"https:\/\/www.facebook.com\/Dsoverseasagency\" \/>\n<meta property=\"article:modified_time\" content=\"2026-04-23T18:35:35+00:00\" \/>\n<meta property=\"og:image\" content=\"https:\/\/www.dsoverseas.com\/wp-content\/uploads\/2021\/01\/logo-2.png\" \/>\n\t<meta property=\"og:image:width\" content=\"386\" \/>\n\t<meta property=\"og:image:height\" content=\"100\" \/>\n\t<meta property=\"og:image:type\" content=\"image\/png\" \/>\n<meta name=\"twitter:card\" content=\"summary_large_image\" \/>\n<meta name=\"twitter:title\" content=\"Digital Communication\" \/>\n<meta name=\"twitter:description\" content=\"Digital communication, digital marketing, social network management, lead management, community management, facebook ads, linkedin ads\" \/>\n<meta name=\"twitter:site\" content=\"@Ds_overseas\" \/>\n<meta name=\"twitter:label1\" content=\"Est. reading time\" \/>\n\t<meta name=\"twitter:data1\" content=\"5 minutes\" \/>\n<!-- \/ Yoast SEO plugin. -->","yoast_head_json":{"title":"Digital Communication - Agence de communication et Marketing Digital Tunisie","description":"Digital communication, digital marketing, social network management, lead management, community management, facebook ads, linkedin ads","robots":{"index":"index","follow":"follow","max-snippet":"max-snippet:-1","max-image-preview":"max-image-preview:large","max-video-preview":"max-video-preview:-1"},"canonical":"https:\/\/www.dsoverseas.com\/en\/services\/digital-communication\/","og_locale":"en_US","og_type":"article","og_title":"Digital Communication","og_description":"Digital communication, digital marketing, social network management, lead management, community management, facebook ads, linkedin ads","og_url":"https:\/\/www.dsoverseas.com\/en\/services\/digital-communication\/","og_site_name":"Agence de communication et Marketing Digital Tunisie","article_publisher":"https:\/\/www.facebook.com\/Dsoverseasagency","article_modified_time":"2026-04-23T18:35:35+00:00","og_image":[{"width":386,"height":100,"url":"https:\/\/www.dsoverseas.com\/wp-content\/uploads\/2021\/01\/logo-2.png","type":"image\/png"}],"twitter_card":"summary_large_image","twitter_title":"Digital Communication","twitter_description":"Digital communication, digital marketing, social network management, lead management, community management, facebook ads, linkedin ads","twitter_site":"@Ds_overseas","twitter_misc":{"Est. reading time":"5 minutes"},"schema":{"@context":"https:\/\/schema.org","@graph":[{"@type":"WebPage","@id":"https:\/\/www.dsoverseas.com\/en\/services\/digital-communication\/","url":"https:\/\/www.dsoverseas.com\/en\/services\/digital-communication\/","name":"Digital Communication - Agence de communication et Marketing Digital Tunisie","isPartOf":{"@id":"https:\/\/www.dsoverseas.com\/#website"},"datePublished":"2024-06-19T13:40:04+00:00","dateModified":"2026-04-23T18:35:35+00:00","description":"Digital communication, digital marketing, social network management, lead management, community management, facebook ads, linkedin ads","breadcrumb":{"@id":"https:\/\/www.dsoverseas.com\/en\/services\/digital-communication\/#breadcrumb"},"inLanguage":"en-US","potentialAction":[{"@type":"ReadAction","target":["https:\/\/www.dsoverseas.com\/en\/services\/digital-communication\/"]}]},{"@type":"BreadcrumbList","@id":"https:\/\/www.dsoverseas.com\/en\/services\/digital-communication\/#breadcrumb","itemListElement":[{"@type":"ListItem","position":1,"name":"Accueil","item":"https:\/\/www.dsoverseas.com\/en\/"},{"@type":"ListItem","position":2,"name":"Services","item":"https:\/\/www.dsoverseas.com\/en\/services\/"},{"@type":"ListItem","position":3,"name":"Digital Communication"}]},{"@type":"WebSite","@id":"https:\/\/www.dsoverseas.com\/#website","url":"https:\/\/www.dsoverseas.com\/","name":"Agence de communication et Marketing Digital","description":"agence de communication, conseil en communication, conception graphique, community Management, d\u00e9veloppement et conception site web, impressions num\u00e9riques, impressions offset, enseignes habillages et signal\u00e9tiques, agence \u00e9v\u00e9nementielle, Marketing Digital, r\u00e9seaux sociaux","publisher":{"@id":"https:\/\/www.dsoverseas.com\/#organization"},"potentialAction":[{"@type":"SearchAction","target":{"@type":"EntryPoint","urlTemplate":"https:\/\/www.dsoverseas.com\/?s={search_term_string}"},"query-input":{"@type":"PropertyValueSpecification","valueRequired":true,"valueName":"search_term_string"}}],"inLanguage":"en-US"},{"@type":"Organization","@id":"https:\/\/www.dsoverseas.com\/#organization","name":"DS Overseas","url":"https:\/\/www.dsoverseas.com\/","logo":{"@type":"ImageObject","inLanguage":"en-US","@id":"https:\/\/www.dsoverseas.com\/#\/schema\/logo\/image\/","url":"https:\/\/www.dsoverseas.com\/wp-content\/uploads\/2021\/01\/logo-2.png","contentUrl":"https:\/\/www.dsoverseas.com\/wp-content\/uploads\/2021\/01\/logo-2.png","width":386,"height":100,"caption":"DS Overseas"},"image":{"@id":"https:\/\/www.dsoverseas.com\/#\/schema\/logo\/image\/"},"sameAs":["https:\/\/www.facebook.com\/Dsoverseasagency","https:\/\/x.com\/Ds_overseas","https:\/\/www.instagram.com\/dsoverseas\/"]}]}},"_links":{"self":[{"href":"https:\/\/www.dsoverseas.com\/en\/wp-json\/wp\/v2\/pages\/11116","targetHints":{"allow":["GET"]}}],"collection":[{"href":"https:\/\/www.dsoverseas.com\/en\/wp-json\/wp\/v2\/pages"}],"about":[{"href":"https:\/\/www.dsoverseas.com\/en\/wp-json\/wp\/v2\/types\/page"}],"author":[{"embeddable":true,"href":"https:\/\/www.dsoverseas.com\/en\/wp-json\/wp\/v2\/users\/1"}],"replies":[{"embeddable":true,"href":"https:\/\/www.dsoverseas.com\/en\/wp-json\/wp\/v2\/comments?post=11116"}],"version-history":[{"count":9,"href":"https:\/\/www.dsoverseas.com\/en\/wp-json\/wp\/v2\/pages\/11116\/revisions"}],"predecessor-version":[{"id":11329,"href":"https:\/\/www.dsoverseas.com\/en\/wp-json\/wp\/v2\/pages\/11116\/revisions\/11329"}],"up":[{"embeddable":true,"href":"https:\/\/www.dsoverseas.com\/en\/wp-json\/wp\/v2\/pages\/10712"}],"wp:featuredmedia":[{"embeddable":true,"href":"https:\/\/www.dsoverseas.com\/en\/wp-json\/"}],"wp:attachment":[{"href":"https:\/\/www.dsoverseas.com\/en\/wp-json\/wp\/v2\/media?parent=11116"}],"curies":[{"name":"wp","href":"https:\/\/api.w.org\/{rel}","templated":true}]}}